{"id":14,"date":"2024-12-17T17:26:22","date_gmt":"2024-12-17T17:26:22","guid":{"rendered":"https:\/\/www.donornetworkwest.org\/es\/?page_id=14"},"modified":"2025-01-03T01:13:37","modified_gmt":"2025-01-03T01:13:37","slug":"tipos-de-donacion-de-tejidos","status":"publish","type":"page","link":"https:\/\/www.donornetworkwest.org\/es\/acerca-de-la-donacion\/tipos-de-donacion-de-tejidos\/","title":{"rendered":"Tipos de Donaci\u00f3n de Tejidos (Types of Tissue Donation)"},"content":{"rendered":"\t\t<div data-elementor-type=\"wp-page\" data-elementor-id=\"14\" class=\"elementor elementor-14\" data-elementor-post-type=\"page\">\n\t\t\t\t\t\t<section class=\"elementor-section elementor-top-section elementor-element elementor-element-708ee39 elementor-section-boxed elementor-section-height-default elementor-section-height-default\" data-id=\"708ee39\" data-element_type=\"section\" data-e-type=\"section\">\n\t\t\t\t\t\t<div class=\"elementor-container elementor-column-gap-default\">\n\t\t\t\t\t<div class=\"elementor-column elementor-col-100 elementor-top-column elementor-element elementor-element-59d5031\" data-id=\"59d5031\" data-element_type=\"column\" data-e-type=\"column\">\n\t\t\t<div class=\"elementor-widget-wrap elementor-element-populated\">\n\t\t\t\t\t\t<div class=\"elementor-element elementor-element-5113eaf elementor-widget elementor-widget-header\" data-id=\"5113eaf\" data-element_type=\"widget\" data-e-type=\"widget\" data-widget_type=\"header.default\">\n\t\t\t\t<div class=\"elementor-widget-container\">\n\t\t\t\t\t\n    <header class=\"page-header\">\n      <div class=\"container\">\n        <div class=\"page-header__content\">\n\n                      <h1 class=\"page-header__title fade-in\">\n              Los Trasplantes de Tejidos Sanan            <\/h1>\n          \n                      <div class=\"page-header__media fade-in\">\n              <div\n                class=\"page-header__media__circle circle circle--main circle--image circle--responsive\"\n                style=\"--circle-size: 365px;\"\n              >\n                <img fetchpriority=\"high\" decoding=\"async\" width=\"365\" height=\"365\" src=\"https:\/\/www.donornetworkwest.org\/es\/wp-content\/uploads\/sites\/3\/2022\/03\/ivy_acl-tissue_recipient-1-365x365.jpg\" class=\"attachment-365x365crop size-365x365crop\" alt=\"Ivy received an ACL tissue transplant\" srcset=\"https:\/\/www.donornetworkwest.org\/es\/wp-content\/uploads\/sites\/3\/2022\/03\/ivy_acl-tissue_recipient-1-365x365.jpg 365w, https:\/\/www.donornetworkwest.org\/es\/wp-content\/uploads\/sites\/3\/2022\/03\/ivy_acl-tissue_recipient-1-300x300.jpg 300w, https:\/\/www.donornetworkwest.org\/es\/wp-content\/uploads\/sites\/3\/2022\/03\/ivy_acl-tissue_recipient-1-150x150.jpg 150w, https:\/\/www.donornetworkwest.org\/es\/wp-content\/uploads\/sites\/3\/2022\/03\/ivy_acl-tissue_recipient-1-40x40.jpg 40w, https:\/\/www.donornetworkwest.org\/es\/wp-content\/uploads\/sites\/3\/2022\/03\/ivy_acl-tissue_recipient-1-65x65.jpg 65w, https:\/\/www.donornetworkwest.org\/es\/wp-content\/uploads\/sites\/3\/2022\/03\/ivy_acl-tissue_recipient-1-200x200.jpg 200w, https:\/\/www.donornetworkwest.org\/es\/wp-content\/uploads\/sites\/3\/2022\/03\/ivy_acl-tissue_recipient-1-260x260.jpg 260w, https:\/\/www.donornetworkwest.org\/es\/wp-content\/uploads\/sites\/3\/2022\/03\/ivy_acl-tissue_recipient-1-435x435.jpg 435w, https:\/\/www.donornetworkwest.org\/es\/wp-content\/uploads\/sites\/3\/2022\/03\/ivy_acl-tissue_recipient-1-45x45.jpg 45w, https:\/\/www.donornetworkwest.org\/es\/wp-content\/uploads\/sites\/3\/2022\/03\/ivy_acl-tissue_recipient-1.jpg 450w\" sizes=\"(max-width: 365px) 100vw, 365px\" \/>                <div class=\"circle__angle circle__angle--50 circle__angle--behind\">\n                  <div\n                    class=\"circle circle--image circle--papaya circle--fill\"\n                    style=\"--circle-size: 55px;\"\n                  ><\/div>\n                <\/div>\n\n                <div class=\"circle__angle circle__angle--230\">\n                  <div\n                    class=\"circle circle--image circle--blue circle--border\"\n                    style=\"--circle-size: 100px;\"\n                  ><\/div>\n                <\/div>\n              <\/div>\n            <\/div>\n          \n        <\/div>\n      <\/div>\n    <\/header>\n    \n    <div class=\"spacer spacer--140\"><\/div>\n\n        \t\t\t\t<\/div>\n\t\t\t\t<\/div>\n\t\t\t\t<div class=\"elementor-element elementor-element-f0d86bc elementor-widget elementor-widget-text-content\" data-id=\"f0d86bc\" data-element_type=\"widget\" data-e-type=\"widget\" data-widget_type=\"text-content.default\">\n\t\t\t\t<div class=\"elementor-widget-container\">\n\t\t\t\t\t\n    <div class=\"text-content type\">\n      <div class=\"container container--small\">\n        <h2 style=\"text-align: center;\">Probablemente conozca a un receptor de trasplante de tejido<\/h2><p style=\"text-align: center;\">Cada a\u00f1o se realizan m\u00e1s de 2.5 millones de cirug\u00edas de trasplante de tejido en los Estados Unidos. De hecho, las estad\u00edsticas dicen que uno de cada 20 estadounidenses necesitar\u00e1n alg\u00fan tipo de trasplante de tejido cada a\u00f1o debido a lesiones, enfermedades o reconstrucci\u00f3n quir\u00fargica. Hay muchas maneras diferentes en que se puede utilizar el tejido para curar a las personas.<\/p>      <\/div>\n    <\/div>\n    \n    <div class=\"spacer spacer--70\"><\/div>\n\n        \t\t\t\t<\/div>\n\t\t\t\t<\/div>\n\t\t\t\t<div class=\"elementor-element elementor-element-60c8522 elementor-widget elementor-widget-stat-cards\" data-id=\"60c8522\" data-element_type=\"widget\" data-e-type=\"widget\" data-widget_type=\"stat-cards.default\">\n\t\t\t\t<div class=\"elementor-widget-container\">\n\t\t\t\t\t\n<div class=\"stat-cards\">\n      <div class=\"container\">\n        <ul class=\"stat-cards__list\">\n                      <li class=\"stat-cards__card\">\n              <div class=\"stat-card fade-in\">\n                <div class=\"stat-card__content\">\n                                      <div class=\"stat-card__icon-wrapper\">\n                      <img decoding=\"async\" src=\"https:\/\/www.donornetworkwest.org\/es\/wp-content\/uploads\/sites\/3\/2022\/03\/dnw_icon_hips-1.svg\" width=\"65\" height=\"65\" alt=\"Bones icon\" class=\"stat-card__icon\">\n                    <\/div>\n                                                        <h3 class=\"stat-card__title\">\n                      Huesos                    <\/h3>\n                                                        <p class=\"stat-card__text\">\n                      Reconstruir extremidades despu\u00e9s de una lesi\u00f3n o amputaci\u00f3n para prevenir enfermedades                    <\/p>\n                                  <\/div>\n              <\/div>\n            <\/li>\n                      <li class=\"stat-cards__card\">\n              <div class=\"stat-card fade-in\">\n                <div class=\"stat-card__content\">\n                                      <div class=\"stat-card__icon-wrapper\">\n                      <img decoding=\"async\" src=\"https:\/\/www.donornetworkwest.org\/es\/wp-content\/uploads\/sites\/3\/2022\/03\/dnw_icon_hospital-1.svg\" width=\"65\" height=\"65\" alt=\"Hospital Icon\" class=\"stat-card__icon\">\n                    <\/div>\n                                                        <h3 class=\"stat-card__title\">\n                      Tendones y Ligamentos                    <\/h3>\n                                                        <p class=\"stat-card__text\">\n                      Reparaci\u00f3n de lesiones de rodilla y tobillo por c\u00e1ncer, trauma, enfermedad articular o artritis                    <\/p>\n                                  <\/div>\n              <\/div>\n            <\/li>\n                      <li class=\"stat-cards__card\">\n              <div class=\"stat-card fade-in\">\n                <div class=\"stat-card__content\">\n                                      <div class=\"stat-card__icon-wrapper\">\n                      <img loading=\"lazy\" decoding=\"async\" src=\"https:\/\/www.donornetworkwest.org\/es\/wp-content\/uploads\/sites\/3\/2022\/03\/dnw_icon_heart-1.svg\" width=\"65\" height=\"65\" alt=\"Icon of a Heart\" class=\"stat-card__icon\">\n                    <\/div>\n                                                        <h3 class=\"stat-card__title\">\n                      V\u00e1lvulas Card\u00edacas                    <\/h3>\n                                                        <p class=\"stat-card__text\">\n                      Reparaci\u00f3n de v\u00e1lvulas da\u00f1adas en cirug\u00edas para salvar vidas de ni\u00f1os y adultos con enfermedades card\u00edacas                    <\/p>\n                                  <\/div>\n              <\/div>\n            <\/li>\n                      <li class=\"stat-cards__card\">\n              <div class=\"stat-card fade-in\">\n                <div class=\"stat-card__content\">\n                                      <div class=\"stat-card__icon-wrapper\">\n                      <img loading=\"lazy\" decoding=\"async\" src=\"https:\/\/www.donornetworkwest.org\/es\/wp-content\/uploads\/sites\/3\/2022\/03\/dnw_icon_arteries-1.svg\" width=\"65\" height=\"65\" alt=\"Arteries and veins icon\" class=\"stat-card__icon\">\n                    <\/div>\n                                                        <h3 class=\"stat-card__title\">\n                      Venas y Arterias                    <\/h3>\n                                                        <p class=\"stat-card__text\">\n                      Restaurar el flujo sangu\u00edneo, prevenir la amputaci\u00f3n y se utilizan en la cirug\u00eda de derivaci\u00f3n card\u00edaca                    <\/p>\n                                  <\/div>\n              <\/div>\n            <\/li>\n                      <li class=\"stat-cards__card\">\n              <div class=\"stat-card fade-in\">\n                <div class=\"stat-card__content\">\n                                      <div class=\"stat-card__icon-wrapper\">\n                      <img loading=\"lazy\" decoding=\"async\" src=\"https:\/\/www.donornetworkwest.org\/es\/wp-content\/uploads\/sites\/3\/2022\/03\/dnw_icon_tissue-1.svg\" width=\"65\" height=\"65\" alt=\"Skin icon\" class=\"stat-card__icon\">\n                    <\/div>\n                                                        <h3 class=\"stat-card__title\">\n                      Piel                    <\/h3>\n                                                        <p class=\"stat-card__text\">\n                      Para curar quemaduras y ayudar en la cirug\u00eda reconstructiva despu\u00e9s de una mastectom\u00eda.                    <\/p>\n                                  <\/div>\n              <\/div>\n            <\/li>\n                    \n          <li class=\"stat-cards__card\">\n            <div class=\"stat-card stat-card--alt fade-in\">\n              <div class=\"stat-card__content\">\n                                  <div class=\"stat-card__icon-wrapper\">\n                    <img loading=\"lazy\" decoding=\"async\" src=\"https:\/\/www.donornetworkwest.org\/es\/wp-content\/uploads\/sites\/3\/2022\/03\/dnw_icon_info-1.svg\" width=\"65\" height=\"65\" alt=\"Icon for Information\" class=\"stat-card__icon\">\n                  <\/div>\n                                                  <h3 class=\"stat-card__title\">\n                    Aprenda m\u00e1s sobre la donaci\u00f3n de \u00f3rganos y tejidos                  <\/h3>\n                                <a href=\"https:\/\/www.donornetworkwest.org\/es\/acerca-de-la-donacion\/por-que-donar\/\" class=\"button button--inline stat-card__button\">\n  \u00bfPor qu\u00e9 donar?<\/a>\n              <\/div>\n            <\/div>\n          <\/li>\n        <\/ul>\n      <\/div>\n    <\/div>\n    \n    <div class=\"spacer spacer--140\"><\/div>\n\n        \t\t\t\t<\/div>\n\t\t\t\t<\/div>\n\t\t\t\t<div class=\"elementor-element elementor-element-4f13f53 elementor-widget elementor-widget-text-media\" data-id=\"4f13f53\" data-element_type=\"widget\" data-e-type=\"widget\" data-widget_type=\"text-media.default\">\n\t\t\t\t<div class=\"elementor-widget-container\">\n\t\t\t\t\t\n    <div class=\"text-media text-media--  text-media--left\">\n      <div class=\"container\">\n        <div class=\"text-media__layout\">\n          <div class=\"text-media__media fade-in\">\n                          <div\n                class=\"circle circle--main circle--image circle--responsive circle--fill circle--blue\"\n                style=\"--circle-size: 500px;\"\n              >\n                <img loading=\"lazy\" decoding=\"async\" width=\"365\" height=\"365\" src=\"https:\/\/www.donornetworkwest.org\/es\/wp-content\/uploads\/sites\/3\/2022\/03\/Donor-Network-West-385759606-scaled-2-365x365.jpg\" class=\"attachment-365x365crop size-365x365crop\" alt=\"Man hugging boy on basketball court\" srcset=\"https:\/\/www.donornetworkwest.org\/es\/wp-content\/uploads\/sites\/3\/2022\/03\/Donor-Network-West-385759606-scaled-2-365x365.jpg 365w, https:\/\/www.donornetworkwest.org\/es\/wp-content\/uploads\/sites\/3\/2022\/03\/Donor-Network-West-385759606-scaled-2-150x150.jpg 150w, https:\/\/www.donornetworkwest.org\/es\/wp-content\/uploads\/sites\/3\/2022\/03\/Donor-Network-West-385759606-scaled-2-40x40.jpg 40w, https:\/\/www.donornetworkwest.org\/es\/wp-content\/uploads\/sites\/3\/2022\/03\/Donor-Network-West-385759606-scaled-2-65x65.jpg 65w, https:\/\/www.donornetworkwest.org\/es\/wp-content\/uploads\/sites\/3\/2022\/03\/Donor-Network-West-385759606-scaled-2-200x200.jpg 200w, https:\/\/www.donornetworkwest.org\/es\/wp-content\/uploads\/sites\/3\/2022\/03\/Donor-Network-West-385759606-scaled-2-260x260.jpg 260w, https:\/\/www.donornetworkwest.org\/es\/wp-content\/uploads\/sites\/3\/2022\/03\/Donor-Network-West-385759606-scaled-2-485x485.jpg 485w, https:\/\/www.donornetworkwest.org\/es\/wp-content\/uploads\/sites\/3\/2022\/03\/Donor-Network-West-385759606-scaled-2-435x435.jpg 435w, https:\/\/www.donornetworkwest.org\/es\/wp-content\/uploads\/sites\/3\/2022\/03\/Donor-Network-West-385759606-scaled-2-500x500.jpg 500w, https:\/\/www.donornetworkwest.org\/es\/wp-content\/uploads\/sites\/3\/2022\/03\/Donor-Network-West-385759606-scaled-2-1000x1000.jpg 1000w, https:\/\/www.donornetworkwest.org\/es\/wp-content\/uploads\/sites\/3\/2022\/03\/Donor-Network-West-385759606-scaled-2-45x45.jpg 45w\" sizes=\"(max-width: 365px) 100vw, 365px\" \/>                <div class=\"circle__angle circle__angle--40\">\n                  <div\n                    class=\"circle circle--border circle--dandelion\"\n                    style=\"--circle-size: 85px\"\n                  ><\/div>\n                <\/div>\n              <\/div>\n                      <\/div>\n          <div class=\"text-media__content\">\n                          <div class=\"text-media__subhead fade-in\">\n                Ayude a las Personas a Sanar              <\/div>\n                                      <h2 class=\"text-media__heading fade-in\">\n                La Mayor\u00eda de Las Personas son Donantes de Tejidos Elegibles Una Vez Fallecidos              <\/h2>\n                                      <p class=\"text-media__text fade-in\">\n                Un solo donante puede afectar la vida de m\u00e1s de 75 personas que necesitan tejido de restauraci\u00f3n.              <\/p>\n            \n            <div class=\"text-media__buttons fade-in button-group\">\n              <a href=\"https:\/\/www.registerme.org\/sp_register.aspx\" class=\"button \">\n  Reg\u00edstrese Como Donante para Sanar Vidas<\/a>\n            <\/div>\n          <\/div>\n        <\/div>\n      <\/div>\n    <\/div>\n    \n    <div class=\"spacer spacer--140\"><\/div>\n\n        \t\t\t\t<\/div>\n\t\t\t\t<\/div>\n\t\t\t\t\t<\/div>\n\t\t<\/div>\n\t\t\t\t\t<\/div>\n\t\t<\/section>\n\t\t\t\t<\/div>\n\t\t","protected":false},"excerpt":{"rendered":"<p>Los Trasplantes de Tejidos Sanan Probablemente conozca a un receptor de trasplante de tejido Cada a\u00f1o se realizan m\u00e1s de 2.5 millones de cirug\u00edas de trasplante de tejido en los Estados Unidos. De hecho, las estad\u00edsticas dicen que uno de cada 20 estadounidenses necesitar\u00e1n alg\u00fan tipo de trasplante de tejido cada a\u00f1o debido a lesiones, [&hellip;]<\/p>\n","protected":false},"author":1,"featured_media":0,"parent":10,"menu_order":0,"comment_status":"closed","ping_status":"closed","template":"","meta":{"_acf_changed":false,"_trash_the_other_posts":false,"editor_notices":[],"footnotes":""},"class_list":["post-14","page","type-page","status-publish","hentry"],"acf":[],"yoast_head":"<!-- This site is optimized with the Yoast SEO Premium plugin v27.2 (Yoast SEO v27.2) - https:\/\/yoast.com\/product\/yoast-seo-premium-wordpress\/ -->\n<title>Tipos de Donaci\u00f3n de Tejidos - Donor Network West<\/title>\n<meta name=\"robots\" content=\"index, follow, max-snippet:-1, max-image-preview:large, max-video-preview:-1\" \/>\n<link rel=\"canonical\" href=\"https:\/\/www.donornetworkwest.org\/es\/acerca-de-la-donacion\/tipos-de-donacion-de-tejidos\/\" \/>\n<meta property=\"og:locale\" content=\"es_ES\" \/>\n<meta property=\"og:type\" content=\"article\" \/>\n<meta property=\"og:title\" content=\"Tipos de Donaci\u00f3n de Tejidos (Types of Tissue Donation)\" \/>\n<meta property=\"og:description\" content=\"Los Trasplantes de Tejidos Sanan Probablemente conozca a un receptor de trasplante de tejido Cada a\u00f1o se realizan m\u00e1s de 2.5 millones de cirug\u00edas de trasplante de tejido en los Estados Unidos. De hecho, las estad\u00edsticas dicen que uno de cada 20 estadounidenses necesitar\u00e1n alg\u00fan tipo de trasplante de tejido cada a\u00f1o debido a lesiones, [&hellip;]\" \/>\n<meta property=\"og:url\" content=\"https:\/\/www.donornetworkwest.org\/es\/acerca-de-la-donacion\/tipos-de-donacion-de-tejidos\/\" \/>\n<meta property=\"og:site_name\" content=\"Donor Network West\" \/>\n<meta property=\"article:modified_time\" content=\"2025-01-03T01:13:37+00:00\" \/>\n<meta property=\"og:image\" content=\"https:\/\/www.donornetworkwest.org\/es\/wp-content\/uploads\/sites\/3\/2022\/03\/ivy_acl-tissue_recipient-1-365x365.jpg\" \/>\n<meta name=\"twitter:card\" content=\"summary_large_image\" \/>\n<meta name=\"twitter:label1\" content=\"Tiempo de lectura\" \/>\n\t<meta name=\"twitter:data1\" content=\"3 minutos\" \/>\n<script type=\"application\/ld+json\" class=\"yoast-schema-graph\">{\"@context\":\"https:\/\/schema.org\",\"@graph\":[{\"@type\":\"WebPage\",\"@id\":\"https:\/\/www.donornetworkwest.org\/es\/acerca-de-la-donacion\/tipos-de-donacion-de-tejidos\/\",\"url\":\"https:\/\/www.donornetworkwest.org\/es\/acerca-de-la-donacion\/tipos-de-donacion-de-tejidos\/\",\"name\":\"Tipos de Donaci\u00f3n de Tejidos - Donor Network West\",\"isPartOf\":{\"@id\":\"https:\/\/www.donornetworkwest.org\/es\/#website\"},\"primaryImageOfPage\":{\"@id\":\"https:\/\/www.donornetworkwest.org\/es\/acerca-de-la-donacion\/tipos-de-donacion-de-tejidos\/#primaryimage\"},\"image\":{\"@id\":\"https:\/\/www.donornetworkwest.org\/es\/acerca-de-la-donacion\/tipos-de-donacion-de-tejidos\/#primaryimage\"},\"thumbnailUrl\":\"https:\/\/www.donornetworkwest.org\/es\/wp-content\/uploads\/sites\/3\/2022\/03\/ivy_acl-tissue_recipient-1-365x365.jpg\",\"datePublished\":\"2024-12-17T17:26:22+00:00\",\"dateModified\":\"2025-01-03T01:13:37+00:00\",\"breadcrumb\":{\"@id\":\"https:\/\/www.donornetworkwest.org\/es\/acerca-de-la-donacion\/tipos-de-donacion-de-tejidos\/#breadcrumb\"},\"inLanguage\":\"es\",\"potentialAction\":[{\"@type\":\"ReadAction\",\"target\":[\"https:\/\/www.donornetworkwest.org\/es\/acerca-de-la-donacion\/tipos-de-donacion-de-tejidos\/\"]}]},{\"@type\":\"ImageObject\",\"inLanguage\":\"es\",\"@id\":\"https:\/\/www.donornetworkwest.org\/es\/acerca-de-la-donacion\/tipos-de-donacion-de-tejidos\/#primaryimage\",\"url\":\"https:\/\/www.donornetworkwest.org\/es\/wp-content\/uploads\/sites\/3\/2022\/03\/ivy_acl-tissue_recipient-1.jpg\",\"contentUrl\":\"https:\/\/www.donornetworkwest.org\/es\/wp-content\/uploads\/sites\/3\/2022\/03\/ivy_acl-tissue_recipient-1.jpg\",\"width\":450,\"height\":450,\"caption\":\"Ivy received an ACL tissue transplant\"},{\"@type\":\"BreadcrumbList\",\"@id\":\"https:\/\/www.donornetworkwest.org\/es\/acerca-de-la-donacion\/tipos-de-donacion-de-tejidos\/#breadcrumb\",\"itemListElement\":[{\"@type\":\"ListItem\",\"position\":1,\"name\":\"Home\",\"item\":\"https:\/\/www.donornetworkwest.org\/es\/\"},{\"@type\":\"ListItem\",\"position\":2,\"name\":\"Acerca de la donaci\u00f3n (About Donation)\",\"item\":\"https:\/\/www.donornetworkwest.org\/es\/acerca-de-la-donacion\/\"},{\"@type\":\"ListItem\",\"position\":3,\"name\":\"Tipos de Donaci\u00f3n de Tejidos (Types of Tissue Donation)\"}]},{\"@type\":\"WebSite\",\"@id\":\"https:\/\/www.donornetworkwest.org\/es\/#website\",\"url\":\"https:\/\/www.donornetworkwest.org\/es\/\",\"name\":\"Donor Network West\",\"description\":\"\",\"potentialAction\":[{\"@type\":\"SearchAction\",\"target\":{\"@type\":\"EntryPoint\",\"urlTemplate\":\"https:\/\/www.donornetworkwest.org\/es\/?s={search_term_string}\"},\"query-input\":{\"@type\":\"PropertyValueSpecification\",\"valueRequired\":true,\"valueName\":\"search_term_string\"}}],\"inLanguage\":\"es\"}]}<\/script>\n<!-- \/ Yoast SEO Premium plugin. -->","yoast_head_json":{"title":"Tipos de Donaci\u00f3n de Tejidos - Donor Network West","robots":{"index":"index","follow":"follow","max-snippet":"max-snippet:-1","max-image-preview":"max-image-preview:large","max-video-preview":"max-video-preview:-1"},"canonical":"https:\/\/www.donornetworkwest.org\/es\/acerca-de-la-donacion\/tipos-de-donacion-de-tejidos\/","og_locale":"es_ES","og_type":"article","og_title":"Tipos de Donaci\u00f3n de Tejidos (Types of Tissue Donation)","og_description":"Los Trasplantes de Tejidos Sanan Probablemente conozca a un receptor de trasplante de tejido Cada a\u00f1o se realizan m\u00e1s de 2.5 millones de cirug\u00edas de trasplante de tejido en los Estados Unidos. De hecho, las estad\u00edsticas dicen que uno de cada 20 estadounidenses necesitar\u00e1n alg\u00fan tipo de trasplante de tejido cada a\u00f1o debido a lesiones, [&hellip;]","og_url":"https:\/\/www.donornetworkwest.org\/es\/acerca-de-la-donacion\/tipos-de-donacion-de-tejidos\/","og_site_name":"Donor Network West","article_modified_time":"2025-01-03T01:13:37+00:00","og_image":[{"url":"https:\/\/www.donornetworkwest.org\/es\/wp-content\/uploads\/sites\/3\/2022\/03\/ivy_acl-tissue_recipient-1-365x365.jpg","type":"","width":"","height":""}],"twitter_card":"summary_large_image","twitter_misc":{"Tiempo de lectura":"3 minutos"},"schema":{"@context":"https:\/\/schema.org","@graph":[{"@type":"WebPage","@id":"https:\/\/www.donornetworkwest.org\/es\/acerca-de-la-donacion\/tipos-de-donacion-de-tejidos\/","url":"https:\/\/www.donornetworkwest.org\/es\/acerca-de-la-donacion\/tipos-de-donacion-de-tejidos\/","name":"Tipos de Donaci\u00f3n de Tejidos - Donor Network West","isPartOf":{"@id":"https:\/\/www.donornetworkwest.org\/es\/#website"},"primaryImageOfPage":{"@id":"https:\/\/www.donornetworkwest.org\/es\/acerca-de-la-donacion\/tipos-de-donacion-de-tejidos\/#primaryimage"},"image":{"@id":"https:\/\/www.donornetworkwest.org\/es\/acerca-de-la-donacion\/tipos-de-donacion-de-tejidos\/#primaryimage"},"thumbnailUrl":"https:\/\/www.donornetworkwest.org\/es\/wp-content\/uploads\/sites\/3\/2022\/03\/ivy_acl-tissue_recipient-1-365x365.jpg","datePublished":"2024-12-17T17:26:22+00:00","dateModified":"2025-01-03T01:13:37+00:00","breadcrumb":{"@id":"https:\/\/www.donornetworkwest.org\/es\/acerca-de-la-donacion\/tipos-de-donacion-de-tejidos\/#breadcrumb"},"inLanguage":"es","potentialAction":[{"@type":"ReadAction","target":["https:\/\/www.donornetworkwest.org\/es\/acerca-de-la-donacion\/tipos-de-donacion-de-tejidos\/"]}]},{"@type":"ImageObject","inLanguage":"es","@id":"https:\/\/www.donornetworkwest.org\/es\/acerca-de-la-donacion\/tipos-de-donacion-de-tejidos\/#primaryimage","url":"https:\/\/www.donornetworkwest.org\/es\/wp-content\/uploads\/sites\/3\/2022\/03\/ivy_acl-tissue_recipient-1.jpg","contentUrl":"https:\/\/www.donornetworkwest.org\/es\/wp-content\/uploads\/sites\/3\/2022\/03\/ivy_acl-tissue_recipient-1.jpg","width":450,"height":450,"caption":"Ivy received an ACL tissue transplant"},{"@type":"BreadcrumbList","@id":"https:\/\/www.donornetworkwest.org\/es\/acerca-de-la-donacion\/tipos-de-donacion-de-tejidos\/#breadcrumb","itemListElement":[{"@type":"ListItem","position":1,"name":"Home","item":"https:\/\/www.donornetworkwest.org\/es\/"},{"@type":"ListItem","position":2,"name":"Acerca de la donaci\u00f3n (About Donation)","item":"https:\/\/www.donornetworkwest.org\/es\/acerca-de-la-donacion\/"},{"@type":"ListItem","position":3,"name":"Tipos de Donaci\u00f3n de Tejidos (Types of Tissue Donation)"}]},{"@type":"WebSite","@id":"https:\/\/www.donornetworkwest.org\/es\/#website","url":"https:\/\/www.donornetworkwest.org\/es\/","name":"Donor Network West","description":"","potentialAction":[{"@type":"SearchAction","target":{"@type":"EntryPoint","urlTemplate":"https:\/\/www.donornetworkwest.org\/es\/?s={search_term_string}"},"query-input":{"@type":"PropertyValueSpecification","valueRequired":true,"valueName":"search_term_string"}}],"inLanguage":"es"}]}},"_links":{"self":[{"href":"https:\/\/www.donornetworkwest.org\/es\/wp-json\/wp\/v2\/pages\/14","targetHints":{"allow":["GET"]}}],"collection":[{"href":"https:\/\/www.donornetworkwest.org\/es\/wp-json\/wp\/v2\/pages"}],"about":[{"href":"https:\/\/www.donornetworkwest.org\/es\/wp-json\/wp\/v2\/types\/page"}],"author":[{"embeddable":true,"href":"https:\/\/www.donornetworkwest.org\/es\/wp-json\/wp\/v2\/users\/1"}],"replies":[{"embeddable":true,"href":"https:\/\/www.donornetworkwest.org\/es\/wp-json\/wp\/v2\/comments?post=14"}],"version-history":[{"count":0,"href":"https:\/\/www.donornetworkwest.org\/es\/wp-json\/wp\/v2\/pages\/14\/revisions"}],"up":[{"embeddable":true,"href":"https:\/\/www.donornetworkwest.org\/es\/wp-json\/wp\/v2\/pages\/10"}],"wp:attachment":[{"href":"https:\/\/www.donornetworkwest.org\/es\/wp-json\/wp\/v2\/media?parent=14"}],"curies":[{"name":"wp","href":"https:\/\/api.w.org\/{rel}","templated":true}]}}