{"id":15,"date":"2024-12-17T17:26:27","date_gmt":"2024-12-17T17:26:27","guid":{"rendered":"https:\/\/www.donornetworkwest.org\/es\/?page_id=15"},"modified":"2024-12-24T22:06:34","modified_gmt":"2024-12-24T22:06:34","slug":"por-que-donar","status":"publish","type":"page","link":"https:\/\/www.donornetworkwest.org\/es\/acerca-de-la-donacion\/por-que-donar\/","title":{"rendered":"Por Qu\u00e9 Donar (Why Donate)"},"content":{"rendered":"\t\t<div data-elementor-type=\"wp-page\" data-elementor-id=\"15\" class=\"elementor elementor-15\" data-elementor-post-type=\"page\">\n\t\t\t\t\t\t<section class=\"elementor-section elementor-top-section elementor-element elementor-element-b251a4e elementor-section-boxed elementor-section-height-default elementor-section-height-default\" data-id=\"b251a4e\" data-element_type=\"section\" data-e-type=\"section\">\n\t\t\t\t\t\t<div class=\"elementor-container elementor-column-gap-default\">\n\t\t\t\t\t<div class=\"elementor-column elementor-col-100 elementor-top-column elementor-element elementor-element-78fe520\" data-id=\"78fe520\" data-element_type=\"column\" data-e-type=\"column\">\n\t\t\t<div class=\"elementor-widget-wrap elementor-element-populated\">\n\t\t\t\t\t\t<div class=\"elementor-element elementor-element-da1d383 elementor-widget elementor-widget-header\" data-id=\"da1d383\" data-element_type=\"widget\" data-e-type=\"widget\" data-widget_type=\"header.default\">\n\t\t\t\t<div class=\"elementor-widget-container\">\n\t\t\t\t\t\n    <header class=\"page-header\">\n      <div class=\"container\">\n        <div class=\"page-header__content\">\n\n                      <h1 class=\"page-header__title fade-in\">\n              Por Qu\u00e9 Deber\u00eda Ser Donante de \u00d3rganos            <\/h1>\n          \n                      <div class=\"page-header__media fade-in\">\n              <div\n                class=\"page-header__media__circle circle circle--main circle--image circle--responsive\"\n                style=\"--circle-size: 365px;\"\n              >\n                <img fetchpriority=\"high\" decoding=\"async\" width=\"365\" height=\"365\" src=\"https:\/\/www.donornetworkwest.org\/es\/wp-content\/uploads\/sites\/3\/2022\/03\/Donor-Network-West-445856926-scaled-2-365x365.jpg\" class=\"attachment-365x365crop size-365x365crop\" alt=\"Man hugging woman while both laugh\" srcset=\"https:\/\/www.donornetworkwest.org\/es\/wp-content\/uploads\/sites\/3\/2022\/03\/Donor-Network-West-445856926-scaled-2-365x365.jpg 365w, https:\/\/www.donornetworkwest.org\/es\/wp-content\/uploads\/sites\/3\/2022\/03\/Donor-Network-West-445856926-scaled-2-150x150.jpg 150w, https:\/\/www.donornetworkwest.org\/es\/wp-content\/uploads\/sites\/3\/2022\/03\/Donor-Network-West-445856926-scaled-2-40x40.jpg 40w, https:\/\/www.donornetworkwest.org\/es\/wp-content\/uploads\/sites\/3\/2022\/03\/Donor-Network-West-445856926-scaled-2-65x65.jpg 65w, https:\/\/www.donornetworkwest.org\/es\/wp-content\/uploads\/sites\/3\/2022\/03\/Donor-Network-West-445856926-scaled-2-200x200.jpg 200w, https:\/\/www.donornetworkwest.org\/es\/wp-content\/uploads\/sites\/3\/2022\/03\/Donor-Network-West-445856926-scaled-2-260x260.jpg 260w, https:\/\/www.donornetworkwest.org\/es\/wp-content\/uploads\/sites\/3\/2022\/03\/Donor-Network-West-445856926-scaled-2-485x485.jpg 485w, https:\/\/www.donornetworkwest.org\/es\/wp-content\/uploads\/sites\/3\/2022\/03\/Donor-Network-West-445856926-scaled-2-435x435.jpg 435w, https:\/\/www.donornetworkwest.org\/es\/wp-content\/uploads\/sites\/3\/2022\/03\/Donor-Network-West-445856926-scaled-2-500x500.jpg 500w, https:\/\/www.donornetworkwest.org\/es\/wp-content\/uploads\/sites\/3\/2022\/03\/Donor-Network-West-445856926-scaled-2-1000x1000.jpg 1000w, https:\/\/www.donornetworkwest.org\/es\/wp-content\/uploads\/sites\/3\/2022\/03\/Donor-Network-West-445856926-scaled-2-45x45.jpg 45w\" sizes=\"(max-width: 365px) 100vw, 365px\" \/>                <div class=\"circle__angle circle__angle--50 circle__angle--behind\">\n                  <div\n                    class=\"circle circle--image circle--papaya circle--fill\"\n                    style=\"--circle-size: 55px;\"\n                  ><\/div>\n                <\/div>\n\n                <div class=\"circle__angle circle__angle--230\">\n                  <div\n                    class=\"circle circle--image circle--blue circle--border\"\n                    style=\"--circle-size: 100px;\"\n                  ><\/div>\n                <\/div>\n              <\/div>\n            <\/div>\n          \n        <\/div>\n      <\/div>\n    <\/header>\n    \n    <div class=\"spacer spacer--70\"><\/div>\n\n        \t\t\t\t<\/div>\n\t\t\t\t<\/div>\n\t\t\t\t<div class=\"elementor-element elementor-element-481af30 elementor-widget elementor-widget-text-media\" data-id=\"481af30\" data-element_type=\"widget\" data-e-type=\"widget\" data-widget_type=\"text-media.default\">\n\t\t\t\t<div class=\"elementor-widget-container\">\n\t\t\t\t\t\n    <div class=\"text-media text-media--white  text-media--right\">\n      <div class=\"container\">\n        <div class=\"text-media__layout\">\n          <div class=\"text-media__media fade-in\">\n                          <div\n                class=\"circle circle--main circle--image circle--responsive circle--fill circle--blue\"\n                style=\"--circle-size: 500px;\"\n              >\n                <img decoding=\"async\" width=\"365\" height=\"365\" src=\"https:\/\/www.donornetworkwest.org\/es\/wp-content\/uploads\/sites\/3\/2022\/03\/Donor-Network-West-181208691-scaled-2-365x365.jpg\" class=\"attachment-365x365crop size-365x365crop\" alt=\"Two smiling teenage daughters hug their mom\" srcset=\"https:\/\/www.donornetworkwest.org\/es\/wp-content\/uploads\/sites\/3\/2022\/03\/Donor-Network-West-181208691-scaled-2-365x365.jpg 365w, https:\/\/www.donornetworkwest.org\/es\/wp-content\/uploads\/sites\/3\/2022\/03\/Donor-Network-West-181208691-scaled-2-150x150.jpg 150w, https:\/\/www.donornetworkwest.org\/es\/wp-content\/uploads\/sites\/3\/2022\/03\/Donor-Network-West-181208691-scaled-2-40x40.jpg 40w, https:\/\/www.donornetworkwest.org\/es\/wp-content\/uploads\/sites\/3\/2022\/03\/Donor-Network-West-181208691-scaled-2-65x65.jpg 65w, https:\/\/www.donornetworkwest.org\/es\/wp-content\/uploads\/sites\/3\/2022\/03\/Donor-Network-West-181208691-scaled-2-200x200.jpg 200w, https:\/\/www.donornetworkwest.org\/es\/wp-content\/uploads\/sites\/3\/2022\/03\/Donor-Network-West-181208691-scaled-2-260x260.jpg 260w, https:\/\/www.donornetworkwest.org\/es\/wp-content\/uploads\/sites\/3\/2022\/03\/Donor-Network-West-181208691-scaled-2-485x485.jpg 485w, https:\/\/www.donornetworkwest.org\/es\/wp-content\/uploads\/sites\/3\/2022\/03\/Donor-Network-West-181208691-scaled-2-435x435.jpg 435w, https:\/\/www.donornetworkwest.org\/es\/wp-content\/uploads\/sites\/3\/2022\/03\/Donor-Network-West-181208691-scaled-2-500x500.jpg 500w, https:\/\/www.donornetworkwest.org\/es\/wp-content\/uploads\/sites\/3\/2022\/03\/Donor-Network-West-181208691-scaled-2-1000x1000.jpg 1000w, https:\/\/www.donornetworkwest.org\/es\/wp-content\/uploads\/sites\/3\/2022\/03\/Donor-Network-West-181208691-scaled-2-45x45.jpg 45w\" sizes=\"(max-width: 365px) 100vw, 365px\" \/>                <div class=\"circle__angle circle__angle--40\">\n                  <div\n                    class=\"circle circle--border circle--dandelion\"\n                    style=\"--circle-size: 85px\"\n                  ><\/div>\n                <\/div>\n              <\/div>\n                      <\/div>\n          <div class=\"text-media__content\">\n                                      <h2 class=\"text-media__heading fade-in\">\n                Dele a Alguien una Segunda Oportunidad de Vivir              <\/h2>\n                                      <p class=\"text-media__text fade-in\">\n                Usted tiene el poder de salvar y sanar la vida de alguien y s\u00f3lo toma un minuto de su tiempo. Inscr\u00edbase para ser donante d\u00e9 \u00f3rganos y d\u00e9 esperanza a los que est\u00e1n esperando. Cada 10 minutos, se agrega alguien a la lista nacional de espera para trasplantes donde ya hay m\u00e1s de 100,000 personas en la fila.              <\/p>\n            \n            <div class=\"text-media__buttons fade-in button-group\">\n              <a href=\"https:\/\/www.donornetworkwest.org\/es\/historias\/\" class=\"button \">\n  Lea Testimonios de Donantes<\/a>\n<a href=\"https:\/\/www.donornetworkwest.org\/es\/acerca-de-la-donacion\/por-que-donar\/lista-de-espera\/\" class=\"button button--inline\">\n  Inf\u00f3rmese sobre la lista de espera<\/a>\n            <\/div>\n          <\/div>\n        <\/div>\n      <\/div>\n    <\/div>\n    \n    <div class=\"spacer spacer--0\"><\/div>\n\n        \t\t\t\t<\/div>\n\t\t\t\t<\/div>\n\t\t\t\t<div class=\"elementor-element elementor-element-369d187 elementor-widget elementor-widget-text-media\" data-id=\"369d187\" data-element_type=\"widget\" data-e-type=\"widget\" data-widget_type=\"text-media.default\">\n\t\t\t\t<div class=\"elementor-widget-container\">\n\t\t\t\t\t\n    <div class=\"text-media text-media--white  text-media--left\">\n      <div class=\"container\">\n        <div class=\"text-media__layout\">\n          <div class=\"text-media__media fade-in\">\n                          <div\n                class=\"circle circle--main circle--image circle--responsive circle--fill circle--blue\"\n                style=\"--circle-size: 500px;\"\n              >\n                <img decoding=\"async\" width=\"365\" height=\"365\" src=\"https:\/\/www.donornetworkwest.org\/es\/wp-content\/uploads\/sites\/3\/2022\/03\/Donor-Network-West-461054569-scaled-2-365x365.jpg\" class=\"attachment-365x365crop size-365x365crop\" alt=\"Little girl giving her dad a kiss on the cheek while he smiles\" srcset=\"https:\/\/www.donornetworkwest.org\/es\/wp-content\/uploads\/sites\/3\/2022\/03\/Donor-Network-West-461054569-scaled-2-365x365.jpg 365w, https:\/\/www.donornetworkwest.org\/es\/wp-content\/uploads\/sites\/3\/2022\/03\/Donor-Network-West-461054569-scaled-2-150x150.jpg 150w, https:\/\/www.donornetworkwest.org\/es\/wp-content\/uploads\/sites\/3\/2022\/03\/Donor-Network-West-461054569-scaled-2-40x40.jpg 40w, https:\/\/www.donornetworkwest.org\/es\/wp-content\/uploads\/sites\/3\/2022\/03\/Donor-Network-West-461054569-scaled-2-65x65.jpg 65w, https:\/\/www.donornetworkwest.org\/es\/wp-content\/uploads\/sites\/3\/2022\/03\/Donor-Network-West-461054569-scaled-2-200x200.jpg 200w, https:\/\/www.donornetworkwest.org\/es\/wp-content\/uploads\/sites\/3\/2022\/03\/Donor-Network-West-461054569-scaled-2-260x260.jpg 260w, https:\/\/www.donornetworkwest.org\/es\/wp-content\/uploads\/sites\/3\/2022\/03\/Donor-Network-West-461054569-scaled-2-485x485.jpg 485w, https:\/\/www.donornetworkwest.org\/es\/wp-content\/uploads\/sites\/3\/2022\/03\/Donor-Network-West-461054569-scaled-2-435x435.jpg 435w, https:\/\/www.donornetworkwest.org\/es\/wp-content\/uploads\/sites\/3\/2022\/03\/Donor-Network-West-461054569-scaled-2-500x500.jpg 500w, https:\/\/www.donornetworkwest.org\/es\/wp-content\/uploads\/sites\/3\/2022\/03\/Donor-Network-West-461054569-scaled-2-1000x1000.jpg 1000w, https:\/\/www.donornetworkwest.org\/es\/wp-content\/uploads\/sites\/3\/2022\/03\/Donor-Network-West-461054569-scaled-2-45x45.jpg 45w\" sizes=\"(max-width: 365px) 100vw, 365px\" \/>                <div class=\"circle__angle circle__angle--40\">\n                  <div\n                    class=\"circle circle--border circle--dandelion\"\n                    style=\"--circle-size: 85px\"\n                  ><\/div>\n                <\/div>\n              <\/div>\n                      <\/div>\n          <div class=\"text-media__content\">\n                          <div class=\"text-media__subhead fade-in\">\n                La lista de espera para trasplantes de \u00f3rganos est\u00e1 creciendo              <\/div>\n                                      <h2 class=\"text-media__heading fade-in\">\n                Los Beneficios de la Donaci\u00f3n de \u00d3rganos              <\/h2>\n                                      <p class=\"text-media__text fade-in\">\n                En promedio, 22 personas mueren cada d\u00eda esperando porque un \u00f3rgano no est\u00e1 disponible a tiempo. La lista de espera es real, tambi\u00e9n la esperanza, y ah\u00ed es donde puede ayudar. La mayor\u00eda de los ciudadanos est\u00e1n a favor de ser donante, pero s\u00f3lo el 58 % est\u00e1 registrado. T\u00f3mese un minuto para registrarse y dar esperanza a las personas y familias que esperan una donaci\u00f3n de \u00f3rganos que les salve la vida aumentando el n\u00famero de donantes registrados.              <\/p>\n            \n            <div class=\"text-media__buttons fade-in button-group\">\n              <a href=\"https:\/\/www.donornetworkwest.org\/es\/acerca-de-la-donacion\/datos-y-estadisticas-sobre-la-donacion-de-organos\/\" class=\"button \">\n  M\u00e1s datos y estad\u00edsticas sobre donantes de \u00f3rganos<\/a>\n            <\/div>\n          <\/div>\n        <\/div>\n      <\/div>\n    <\/div>\n    \n    <div class=\"spacer spacer--70\"><\/div>\n\n        \t\t\t\t<\/div>\n\t\t\t\t<\/div>\n\t\t\t\t<div class=\"elementor-element elementor-element-e2be240 elementor-widget elementor-widget-text-media\" data-id=\"e2be240\" data-element_type=\"widget\" data-e-type=\"widget\" data-widget_type=\"text-media.default\">\n\t\t\t\t<div class=\"elementor-widget-container\">\n\t\t\t\t\t\n    <div class=\"text-media text-media--  text-media--right\">\n      <div class=\"container\">\n        <div class=\"text-media__layout\">\n          <div class=\"text-media__media fade-in\">\n                          <div\n                class=\"circle circle--main circle--image circle--responsive circle--fill circle--blue\"\n                style=\"--circle-size: 500px;\"\n              >\n                <img loading=\"lazy\" decoding=\"async\" width=\"365\" height=\"365\" src=\"https:\/\/www.donornetworkwest.org\/es\/wp-content\/uploads\/sites\/3\/2022\/03\/Donor-Network-West-409439473-scaled-2-365x365.jpg\" class=\"attachment-365x365crop size-365x365crop\" alt=\"Woman smiling\" srcset=\"https:\/\/www.donornetworkwest.org\/es\/wp-content\/uploads\/sites\/3\/2022\/03\/Donor-Network-West-409439473-scaled-2-365x365.jpg 365w, https:\/\/www.donornetworkwest.org\/es\/wp-content\/uploads\/sites\/3\/2022\/03\/Donor-Network-West-409439473-scaled-2-150x150.jpg 150w, https:\/\/www.donornetworkwest.org\/es\/wp-content\/uploads\/sites\/3\/2022\/03\/Donor-Network-West-409439473-scaled-2-40x40.jpg 40w, https:\/\/www.donornetworkwest.org\/es\/wp-content\/uploads\/sites\/3\/2022\/03\/Donor-Network-West-409439473-scaled-2-65x65.jpg 65w, https:\/\/www.donornetworkwest.org\/es\/wp-content\/uploads\/sites\/3\/2022\/03\/Donor-Network-West-409439473-scaled-2-200x200.jpg 200w, https:\/\/www.donornetworkwest.org\/es\/wp-content\/uploads\/sites\/3\/2022\/03\/Donor-Network-West-409439473-scaled-2-260x260.jpg 260w, https:\/\/www.donornetworkwest.org\/es\/wp-content\/uploads\/sites\/3\/2022\/03\/Donor-Network-West-409439473-scaled-2-485x485.jpg 485w, https:\/\/www.donornetworkwest.org\/es\/wp-content\/uploads\/sites\/3\/2022\/03\/Donor-Network-West-409439473-scaled-2-435x435.jpg 435w, https:\/\/www.donornetworkwest.org\/es\/wp-content\/uploads\/sites\/3\/2022\/03\/Donor-Network-West-409439473-scaled-2-500x500.jpg 500w, https:\/\/www.donornetworkwest.org\/es\/wp-content\/uploads\/sites\/3\/2022\/03\/Donor-Network-West-409439473-scaled-2-1000x1000.jpg 1000w, https:\/\/www.donornetworkwest.org\/es\/wp-content\/uploads\/sites\/3\/2022\/03\/Donor-Network-West-409439473-scaled-2-45x45.jpg 45w\" sizes=\"(max-width: 365px) 100vw, 365px\" \/>                <div class=\"circle__angle circle__angle--40\">\n                  <div\n                    class=\"circle circle--border circle--dandelion\"\n                    style=\"--circle-size: 85px\"\n                  ><\/div>\n                <\/div>\n              <\/div>\n                      <\/div>\n          <div class=\"text-media__content\">\n                                      <h2 class=\"text-media__heading fade-in\">\n                Haga saber sus deseos registr\u00e1ndose para ser donante de \u00f3rgano              <\/h2>\n                                      <p class=\"text-media__text fade-in\">\n                Tomar la decisi\u00f3n de registrarse como donante de \u00f3rganos no s\u00f3lo es un regalo para quienes esperan un trasplante que les salve la vida, sino tambi\u00e9n para su familia.  Con mucha frecuencia, estas dif\u00edciles conversaciones se posponen, dejando a las familias inseguras sobre los \u00faltimos deseos de sus seres queridos. Aseg\u00farese de que sus seres queridos conozcan su decisi\u00f3n.              <\/p>\n            \n            <div class=\"text-media__buttons fade-in button-group\">\n              <a href=\"https:\/\/www.donornetworkwest.org\/es\/acerca-de-la-donacion\/conviertase-en-donante\/\" class=\"button \">\n  Reg\u00edstrese Ahora<\/a>\n            <\/div>\n          <\/div>\n        <\/div>\n      <\/div>\n    <\/div>\n    \n    <div class=\"spacer spacer--0\"><\/div>\n\n        \t\t\t\t<\/div>\n\t\t\t\t<\/div>\n\t\t\t\t\t<\/div>\n\t\t<\/div>\n\t\t\t\t\t<\/div>\n\t\t<\/section>\n\t\t\t\t<\/div>\n\t\t","protected":false},"excerpt":{"rendered":"<p>Por Qu\u00e9 Deber\u00eda Ser Donante de \u00d3rganos Dele a Alguien una Segunda Oportunidad de Vivir Usted tiene el poder de salvar y sanar la vida de alguien y s\u00f3lo toma un minuto de su tiempo. Inscr\u00edbase para ser donante d\u00e9 \u00f3rganos y d\u00e9 esperanza a los que est\u00e1n esperando. Cada 10 minutos, se agrega alguien [&hellip;]<\/p>\n","protected":false},"author":1,"featured_media":0,"parent":10,"menu_order":40,"comment_status":"closed","ping_status":"closed","template":"","meta":{"_acf_changed":false,"_trash_the_other_posts":false,"editor_notices":[],"footnotes":""},"class_list":["post-15","page","type-page","status-publish","hentry"],"acf":[],"yoast_head":"<!-- This site is optimized with the Yoast SEO Premium plugin v27.2 (Yoast SEO v27.2) - https:\/\/yoast.com\/product\/yoast-seo-premium-wordpress\/ -->\n<title>Por Qu\u00e9 Donar - Donor Network West<\/title>\n<meta name=\"robots\" content=\"index, follow, max-snippet:-1, max-image-preview:large, max-video-preview:-1\" \/>\n<link rel=\"canonical\" href=\"https:\/\/www.donornetworkwest.org\/es\/acerca-de-la-donacion\/por-que-donar\/\" \/>\n<meta property=\"og:locale\" content=\"es_ES\" \/>\n<meta property=\"og:type\" content=\"article\" \/>\n<meta property=\"og:title\" content=\"Por Qu\u00e9 Donar (Why Donate)\" \/>\n<meta property=\"og:description\" content=\"Por Qu\u00e9 Deber\u00eda Ser Donante de \u00d3rganos Dele a Alguien una Segunda Oportunidad de Vivir Usted tiene el poder de salvar y sanar la vida de alguien y s\u00f3lo toma un minuto de su tiempo. Inscr\u00edbase para ser donante d\u00e9 \u00f3rganos y d\u00e9 esperanza a los que est\u00e1n esperando. Cada 10 minutos, se agrega alguien [&hellip;]\" \/>\n<meta property=\"og:url\" content=\"https:\/\/www.donornetworkwest.org\/es\/acerca-de-la-donacion\/por-que-donar\/\" \/>\n<meta property=\"og:site_name\" content=\"Donor Network West\" \/>\n<meta property=\"article:modified_time\" content=\"2024-12-24T22:06:34+00:00\" \/>\n<meta property=\"og:image\" content=\"https:\/\/www.donornetworkwest.org\/es\/wp-content\/uploads\/sites\/3\/2022\/03\/Donor-Network-West-445856926-scaled-2-365x365.jpg\" \/>\n<meta name=\"twitter:card\" content=\"summary_large_image\" \/>\n<meta name=\"twitter:label1\" content=\"Tiempo de lectura\" \/>\n\t<meta name=\"twitter:data1\" content=\"2 minutos\" \/>\n<script type=\"application\/ld+json\" class=\"yoast-schema-graph\">{\"@context\":\"https:\/\/schema.org\",\"@graph\":[{\"@type\":\"WebPage\",\"@id\":\"https:\/\/www.donornetworkwest.org\/es\/acerca-de-la-donacion\/por-que-donar\/\",\"url\":\"https:\/\/www.donornetworkwest.org\/es\/acerca-de-la-donacion\/por-que-donar\/\",\"name\":\"Por Qu\u00e9 Donar - Donor Network West\",\"isPartOf\":{\"@id\":\"https:\/\/www.donornetworkwest.org\/es\/#website\"},\"primaryImageOfPage\":{\"@id\":\"https:\/\/www.donornetworkwest.org\/es\/acerca-de-la-donacion\/por-que-donar\/#primaryimage\"},\"image\":{\"@id\":\"https:\/\/www.donornetworkwest.org\/es\/acerca-de-la-donacion\/por-que-donar\/#primaryimage\"},\"thumbnailUrl\":\"https:\/\/www.donornetworkwest.org\/es\/wp-content\/uploads\/sites\/3\/2022\/03\/Donor-Network-West-445856926-scaled-2-365x365.jpg\",\"datePublished\":\"2024-12-17T17:26:27+00:00\",\"dateModified\":\"2024-12-24T22:06:34+00:00\",\"breadcrumb\":{\"@id\":\"https:\/\/www.donornetworkwest.org\/es\/acerca-de-la-donacion\/por-que-donar\/#breadcrumb\"},\"inLanguage\":\"es\",\"potentialAction\":[{\"@type\":\"ReadAction\",\"target\":[\"https:\/\/www.donornetworkwest.org\/es\/acerca-de-la-donacion\/por-que-donar\/\"]}]},{\"@type\":\"ImageObject\",\"inLanguage\":\"es\",\"@id\":\"https:\/\/www.donornetworkwest.org\/es\/acerca-de-la-donacion\/por-que-donar\/#primaryimage\",\"url\":\"https:\/\/www.donornetworkwest.org\/es\/wp-content\/uploads\/sites\/3\/2022\/03\/Donor-Network-West-445856926-scaled-2.jpg\",\"contentUrl\":\"https:\/\/www.donornetworkwest.org\/es\/wp-content\/uploads\/sites\/3\/2022\/03\/Donor-Network-West-445856926-scaled-2.jpg\",\"width\":2560,\"height\":1706,\"caption\":\"Man hugging woman while both laugh\"},{\"@type\":\"BreadcrumbList\",\"@id\":\"https:\/\/www.donornetworkwest.org\/es\/acerca-de-la-donacion\/por-que-donar\/#breadcrumb\",\"itemListElement\":[{\"@type\":\"ListItem\",\"position\":1,\"name\":\"Home\",\"item\":\"https:\/\/www.donornetworkwest.org\/es\/\"},{\"@type\":\"ListItem\",\"position\":2,\"name\":\"Acerca de la donaci\u00f3n (About Donation)\",\"item\":\"https:\/\/www.donornetworkwest.org\/es\/acerca-de-la-donacion\/\"},{\"@type\":\"ListItem\",\"position\":3,\"name\":\"Por Qu\u00e9 Donar (Why Donate)\"}]},{\"@type\":\"WebSite\",\"@id\":\"https:\/\/www.donornetworkwest.org\/es\/#website\",\"url\":\"https:\/\/www.donornetworkwest.org\/es\/\",\"name\":\"Donor Network West\",\"description\":\"\",\"potentialAction\":[{\"@type\":\"SearchAction\",\"target\":{\"@type\":\"EntryPoint\",\"urlTemplate\":\"https:\/\/www.donornetworkwest.org\/es\/?s={search_term_string}\"},\"query-input\":{\"@type\":\"PropertyValueSpecification\",\"valueRequired\":true,\"valueName\":\"search_term_string\"}}],\"inLanguage\":\"es\"}]}<\/script>\n<!-- \/ Yoast SEO Premium plugin. -->","yoast_head_json":{"title":"Por Qu\u00e9 Donar - Donor Network West","robots":{"index":"index","follow":"follow","max-snippet":"max-snippet:-1","max-image-preview":"max-image-preview:large","max-video-preview":"max-video-preview:-1"},"canonical":"https:\/\/www.donornetworkwest.org\/es\/acerca-de-la-donacion\/por-que-donar\/","og_locale":"es_ES","og_type":"article","og_title":"Por Qu\u00e9 Donar (Why Donate)","og_description":"Por Qu\u00e9 Deber\u00eda Ser Donante de \u00d3rganos Dele a Alguien una Segunda Oportunidad de Vivir Usted tiene el poder de salvar y sanar la vida de alguien y s\u00f3lo toma un minuto de su tiempo. Inscr\u00edbase para ser donante d\u00e9 \u00f3rganos y d\u00e9 esperanza a los que est\u00e1n esperando. Cada 10 minutos, se agrega alguien [&hellip;]","og_url":"https:\/\/www.donornetworkwest.org\/es\/acerca-de-la-donacion\/por-que-donar\/","og_site_name":"Donor Network West","article_modified_time":"2024-12-24T22:06:34+00:00","og_image":[{"url":"https:\/\/www.donornetworkwest.org\/es\/wp-content\/uploads\/sites\/3\/2022\/03\/Donor-Network-West-445856926-scaled-2-365x365.jpg","type":"","width":"","height":""}],"twitter_card":"summary_large_image","twitter_misc":{"Tiempo de lectura":"2 minutos"},"schema":{"@context":"https:\/\/schema.org","@graph":[{"@type":"WebPage","@id":"https:\/\/www.donornetworkwest.org\/es\/acerca-de-la-donacion\/por-que-donar\/","url":"https:\/\/www.donornetworkwest.org\/es\/acerca-de-la-donacion\/por-que-donar\/","name":"Por Qu\u00e9 Donar - Donor Network West","isPartOf":{"@id":"https:\/\/www.donornetworkwest.org\/es\/#website"},"primaryImageOfPage":{"@id":"https:\/\/www.donornetworkwest.org\/es\/acerca-de-la-donacion\/por-que-donar\/#primaryimage"},"image":{"@id":"https:\/\/www.donornetworkwest.org\/es\/acerca-de-la-donacion\/por-que-donar\/#primaryimage"},"thumbnailUrl":"https:\/\/www.donornetworkwest.org\/es\/wp-content\/uploads\/sites\/3\/2022\/03\/Donor-Network-West-445856926-scaled-2-365x365.jpg","datePublished":"2024-12-17T17:26:27+00:00","dateModified":"2024-12-24T22:06:34+00:00","breadcrumb":{"@id":"https:\/\/www.donornetworkwest.org\/es\/acerca-de-la-donacion\/por-que-donar\/#breadcrumb"},"inLanguage":"es","potentialAction":[{"@type":"ReadAction","target":["https:\/\/www.donornetworkwest.org\/es\/acerca-de-la-donacion\/por-que-donar\/"]}]},{"@type":"ImageObject","inLanguage":"es","@id":"https:\/\/www.donornetworkwest.org\/es\/acerca-de-la-donacion\/por-que-donar\/#primaryimage","url":"https:\/\/www.donornetworkwest.org\/es\/wp-content\/uploads\/sites\/3\/2022\/03\/Donor-Network-West-445856926-scaled-2.jpg","contentUrl":"https:\/\/www.donornetworkwest.org\/es\/wp-content\/uploads\/sites\/3\/2022\/03\/Donor-Network-West-445856926-scaled-2.jpg","width":2560,"height":1706,"caption":"Man hugging woman while both laugh"},{"@type":"BreadcrumbList","@id":"https:\/\/www.donornetworkwest.org\/es\/acerca-de-la-donacion\/por-que-donar\/#breadcrumb","itemListElement":[{"@type":"ListItem","position":1,"name":"Home","item":"https:\/\/www.donornetworkwest.org\/es\/"},{"@type":"ListItem","position":2,"name":"Acerca de la donaci\u00f3n (About Donation)","item":"https:\/\/www.donornetworkwest.org\/es\/acerca-de-la-donacion\/"},{"@type":"ListItem","position":3,"name":"Por Qu\u00e9 Donar (Why Donate)"}]},{"@type":"WebSite","@id":"https:\/\/www.donornetworkwest.org\/es\/#website","url":"https:\/\/www.donornetworkwest.org\/es\/","name":"Donor Network West","description":"","potentialAction":[{"@type":"SearchAction","target":{"@type":"EntryPoint","urlTemplate":"https:\/\/www.donornetworkwest.org\/es\/?s={search_term_string}"},"query-input":{"@type":"PropertyValueSpecification","valueRequired":true,"valueName":"search_term_string"}}],"inLanguage":"es"}]}},"_links":{"self":[{"href":"https:\/\/www.donornetworkwest.org\/es\/wp-json\/wp\/v2\/pages\/15","targetHints":{"allow":["GET"]}}],"collection":[{"href":"https:\/\/www.donornetworkwest.org\/es\/wp-json\/wp\/v2\/pages"}],"about":[{"href":"https:\/\/www.donornetworkwest.org\/es\/wp-json\/wp\/v2\/types\/page"}],"author":[{"embeddable":true,"href":"https:\/\/www.donornetworkwest.org\/es\/wp-json\/wp\/v2\/users\/1"}],"replies":[{"embeddable":true,"href":"https:\/\/www.donornetworkwest.org\/es\/wp-json\/wp\/v2\/comments?post=15"}],"version-history":[{"count":0,"href":"https:\/\/www.donornetworkwest.org\/es\/wp-json\/wp\/v2\/pages\/15\/revisions"}],"up":[{"embeddable":true,"href":"https:\/\/www.donornetworkwest.org\/es\/wp-json\/wp\/v2\/pages\/10"}],"wp:attachment":[{"href":"https:\/\/www.donornetworkwest.org\/es\/wp-json\/wp\/v2\/media?parent=15"}],"curies":[{"name":"wp","href":"https:\/\/api.w.org\/{rel}","templated":true}]}}