{"id":19,"date":"2024-12-17T17:26:21","date_gmt":"2024-12-17T17:26:21","guid":{"rendered":"https:\/\/www.donornetworkwest.org\/es\/?page_id=19"},"modified":"2024-12-24T20:02:29","modified_gmt":"2024-12-24T20:02:29","slug":"san-francisco-citywide-revival","status":"publish","type":"page","link":"https:\/\/www.donornetworkwest.org\/es\/involucrese\/eventos\/san-francisco-citywide-revival\/","title":{"rendered":"San Francisco Citywide Revival"},"content":{"rendered":"<p>El San Francisco Citywide Revival es un evento anual en marzo que promueve la salud, el bienestar y la donaci\u00f3n de \u00f3rganos entre las comunidades de fe afroamericana en el \u00c1rea de la Bah\u00eda. El evento es una asociaci\u00f3n entre Donor Network West y Baptist Ministry Conference and Adjacent Cities.<\/p>\n<p>3.500 Fieles se re\u00fanen para los servicios nocturnos de hermandad en San Francisco. Los asistentes tienen la oportunidad de registrarse como donantes de \u00f3rganos y escuchar mensajes que se enfocan en el bienestar, incluida la donaci\u00f3n de \u00f3rganos y tejidos, la preparaci\u00f3n de comidas saludables, la prevenci\u00f3n de la diabetes, la superaci\u00f3n de la obesidad, la nutrici\u00f3n y los peligros ambientales.<\/p>\n<h2><strong>Historia del San Francisco Citywide Revival<\/strong><\/h2>\n<p>La idea de unir el mensaje de fe y la salud comunitaria en Cornerstone Missionary Baptist Church surgi\u00f3 de los esfuerzos educativos y de divulgaci\u00f3n del enlace de desarrollo comunitario de Donor Network West, June R. Wallace en 2004.<\/p>\n<p>El tema de la donaci\u00f3n de \u00f3rganos y tejidos a menudo est\u00e1 envuelto en mitos y conceptos err\u00f3neos. Las tasas de donaci\u00f3n entre las personas de la comunidad afroamericana han sido extremadamente bajas, lo que se profundiz\u00f3 a\u00fan m\u00e1s a causa de una profunda falta de confianza y educaci\u00f3n sobre el tema. Inspirada y decidida a hacer un cambio de actitud hacia la donaci\u00f3n de \u00f3rganos y tejidos, June comenz\u00f3 a organizar una mesa junto a otros proveedores de salud en el sal\u00f3n social de la iglesia.<\/p>\n<p>La informaci\u00f3n sobre la donaci\u00f3n de \u00f3rganos y tejidos no fue aceptada al principio.<\/p>\n<p>Sin embargo, con el tiempo, la aceptaci\u00f3n creci\u00f3 gracias a la pasi\u00f3n de June y su capacidad para mostrar c\u00f3mo los problemas de salud como la diabetes, la obesidad y la hipertensi\u00f3n card\u00edaca a menudo conducen a la insuficiencia org\u00e1nica. June tambi\u00e9n involucr\u00f3 a pastores y ministros con mensajes que tocaban la salud en general, lo que luego condujo a discusiones sobre la insuficiencia de \u00f3rganos y la necesidad de trasplantes.<\/p>\n<div id=\"attachment_840\" style=\"width: 205px\" class=\"wp-caption alignright\"><img fetchpriority=\"high\" decoding=\"async\" aria-describedby=\"caption-attachment-840\" src=\"https:\/\/www.donornetworkwest.org\/es\/wp-content\/uploads\/sites\/3\/2022\/03\/pastor-robert-lucas-president-of-sf-citywide-revival-195x300-1-1.jpeg\" alt=\"El pastor Robert Lucas despu\u00e9s de registrarse para ser donante de \u00f3rganos en 2005\" width=\"195\" height=\"300\" \/><p id=\"caption-attachment-840\" class=\"wp-caption-text\">El pastor Robert Lucas despu\u00e9s de registrarse para ser donante de \u00f3rganos en 2005<\/p><\/div>\n<p>El apoyo a la causa tambi\u00e9n creci\u00f3 porque muchos miembros de la congregaci\u00f3n padec\u00edan enfermedades de \u00f3rganos en etapa terminal y fueron colocados en la lista de espera, un hecho que llev\u00f3 el mensaje a casa a trav\u00e9s de los testimonios de los miembros. Otro punto de inflexi\u00f3n vino de la mano de la presentaci\u00f3n de personas que hab\u00edan recibido un trasplante y se les dio otra oportunidad en la vida gracias al regalo de la vida de un donante.<\/p>\n<p>Un punto de inflexi\u00f3n importante se produjo cuando el propio pastor Robert Lucas dio un paso al frente y se registr\u00f3 como donante de \u00f3rganos y tejidos, lo que se\u00f1al\u00f3 la aceptaci\u00f3n por parte de los l\u00edderes religiosos de que la donaci\u00f3n es verdaderamente uno de los actos de bondad m\u00e1s nobles, y algo que todos nosotros podemos y debemos hacer.<\/p>\n<p>Para continuar llevando un mensaje a\u00fan m\u00e1s fuerte de salud y bienestar a las 3500 personas que asisten cada noche, June involucr\u00f3 a la Asociaci\u00f3n de Enfermeras Afroamericanas, la Asociaci\u00f3n Estadounidense de Diabetes, la Sociedad Estadounidense del C\u00e1ncer, el Distrito de Administraci\u00f3n de la Calidad del Aire del \u00c1rea de la Bah\u00eda, Kaiser Permanente, el cap\u00edtulo de San Francisco de The Links, Inc., y el Programa de Acceso Telef\u00f3nico de California. En el Citywide Revival de este a\u00f1o, la Fundaci\u00f3n Nacional del Ri\u00f1\u00f3n estuvo presente proporcionando ex\u00e1menes renales inmediatos y gratuitos para todos.<\/p>\n<p>Todav\u00eda queda mucho trabajo por hacer, pero la causa de la donaci\u00f3n de \u00f3rganos y tejidos finalmente ha encontrado aceptaci\u00f3n entre muchos en la comunidad de fe, y es a trav\u00e9s del poder de los testimonios que continuar\u00e1 abriendo corazones y mentes para dar el mayor don de todos \u2013 el Don de la Vida.<\/p>\n","protected":false},"excerpt":{"rendered":"<p>El San Francisco Citywide Revival es un evento anual en marzo que promueve la salud, el bienestar y la donaci\u00f3n de \u00f3rganos entre las comunidades de fe afroamericana en el \u00c1rea de la Bah\u00eda. El evento es una asociaci\u00f3n entre Donor Network West y Baptist Ministry Conference and Adjacent Cities. 3.500 Fieles se re\u00fanen para [&hellip;]<\/p>\n","protected":false},"author":1,"featured_media":0,"parent":43,"menu_order":0,"comment_status":"closed","ping_status":"closed","template":"","meta":{"_acf_changed":false,"_trash_the_other_posts":false,"editor_notices":[],"footnotes":""},"class_list":["post-19","page","type-page","status-publish","hentry"],"acf":[],"yoast_head":"<!-- This site is optimized with the Yoast SEO Premium plugin v27.4 (Yoast SEO v27.4) - https:\/\/yoast.com\/product\/yoast-seo-premium-wordpress\/ -->\n<title>San Francisco Citywide Revival - Donor Network West<\/title>\n<meta name=\"robots\" content=\"index, follow, max-snippet:-1, max-image-preview:large, max-video-preview:-1\" \/>\n<link rel=\"canonical\" href=\"https:\/\/www.donornetworkwest.org\/es\/involucrese\/eventos\/san-francisco-citywide-revival\/\" \/>\n<meta property=\"og:locale\" content=\"es_ES\" \/>\n<meta property=\"og:type\" content=\"article\" \/>\n<meta property=\"og:title\" content=\"San Francisco Citywide Revival\" \/>\n<meta property=\"og:description\" content=\"El San Francisco Citywide Revival es un evento anual en marzo que promueve la salud, el bienestar y la donaci\u00f3n de \u00f3rganos entre las comunidades de fe afroamericana en el \u00c1rea de la Bah\u00eda. El evento es una asociaci\u00f3n entre Donor Network West y Baptist Ministry Conference and Adjacent Cities. 3.500 Fieles se re\u00fanen para [&hellip;]\" \/>\n<meta property=\"og:url\" content=\"https:\/\/www.donornetworkwest.org\/es\/involucrese\/eventos\/san-francisco-citywide-revival\/\" \/>\n<meta property=\"og:site_name\" content=\"Donor Network West\" \/>\n<meta property=\"article:modified_time\" content=\"2024-12-24T20:02:29+00:00\" \/>\n<meta property=\"og:image\" content=\"https:\/\/www.donornetworkwest.org\/es\/wp-content\/uploads\/sites\/3\/2022\/03\/pastor-robert-lucas-president-of-sf-citywide-revival-195x300-1-1.jpeg\" \/>\n<meta name=\"twitter:card\" content=\"summary_large_image\" \/>\n<meta name=\"twitter:label1\" content=\"Tiempo de lectura\" \/>\n\t<meta name=\"twitter:data1\" content=\"4 minutos\" \/>\n<script type=\"application\/ld+json\" class=\"yoast-schema-graph\">{\"@context\":\"https:\\\/\\\/schema.org\",\"@graph\":[{\"@type\":\"WebPage\",\"@id\":\"https:\\\/\\\/www.donornetworkwest.org\\\/es\\\/involucrese\\\/eventos\\\/san-francisco-citywide-revival\\\/\",\"url\":\"https:\\\/\\\/www.donornetworkwest.org\\\/es\\\/involucrese\\\/eventos\\\/san-francisco-citywide-revival\\\/\",\"name\":\"San Francisco Citywide Revival - Donor Network West\",\"isPartOf\":{\"@id\":\"https:\\\/\\\/www.donornetworkwest.org\\\/es\\\/#website\"},\"primaryImageOfPage\":{\"@id\":\"https:\\\/\\\/www.donornetworkwest.org\\\/es\\\/involucrese\\\/eventos\\\/san-francisco-citywide-revival\\\/#primaryimage\"},\"image\":{\"@id\":\"https:\\\/\\\/www.donornetworkwest.org\\\/es\\\/involucrese\\\/eventos\\\/san-francisco-citywide-revival\\\/#primaryimage\"},\"thumbnailUrl\":\"https:\\\/\\\/www.donornetworkwest.org\\\/es\\\/wp-content\\\/uploads\\\/sites\\\/3\\\/2022\\\/03\\\/pastor-robert-lucas-president-of-sf-citywide-revival-195x300-1-1.jpeg\",\"datePublished\":\"2024-12-17T17:26:21+00:00\",\"dateModified\":\"2024-12-24T20:02:29+00:00\",\"breadcrumb\":{\"@id\":\"https:\\\/\\\/www.donornetworkwest.org\\\/es\\\/involucrese\\\/eventos\\\/san-francisco-citywide-revival\\\/#breadcrumb\"},\"inLanguage\":\"es\",\"potentialAction\":[{\"@type\":\"ReadAction\",\"target\":[\"https:\\\/\\\/www.donornetworkwest.org\\\/es\\\/involucrese\\\/eventos\\\/san-francisco-citywide-revival\\\/\"]}]},{\"@type\":\"ImageObject\",\"inLanguage\":\"es\",\"@id\":\"https:\\\/\\\/www.donornetworkwest.org\\\/es\\\/involucrese\\\/eventos\\\/san-francisco-citywide-revival\\\/#primaryimage\",\"url\":\"https:\\\/\\\/www.donornetworkwest.org\\\/es\\\/wp-content\\\/uploads\\\/sites\\\/3\\\/2022\\\/03\\\/pastor-robert-lucas-president-of-sf-citywide-revival-195x300-1-1.jpeg\",\"contentUrl\":\"https:\\\/\\\/www.donornetworkwest.org\\\/es\\\/wp-content\\\/uploads\\\/sites\\\/3\\\/2022\\\/03\\\/pastor-robert-lucas-president-of-sf-citywide-revival-195x300-1-1.jpeg\",\"width\":195,\"height\":300,\"caption\":\"Image of Pastor Robert Lucas after registering to be an organ donor in 2005\"},{\"@type\":\"BreadcrumbList\",\"@id\":\"https:\\\/\\\/www.donornetworkwest.org\\\/es\\\/involucrese\\\/eventos\\\/san-francisco-citywide-revival\\\/#breadcrumb\",\"itemListElement\":[{\"@type\":\"ListItem\",\"position\":1,\"name\":\"Home\",\"item\":\"https:\\\/\\\/www.donornetworkwest.org\\\/es\\\/\"},{\"@type\":\"ListItem\",\"position\":2,\"name\":\"Invol\u00facrese (Get Involved)\",\"item\":\"https:\\\/\\\/www.donornetworkwest.org\\\/es\\\/involucrese\\\/\"},{\"@type\":\"ListItem\",\"position\":3,\"name\":\"Eventos (Events)\",\"item\":\"https:\\\/\\\/www.donornetworkwest.org\\\/es\\\/involucrese\\\/eventos\\\/\"},{\"@type\":\"ListItem\",\"position\":4,\"name\":\"San Francisco Citywide Revival\"}]},{\"@type\":\"WebSite\",\"@id\":\"https:\\\/\\\/www.donornetworkwest.org\\\/es\\\/#website\",\"url\":\"https:\\\/\\\/www.donornetworkwest.org\\\/es\\\/\",\"name\":\"Donor Network West\",\"description\":\"\",\"potentialAction\":[{\"@type\":\"SearchAction\",\"target\":{\"@type\":\"EntryPoint\",\"urlTemplate\":\"https:\\\/\\\/www.donornetworkwest.org\\\/es\\\/?s={search_term_string}\"},\"query-input\":{\"@type\":\"PropertyValueSpecification\",\"valueRequired\":true,\"valueName\":\"search_term_string\"}}],\"inLanguage\":\"es\"}]}<\/script>\n<!-- \/ Yoast SEO Premium plugin. -->","yoast_head_json":{"title":"San Francisco Citywide Revival - Donor Network West","robots":{"index":"index","follow":"follow","max-snippet":"max-snippet:-1","max-image-preview":"max-image-preview:large","max-video-preview":"max-video-preview:-1"},"canonical":"https:\/\/www.donornetworkwest.org\/es\/involucrese\/eventos\/san-francisco-citywide-revival\/","og_locale":"es_ES","og_type":"article","og_title":"San Francisco Citywide Revival","og_description":"El San Francisco Citywide Revival es un evento anual en marzo que promueve la salud, el bienestar y la donaci\u00f3n de \u00f3rganos entre las comunidades de fe afroamericana en el \u00c1rea de la Bah\u00eda. El evento es una asociaci\u00f3n entre Donor Network West y Baptist Ministry Conference and Adjacent Cities. 3.500 Fieles se re\u00fanen para [&hellip;]","og_url":"https:\/\/www.donornetworkwest.org\/es\/involucrese\/eventos\/san-francisco-citywide-revival\/","og_site_name":"Donor Network West","article_modified_time":"2024-12-24T20:02:29+00:00","og_image":[{"url":"https:\/\/www.donornetworkwest.org\/es\/wp-content\/uploads\/sites\/3\/2022\/03\/pastor-robert-lucas-president-of-sf-citywide-revival-195x300-1-1.jpeg","type":"","width":"","height":""}],"twitter_card":"summary_large_image","twitter_misc":{"Tiempo de lectura":"4 minutos"},"schema":{"@context":"https:\/\/schema.org","@graph":[{"@type":"WebPage","@id":"https:\/\/www.donornetworkwest.org\/es\/involucrese\/eventos\/san-francisco-citywide-revival\/","url":"https:\/\/www.donornetworkwest.org\/es\/involucrese\/eventos\/san-francisco-citywide-revival\/","name":"San Francisco Citywide Revival - Donor Network West","isPartOf":{"@id":"https:\/\/www.donornetworkwest.org\/es\/#website"},"primaryImageOfPage":{"@id":"https:\/\/www.donornetworkwest.org\/es\/involucrese\/eventos\/san-francisco-citywide-revival\/#primaryimage"},"image":{"@id":"https:\/\/www.donornetworkwest.org\/es\/involucrese\/eventos\/san-francisco-citywide-revival\/#primaryimage"},"thumbnailUrl":"https:\/\/www.donornetworkwest.org\/es\/wp-content\/uploads\/sites\/3\/2022\/03\/pastor-robert-lucas-president-of-sf-citywide-revival-195x300-1-1.jpeg","datePublished":"2024-12-17T17:26:21+00:00","dateModified":"2024-12-24T20:02:29+00:00","breadcrumb":{"@id":"https:\/\/www.donornetworkwest.org\/es\/involucrese\/eventos\/san-francisco-citywide-revival\/#breadcrumb"},"inLanguage":"es","potentialAction":[{"@type":"ReadAction","target":["https:\/\/www.donornetworkwest.org\/es\/involucrese\/eventos\/san-francisco-citywide-revival\/"]}]},{"@type":"ImageObject","inLanguage":"es","@id":"https:\/\/www.donornetworkwest.org\/es\/involucrese\/eventos\/san-francisco-citywide-revival\/#primaryimage","url":"https:\/\/www.donornetworkwest.org\/es\/wp-content\/uploads\/sites\/3\/2022\/03\/pastor-robert-lucas-president-of-sf-citywide-revival-195x300-1-1.jpeg","contentUrl":"https:\/\/www.donornetworkwest.org\/es\/wp-content\/uploads\/sites\/3\/2022\/03\/pastor-robert-lucas-president-of-sf-citywide-revival-195x300-1-1.jpeg","width":195,"height":300,"caption":"Image of Pastor Robert Lucas after registering to be an organ donor in 2005"},{"@type":"BreadcrumbList","@id":"https:\/\/www.donornetworkwest.org\/es\/involucrese\/eventos\/san-francisco-citywide-revival\/#breadcrumb","itemListElement":[{"@type":"ListItem","position":1,"name":"Home","item":"https:\/\/www.donornetworkwest.org\/es\/"},{"@type":"ListItem","position":2,"name":"Invol\u00facrese (Get Involved)","item":"https:\/\/www.donornetworkwest.org\/es\/involucrese\/"},{"@type":"ListItem","position":3,"name":"Eventos (Events)","item":"https:\/\/www.donornetworkwest.org\/es\/involucrese\/eventos\/"},{"@type":"ListItem","position":4,"name":"San Francisco Citywide Revival"}]},{"@type":"WebSite","@id":"https:\/\/www.donornetworkwest.org\/es\/#website","url":"https:\/\/www.donornetworkwest.org\/es\/","name":"Donor Network West","description":"","potentialAction":[{"@type":"SearchAction","target":{"@type":"EntryPoint","urlTemplate":"https:\/\/www.donornetworkwest.org\/es\/?s={search_term_string}"},"query-input":{"@type":"PropertyValueSpecification","valueRequired":true,"valueName":"search_term_string"}}],"inLanguage":"es"}]}},"_links":{"self":[{"href":"https:\/\/www.donornetworkwest.org\/es\/wp-json\/wp\/v2\/pages\/19","targetHints":{"allow":["GET"]}}],"collection":[{"href":"https:\/\/www.donornetworkwest.org\/es\/wp-json\/wp\/v2\/pages"}],"about":[{"href":"https:\/\/www.donornetworkwest.org\/es\/wp-json\/wp\/v2\/types\/page"}],"author":[{"embeddable":true,"href":"https:\/\/www.donornetworkwest.org\/es\/wp-json\/wp\/v2\/users\/1"}],"replies":[{"embeddable":true,"href":"https:\/\/www.donornetworkwest.org\/es\/wp-json\/wp\/v2\/comments?post=19"}],"version-history":[{"count":0,"href":"https:\/\/www.donornetworkwest.org\/es\/wp-json\/wp\/v2\/pages\/19\/revisions"}],"up":[{"embeddable":true,"href":"https:\/\/www.donornetworkwest.org\/es\/wp-json\/wp\/v2\/pages\/43"}],"wp:attachment":[{"href":"https:\/\/www.donornetworkwest.org\/es\/wp-json\/wp\/v2\/media?parent=19"}],"curies":[{"name":"wp","href":"https:\/\/api.w.org\/{rel}","templated":true}]}}