{"id":23,"date":"2024-12-17T17:26:38","date_gmt":"2024-12-17T17:26:38","guid":{"rendered":"https:\/\/www.donornetworkwest.org\/es\/?page_id=23"},"modified":"2024-12-17T17:34:48","modified_gmt":"2024-12-17T17:34:48","slug":"programa-comfort-blanket","status":"publish","type":"page","link":"https:\/\/www.donornetworkwest.org\/es\/involucrese\/programas\/programa-comfort-blanket\/","title":{"rendered":"Programa Comfort Blanket"},"content":{"rendered":"<p>Donor Network West cre\u00f3 el programa Donor Family Comfort Blanket para familias de donantes de \u00f3rganos y tejidos, para mantenerlos c\u00e1lidos y reconfortados durante su estad\u00eda en el hospital. Las familias pueden estar en hospitales desde unos pocos d\u00edas hasta semanas con su ser querido.<\/p>\n<p>Damos la bienvenida a individuos y grupos para hacer ganchillo, tejer, acolchar o hacer mantas de lana para estas familias. Las mantas las utilizan las propias familias o las colocan sobre sus seres queridos. Las familias se llevan las mantas a casa para continuar con la comodidad y para recordar el regalo salvador que su ser querido le di\u00f3 a los dem\u00e1s a trav\u00e9s de la donaci\u00f3n.<\/p>\n<p>Las mantas se pueden dejar o enviar por correo a:<\/p>\n<h4 style=\"box-sizing: inherit;\"><strong>Bay Area<\/strong><\/h4>\n<p style=\"box-sizing: inherit;\">Donor Network West<br style=\"box-sizing: inherit;\" \/>12667 Alcosta Blvd., Suite 500<br style=\"box-sizing: inherit;\" \/>San Ramon, CA 94583<\/p>\n<h4 style=\"box-sizing: inherit;\"><strong>Fresno<\/strong><\/h4>\n<p style=\"box-sizing: inherit;\">Donor Network West<br style=\"box-sizing: inherit;\" \/>6721 N. Willow St.<br style=\"box-sizing: inherit;\" \/>Fresno, CA 93710<\/p>\n<h4 style=\"box-sizing: inherit;\"><strong>Reno<\/strong><\/h4>\n<p style=\"box-sizing: inherit;\">Donor Network West<br style=\"box-sizing: inherit;\" \/>1495 Ridgeview Dr., Suite 90<br style=\"box-sizing: inherit;\" \/>Reno, NV 89519<\/p>\n<p>&nbsp;<\/p>\n<p style=\"box-sizing: inherit;\">\u00bfPreguntas? Comun\u00edquese con\u00a0<a style=\"box-sizing: inherit;\" href=\"mailto:aftercare@dnwest.org\">Aftercare<\/a>\u00a0o\u00a0<a style=\"box-sizing: inherit;\" href=\"mailto:kclark@dnwest.org\">Kathy Clark<\/a>.<\/p>\n","protected":false},"excerpt":{"rendered":"<p>Donor Network West cre\u00f3 el programa Donor Family Comfort Blanket para familias de donantes de \u00f3rganos y tejidos, para mantenerlos c\u00e1lidos y reconfortados durante su estad\u00eda en el hospital. Las familias pueden estar en hospitales desde unos pocos d\u00edas hasta semanas con su ser querido. Damos la bienvenida a individuos y grupos para hacer ganchillo, [&hellip;]<\/p>\n","protected":false},"author":1,"featured_media":0,"parent":53,"menu_order":240,"comment_status":"closed","ping_status":"closed","template":"","meta":{"_acf_changed":false,"_trash_the_other_posts":false,"editor_notices":[],"footnotes":""},"class_list":["post-23","page","type-page","status-publish","hentry"],"acf":[],"yoast_head":"<!-- This site is optimized with the Yoast SEO Premium plugin v27.4 (Yoast SEO v27.4) - https:\/\/yoast.com\/product\/yoast-seo-premium-wordpress\/ -->\n<title>Programa Comfort Blanket- Donor Network West<\/title>\n<meta name=\"robots\" content=\"index, follow, max-snippet:-1, max-image-preview:large, max-video-preview:-1\" \/>\n<link rel=\"canonical\" href=\"https:\/\/www.donornetworkwest.org\/es\/involucrese\/programas\/programa-comfort-blanket\/\" \/>\n<meta property=\"og:locale\" content=\"es_ES\" \/>\n<meta property=\"og:type\" content=\"article\" \/>\n<meta property=\"og:title\" content=\"Programa Comfort Blanket\" \/>\n<meta property=\"og:description\" content=\"Donor Network West cre\u00f3 el programa Donor Family Comfort Blanket para familias de donantes de \u00f3rganos y tejidos, para mantenerlos c\u00e1lidos y reconfortados durante su estad\u00eda en el hospital. Las familias pueden estar en hospitales desde unos pocos d\u00edas hasta semanas con su ser querido. Damos la bienvenida a individuos y grupos para hacer ganchillo, [&hellip;]\" \/>\n<meta property=\"og:url\" content=\"https:\/\/www.donornetworkwest.org\/es\/involucrese\/programas\/programa-comfort-blanket\/\" \/>\n<meta property=\"og:site_name\" content=\"Donor Network West\" \/>\n<meta property=\"article:modified_time\" content=\"2024-12-17T17:34:48+00:00\" \/>\n<meta name=\"twitter:card\" content=\"summary_large_image\" \/>\n<meta name=\"twitter:label1\" content=\"Tiempo de lectura\" \/>\n\t<meta name=\"twitter:data1\" content=\"1 minuto\" \/>\n<script type=\"application\/ld+json\" class=\"yoast-schema-graph\">{\"@context\":\"https:\\\/\\\/schema.org\",\"@graph\":[{\"@type\":\"WebPage\",\"@id\":\"https:\\\/\\\/www.donornetworkwest.org\\\/es\\\/involucrese\\\/programas\\\/programa-comfort-blanket\\\/\",\"url\":\"https:\\\/\\\/www.donornetworkwest.org\\\/es\\\/involucrese\\\/programas\\\/programa-comfort-blanket\\\/\",\"name\":\"Programa Comfort Blanket- Donor Network West\",\"isPartOf\":{\"@id\":\"https:\\\/\\\/www.donornetworkwest.org\\\/es\\\/#website\"},\"datePublished\":\"2024-12-17T17:26:38+00:00\",\"dateModified\":\"2024-12-17T17:34:48+00:00\",\"breadcrumb\":{\"@id\":\"https:\\\/\\\/www.donornetworkwest.org\\\/es\\\/involucrese\\\/programas\\\/programa-comfort-blanket\\\/#breadcrumb\"},\"inLanguage\":\"es\",\"potentialAction\":[{\"@type\":\"ReadAction\",\"target\":[\"https:\\\/\\\/www.donornetworkwest.org\\\/es\\\/involucrese\\\/programas\\\/programa-comfort-blanket\\\/\"]}]},{\"@type\":\"BreadcrumbList\",\"@id\":\"https:\\\/\\\/www.donornetworkwest.org\\\/es\\\/involucrese\\\/programas\\\/programa-comfort-blanket\\\/#breadcrumb\",\"itemListElement\":[{\"@type\":\"ListItem\",\"position\":1,\"name\":\"Home\",\"item\":\"https:\\\/\\\/www.donornetworkwest.org\\\/es\\\/\"},{\"@type\":\"ListItem\",\"position\":2,\"name\":\"Invol\u00facrese (Get Involved)\",\"item\":\"https:\\\/\\\/www.donornetworkwest.org\\\/es\\\/involucrese\\\/\"},{\"@type\":\"ListItem\",\"position\":3,\"name\":\"Programas\",\"item\":\"https:\\\/\\\/www.donornetworkwest.org\\\/es\\\/involucrese\\\/programas\\\/\"},{\"@type\":\"ListItem\",\"position\":4,\"name\":\"Programa Comfort Blanket\"}]},{\"@type\":\"WebSite\",\"@id\":\"https:\\\/\\\/www.donornetworkwest.org\\\/es\\\/#website\",\"url\":\"https:\\\/\\\/www.donornetworkwest.org\\\/es\\\/\",\"name\":\"Donor Network West\",\"description\":\"\",\"potentialAction\":[{\"@type\":\"SearchAction\",\"target\":{\"@type\":\"EntryPoint\",\"urlTemplate\":\"https:\\\/\\\/www.donornetworkwest.org\\\/es\\\/?s={search_term_string}\"},\"query-input\":{\"@type\":\"PropertyValueSpecification\",\"valueRequired\":true,\"valueName\":\"search_term_string\"}}],\"inLanguage\":\"es\"}]}<\/script>\n<!-- \/ Yoast SEO Premium plugin. -->","yoast_head_json":{"title":"Programa Comfort Blanket- Donor Network West","robots":{"index":"index","follow":"follow","max-snippet":"max-snippet:-1","max-image-preview":"max-image-preview:large","max-video-preview":"max-video-preview:-1"},"canonical":"https:\/\/www.donornetworkwest.org\/es\/involucrese\/programas\/programa-comfort-blanket\/","og_locale":"es_ES","og_type":"article","og_title":"Programa Comfort Blanket","og_description":"Donor Network West cre\u00f3 el programa Donor Family Comfort Blanket para familias de donantes de \u00f3rganos y tejidos, para mantenerlos c\u00e1lidos y reconfortados durante su estad\u00eda en el hospital. Las familias pueden estar en hospitales desde unos pocos d\u00edas hasta semanas con su ser querido. Damos la bienvenida a individuos y grupos para hacer ganchillo, [&hellip;]","og_url":"https:\/\/www.donornetworkwest.org\/es\/involucrese\/programas\/programa-comfort-blanket\/","og_site_name":"Donor Network West","article_modified_time":"2024-12-17T17:34:48+00:00","twitter_card":"summary_large_image","twitter_misc":{"Tiempo de lectura":"1 minuto"},"schema":{"@context":"https:\/\/schema.org","@graph":[{"@type":"WebPage","@id":"https:\/\/www.donornetworkwest.org\/es\/involucrese\/programas\/programa-comfort-blanket\/","url":"https:\/\/www.donornetworkwest.org\/es\/involucrese\/programas\/programa-comfort-blanket\/","name":"Programa Comfort Blanket- Donor Network West","isPartOf":{"@id":"https:\/\/www.donornetworkwest.org\/es\/#website"},"datePublished":"2024-12-17T17:26:38+00:00","dateModified":"2024-12-17T17:34:48+00:00","breadcrumb":{"@id":"https:\/\/www.donornetworkwest.org\/es\/involucrese\/programas\/programa-comfort-blanket\/#breadcrumb"},"inLanguage":"es","potentialAction":[{"@type":"ReadAction","target":["https:\/\/www.donornetworkwest.org\/es\/involucrese\/programas\/programa-comfort-blanket\/"]}]},{"@type":"BreadcrumbList","@id":"https:\/\/www.donornetworkwest.org\/es\/involucrese\/programas\/programa-comfort-blanket\/#breadcrumb","itemListElement":[{"@type":"ListItem","position":1,"name":"Home","item":"https:\/\/www.donornetworkwest.org\/es\/"},{"@type":"ListItem","position":2,"name":"Invol\u00facrese (Get Involved)","item":"https:\/\/www.donornetworkwest.org\/es\/involucrese\/"},{"@type":"ListItem","position":3,"name":"Programas","item":"https:\/\/www.donornetworkwest.org\/es\/involucrese\/programas\/"},{"@type":"ListItem","position":4,"name":"Programa Comfort Blanket"}]},{"@type":"WebSite","@id":"https:\/\/www.donornetworkwest.org\/es\/#website","url":"https:\/\/www.donornetworkwest.org\/es\/","name":"Donor Network West","description":"","potentialAction":[{"@type":"SearchAction","target":{"@type":"EntryPoint","urlTemplate":"https:\/\/www.donornetworkwest.org\/es\/?s={search_term_string}"},"query-input":{"@type":"PropertyValueSpecification","valueRequired":true,"valueName":"search_term_string"}}],"inLanguage":"es"}]}},"_links":{"self":[{"href":"https:\/\/www.donornetworkwest.org\/es\/wp-json\/wp\/v2\/pages\/23","targetHints":{"allow":["GET"]}}],"collection":[{"href":"https:\/\/www.donornetworkwest.org\/es\/wp-json\/wp\/v2\/pages"}],"about":[{"href":"https:\/\/www.donornetworkwest.org\/es\/wp-json\/wp\/v2\/types\/page"}],"author":[{"embeddable":true,"href":"https:\/\/www.donornetworkwest.org\/es\/wp-json\/wp\/v2\/users\/1"}],"replies":[{"embeddable":true,"href":"https:\/\/www.donornetworkwest.org\/es\/wp-json\/wp\/v2\/comments?post=23"}],"version-history":[{"count":0,"href":"https:\/\/www.donornetworkwest.org\/es\/wp-json\/wp\/v2\/pages\/23\/revisions"}],"up":[{"embeddable":true,"href":"https:\/\/www.donornetworkwest.org\/es\/wp-json\/wp\/v2\/pages\/53"}],"wp:attachment":[{"href":"https:\/\/www.donornetworkwest.org\/es\/wp-json\/wp\/v2\/media?parent=23"}],"curies":[{"name":"wp","href":"https:\/\/api.w.org\/{rel}","templated":true}]}}