{"id":28,"date":"2024-12-17T17:26:32","date_gmt":"2024-12-17T17:26:32","guid":{"rendered":"https:\/\/www.donornetworkwest.org\/es\/?page_id=28"},"modified":"2024-12-30T17:59:50","modified_gmt":"2024-12-30T17:59:50","slug":"ley-de-equidad-de-la-politica-de-organos-del-vih-hope","status":"publish","type":"page","link":"https:\/\/www.donornetworkwest.org\/es\/ley-de-equidad-de-la-politica-de-organos-del-vih-hope\/","title":{"rendered":"LEY DE EQUIDAD DE LA POL\u00cdTICA DE \u00d3RGANOS DEL VIH (HOPE) (HIV Organ Policy Equity (HOPE) Act)"},"content":{"rendered":"\t\t<div data-elementor-type=\"wp-page\" data-elementor-id=\"28\" class=\"elementor elementor-28\" data-elementor-post-type=\"page\">\n\t\t\t\t\t\t<section class=\"elementor-section elementor-top-section elementor-element elementor-element-5b1ee74 elementor-section-boxed elementor-section-height-default elementor-section-height-default\" data-id=\"5b1ee74\" data-element_type=\"section\" data-e-type=\"section\">\n\t\t\t\t\t\t<div class=\"elementor-container elementor-column-gap-default\">\n\t\t\t\t\t<div class=\"elementor-column elementor-col-100 elementor-top-column elementor-element elementor-element-816db24\" data-id=\"816db24\" data-element_type=\"column\" data-e-type=\"column\">\n\t\t\t<div class=\"elementor-widget-wrap elementor-element-populated\">\n\t\t\t\t\t\t<div class=\"elementor-element elementor-element-1658eb9 elementor-widget elementor-widget-header\" data-id=\"1658eb9\" data-element_type=\"widget\" data-e-type=\"widget\" data-widget_type=\"header.default\">\n\t\t\t\t<div class=\"elementor-widget-container\">\n\t\t\t\t\t\n    <header class=\"page-header\">\n      <div class=\"container\">\n        <div class=\"page-header__content\">\n\n                      <h1 class=\"page-header__title fade-in\">\n              LEY DE EQUIDAD DE LA POL\u00cdTICA DE \u00d3RGANOS DEL VIH (HOPE)            <\/h1>\n          \n          \n        <\/div>\n      <\/div>\n    <\/header>\n    \n    <div class=\"spacer spacer--70\"><\/div>\n\n        \t\t\t\t<\/div>\n\t\t\t\t<\/div>\n\t\t\t\t<div class=\"elementor-element elementor-element-65d3678 elementor-widget elementor-widget-text-content\" data-id=\"65d3678\" data-element_type=\"widget\" data-e-type=\"widget\" data-widget_type=\"text-content.default\">\n\t\t\t\t<div class=\"elementor-widget-container\">\n\t\t\t\t\t\n    <div class=\"text-content type\">\n      <div class=\"container container--small\">\n        <div class=\"wpb_row vc_row vc_row-fluid jupiter-donut- mk-fullwidth-false attched-false js-master-row mk-grid mk-in-viewport\"><div class=\"vc_col-sm-12 wpb_column column_container jupiter-donut- _ jupiter-donut-height-full\"><div class=\" vc_custom_1589826685828\"><div id=\"text-block-4\" class=\"mk-text-block jupiter-donut- \"><p><span style=\"font-weight: 400;\">La Ley de Equidad en la Pol\u00edtica de \u00d3rganos del VIH (HOPE), fue promulgada el 21 de noviembre del 2013 por el presidente Obama. La Ley HOPE exige el desarrollo y la publicaci\u00f3n de criterios de investigaci\u00f3n relacionados con el trasplante de \u00f3rganos seropositivos a personas seropositivas. Para las personas que viven con el VIH, esta ley tiene el potencial de aumentar significativamente el grupo de donantes.<\/span><\/p><p><span style=\"font-weight: 400;\">El 21 de noviembre del 2015, Organ Procurement and Transplant Network (OPTN) realiz\u00f3 cambios en la pol\u00edtica y el sistema para implementar la Ley de Equidad en la Pol\u00edtica de \u00d3rganos del VIH (HOPE), que permite la investigaci\u00f3n sobre el trasplante de \u00f3rganos de donantes seropositivos a receptores seropositivos.<\/span><\/p><p><span style=\"font-weight: 400;\">Se estima que 600 donantes seropositivos podr\u00edan salvar a m\u00e1s de 1,000 personas cada a\u00f1o. Hasta la fecha, ha habido 42 donantes de HOPE a nivel nacional, 5 de ellos en el \u00e1rea de servicio de Donor Network West.<\/span><\/p><p><span style=\"font-weight: 400;\">Cada 10 minutos, alguien se agrega a la lista de espera de trasplante nacional y 22 personas mueren cada d\u00eda mientras esperan un trasplante. <\/span><span style=\"font-weight: 400;\">No d\u00e9 por hecho que queda fuera del programa<\/span><span style=\"font-weight: 400;\">; ayude a desestigmatizar el VIH en su comunidad.<\/span><\/p><div class=\"clearboth\">\u00a0<\/div><\/div><\/div><\/div><\/div><div class=\"wpb_row vc_row vc_row-fluid jupiter-donut- mk-fullwidth-false attched-false js-master-row mk-grid mk-in-viewport\"><div class=\"vc_col-sm-6 wpb_column column_container jupiter-donut- _ jupiter-donut-height-full\"><div class=\" vc_custom_1543267300627\"><div id=\"text-block-6\" class=\"mk-text-block jupiter-donut- \"><p><span style=\"font-weight: 400;\">Hospitales de trasplante participantes<\/span><\/p><ul><li>Johns Hopkins Hospital; Baltimore, MD<br \/><i><span style=\"font-weight: 400;\">Programas de h\u00edgado y ri\u00f1\u00f3n<\/span><\/i><\/li><li>Mount Sinai Medical Center liver and kidney programs; New York, NY<br \/><i><span style=\"font-weight: 400;\">Programas de h\u00edgado y ri\u00f1\u00f3n<\/span><\/i><\/li><li>University of California San Diego Medical Center; San Diego, CA<br \/><span style=\"font-weight: 400;\">Programas de <\/span><i><span style=\"font-weight: 400;\">h\u00edgado (donante fallecido) y ri\u00f1\u00f3n (donante fallecido)<\/span><\/i><\/li><li>University of California San Francisco Medical Center; San Francisco, CA<br \/><span style=\"font-weight: 400;\">Programas de <\/span><i><span style=\"font-weight: 400;\">h\u00edgado (donante fallecido) y ri\u00f1\u00f3n (donante fallecido)<\/span><\/i><\/li><\/ul><\/div><p><iframe title=\"YouTube video player\" src=\"https:\/\/www.youtube.com\/embed\/4qIg7QbmKN4\" width=\"560\" height=\"315\" frameborder=\"0\" allowfullscreen=\"allowfullscreen\"><\/iframe><\/p><\/div><\/div><\/div>      <\/div>\n    <\/div>\n    \n    <div class=\"spacer spacer--70\"><\/div>\n\n        \t\t\t\t<\/div>\n\t\t\t\t<\/div>\n\t\t\t\t\t<\/div>\n\t\t<\/div>\n\t\t\t\t\t<\/div>\n\t\t<\/section>\n\t\t\t\t<\/div>\n\t\t","protected":false},"excerpt":{"rendered":"<p>LEY DE EQUIDAD DE LA POL\u00cdTICA DE \u00d3RGANOS DEL VIH (HOPE) La Ley de Equidad en la Pol\u00edtica de \u00d3rganos del VIH (HOPE), fue promulgada el 21 de noviembre del 2013 por el presidente Obama. La Ley HOPE exige el desarrollo y la publicaci\u00f3n de criterios de investigaci\u00f3n relacionados con el trasplante de \u00f3rganos seropositivos [&hellip;]<\/p>\n","protected":false},"author":1,"featured_media":0,"parent":0,"menu_order":150,"comment_status":"closed","ping_status":"closed","template":"","meta":{"_acf_changed":false,"_trash_the_other_posts":false,"editor_notices":[],"footnotes":""},"class_list":["post-28","page","type-page","status-publish","hentry"],"acf":[],"yoast_head":"<!-- This site is optimized with the Yoast SEO Premium plugin v27.4 (Yoast SEO v27.4) - https:\/\/yoast.com\/product\/yoast-seo-premium-wordpress\/ -->\n<title>LEY DE EQUIDAD DE LA POL\u00cdTICA DE \u00d3RGANOS DEL VIH (HOPE) - Donor Network West<\/title>\n<meta name=\"robots\" content=\"index, follow, max-snippet:-1, max-image-preview:large, max-video-preview:-1\" \/>\n<link rel=\"canonical\" href=\"https:\/\/www.donornetworkwest.org\/es\/ley-de-equidad-de-la-politica-de-organos-del-vih-hope\/\" \/>\n<meta property=\"og:locale\" content=\"es_ES\" \/>\n<meta property=\"og:type\" content=\"article\" \/>\n<meta property=\"og:title\" content=\"LEY DE EQUIDAD DE LA POL\u00cdTICA DE \u00d3RGANOS DEL VIH (HOPE) (HIV Organ Policy Equity (HOPE) Act)\" \/>\n<meta property=\"og:description\" content=\"LEY DE EQUIDAD DE LA POL\u00cdTICA DE \u00d3RGANOS DEL VIH (HOPE) La Ley de Equidad en la Pol\u00edtica de \u00d3rganos del VIH (HOPE), fue promulgada el 21 de noviembre del 2013 por el presidente Obama. La Ley HOPE exige el desarrollo y la publicaci\u00f3n de criterios de investigaci\u00f3n relacionados con el trasplante de \u00f3rganos seropositivos [&hellip;]\" \/>\n<meta property=\"og:url\" content=\"https:\/\/www.donornetworkwest.org\/es\/ley-de-equidad-de-la-politica-de-organos-del-vih-hope\/\" \/>\n<meta property=\"og:site_name\" content=\"Donor Network West\" \/>\n<meta property=\"article:modified_time\" content=\"2024-12-30T17:59:50+00:00\" \/>\n<meta name=\"twitter:card\" content=\"summary_large_image\" \/>\n<meta name=\"twitter:label1\" content=\"Tiempo de lectura\" \/>\n\t<meta name=\"twitter:data1\" content=\"2 minutos\" \/>\n<script type=\"application\/ld+json\" class=\"yoast-schema-graph\">{\"@context\":\"https:\\\/\\\/schema.org\",\"@graph\":[{\"@type\":\"WebPage\",\"@id\":\"https:\\\/\\\/www.donornetworkwest.org\\\/es\\\/ley-de-equidad-de-la-politica-de-organos-del-vih-hope\\\/\",\"url\":\"https:\\\/\\\/www.donornetworkwest.org\\\/es\\\/ley-de-equidad-de-la-politica-de-organos-del-vih-hope\\\/\",\"name\":\"LEY DE EQUIDAD DE LA POL\u00cdTICA DE \u00d3RGANOS DEL VIH (HOPE) - Donor Network West\",\"isPartOf\":{\"@id\":\"https:\\\/\\\/www.donornetworkwest.org\\\/es\\\/#website\"},\"datePublished\":\"2024-12-17T17:26:32+00:00\",\"dateModified\":\"2024-12-30T17:59:50+00:00\",\"breadcrumb\":{\"@id\":\"https:\\\/\\\/www.donornetworkwest.org\\\/es\\\/ley-de-equidad-de-la-politica-de-organos-del-vih-hope\\\/#breadcrumb\"},\"inLanguage\":\"es\",\"potentialAction\":[{\"@type\":\"ReadAction\",\"target\":[\"https:\\\/\\\/www.donornetworkwest.org\\\/es\\\/ley-de-equidad-de-la-politica-de-organos-del-vih-hope\\\/\"]}]},{\"@type\":\"BreadcrumbList\",\"@id\":\"https:\\\/\\\/www.donornetworkwest.org\\\/es\\\/ley-de-equidad-de-la-politica-de-organos-del-vih-hope\\\/#breadcrumb\",\"itemListElement\":[{\"@type\":\"ListItem\",\"position\":1,\"name\":\"Home\",\"item\":\"https:\\\/\\\/www.donornetworkwest.org\\\/es\\\/\"},{\"@type\":\"ListItem\",\"position\":2,\"name\":\"LEY DE EQUIDAD DE LA POL\u00cdTICA DE \u00d3RGANOS DEL VIH (HOPE) (HIV Organ Policy Equity (HOPE) Act)\"}]},{\"@type\":\"WebSite\",\"@id\":\"https:\\\/\\\/www.donornetworkwest.org\\\/es\\\/#website\",\"url\":\"https:\\\/\\\/www.donornetworkwest.org\\\/es\\\/\",\"name\":\"Donor Network West\",\"description\":\"\",\"potentialAction\":[{\"@type\":\"SearchAction\",\"target\":{\"@type\":\"EntryPoint\",\"urlTemplate\":\"https:\\\/\\\/www.donornetworkwest.org\\\/es\\\/?s={search_term_string}\"},\"query-input\":{\"@type\":\"PropertyValueSpecification\",\"valueRequired\":true,\"valueName\":\"search_term_string\"}}],\"inLanguage\":\"es\"}]}<\/script>\n<!-- \/ Yoast SEO Premium plugin. -->","yoast_head_json":{"title":"LEY DE EQUIDAD DE LA POL\u00cdTICA DE \u00d3RGANOS DEL VIH (HOPE) - Donor Network West","robots":{"index":"index","follow":"follow","max-snippet":"max-snippet:-1","max-image-preview":"max-image-preview:large","max-video-preview":"max-video-preview:-1"},"canonical":"https:\/\/www.donornetworkwest.org\/es\/ley-de-equidad-de-la-politica-de-organos-del-vih-hope\/","og_locale":"es_ES","og_type":"article","og_title":"LEY DE EQUIDAD DE LA POL\u00cdTICA DE \u00d3RGANOS DEL VIH (HOPE) (HIV Organ Policy Equity (HOPE) Act)","og_description":"LEY DE EQUIDAD DE LA POL\u00cdTICA DE \u00d3RGANOS DEL VIH (HOPE) La Ley de Equidad en la Pol\u00edtica de \u00d3rganos del VIH (HOPE), fue promulgada el 21 de noviembre del 2013 por el presidente Obama. La Ley HOPE exige el desarrollo y la publicaci\u00f3n de criterios de investigaci\u00f3n relacionados con el trasplante de \u00f3rganos seropositivos [&hellip;]","og_url":"https:\/\/www.donornetworkwest.org\/es\/ley-de-equidad-de-la-politica-de-organos-del-vih-hope\/","og_site_name":"Donor Network West","article_modified_time":"2024-12-30T17:59:50+00:00","twitter_card":"summary_large_image","twitter_misc":{"Tiempo de lectura":"2 minutos"},"schema":{"@context":"https:\/\/schema.org","@graph":[{"@type":"WebPage","@id":"https:\/\/www.donornetworkwest.org\/es\/ley-de-equidad-de-la-politica-de-organos-del-vih-hope\/","url":"https:\/\/www.donornetworkwest.org\/es\/ley-de-equidad-de-la-politica-de-organos-del-vih-hope\/","name":"LEY DE EQUIDAD DE LA POL\u00cdTICA DE \u00d3RGANOS DEL VIH (HOPE) - Donor Network West","isPartOf":{"@id":"https:\/\/www.donornetworkwest.org\/es\/#website"},"datePublished":"2024-12-17T17:26:32+00:00","dateModified":"2024-12-30T17:59:50+00:00","breadcrumb":{"@id":"https:\/\/www.donornetworkwest.org\/es\/ley-de-equidad-de-la-politica-de-organos-del-vih-hope\/#breadcrumb"},"inLanguage":"es","potentialAction":[{"@type":"ReadAction","target":["https:\/\/www.donornetworkwest.org\/es\/ley-de-equidad-de-la-politica-de-organos-del-vih-hope\/"]}]},{"@type":"BreadcrumbList","@id":"https:\/\/www.donornetworkwest.org\/es\/ley-de-equidad-de-la-politica-de-organos-del-vih-hope\/#breadcrumb","itemListElement":[{"@type":"ListItem","position":1,"name":"Home","item":"https:\/\/www.donornetworkwest.org\/es\/"},{"@type":"ListItem","position":2,"name":"LEY DE EQUIDAD DE LA POL\u00cdTICA DE \u00d3RGANOS DEL VIH (HOPE) (HIV Organ Policy Equity (HOPE) Act)"}]},{"@type":"WebSite","@id":"https:\/\/www.donornetworkwest.org\/es\/#website","url":"https:\/\/www.donornetworkwest.org\/es\/","name":"Donor Network West","description":"","potentialAction":[{"@type":"SearchAction","target":{"@type":"EntryPoint","urlTemplate":"https:\/\/www.donornetworkwest.org\/es\/?s={search_term_string}"},"query-input":{"@type":"PropertyValueSpecification","valueRequired":true,"valueName":"search_term_string"}}],"inLanguage":"es"}]}},"_links":{"self":[{"href":"https:\/\/www.donornetworkwest.org\/es\/wp-json\/wp\/v2\/pages\/28","targetHints":{"allow":["GET"]}}],"collection":[{"href":"https:\/\/www.donornetworkwest.org\/es\/wp-json\/wp\/v2\/pages"}],"about":[{"href":"https:\/\/www.donornetworkwest.org\/es\/wp-json\/wp\/v2\/types\/page"}],"author":[{"embeddable":true,"href":"https:\/\/www.donornetworkwest.org\/es\/wp-json\/wp\/v2\/users\/1"}],"replies":[{"embeddable":true,"href":"https:\/\/www.donornetworkwest.org\/es\/wp-json\/wp\/v2\/comments?post=28"}],"version-history":[{"count":0,"href":"https:\/\/www.donornetworkwest.org\/es\/wp-json\/wp\/v2\/pages\/28\/revisions"}],"wp:attachment":[{"href":"https:\/\/www.donornetworkwest.org\/es\/wp-json\/wp\/v2\/media?parent=28"}],"curies":[{"name":"wp","href":"https:\/\/api.w.org\/{rel}","templated":true}]}}