{"id":32,"date":"2024-12-17T17:26:15","date_gmt":"2024-12-17T17:26:15","guid":{"rendered":"https:\/\/www.donornetworkwest.org\/es\/?page_id=32"},"modified":"2024-12-30T18:14:29","modified_gmt":"2024-12-30T18:14:29","slug":"red-heart-club","status":"publish","type":"page","link":"https:\/\/www.donornetworkwest.org\/es\/involucrese\/programas\/high-school-educacion-sobre-la-donacion-de-organos\/red-heart-club\/","title":{"rendered":"Red Heart Club"},"content":{"rendered":"<h3>Comienza o \u00fanete a un Red Heart Club en tu escuela<\/h3>\n<hr \/>\n<h4>La Misi\u00f3n de Red Heart<\/h4>\n<p>Los Red Heart Clubs salvan y curan vidas inspirando a estudiantes y sus comunidades a registrarse como donantes de \u00f3rganos y tejidos en el registro estatal de Donate Life Nevada.<\/p>\n<p>Como parte de una estrategia de educaci\u00f3n comunitaria m\u00e1s amplia de Donor Network West, los Red Heart Clubs educan a los estudiantes de high school sobre los hechos de la donaci\u00f3n de \u00f3rganos y tejidos, promueve conversaciones entre los estudiantes y sus familias, y apoya a los maestros con un plan de estudios obligatorio sobre donaci\u00f3n de \u00f3rganos y tejidos en clases de ciencias y salud.Los miembros de Red Heart Club tambi\u00e9n apoyan eventos comunitarios m\u00e1s grandes como embajadores oficiales de Donate Life.<\/p>\n<p><img decoding=\"async\" class=\"wp-image-944 size-full alignnone\" src=\"https:\/\/www.donornetworkwest.org\/es\/wp-content\/uploads\/sites\/3\/2022\/03\/red_heart_club_logo-200x200-1-1.png\" alt=\"Red Heart Club logo\" width=\"200\" height=\"200\" srcset=\"https:\/\/www.donornetworkwest.org\/es\/wp-content\/uploads\/sites\/3\/2022\/03\/red_heart_club_logo-200x200-1-1.png 200w, https:\/\/www.donornetworkwest.org\/es\/wp-content\/uploads\/sites\/3\/2022\/03\/red_heart_club_logo-200x200-1-1-150x150.png 150w, https:\/\/www.donornetworkwest.org\/es\/wp-content\/uploads\/sites\/3\/2022\/03\/red_heart_club_logo-200x200-1-1-40x40.png 40w, https:\/\/www.donornetworkwest.org\/es\/wp-content\/uploads\/sites\/3\/2022\/03\/red_heart_club_logo-200x200-1-1-65x65.png 65w, https:\/\/www.donornetworkwest.org\/es\/wp-content\/uploads\/sites\/3\/2022\/03\/red_heart_club_logo-200x200-1-1-45x45.png 45w\" sizes=\"(max-width: 200px) 100vw, 200px\" \/><img fetchpriority=\"high\" decoding=\"async\" class=\"wp-image-1043 size-medium alignnone\" src=\"https:\/\/www.donornetworkwest.org\/es\/wp-content\/uploads\/sites\/3\/2022\/03\/Red-Heart-Drivers-ID-Photo-1-300x180.png\" alt=\"Man holding up drivers license sign with a red donor heart\" width=\"300\" height=\"180\" srcset=\"https:\/\/www.donornetworkwest.org\/es\/wp-content\/uploads\/sites\/3\/2022\/03\/Red-Heart-Drivers-ID-Photo-1-300x180.png 300w, https:\/\/www.donornetworkwest.org\/es\/wp-content\/uploads\/sites\/3\/2022\/03\/Red-Heart-Drivers-ID-Photo-1.png 731w\" sizes=\"(max-width: 300px) 100vw, 300px\" \/><\/p>\n<h4>Beneficios para los Estudiantes<\/h4>\n<ul>\n<li>Horas de servicio comunitario<\/li>\n<li>Actividad destacable para sumar a las aplicaciones a universidades o curriculums<\/li>\n<li>Salvar vidas en tu comunidad<\/li>\n<li>Incorporar importantes habilidades relacionadas al liderazgo, marketing de la salud, medios digitales y tradicionales, y log\u00edstica de eventos<\/li>\n<li>Experiencia directa con profesionales de la donaci\u00f3n de \u00f3rganos y tejidos<\/li>\n<\/ul>\n<p>Para obtener m\u00e1s informaci\u00f3n o inscribirte, env\u00eda un correo electr\u00f3nico a <a href=\"mailto:info@dnwest.org\">info@dnwest.org<\/a>.<\/p>\n","protected":false},"excerpt":{"rendered":"<p>Comienza o \u00fanete a un Red Heart Club en tu escuela La Misi\u00f3n de Red Heart Los Red Heart Clubs salvan y curan vidas inspirando a estudiantes y sus comunidades a registrarse como donantes de \u00f3rganos y tejidos en el registro estatal de Donate Life Nevada. Como parte de una estrategia de educaci\u00f3n comunitaria m\u00e1s [&hellip;]<\/p>\n","protected":false},"author":1,"featured_media":0,"parent":3389,"menu_order":0,"comment_status":"closed","ping_status":"closed","template":"","meta":{"_acf_changed":false,"_trash_the_other_posts":false,"editor_notices":[],"footnotes":""},"class_list":["post-32","page","type-page","status-publish","hentry"],"acf":[],"yoast_head":"<!-- This site is optimized with the Yoast SEO Premium plugin v27.4 (Yoast SEO v27.4) - https:\/\/yoast.com\/product\/yoast-seo-premium-wordpress\/ -->\n<title>Red Heart Club - Donor Network West<\/title>\n<meta name=\"robots\" content=\"index, follow, max-snippet:-1, max-image-preview:large, max-video-preview:-1\" \/>\n<link rel=\"canonical\" href=\"https:\/\/www.donornetworkwest.org\/es\/involucrese\/programas\/high-school-educacion-sobre-la-donacion-de-organos\/red-heart-club\/\" \/>\n<meta property=\"og:locale\" content=\"es_ES\" \/>\n<meta property=\"og:type\" content=\"article\" \/>\n<meta property=\"og:title\" content=\"Red Heart Club\" \/>\n<meta property=\"og:description\" content=\"Comienza o \u00fanete a un Red Heart Club en tu escuela La Misi\u00f3n de Red Heart Los Red Heart Clubs salvan y curan vidas inspirando a estudiantes y sus comunidades a registrarse como donantes de \u00f3rganos y tejidos en el registro estatal de Donate Life Nevada. Como parte de una estrategia de educaci\u00f3n comunitaria m\u00e1s [&hellip;]\" \/>\n<meta property=\"og:url\" content=\"https:\/\/www.donornetworkwest.org\/es\/involucrese\/programas\/high-school-educacion-sobre-la-donacion-de-organos\/red-heart-club\/\" \/>\n<meta property=\"og:site_name\" content=\"Donor Network West\" \/>\n<meta property=\"article:modified_time\" content=\"2024-12-30T18:14:29+00:00\" \/>\n<meta property=\"og:image\" content=\"https:\/\/www.donornetworkwest.org\/es\/wp-content\/uploads\/sites\/3\/2022\/03\/red_heart_club_logo-200x200-1-1.png\" \/>\n\t<meta property=\"og:image:width\" content=\"200\" \/>\n\t<meta property=\"og:image:height\" content=\"200\" \/>\n\t<meta property=\"og:image:type\" content=\"image\/png\" \/>\n<meta name=\"twitter:card\" content=\"summary_large_image\" \/>\n<meta name=\"twitter:label1\" content=\"Tiempo de lectura\" \/>\n\t<meta name=\"twitter:data1\" content=\"2 minutos\" \/>\n<script type=\"application\/ld+json\" class=\"yoast-schema-graph\">{\"@context\":\"https:\\\/\\\/schema.org\",\"@graph\":[{\"@type\":\"WebPage\",\"@id\":\"https:\\\/\\\/www.donornetworkwest.org\\\/es\\\/involucrese\\\/programas\\\/high-school-educacion-sobre-la-donacion-de-organos\\\/red-heart-club\\\/\",\"url\":\"https:\\\/\\\/www.donornetworkwest.org\\\/es\\\/involucrese\\\/programas\\\/high-school-educacion-sobre-la-donacion-de-organos\\\/red-heart-club\\\/\",\"name\":\"Red Heart Club - Donor Network West\",\"isPartOf\":{\"@id\":\"https:\\\/\\\/www.donornetworkwest.org\\\/es\\\/#website\"},\"primaryImageOfPage\":{\"@id\":\"https:\\\/\\\/www.donornetworkwest.org\\\/es\\\/involucrese\\\/programas\\\/high-school-educacion-sobre-la-donacion-de-organos\\\/red-heart-club\\\/#primaryimage\"},\"image\":{\"@id\":\"https:\\\/\\\/www.donornetworkwest.org\\\/es\\\/involucrese\\\/programas\\\/high-school-educacion-sobre-la-donacion-de-organos\\\/red-heart-club\\\/#primaryimage\"},\"thumbnailUrl\":\"https:\\\/\\\/www.donornetworkwest.org\\\/es\\\/wp-content\\\/uploads\\\/sites\\\/3\\\/2022\\\/03\\\/red_heart_club_logo-200x200-1-1.png\",\"datePublished\":\"2024-12-17T17:26:15+00:00\",\"dateModified\":\"2024-12-30T18:14:29+00:00\",\"breadcrumb\":{\"@id\":\"https:\\\/\\\/www.donornetworkwest.org\\\/es\\\/involucrese\\\/programas\\\/high-school-educacion-sobre-la-donacion-de-organos\\\/red-heart-club\\\/#breadcrumb\"},\"inLanguage\":\"es\",\"potentialAction\":[{\"@type\":\"ReadAction\",\"target\":[\"https:\\\/\\\/www.donornetworkwest.org\\\/es\\\/involucrese\\\/programas\\\/high-school-educacion-sobre-la-donacion-de-organos\\\/red-heart-club\\\/\"]}]},{\"@type\":\"ImageObject\",\"inLanguage\":\"es\",\"@id\":\"https:\\\/\\\/www.donornetworkwest.org\\\/es\\\/involucrese\\\/programas\\\/high-school-educacion-sobre-la-donacion-de-organos\\\/red-heart-club\\\/#primaryimage\",\"url\":\"https:\\\/\\\/www.donornetworkwest.org\\\/es\\\/wp-content\\\/uploads\\\/sites\\\/3\\\/2022\\\/03\\\/red_heart_club_logo-200x200-1-1.png\",\"contentUrl\":\"https:\\\/\\\/www.donornetworkwest.org\\\/es\\\/wp-content\\\/uploads\\\/sites\\\/3\\\/2022\\\/03\\\/red_heart_club_logo-200x200-1-1.png\",\"width\":200,\"height\":200,\"caption\":\"Red Heart Club logo\"},{\"@type\":\"BreadcrumbList\",\"@id\":\"https:\\\/\\\/www.donornetworkwest.org\\\/es\\\/involucrese\\\/programas\\\/high-school-educacion-sobre-la-donacion-de-organos\\\/red-heart-club\\\/#breadcrumb\",\"itemListElement\":[{\"@type\":\"ListItem\",\"position\":1,\"name\":\"Home\",\"item\":\"https:\\\/\\\/www.donornetworkwest.org\\\/es\\\/\"},{\"@type\":\"ListItem\",\"position\":2,\"name\":\"Invol\u00facrese (Get Involved)\",\"item\":\"https:\\\/\\\/www.donornetworkwest.org\\\/es\\\/involucrese\\\/\"},{\"@type\":\"ListItem\",\"position\":3,\"name\":\"Programas\",\"item\":\"https:\\\/\\\/www.donornetworkwest.org\\\/es\\\/involucrese\\\/programas\\\/\"},{\"@type\":\"ListItem\",\"position\":4,\"name\":\"High Schools \u2013 Educaci\u00f3n sobre la donaci\u00f3n de \u00f3rganos\",\"item\":\"https:\\\/\\\/www.donornetworkwest.org\\\/es\\\/involucrese\\\/programas\\\/high-school-educacion-sobre-la-donacion-de-organos\\\/\"},{\"@type\":\"ListItem\",\"position\":5,\"name\":\"Red Heart Club\"}]},{\"@type\":\"WebSite\",\"@id\":\"https:\\\/\\\/www.donornetworkwest.org\\\/es\\\/#website\",\"url\":\"https:\\\/\\\/www.donornetworkwest.org\\\/es\\\/\",\"name\":\"Donor Network West\",\"description\":\"\",\"potentialAction\":[{\"@type\":\"SearchAction\",\"target\":{\"@type\":\"EntryPoint\",\"urlTemplate\":\"https:\\\/\\\/www.donornetworkwest.org\\\/es\\\/?s={search_term_string}\"},\"query-input\":{\"@type\":\"PropertyValueSpecification\",\"valueRequired\":true,\"valueName\":\"search_term_string\"}}],\"inLanguage\":\"es\"}]}<\/script>\n<!-- \/ Yoast SEO Premium plugin. -->","yoast_head_json":{"title":"Red Heart Club - Donor Network West","robots":{"index":"index","follow":"follow","max-snippet":"max-snippet:-1","max-image-preview":"max-image-preview:large","max-video-preview":"max-video-preview:-1"},"canonical":"https:\/\/www.donornetworkwest.org\/es\/involucrese\/programas\/high-school-educacion-sobre-la-donacion-de-organos\/red-heart-club\/","og_locale":"es_ES","og_type":"article","og_title":"Red Heart Club","og_description":"Comienza o \u00fanete a un Red Heart Club en tu escuela La Misi\u00f3n de Red Heart Los Red Heart Clubs salvan y curan vidas inspirando a estudiantes y sus comunidades a registrarse como donantes de \u00f3rganos y tejidos en el registro estatal de Donate Life Nevada. Como parte de una estrategia de educaci\u00f3n comunitaria m\u00e1s [&hellip;]","og_url":"https:\/\/www.donornetworkwest.org\/es\/involucrese\/programas\/high-school-educacion-sobre-la-donacion-de-organos\/red-heart-club\/","og_site_name":"Donor Network West","article_modified_time":"2024-12-30T18:14:29+00:00","og_image":[{"width":200,"height":200,"url":"https:\/\/www.donornetworkwest.org\/es\/wp-content\/uploads\/sites\/3\/2022\/03\/red_heart_club_logo-200x200-1-1.png","type":"image\/png"}],"twitter_card":"summary_large_image","twitter_misc":{"Tiempo de lectura":"2 minutos"},"schema":{"@context":"https:\/\/schema.org","@graph":[{"@type":"WebPage","@id":"https:\/\/www.donornetworkwest.org\/es\/involucrese\/programas\/high-school-educacion-sobre-la-donacion-de-organos\/red-heart-club\/","url":"https:\/\/www.donornetworkwest.org\/es\/involucrese\/programas\/high-school-educacion-sobre-la-donacion-de-organos\/red-heart-club\/","name":"Red Heart Club - Donor Network West","isPartOf":{"@id":"https:\/\/www.donornetworkwest.org\/es\/#website"},"primaryImageOfPage":{"@id":"https:\/\/www.donornetworkwest.org\/es\/involucrese\/programas\/high-school-educacion-sobre-la-donacion-de-organos\/red-heart-club\/#primaryimage"},"image":{"@id":"https:\/\/www.donornetworkwest.org\/es\/involucrese\/programas\/high-school-educacion-sobre-la-donacion-de-organos\/red-heart-club\/#primaryimage"},"thumbnailUrl":"https:\/\/www.donornetworkwest.org\/es\/wp-content\/uploads\/sites\/3\/2022\/03\/red_heart_club_logo-200x200-1-1.png","datePublished":"2024-12-17T17:26:15+00:00","dateModified":"2024-12-30T18:14:29+00:00","breadcrumb":{"@id":"https:\/\/www.donornetworkwest.org\/es\/involucrese\/programas\/high-school-educacion-sobre-la-donacion-de-organos\/red-heart-club\/#breadcrumb"},"inLanguage":"es","potentialAction":[{"@type":"ReadAction","target":["https:\/\/www.donornetworkwest.org\/es\/involucrese\/programas\/high-school-educacion-sobre-la-donacion-de-organos\/red-heart-club\/"]}]},{"@type":"ImageObject","inLanguage":"es","@id":"https:\/\/www.donornetworkwest.org\/es\/involucrese\/programas\/high-school-educacion-sobre-la-donacion-de-organos\/red-heart-club\/#primaryimage","url":"https:\/\/www.donornetworkwest.org\/es\/wp-content\/uploads\/sites\/3\/2022\/03\/red_heart_club_logo-200x200-1-1.png","contentUrl":"https:\/\/www.donornetworkwest.org\/es\/wp-content\/uploads\/sites\/3\/2022\/03\/red_heart_club_logo-200x200-1-1.png","width":200,"height":200,"caption":"Red Heart Club logo"},{"@type":"BreadcrumbList","@id":"https:\/\/www.donornetworkwest.org\/es\/involucrese\/programas\/high-school-educacion-sobre-la-donacion-de-organos\/red-heart-club\/#breadcrumb","itemListElement":[{"@type":"ListItem","position":1,"name":"Home","item":"https:\/\/www.donornetworkwest.org\/es\/"},{"@type":"ListItem","position":2,"name":"Invol\u00facrese (Get Involved)","item":"https:\/\/www.donornetworkwest.org\/es\/involucrese\/"},{"@type":"ListItem","position":3,"name":"Programas","item":"https:\/\/www.donornetworkwest.org\/es\/involucrese\/programas\/"},{"@type":"ListItem","position":4,"name":"High Schools \u2013 Educaci\u00f3n sobre la donaci\u00f3n de \u00f3rganos","item":"https:\/\/www.donornetworkwest.org\/es\/involucrese\/programas\/high-school-educacion-sobre-la-donacion-de-organos\/"},{"@type":"ListItem","position":5,"name":"Red Heart Club"}]},{"@type":"WebSite","@id":"https:\/\/www.donornetworkwest.org\/es\/#website","url":"https:\/\/www.donornetworkwest.org\/es\/","name":"Donor Network West","description":"","potentialAction":[{"@type":"SearchAction","target":{"@type":"EntryPoint","urlTemplate":"https:\/\/www.donornetworkwest.org\/es\/?s={search_term_string}"},"query-input":{"@type":"PropertyValueSpecification","valueRequired":true,"valueName":"search_term_string"}}],"inLanguage":"es"}]}},"_links":{"self":[{"href":"https:\/\/www.donornetworkwest.org\/es\/wp-json\/wp\/v2\/pages\/32","targetHints":{"allow":["GET"]}}],"collection":[{"href":"https:\/\/www.donornetworkwest.org\/es\/wp-json\/wp\/v2\/pages"}],"about":[{"href":"https:\/\/www.donornetworkwest.org\/es\/wp-json\/wp\/v2\/types\/page"}],"author":[{"embeddable":true,"href":"https:\/\/www.donornetworkwest.org\/es\/wp-json\/wp\/v2\/users\/1"}],"replies":[{"embeddable":true,"href":"https:\/\/www.donornetworkwest.org\/es\/wp-json\/wp\/v2\/comments?post=32"}],"version-history":[{"count":0,"href":"https:\/\/www.donornetworkwest.org\/es\/wp-json\/wp\/v2\/pages\/32\/revisions"}],"up":[{"embeddable":true,"href":"https:\/\/www.donornetworkwest.org\/es\/wp-json\/wp\/v2\/pages\/3389"}],"wp:attachment":[{"href":"https:\/\/www.donornetworkwest.org\/es\/wp-json\/wp\/v2\/media?parent=32"}],"curies":[{"name":"wp","href":"https:\/\/api.w.org\/{rel}","templated":true}]}}