{"id":33,"date":"2024-12-17T17:26:41","date_gmt":"2024-12-17T17:26:41","guid":{"rendered":"https:\/\/www.donornetworkwest.org\/es\/?page_id=33"},"modified":"2025-02-26T22:43:32","modified_gmt":"2025-02-26T22:43:32","slug":"recursos-para-familiares-de-donantes","status":"publish","type":"page","link":"https:\/\/www.donornetworkwest.org\/es\/apoyo-para-familias-donantes\/recursos-para-familiares-de-donantes\/","title":{"rendered":"Recursos para familiares de donantes (Helpful Donor Family Resources)"},"content":{"rendered":"\t\t<div data-elementor-type=\"wp-page\" data-elementor-id=\"33\" class=\"elementor elementor-33\" data-elementor-post-type=\"page\">\n\t\t\t\t\t\t<section class=\"elementor-section elementor-top-section elementor-element elementor-element-d22e466 elementor-section-boxed elementor-section-height-default elementor-section-height-default\" data-id=\"d22e466\" data-element_type=\"section\" data-e-type=\"section\">\n\t\t\t\t\t\t<div class=\"elementor-container elementor-column-gap-default\">\n\t\t\t\t\t<div class=\"elementor-column elementor-col-100 elementor-top-column elementor-element elementor-element-a4a2fe0\" data-id=\"a4a2fe0\" data-element_type=\"column\" data-e-type=\"column\">\n\t\t\t<div class=\"elementor-widget-wrap elementor-element-populated\">\n\t\t\t\t\t\t<div class=\"elementor-element elementor-element-92a944e elementor-widget elementor-widget-header\" data-id=\"92a944e\" data-element_type=\"widget\" data-e-type=\"widget\" data-widget_type=\"header.default\">\n\t\t\t\t<div class=\"elementor-widget-container\">\n\t\t\t\t\t\n    <header class=\"page-header\">\n      <div class=\"container\">\n        <div class=\"page-header__content\">\n\n                      <h1 class=\"page-header__title fade-in\">\n              Recursos para familiares de donantes            <\/h1>\n          \n                      <div class=\"page-header__media fade-in\">\n              <div\n                class=\"page-header__media__circle circle circle--main circle--image circle--responsive\"\n                style=\"--circle-size: 365px;\"\n              >\n                <img fetchpriority=\"high\" decoding=\"async\" width=\"365\" height=\"365\" src=\"https:\/\/www.donornetworkwest.org\/es\/wp-content\/uploads\/sites\/3\/2022\/03\/DNW-RTC-october-1-365x365.jpg\" class=\"attachment-365x365crop size-365x365crop\" alt=\"Steve saved Michael&#039;s life through donation. Donor sister, Jennifer, and Michael hold his picture\" srcset=\"https:\/\/www.donornetworkwest.org\/es\/wp-content\/uploads\/sites\/3\/2022\/03\/DNW-RTC-october-1-365x365.jpg 365w, https:\/\/www.donornetworkwest.org\/es\/wp-content\/uploads\/sites\/3\/2022\/03\/DNW-RTC-october-1-150x150.jpg 150w, https:\/\/www.donornetworkwest.org\/es\/wp-content\/uploads\/sites\/3\/2022\/03\/DNW-RTC-october-1-40x40.jpg 40w, https:\/\/www.donornetworkwest.org\/es\/wp-content\/uploads\/sites\/3\/2022\/03\/DNW-RTC-october-1-65x65.jpg 65w, https:\/\/www.donornetworkwest.org\/es\/wp-content\/uploads\/sites\/3\/2022\/03\/DNW-RTC-october-1-200x200.jpg 200w, https:\/\/www.donornetworkwest.org\/es\/wp-content\/uploads\/sites\/3\/2022\/03\/DNW-RTC-october-1-260x260.jpg 260w, https:\/\/www.donornetworkwest.org\/es\/wp-content\/uploads\/sites\/3\/2022\/03\/DNW-RTC-october-1-485x485.jpg 485w, https:\/\/www.donornetworkwest.org\/es\/wp-content\/uploads\/sites\/3\/2022\/03\/DNW-RTC-october-1-435x435.jpg 435w, https:\/\/www.donornetworkwest.org\/es\/wp-content\/uploads\/sites\/3\/2022\/03\/DNW-RTC-october-1-500x500.jpg 500w, https:\/\/www.donornetworkwest.org\/es\/wp-content\/uploads\/sites\/3\/2022\/03\/DNW-RTC-october-1-45x45.jpg 45w\" sizes=\"(max-width: 365px) 100vw, 365px\" \/>                <div class=\"circle__angle circle__angle--50 circle__angle--behind\">\n                  <div\n                    class=\"circle circle--image circle--papaya circle--fill\"\n                    style=\"--circle-size: 55px;\"\n                  ><\/div>\n                <\/div>\n\n                <div class=\"circle__angle circle__angle--230\">\n                  <div\n                    class=\"circle circle--image circle--blue circle--border\"\n                    style=\"--circle-size: 100px;\"\n                  ><\/div>\n                <\/div>\n              <\/div>\n            <\/div>\n          \n        <\/div>\n      <\/div>\n    <\/header>\n    \n    <div class=\"spacer spacer--140\"><\/div>\n\n        \t\t\t\t<\/div>\n\t\t\t\t<\/div>\n\t\t\t\t<div class=\"elementor-element elementor-element-1ed2ced elementor-widget elementor-widget-image-cards\" data-id=\"1ed2ced\" data-element_type=\"widget\" data-e-type=\"widget\" data-widget_type=\"image-cards.default\">\n\t\t\t\t<div class=\"elementor-widget-container\">\n\t\t\t\t\t\n    <div class=\"image-cards\">\n      <div class=\"container container--large\">\n        <ul class=\"image-cards__list\">\n                    <li class=\"image-cards__item\">\n              \n<div class=\"image-card image-cards__card fade-in image-card--1\">\n  <div class=\"image-card__circle image-card__circle--1 has-image\" >\n  <img decoding=\"async\" width=\"260\" height=\"260\" src=\"https:\/\/www.donornetworkwest.org\/es\/wp-content\/uploads\/sites\/3\/2022\/03\/Donor-Network-West_Quilt-1-260x260.jpg\" class=\"attachment-260x260crop size-260x260crop\" alt=\"Image of a quilt\" srcset=\"https:\/\/www.donornetworkwest.org\/es\/wp-content\/uploads\/sites\/3\/2022\/03\/Donor-Network-West_Quilt-1-260x260.jpg 260w, https:\/\/www.donornetworkwest.org\/es\/wp-content\/uploads\/sites\/3\/2022\/03\/Donor-Network-West_Quilt-1-150x150.jpg 150w, https:\/\/www.donornetworkwest.org\/es\/wp-content\/uploads\/sites\/3\/2022\/03\/Donor-Network-West_Quilt-1-40x40.jpg 40w, https:\/\/www.donornetworkwest.org\/es\/wp-content\/uploads\/sites\/3\/2022\/03\/Donor-Network-West_Quilt-1-65x65.jpg 65w, https:\/\/www.donornetworkwest.org\/es\/wp-content\/uploads\/sites\/3\/2022\/03\/Donor-Network-West_Quilt-1-200x200.jpg 200w, https:\/\/www.donornetworkwest.org\/es\/wp-content\/uploads\/sites\/3\/2022\/03\/Donor-Network-West_Quilt-1-365x365.jpg 365w, https:\/\/www.donornetworkwest.org\/es\/wp-content\/uploads\/sites\/3\/2022\/03\/Donor-Network-West_Quilt-1-485x485.jpg 485w, https:\/\/www.donornetworkwest.org\/es\/wp-content\/uploads\/sites\/3\/2022\/03\/Donor-Network-West_Quilt-1-435x435.jpg 435w, https:\/\/www.donornetworkwest.org\/es\/wp-content\/uploads\/sites\/3\/2022\/03\/Donor-Network-West_Quilt-1-500x500.jpg 500w, https:\/\/www.donornetworkwest.org\/es\/wp-content\/uploads\/sites\/3\/2022\/03\/Donor-Network-West_Quilt-1-1000x1000.jpg 1000w, https:\/\/www.donornetworkwest.org\/es\/wp-content\/uploads\/sites\/3\/2022\/03\/Donor-Network-West_Quilt-1-45x45.jpg 45w\" sizes=\"(max-width: 260px) 100vw, 260px\" \/>  <\/div>\n  <div class=\"image-card__circle image-card__circle--2\"><\/div>\n  <div class=\"image-card__circle image-card__circle--3\"><\/div>\n        <h3 id=\"image-card1\" class=\"image-card__title\">\n      Edredones conmemorativos de donantes    <\/h3>\n        <a\n      href=\"https:\/\/www.donornetworkwest.org\/es\/colchas-conmemorativas-de-donantes\/\"\n      aria-labelledby=\"image-card1\"\n      class=\"image-card__link\"\n          >\n      <svg width=\"20\" height=\"20\" aria-hidden=\"true\" role=\"presentation\">\n        <use xlink:href=\"https:\/\/www.donornetworkwest.org\/es\/wp-content\/themes\/kps3-dnw\/assets\/images\/icons.svg#arrow-right\"><\/use>\n      <\/svg>\n    <\/a>\n  \n<\/div>\n            <\/li>\n                      <li class=\"image-cards__item\">\n              \n<div class=\"image-card image-cards__card fade-in image-card--2\">\n  <div class=\"image-card__circle image-card__circle--1 has-image\" >\n  <img decoding=\"async\" width=\"260\" height=\"260\" src=\"https:\/\/www.donornetworkwest.org\/es\/wp-content\/uploads\/sites\/3\/2022\/03\/Gift-Card-1-260x260.jpeg\" class=\"attachment-260x260crop size-260x260crop\" alt=\"Gift Card with heart\" srcset=\"https:\/\/www.donornetworkwest.org\/es\/wp-content\/uploads\/sites\/3\/2022\/03\/Gift-Card-1-260x260.jpeg 260w, https:\/\/www.donornetworkwest.org\/es\/wp-content\/uploads\/sites\/3\/2022\/03\/Gift-Card-1-150x150.jpeg 150w, https:\/\/www.donornetworkwest.org\/es\/wp-content\/uploads\/sites\/3\/2022\/03\/Gift-Card-1-40x40.jpeg 40w, https:\/\/www.donornetworkwest.org\/es\/wp-content\/uploads\/sites\/3\/2022\/03\/Gift-Card-1-65x65.jpeg 65w, https:\/\/www.donornetworkwest.org\/es\/wp-content\/uploads\/sites\/3\/2022\/03\/Gift-Card-1-200x200.jpeg 200w, https:\/\/www.donornetworkwest.org\/es\/wp-content\/uploads\/sites\/3\/2022\/03\/Gift-Card-1-365x365.jpeg 365w, https:\/\/www.donornetworkwest.org\/es\/wp-content\/uploads\/sites\/3\/2022\/03\/Gift-Card-1-485x485.jpeg 485w, https:\/\/www.donornetworkwest.org\/es\/wp-content\/uploads\/sites\/3\/2022\/03\/Gift-Card-1-435x435.jpeg 435w, https:\/\/www.donornetworkwest.org\/es\/wp-content\/uploads\/sites\/3\/2022\/03\/Gift-Card-1-500x500.jpeg 500w, https:\/\/www.donornetworkwest.org\/es\/wp-content\/uploads\/sites\/3\/2022\/03\/Gift-Card-1-45x45.jpeg 45w\" sizes=\"(max-width: 260px) 100vw, 260px\" \/>  <\/div>\n  <div class=\"image-card__circle image-card__circle--2\"><\/div>\n  <div class=\"image-card__circle image-card__circle--3\"><\/div>\n        <h3 id=\"image-card2\" class=\"image-card__title\">\n      Tarjetas conmemorativas    <\/h3>\n        <a\n      href=\"https:\/\/www.donornetworkwest.org\/es\/apoyo-para-familias-donantes\/recursos-para-familiares-de-donantes\/tarjetas-conmemorativas\/\"\n      aria-labelledby=\"image-card2\"\n      class=\"image-card__link\"\n          >\n      <svg width=\"20\" height=\"20\" aria-hidden=\"true\" role=\"presentation\">\n        <use xlink:href=\"https:\/\/www.donornetworkwest.org\/es\/wp-content\/themes\/kps3-dnw\/assets\/images\/icons.svg#arrow-right\"><\/use>\n      <\/svg>\n    <\/a>\n  \n<\/div>\n            <\/li>\n                  <\/ul>\n      <\/div>\n    <\/div>\n    \n    <div class=\"spacer spacer--70\"><\/div>\n\n        \t\t\t\t<\/div>\n\t\t\t\t<\/div>\n\t\t\t\t\t<\/div>\n\t\t<\/div>\n\t\t\t\t\t<\/div>\n\t\t<\/section>\n\t\t\t\t<section class=\"elementor-section elementor-top-section elementor-element elementor-element-1d90b39 elementor-section-boxed elementor-section-height-default elementor-section-height-default\" data-id=\"1d90b39\" data-element_type=\"section\" data-e-type=\"section\">\n\t\t\t\t\t\t<div class=\"elementor-container elementor-column-gap-default\">\n\t\t\t\t\t<div class=\"elementor-column elementor-col-100 elementor-top-column elementor-element elementor-element-47776b1\" data-id=\"47776b1\" data-element_type=\"column\" data-e-type=\"column\">\n\t\t\t<div class=\"elementor-widget-wrap\">\n\t\t\t\t\t\t\t<\/div>\n\t\t<\/div>\n\t\t\t\t\t<\/div>\n\t\t<\/section>\n\t\t\t\t<section class=\"elementor-section elementor-top-section elementor-element elementor-element-f63a4e2 elementor-section-boxed elementor-section-height-default elementor-section-height-default\" data-id=\"f63a4e2\" data-element_type=\"section\" data-e-type=\"section\">\n\t\t\t\t\t\t<div class=\"elementor-container elementor-column-gap-default\">\n\t\t\t\t\t<div class=\"elementor-column elementor-col-100 elementor-top-column elementor-element elementor-element-aac25eb\" data-id=\"aac25eb\" data-element_type=\"column\" data-e-type=\"column\">\n\t\t\t<div class=\"elementor-widget-wrap\">\n\t\t\t\t\t\t\t<\/div>\n\t\t<\/div>\n\t\t\t\t\t<\/div>\n\t\t<\/section>\n\t\t\t\t<section class=\"elementor-section elementor-top-section elementor-element elementor-element-bfccbd5 elementor-section-boxed elementor-section-height-default elementor-section-height-default\" data-id=\"bfccbd5\" data-element_type=\"section\" data-e-type=\"section\">\n\t\t\t\t\t\t<div class=\"elementor-container elementor-column-gap-default\">\n\t\t\t\t\t<div class=\"elementor-column elementor-col-100 elementor-top-column elementor-element elementor-element-81f7016\" data-id=\"81f7016\" data-element_type=\"column\" data-e-type=\"column\">\n\t\t\t<div class=\"elementor-widget-wrap elementor-element-populated\">\n\t\t\t\t\t\t<div class=\"elementor-element elementor-element-3b36580 elementor-widget elementor-widget-text-content\" data-id=\"3b36580\" data-element_type=\"widget\" data-e-type=\"widget\" data-widget_type=\"text-content.default\">\n\t\t\t\t<div class=\"elementor-widget-container\">\n\t\t\t\t\t\n    <div class=\"text-content type\">\n      <div class=\"container container--small\">\n        <div class=\" vc_custom_1553811924661\"><div id=\"text-block-7\" class=\"mk-text-block jupiter-donut- \"><h2>Grupo de Facebook Donor Family Community<\/h2><div class=\"clearboth\"><p>Donor Network West's Donor Family Community Group es un grupo cerrado de Facebook destinado a proporcionar un foro privado para que los miembros de la familia de donantes se conecten y se apoyen mutuamente a lo largo de su proceso de duelo y curaci\u00f3n. El grupo est\u00e1 moderado por Donor Family Aftercare Advocates de Donor Network West. Sin embargo, los miembros pueden participar 24\/7.<\/p><p>Como miembro de este grupo cerrado, tendr\u00e1 la oportunidad de presentarse y presentar a su ser querido. Sus historias personales pueden ser sanadoras y \u00fatiles para otras familias cuyos seres queridos se han convertido en donantes. El duelo se manifiesta de muchas maneras diferentes para todos nosotros; este grupo le permitir\u00e1 aprender sobre su propia experiencia de duelo y compartirla con otros. Podr\u00e1 experimentar la compasi\u00f3n de otros con una experiencia similar, publicar sus propios sentimientos, hacer preguntas o estar presente en silencio.<\/p><\/div><\/div><\/div><div class=\" vc_custom_1614726024535\"><div id=\"text-block-8\" class=\"mk-text-block jupiter-donut- \"><p><a class=\"button\" href=\"https:\/\/www.tfaforms.com\/4729106\">Formulario para ingresar al grupo de Facebook<\/a><\/p><\/div><\/div>      <\/div>\n    <\/div>\n    \n    <div class=\"spacer spacer--70\"><\/div>\n\n        \t\t\t\t<\/div>\n\t\t\t\t<\/div>\n\t\t\t\t<div class=\"elementor-element elementor-element-919bfd9 elementor-widget elementor-widget-text-content\" data-id=\"919bfd9\" data-element_type=\"widget\" data-e-type=\"widget\" data-widget_type=\"text-content.default\">\n\t\t\t\t<div class=\"elementor-widget-container\">\n\t\t\t\t\t\n    <div class=\"text-content type\">\n      <div class=\"container container--small\">\n        <h2>Los donantes y sus familias toman decisiones generosas que salvan y sanan las vidas de los beneficiarios todos los d\u00edas e inspiran a sus comunidades a donar vidas.<\/h2><p>Les agradecemos por su generosidad; los regalos que ustedes y tus seres queridos han dado impactan la vida de quienes los reciben, y dan esperanza a los miles que a\u00fan esperan.<\/p><p>En Donor Network West, nuestro objetivo es brindar el m\u00e1s alto nivel de servicio y apoyo a nuestras familias donantes. En el programa Aftercare, nos mantenemos en contacto con usted durante al menos un a\u00f1o despu\u00e9s del fallecimiento de su ser querido. Ofrecemos informaci\u00f3n sobre el resultado de la donaci\u00f3n, un bolet\u00edn semestral centrado en el duelo, tarjetas conmemorativas, la oportunidad de hacer un edred\u00f3n conmemorativo y una Ceremonia familiar de donantes en honor a los donantes y sus familias. Adem\u00e1s, facilitamos la correspondencia entre usted y los destinatarios y brindamos referencias para apoyo del proceso de duelo. Este puede ser un momento muy dif\u00edcil, y estamos aqu\u00ed para ayudarlo en cada paso del camino.<\/p><p><a class=\"button\" href=\"https:\/\/survey.co1.qualtrics.com\/jfe\/form\/SV_2gd5EeD3b2tp6TP\">Encuesta para familias de donantes<\/a><\/p>      <\/div>\n    <\/div>\n    \n    <div class=\"spacer spacer--0\"><\/div>\n\n        \t\t\t\t<\/div>\n\t\t\t\t<\/div>\n\t\t\t\t\t<\/div>\n\t\t<\/div>\n\t\t\t\t\t<\/div>\n\t\t<\/section>\n\t\t\t\t<\/div>\n\t\t","protected":false},"excerpt":{"rendered":"<p>Recursos para familiares de donantes Edredones conmemorativos de donantes Tarjetas conmemorativas Grupo de Facebook Donor Family Community Donor Network West&#8217;s Donor Family Community Group es un grupo cerrado de Facebook destinado a proporcionar un foro privado para que los miembros de la familia de donantes se conecten y se apoyen mutuamente a lo largo de [&hellip;]<\/p>\n","protected":false},"author":1,"featured_media":0,"parent":29,"menu_order":340,"comment_status":"closed","ping_status":"closed","template":"","meta":{"_acf_changed":false,"_trash_the_other_posts":false,"editor_notices":[],"footnotes":""},"class_list":["post-33","page","type-page","status-publish","hentry"],"acf":[],"yoast_head":"<!-- This site is optimized with the Yoast SEO Premium plugin v27.4 (Yoast SEO v27.4) - https:\/\/yoast.com\/product\/yoast-seo-premium-wordpress\/ -->\n<title>Recursos para familiares de donantes - Donor Network West<\/title>\n<meta name=\"robots\" content=\"index, follow, max-snippet:-1, max-image-preview:large, max-video-preview:-1\" \/>\n<link rel=\"canonical\" href=\"https:\/\/www.donornetworkwest.org\/es\/apoyo-para-familias-donantes\/recursos-para-familiares-de-donantes\/\" \/>\n<meta property=\"og:locale\" content=\"es_ES\" \/>\n<meta property=\"og:type\" content=\"article\" \/>\n<meta property=\"og:title\" content=\"Recursos para familiares de donantes (Helpful Donor Family Resources)\" \/>\n<meta property=\"og:description\" content=\"Recursos para familiares de donantes Edredones conmemorativos de donantes Tarjetas conmemorativas Grupo de Facebook Donor Family Community Donor Network West&#8217;s Donor Family Community Group es un grupo cerrado de Facebook destinado a proporcionar un foro privado para que los miembros de la familia de donantes se conecten y se apoyen mutuamente a lo largo de [&hellip;]\" \/>\n<meta property=\"og:url\" content=\"https:\/\/www.donornetworkwest.org\/es\/apoyo-para-familias-donantes\/recursos-para-familiares-de-donantes\/\" \/>\n<meta property=\"og:site_name\" content=\"Donor Network West\" \/>\n<meta property=\"article:modified_time\" content=\"2025-02-26T22:43:32+00:00\" \/>\n<meta property=\"og:image\" content=\"https:\/\/www.donornetworkwest.org\/es\/wp-content\/uploads\/sites\/3\/2022\/03\/DNW-RTC-october-1-365x365.jpg\" \/>\n<meta name=\"twitter:card\" content=\"summary_large_image\" \/>\n<meta name=\"twitter:label1\" content=\"Tiempo de lectura\" \/>\n\t<meta name=\"twitter:data1\" content=\"3 minutos\" \/>\n<script type=\"application\/ld+json\" class=\"yoast-schema-graph\">{\"@context\":\"https:\\\/\\\/schema.org\",\"@graph\":[{\"@type\":\"WebPage\",\"@id\":\"https:\\\/\\\/www.donornetworkwest.org\\\/es\\\/apoyo-para-familias-donantes\\\/recursos-para-familiares-de-donantes\\\/\",\"url\":\"https:\\\/\\\/www.donornetworkwest.org\\\/es\\\/apoyo-para-familias-donantes\\\/recursos-para-familiares-de-donantes\\\/\",\"name\":\"Recursos para familiares de donantes - Donor Network West\",\"isPartOf\":{\"@id\":\"https:\\\/\\\/www.donornetworkwest.org\\\/es\\\/#website\"},\"primaryImageOfPage\":{\"@id\":\"https:\\\/\\\/www.donornetworkwest.org\\\/es\\\/apoyo-para-familias-donantes\\\/recursos-para-familiares-de-donantes\\\/#primaryimage\"},\"image\":{\"@id\":\"https:\\\/\\\/www.donornetworkwest.org\\\/es\\\/apoyo-para-familias-donantes\\\/recursos-para-familiares-de-donantes\\\/#primaryimage\"},\"thumbnailUrl\":\"https:\\\/\\\/www.donornetworkwest.org\\\/es\\\/wp-content\\\/uploads\\\/sites\\\/3\\\/2022\\\/03\\\/DNW-RTC-october-1-365x365.jpg\",\"datePublished\":\"2024-12-17T17:26:41+00:00\",\"dateModified\":\"2025-02-26T22:43:32+00:00\",\"breadcrumb\":{\"@id\":\"https:\\\/\\\/www.donornetworkwest.org\\\/es\\\/apoyo-para-familias-donantes\\\/recursos-para-familiares-de-donantes\\\/#breadcrumb\"},\"inLanguage\":\"es\",\"potentialAction\":[{\"@type\":\"ReadAction\",\"target\":[\"https:\\\/\\\/www.donornetworkwest.org\\\/es\\\/apoyo-para-familias-donantes\\\/recursos-para-familiares-de-donantes\\\/\"]}]},{\"@type\":\"ImageObject\",\"inLanguage\":\"es\",\"@id\":\"https:\\\/\\\/www.donornetworkwest.org\\\/es\\\/apoyo-para-familias-donantes\\\/recursos-para-familiares-de-donantes\\\/#primaryimage\",\"url\":\"https:\\\/\\\/www.donornetworkwest.org\\\/es\\\/wp-content\\\/uploads\\\/sites\\\/3\\\/2022\\\/03\\\/DNW-RTC-october-1.jpg\",\"contentUrl\":\"https:\\\/\\\/www.donornetworkwest.org\\\/es\\\/wp-content\\\/uploads\\\/sites\\\/3\\\/2022\\\/03\\\/DNW-RTC-october-1.jpg\",\"width\":800,\"height\":534,\"caption\":\"Steve saved Michael's life through donation. Donor sister, Jennifer, and Michael hold his picture\"},{\"@type\":\"BreadcrumbList\",\"@id\":\"https:\\\/\\\/www.donornetworkwest.org\\\/es\\\/apoyo-para-familias-donantes\\\/recursos-para-familiares-de-donantes\\\/#breadcrumb\",\"itemListElement\":[{\"@type\":\"ListItem\",\"position\":1,\"name\":\"Home\",\"item\":\"https:\\\/\\\/www.donornetworkwest.org\\\/es\\\/\"},{\"@type\":\"ListItem\",\"position\":2,\"name\":\"Apoyo para familias donantes (Support for Donor Families)\",\"item\":\"https:\\\/\\\/www.donornetworkwest.org\\\/es\\\/apoyo-para-familias-donantes\\\/\"},{\"@type\":\"ListItem\",\"position\":3,\"name\":\"Recursos para familiares de donantes (Helpful Donor Family Resources)\"}]},{\"@type\":\"WebSite\",\"@id\":\"https:\\\/\\\/www.donornetworkwest.org\\\/es\\\/#website\",\"url\":\"https:\\\/\\\/www.donornetworkwest.org\\\/es\\\/\",\"name\":\"Donor Network West\",\"description\":\"\",\"potentialAction\":[{\"@type\":\"SearchAction\",\"target\":{\"@type\":\"EntryPoint\",\"urlTemplate\":\"https:\\\/\\\/www.donornetworkwest.org\\\/es\\\/?s={search_term_string}\"},\"query-input\":{\"@type\":\"PropertyValueSpecification\",\"valueRequired\":true,\"valueName\":\"search_term_string\"}}],\"inLanguage\":\"es\"}]}<\/script>\n<!-- \/ Yoast SEO Premium plugin. -->","yoast_head_json":{"title":"Recursos para familiares de donantes - Donor Network West","robots":{"index":"index","follow":"follow","max-snippet":"max-snippet:-1","max-image-preview":"max-image-preview:large","max-video-preview":"max-video-preview:-1"},"canonical":"https:\/\/www.donornetworkwest.org\/es\/apoyo-para-familias-donantes\/recursos-para-familiares-de-donantes\/","og_locale":"es_ES","og_type":"article","og_title":"Recursos para familiares de donantes (Helpful Donor Family Resources)","og_description":"Recursos para familiares de donantes Edredones conmemorativos de donantes Tarjetas conmemorativas Grupo de Facebook Donor Family Community Donor Network West&#8217;s Donor Family Community Group es un grupo cerrado de Facebook destinado a proporcionar un foro privado para que los miembros de la familia de donantes se conecten y se apoyen mutuamente a lo largo de [&hellip;]","og_url":"https:\/\/www.donornetworkwest.org\/es\/apoyo-para-familias-donantes\/recursos-para-familiares-de-donantes\/","og_site_name":"Donor Network West","article_modified_time":"2025-02-26T22:43:32+00:00","og_image":[{"url":"https:\/\/www.donornetworkwest.org\/es\/wp-content\/uploads\/sites\/3\/2022\/03\/DNW-RTC-october-1-365x365.jpg","type":"","width":"","height":""}],"twitter_card":"summary_large_image","twitter_misc":{"Tiempo de lectura":"3 minutos"},"schema":{"@context":"https:\/\/schema.org","@graph":[{"@type":"WebPage","@id":"https:\/\/www.donornetworkwest.org\/es\/apoyo-para-familias-donantes\/recursos-para-familiares-de-donantes\/","url":"https:\/\/www.donornetworkwest.org\/es\/apoyo-para-familias-donantes\/recursos-para-familiares-de-donantes\/","name":"Recursos para familiares de donantes - Donor Network West","isPartOf":{"@id":"https:\/\/www.donornetworkwest.org\/es\/#website"},"primaryImageOfPage":{"@id":"https:\/\/www.donornetworkwest.org\/es\/apoyo-para-familias-donantes\/recursos-para-familiares-de-donantes\/#primaryimage"},"image":{"@id":"https:\/\/www.donornetworkwest.org\/es\/apoyo-para-familias-donantes\/recursos-para-familiares-de-donantes\/#primaryimage"},"thumbnailUrl":"https:\/\/www.donornetworkwest.org\/es\/wp-content\/uploads\/sites\/3\/2022\/03\/DNW-RTC-october-1-365x365.jpg","datePublished":"2024-12-17T17:26:41+00:00","dateModified":"2025-02-26T22:43:32+00:00","breadcrumb":{"@id":"https:\/\/www.donornetworkwest.org\/es\/apoyo-para-familias-donantes\/recursos-para-familiares-de-donantes\/#breadcrumb"},"inLanguage":"es","potentialAction":[{"@type":"ReadAction","target":["https:\/\/www.donornetworkwest.org\/es\/apoyo-para-familias-donantes\/recursos-para-familiares-de-donantes\/"]}]},{"@type":"ImageObject","inLanguage":"es","@id":"https:\/\/www.donornetworkwest.org\/es\/apoyo-para-familias-donantes\/recursos-para-familiares-de-donantes\/#primaryimage","url":"https:\/\/www.donornetworkwest.org\/es\/wp-content\/uploads\/sites\/3\/2022\/03\/DNW-RTC-october-1.jpg","contentUrl":"https:\/\/www.donornetworkwest.org\/es\/wp-content\/uploads\/sites\/3\/2022\/03\/DNW-RTC-october-1.jpg","width":800,"height":534,"caption":"Steve saved Michael's life through donation. Donor sister, Jennifer, and Michael hold his picture"},{"@type":"BreadcrumbList","@id":"https:\/\/www.donornetworkwest.org\/es\/apoyo-para-familias-donantes\/recursos-para-familiares-de-donantes\/#breadcrumb","itemListElement":[{"@type":"ListItem","position":1,"name":"Home","item":"https:\/\/www.donornetworkwest.org\/es\/"},{"@type":"ListItem","position":2,"name":"Apoyo para familias donantes (Support for Donor Families)","item":"https:\/\/www.donornetworkwest.org\/es\/apoyo-para-familias-donantes\/"},{"@type":"ListItem","position":3,"name":"Recursos para familiares de donantes (Helpful Donor Family Resources)"}]},{"@type":"WebSite","@id":"https:\/\/www.donornetworkwest.org\/es\/#website","url":"https:\/\/www.donornetworkwest.org\/es\/","name":"Donor Network West","description":"","potentialAction":[{"@type":"SearchAction","target":{"@type":"EntryPoint","urlTemplate":"https:\/\/www.donornetworkwest.org\/es\/?s={search_term_string}"},"query-input":{"@type":"PropertyValueSpecification","valueRequired":true,"valueName":"search_term_string"}}],"inLanguage":"es"}]}},"_links":{"self":[{"href":"https:\/\/www.donornetworkwest.org\/es\/wp-json\/wp\/v2\/pages\/33","targetHints":{"allow":["GET"]}}],"collection":[{"href":"https:\/\/www.donornetworkwest.org\/es\/wp-json\/wp\/v2\/pages"}],"about":[{"href":"https:\/\/www.donornetworkwest.org\/es\/wp-json\/wp\/v2\/types\/page"}],"author":[{"embeddable":true,"href":"https:\/\/www.donornetworkwest.org\/es\/wp-json\/wp\/v2\/users\/1"}],"replies":[{"embeddable":true,"href":"https:\/\/www.donornetworkwest.org\/es\/wp-json\/wp\/v2\/comments?post=33"}],"version-history":[{"count":0,"href":"https:\/\/www.donornetworkwest.org\/es\/wp-json\/wp\/v2\/pages\/33\/revisions"}],"up":[{"embeddable":true,"href":"https:\/\/www.donornetworkwest.org\/es\/wp-json\/wp\/v2\/pages\/29"}],"wp:attachment":[{"href":"https:\/\/www.donornetworkwest.org\/es\/wp-json\/wp\/v2\/media?parent=33"}],"curies":[{"name":"wp","href":"https:\/\/api.w.org\/{rel}","templated":true}]}}