{"id":3394,"date":"2024-12-17T17:26:24","date_gmt":"2024-12-17T17:26:24","guid":{"rendered":"https:\/\/www.donornetworkwest.org\/es\/?page_id=3394"},"modified":"2024-12-17T17:26:24","modified_gmt":"2024-12-17T17:26:24","slug":"unase-al-equipo-calnev","status":"publish","type":"page","link":"https:\/\/www.donornetworkwest.org\/es\/unase-al-equipo-calnev\/","title":{"rendered":"\u00danase al Equipo CalNev"},"content":{"rendered":"<p><img fetchpriority=\"high\" decoding=\"async\" src=\"https:\/\/www.donornetworkwest.org\/wp-content\/uploads\/2023\/08\/team-calnev-logo_transparent-1024x1024.png\" alt=\"\" width=\"1024\" height=\"1024\" \/><\/p>\n<p>Cada dos a\u00f1os, los Transplant Games of America re\u00fanen miles de receptores de trasplantes, donantes vivos, familias de donantes, personas en lista de espera, cuidadores, profesionales de trasplantes, seguidores y espectadores para la celebraci\u00f3n de la vida m\u00e1s grande del mundo. Durante esta semana verdaderamente \u00fanica e inspiradora, 40 equipos estatales y varios equipos internacionales (Brasil, Australia, India) conformados por receptores de trasplantes y donantes vivos, participan de doce competencias atl\u00e9ticas y recreacionales. Adem\u00e1s de estas competencias, hay m\u00e1s de sesenta eventos especiales durante los Games que todos los asistentes puedan participar y disfrutar. Estos eventos no son solo una oportunidad para que las familias de los donantes, receptores, donantes y profesionales puedan interactuar y compartir historias, sino tambi\u00e9n para celebrar a los donantes que dieron el generoso regalo de la vida. En los Transplant Games, los receptores suelen tener la oportunidad de mostrar al mundo que recibir un trasplante es una segunda oportunidad para una vida plena, productiva e inspiradora, as\u00ed como tambi\u00e9n demostrar a las familias de donantes cu\u00e1n importante es su regalo para ellos.<\/p>\n<p>\u00a1<a href=\"https:\/\/donornetworkwest.pixieset.com\/guestlogin\/2022transplantgamesofamerica-sandiego\/?return=%2F2022transplantgamesofamerica-sandiego%2F\" target=\"_blank\" rel=\"noopener\">Pegue un vistazo al \u00e1lbum fotogr\u00e1fico<\/a> de los Transplant Games de 2022 en San Diego, CA!<\/p>\n","protected":false},"excerpt":{"rendered":"<p>Cada dos a\u00f1os, los Transplant Games of America re\u00fanen miles de receptores de trasplantes, donantes vivos, familias de donantes, personas en lista de espera, cuidadores, profesionales de trasplantes, seguidores y espectadores para la celebraci\u00f3n de la vida m\u00e1s grande del mundo. Durante esta semana verdaderamente \u00fanica e inspiradora, 40 equipos estatales y varios equipos internacionales [&hellip;]<\/p>\n","protected":false},"author":2,"featured_media":0,"parent":0,"menu_order":0,"comment_status":"closed","ping_status":"closed","template":"","meta":{"_acf_changed":false,"_trash_the_other_posts":false,"editor_notices":[],"footnotes":""},"class_list":["post-3394","page","type-page","status-publish","hentry"],"acf":[],"yoast_head":"<!-- This site is optimized with the Yoast SEO Premium plugin v27.4 (Yoast SEO v27.4) - https:\/\/yoast.com\/product\/yoast-seo-premium-wordpress\/ -->\n<title>\u00danase al Equipo CalNev - Donor Network West<\/title>\n<meta name=\"robots\" content=\"index, follow, max-snippet:-1, max-image-preview:large, max-video-preview:-1\" \/>\n<link rel=\"canonical\" href=\"https:\/\/www.donornetworkwest.org\/es\/unase-al-equipo-calnev\/\" \/>\n<meta property=\"og:locale\" content=\"es_ES\" \/>\n<meta property=\"og:type\" content=\"article\" \/>\n<meta property=\"og:title\" content=\"\u00danase al Equipo CalNev\" \/>\n<meta property=\"og:description\" content=\"Cada dos a\u00f1os, los Transplant Games of America re\u00fanen miles de receptores de trasplantes, donantes vivos, familias de donantes, personas en lista de espera, cuidadores, profesionales de trasplantes, seguidores y espectadores para la celebraci\u00f3n de la vida m\u00e1s grande del mundo. Durante esta semana verdaderamente \u00fanica e inspiradora, 40 equipos estatales y varios equipos internacionales [&hellip;]\" \/>\n<meta property=\"og:url\" content=\"https:\/\/www.donornetworkwest.org\/es\/unase-al-equipo-calnev\/\" \/>\n<meta property=\"og:site_name\" content=\"Donor Network West\" \/>\n<meta property=\"og:image\" content=\"https:\/\/www.donornetworkwest.org\/wp-content\/uploads\/2023\/08\/team-calnev-logo_transparent-1024x1024.png\" \/>\n<meta name=\"twitter:card\" content=\"summary_large_image\" \/>\n<meta name=\"twitter:label1\" content=\"Tiempo de lectura\" \/>\n\t<meta name=\"twitter:data1\" content=\"2 minutos\" \/>\n<script type=\"application\/ld+json\" class=\"yoast-schema-graph\">{\"@context\":\"https:\\\/\\\/schema.org\",\"@graph\":[{\"@type\":\"WebPage\",\"@id\":\"https:\\\/\\\/www.donornetworkwest.org\\\/es\\\/unase-al-equipo-calnev\\\/\",\"url\":\"https:\\\/\\\/www.donornetworkwest.org\\\/es\\\/unase-al-equipo-calnev\\\/\",\"name\":\"\u00danase al Equipo CalNev - Donor Network West\",\"isPartOf\":{\"@id\":\"https:\\\/\\\/www.donornetworkwest.org\\\/es\\\/#website\"},\"primaryImageOfPage\":{\"@id\":\"https:\\\/\\\/www.donornetworkwest.org\\\/es\\\/unase-al-equipo-calnev\\\/#primaryimage\"},\"image\":{\"@id\":\"https:\\\/\\\/www.donornetworkwest.org\\\/es\\\/unase-al-equipo-calnev\\\/#primaryimage\"},\"thumbnailUrl\":\"https:\\\/\\\/www.donornetworkwest.org\\\/wp-content\\\/uploads\\\/2023\\\/08\\\/team-calnev-logo_transparent-1024x1024.png\",\"datePublished\":\"2024-12-17T17:26:24+00:00\",\"breadcrumb\":{\"@id\":\"https:\\\/\\\/www.donornetworkwest.org\\\/es\\\/unase-al-equipo-calnev\\\/#breadcrumb\"},\"inLanguage\":\"es\",\"potentialAction\":[{\"@type\":\"ReadAction\",\"target\":[\"https:\\\/\\\/www.donornetworkwest.org\\\/es\\\/unase-al-equipo-calnev\\\/\"]}]},{\"@type\":\"ImageObject\",\"inLanguage\":\"es\",\"@id\":\"https:\\\/\\\/www.donornetworkwest.org\\\/es\\\/unase-al-equipo-calnev\\\/#primaryimage\",\"url\":\"https:\\\/\\\/www.donornetworkwest.org\\\/wp-content\\\/uploads\\\/2023\\\/08\\\/team-calnev-logo_transparent-1024x1024.png\",\"contentUrl\":\"https:\\\/\\\/www.donornetworkwest.org\\\/wp-content\\\/uploads\\\/2023\\\/08\\\/team-calnev-logo_transparent-1024x1024.png\"},{\"@type\":\"BreadcrumbList\",\"@id\":\"https:\\\/\\\/www.donornetworkwest.org\\\/es\\\/unase-al-equipo-calnev\\\/#breadcrumb\",\"itemListElement\":[{\"@type\":\"ListItem\",\"position\":1,\"name\":\"Home\",\"item\":\"https:\\\/\\\/www.donornetworkwest.org\\\/es\\\/\"},{\"@type\":\"ListItem\",\"position\":2,\"name\":\"\u00danase al Equipo CalNev\"}]},{\"@type\":\"WebSite\",\"@id\":\"https:\\\/\\\/www.donornetworkwest.org\\\/es\\\/#website\",\"url\":\"https:\\\/\\\/www.donornetworkwest.org\\\/es\\\/\",\"name\":\"Donor Network West\",\"description\":\"\",\"potentialAction\":[{\"@type\":\"SearchAction\",\"target\":{\"@type\":\"EntryPoint\",\"urlTemplate\":\"https:\\\/\\\/www.donornetworkwest.org\\\/es\\\/?s={search_term_string}\"},\"query-input\":{\"@type\":\"PropertyValueSpecification\",\"valueRequired\":true,\"valueName\":\"search_term_string\"}}],\"inLanguage\":\"es\"}]}<\/script>\n<!-- \/ Yoast SEO Premium plugin. -->","yoast_head_json":{"title":"\u00danase al Equipo CalNev - Donor Network West","robots":{"index":"index","follow":"follow","max-snippet":"max-snippet:-1","max-image-preview":"max-image-preview:large","max-video-preview":"max-video-preview:-1"},"canonical":"https:\/\/www.donornetworkwest.org\/es\/unase-al-equipo-calnev\/","og_locale":"es_ES","og_type":"article","og_title":"\u00danase al Equipo CalNev","og_description":"Cada dos a\u00f1os, los Transplant Games of America re\u00fanen miles de receptores de trasplantes, donantes vivos, familias de donantes, personas en lista de espera, cuidadores, profesionales de trasplantes, seguidores y espectadores para la celebraci\u00f3n de la vida m\u00e1s grande del mundo. Durante esta semana verdaderamente \u00fanica e inspiradora, 40 equipos estatales y varios equipos internacionales [&hellip;]","og_url":"https:\/\/www.donornetworkwest.org\/es\/unase-al-equipo-calnev\/","og_site_name":"Donor Network West","og_image":[{"url":"https:\/\/www.donornetworkwest.org\/wp-content\/uploads\/2023\/08\/team-calnev-logo_transparent-1024x1024.png","type":"","width":"","height":""}],"twitter_card":"summary_large_image","twitter_misc":{"Tiempo de lectura":"2 minutos"},"schema":{"@context":"https:\/\/schema.org","@graph":[{"@type":"WebPage","@id":"https:\/\/www.donornetworkwest.org\/es\/unase-al-equipo-calnev\/","url":"https:\/\/www.donornetworkwest.org\/es\/unase-al-equipo-calnev\/","name":"\u00danase al Equipo CalNev - Donor Network West","isPartOf":{"@id":"https:\/\/www.donornetworkwest.org\/es\/#website"},"primaryImageOfPage":{"@id":"https:\/\/www.donornetworkwest.org\/es\/unase-al-equipo-calnev\/#primaryimage"},"image":{"@id":"https:\/\/www.donornetworkwest.org\/es\/unase-al-equipo-calnev\/#primaryimage"},"thumbnailUrl":"https:\/\/www.donornetworkwest.org\/wp-content\/uploads\/2023\/08\/team-calnev-logo_transparent-1024x1024.png","datePublished":"2024-12-17T17:26:24+00:00","breadcrumb":{"@id":"https:\/\/www.donornetworkwest.org\/es\/unase-al-equipo-calnev\/#breadcrumb"},"inLanguage":"es","potentialAction":[{"@type":"ReadAction","target":["https:\/\/www.donornetworkwest.org\/es\/unase-al-equipo-calnev\/"]}]},{"@type":"ImageObject","inLanguage":"es","@id":"https:\/\/www.donornetworkwest.org\/es\/unase-al-equipo-calnev\/#primaryimage","url":"https:\/\/www.donornetworkwest.org\/wp-content\/uploads\/2023\/08\/team-calnev-logo_transparent-1024x1024.png","contentUrl":"https:\/\/www.donornetworkwest.org\/wp-content\/uploads\/2023\/08\/team-calnev-logo_transparent-1024x1024.png"},{"@type":"BreadcrumbList","@id":"https:\/\/www.donornetworkwest.org\/es\/unase-al-equipo-calnev\/#breadcrumb","itemListElement":[{"@type":"ListItem","position":1,"name":"Home","item":"https:\/\/www.donornetworkwest.org\/es\/"},{"@type":"ListItem","position":2,"name":"\u00danase al Equipo CalNev"}]},{"@type":"WebSite","@id":"https:\/\/www.donornetworkwest.org\/es\/#website","url":"https:\/\/www.donornetworkwest.org\/es\/","name":"Donor Network West","description":"","potentialAction":[{"@type":"SearchAction","target":{"@type":"EntryPoint","urlTemplate":"https:\/\/www.donornetworkwest.org\/es\/?s={search_term_string}"},"query-input":{"@type":"PropertyValueSpecification","valueRequired":true,"valueName":"search_term_string"}}],"inLanguage":"es"}]}},"_links":{"self":[{"href":"https:\/\/www.donornetworkwest.org\/es\/wp-json\/wp\/v2\/pages\/3394","targetHints":{"allow":["GET"]}}],"collection":[{"href":"https:\/\/www.donornetworkwest.org\/es\/wp-json\/wp\/v2\/pages"}],"about":[{"href":"https:\/\/www.donornetworkwest.org\/es\/wp-json\/wp\/v2\/types\/page"}],"author":[{"embeddable":true,"href":"https:\/\/www.donornetworkwest.org\/es\/wp-json\/wp\/v2\/users\/2"}],"replies":[{"embeddable":true,"href":"https:\/\/www.donornetworkwest.org\/es\/wp-json\/wp\/v2\/comments?post=3394"}],"version-history":[{"count":0,"href":"https:\/\/www.donornetworkwest.org\/es\/wp-json\/wp\/v2\/pages\/3394\/revisions"}],"wp:attachment":[{"href":"https:\/\/www.donornetworkwest.org\/es\/wp-json\/wp\/v2\/media?parent=3394"}],"curies":[{"name":"wp","href":"https:\/\/api.w.org\/{rel}","templated":true}]}}