{"id":3397,"date":"2024-12-17T17:26:46","date_gmt":"2024-12-17T17:26:46","guid":{"rendered":"https:\/\/www.donornetworkwest.org\/es\/?page_id=3397"},"modified":"2024-12-17T17:26:46","modified_gmt":"2024-12-17T17:26:46","slug":"luis-mayen","status":"publish","type":"page","link":"https:\/\/www.donornetworkwest.org\/es\/sobre-nosotros\/liderazgo\/luis-mayen\/","title":{"rendered":"Luis Mayen"},"content":{"rendered":"\t\t<div data-elementor-type=\"wp-page\" data-elementor-id=\"3397\" class=\"elementor elementor-3397\" data-elementor-post-type=\"page\">\n\t\t\t\t\t\t<section class=\"elementor-section elementor-top-section elementor-element elementor-element-f036cf6 elementor-section-boxed elementor-section-height-default elementor-section-height-default\" data-id=\"f036cf6\" data-element_type=\"section\" data-e-type=\"section\">\n\t\t\t\t\t\t<div class=\"elementor-container elementor-column-gap-default\">\n\t\t\t\t\t<div class=\"elementor-column elementor-col-100 elementor-top-column elementor-element elementor-element-d6c1ab7\" data-id=\"d6c1ab7\" data-element_type=\"column\" data-e-type=\"column\">\n\t\t\t<div class=\"elementor-widget-wrap elementor-element-populated\">\n\t\t\t\t\t\t<div class=\"elementor-element elementor-element-24c3ea0 elementor-widget elementor-widget-header\" data-id=\"24c3ea0\" data-element_type=\"widget\" data-e-type=\"widget\" data-widget_type=\"header.default\">\n\t\t\t\t<div class=\"elementor-widget-container\">\n\t\t\t\t\t\n    <header class=\"page-header\">\n      <div class=\"container\">\n        <div class=\"page-header__content\">\n\n                      <h1 class=\"page-header__title fade-in\">\n              Leadership            <\/h1>\n          \n          \n        <\/div>\n      <\/div>\n    <\/header>\n    \n    <div class=\"spacer spacer--0\"><\/div>\n\n        \t\t\t\t<\/div>\n\t\t\t\t<\/div>\n\t\t\t\t<div class=\"elementor-element elementor-element-4584323 elementor-widget elementor-widget-text-media\" data-id=\"4584323\" data-element_type=\"widget\" data-e-type=\"widget\" data-widget_type=\"text-media.default\">\n\t\t\t\t<div class=\"elementor-widget-container\">\n\t\t\t\t\t\n    <div class=\"text-media text-media--  text-media--left\">\n      <div class=\"container\">\n        <div class=\"text-media__layout\">\n          <div class=\"text-media__media fade-in\">\n                          <div\n                class=\"circle circle--main circle--image circle--responsive circle--fill circle--blue\"\n                style=\"--circle-size: 500px;\"\n              >\n                <img fetchpriority=\"high\" decoding=\"async\" width=\"300\" height=\"300\" src=\"https:\/\/www.donornetworkwest.org\/es\/wp-content\/uploads\/sites\/3\/2022\/03\/luis-mayen_donor-network-west_web-1.jpg\" class=\"attachment-365x365crop size-365x365crop\" alt=\"luis mayen VP of Strategic Partnerships and Business Development donor network west\" srcset=\"https:\/\/www.donornetworkwest.org\/es\/wp-content\/uploads\/sites\/3\/2022\/03\/luis-mayen_donor-network-west_web-1.jpg 300w, https:\/\/www.donornetworkwest.org\/es\/wp-content\/uploads\/sites\/3\/2022\/03\/luis-mayen_donor-network-west_web-1-150x150.jpg 150w, https:\/\/www.donornetworkwest.org\/es\/wp-content\/uploads\/sites\/3\/2022\/03\/luis-mayen_donor-network-west_web-1-40x40.jpg 40w, https:\/\/www.donornetworkwest.org\/es\/wp-content\/uploads\/sites\/3\/2022\/03\/luis-mayen_donor-network-west_web-1-65x65.jpg 65w, https:\/\/www.donornetworkwest.org\/es\/wp-content\/uploads\/sites\/3\/2022\/03\/luis-mayen_donor-network-west_web-1-200x200.jpg 200w, https:\/\/www.donornetworkwest.org\/es\/wp-content\/uploads\/sites\/3\/2022\/03\/luis-mayen_donor-network-west_web-1-260x260.jpg 260w, https:\/\/www.donornetworkwest.org\/es\/wp-content\/uploads\/sites\/3\/2022\/03\/luis-mayen_donor-network-west_web-1-45x45.jpg 45w\" sizes=\"(max-width: 300px) 100vw, 300px\" \/>                <div class=\"circle__angle circle__angle--120 circle__angle--behind\">\n                  <div\n                    class=\"circle circle--fill circle--papaya\"\n                    style=\"--circle-size: 175px\"\n                  ><\/div>\n                <\/div>\n              <\/div>\n                      <\/div>\n          <div class=\"text-media__content\">\n                          <div class=\"text-media__subhead fade-in\">\n                Vicepresidente de Alianzas Estrat\u00e9gicas y Desarrollo de Negocios              <\/div>\n                                      <h2 class=\"text-media__heading fade-in\">\n                Luis Mayen              <\/h2>\n                                      <p class=\"text-media__text fade-in\">\n                Luis ha trabajado en Donor Network West por m\u00e1s de 22 a\u00f1os. Se empe\u00f1a en desarrollar conexiones para contribuir con nuestra pasi\u00f3n: salvar vidas mediante la donaci\u00f3n de \u00f3rganos, ojos, y tejidos, y actualmente es parte de la Junta de la Fundaci\u00f3n Nacional del Ri\u00f1\u00f3n, la Junta de la Asociaci\u00f3n de Asuntos Multiculturales de Trasplantes, el Comit\u00e9 de Membres\u00edas y Est\u00e1ndares Profesionales de OTPN, y es el nuevo Socio Concejal de la Regi\u00f3n 5 de UNOS.<br \/>\n<br \/>\nComprometido defensor de la donaci\u00f3n de \u00f3rganos, recientemente realiz\u00f3 una donaci\u00f3n altruista de ri\u00f1\u00f3n a trav\u00e9s del Centro de Donaciones en Vida de UCSF. Luis disfruta brindar asesor\u00eda a quienes consideran la posibilidad de realizar una donaci\u00f3n en vida.               <\/p>\n            \n            <div class=\"text-media__buttons fade-in button-group\">\n                          <\/div>\n          <\/div>\n        <\/div>\n      <\/div>\n    <\/div>\n    \n    <div class=\"spacer spacer--0\"><\/div>\n\n        \t\t\t\t<\/div>\n\t\t\t\t<\/div>\n\t\t\t\t\t<\/div>\n\t\t<\/div>\n\t\t\t\t\t<\/div>\n\t\t<\/section>\n\t\t\t\t<\/div>\n\t\t","protected":false},"excerpt":{"rendered":"<p>Leadership Vicepresidente de Alianzas Estrat\u00e9gicas y Desarrollo de Negocios Luis Mayen Luis ha trabajado en Donor Network West por m\u00e1s de 22 a\u00f1os. Se empe\u00f1a en desarrollar conexiones para contribuir con nuestra pasi\u00f3n: salvar vidas mediante la donaci\u00f3n de \u00f3rganos, ojos, y tejidos, y actualmente es parte de la Junta de la Fundaci\u00f3n Nacional del [&hellip;]<\/p>\n","protected":false},"author":1,"featured_media":0,"parent":55,"menu_order":0,"comment_status":"closed","ping_status":"closed","template":"","meta":{"_acf_changed":false,"_trash_the_other_posts":false,"editor_notices":[],"footnotes":""},"class_list":["post-3397","page","type-page","status-publish","hentry"],"acf":[],"yoast_head":"<!-- This site is optimized with the Yoast SEO Premium plugin v27.4 (Yoast SEO v27.4) - https:\/\/yoast.com\/product\/yoast-seo-premium-wordpress\/ -->\n<title>Luis Mayen - Donor Network West<\/title>\n<meta name=\"robots\" content=\"index, follow, max-snippet:-1, max-image-preview:large, max-video-preview:-1\" \/>\n<link rel=\"canonical\" href=\"https:\/\/www.donornetworkwest.org\/es\/sobre-nosotros\/liderazgo\/luis-mayen\/\" \/>\n<meta property=\"og:locale\" content=\"es_ES\" \/>\n<meta property=\"og:type\" content=\"article\" \/>\n<meta property=\"og:title\" content=\"Luis Mayen\" \/>\n<meta property=\"og:description\" content=\"Leadership Vicepresidente de Alianzas Estrat\u00e9gicas y Desarrollo de Negocios Luis Mayen Luis ha trabajado en Donor Network West por m\u00e1s de 22 a\u00f1os. Se empe\u00f1a en desarrollar conexiones para contribuir con nuestra pasi\u00f3n: salvar vidas mediante la donaci\u00f3n de \u00f3rganos, ojos, y tejidos, y actualmente es parte de la Junta de la Fundaci\u00f3n Nacional del [&hellip;]\" \/>\n<meta property=\"og:url\" content=\"https:\/\/www.donornetworkwest.org\/es\/sobre-nosotros\/liderazgo\/luis-mayen\/\" \/>\n<meta property=\"og:site_name\" content=\"Donor Network West\" \/>\n<meta property=\"og:image\" content=\"https:\/\/www.donornetworkwest.org\/es\/wp-content\/uploads\/sites\/3\/2022\/03\/luis-mayen_donor-network-west_web-1.jpg\" \/>\n<meta name=\"twitter:card\" content=\"summary_large_image\" \/>\n<meta name=\"twitter:label1\" content=\"Tiempo de lectura\" \/>\n\t<meta name=\"twitter:data1\" content=\"1 minuto\" \/>\n<script type=\"application\/ld+json\" class=\"yoast-schema-graph\">{\"@context\":\"https:\\\/\\\/schema.org\",\"@graph\":[{\"@type\":\"WebPage\",\"@id\":\"https:\\\/\\\/www.donornetworkwest.org\\\/es\\\/sobre-nosotros\\\/liderazgo\\\/luis-mayen\\\/\",\"url\":\"https:\\\/\\\/www.donornetworkwest.org\\\/es\\\/sobre-nosotros\\\/liderazgo\\\/luis-mayen\\\/\",\"name\":\"Luis Mayen - Donor Network West\",\"isPartOf\":{\"@id\":\"https:\\\/\\\/www.donornetworkwest.org\\\/es\\\/#website\"},\"primaryImageOfPage\":{\"@id\":\"https:\\\/\\\/www.donornetworkwest.org\\\/es\\\/sobre-nosotros\\\/liderazgo\\\/luis-mayen\\\/#primaryimage\"},\"image\":{\"@id\":\"https:\\\/\\\/www.donornetworkwest.org\\\/es\\\/sobre-nosotros\\\/liderazgo\\\/luis-mayen\\\/#primaryimage\"},\"thumbnailUrl\":\"https:\\\/\\\/www.donornetworkwest.org\\\/es\\\/wp-content\\\/uploads\\\/sites\\\/3\\\/2022\\\/03\\\/luis-mayen_donor-network-west_web-1.jpg\",\"datePublished\":\"2024-12-17T17:26:46+00:00\",\"breadcrumb\":{\"@id\":\"https:\\\/\\\/www.donornetworkwest.org\\\/es\\\/sobre-nosotros\\\/liderazgo\\\/luis-mayen\\\/#breadcrumb\"},\"inLanguage\":\"es\",\"potentialAction\":[{\"@type\":\"ReadAction\",\"target\":[\"https:\\\/\\\/www.donornetworkwest.org\\\/es\\\/sobre-nosotros\\\/liderazgo\\\/luis-mayen\\\/\"]}]},{\"@type\":\"ImageObject\",\"inLanguage\":\"es\",\"@id\":\"https:\\\/\\\/www.donornetworkwest.org\\\/es\\\/sobre-nosotros\\\/liderazgo\\\/luis-mayen\\\/#primaryimage\",\"url\":\"https:\\\/\\\/www.donornetworkwest.org\\\/es\\\/wp-content\\\/uploads\\\/sites\\\/3\\\/2022\\\/03\\\/luis-mayen_donor-network-west_web-1.jpg\",\"contentUrl\":\"https:\\\/\\\/www.donornetworkwest.org\\\/es\\\/wp-content\\\/uploads\\\/sites\\\/3\\\/2022\\\/03\\\/luis-mayen_donor-network-west_web-1.jpg\",\"width\":300,\"height\":300,\"caption\":\"luis mayen VP of Strategic Partnerships and Business Development donor network west\"},{\"@type\":\"BreadcrumbList\",\"@id\":\"https:\\\/\\\/www.donornetworkwest.org\\\/es\\\/sobre-nosotros\\\/liderazgo\\\/luis-mayen\\\/#breadcrumb\",\"itemListElement\":[{\"@type\":\"ListItem\",\"position\":1,\"name\":\"Home\",\"item\":\"https:\\\/\\\/www.donornetworkwest.org\\\/es\\\/\"},{\"@type\":\"ListItem\",\"position\":2,\"name\":\"Sobre Nosotros (About Us)\",\"item\":\"https:\\\/\\\/www.donornetworkwest.org\\\/es\\\/sobre-nosotros\\\/\"},{\"@type\":\"ListItem\",\"position\":3,\"name\":\"Liderazgo\",\"item\":\"https:\\\/\\\/www.donornetworkwest.org\\\/es\\\/sobre-nosotros\\\/liderazgo\\\/\"},{\"@type\":\"ListItem\",\"position\":4,\"name\":\"Luis Mayen\"}]},{\"@type\":\"WebSite\",\"@id\":\"https:\\\/\\\/www.donornetworkwest.org\\\/es\\\/#website\",\"url\":\"https:\\\/\\\/www.donornetworkwest.org\\\/es\\\/\",\"name\":\"Donor Network West\",\"description\":\"\",\"potentialAction\":[{\"@type\":\"SearchAction\",\"target\":{\"@type\":\"EntryPoint\",\"urlTemplate\":\"https:\\\/\\\/www.donornetworkwest.org\\\/es\\\/?s={search_term_string}\"},\"query-input\":{\"@type\":\"PropertyValueSpecification\",\"valueRequired\":true,\"valueName\":\"search_term_string\"}}],\"inLanguage\":\"es\"}]}<\/script>\n<!-- \/ Yoast SEO Premium plugin. -->","yoast_head_json":{"title":"Luis Mayen - Donor Network West","robots":{"index":"index","follow":"follow","max-snippet":"max-snippet:-1","max-image-preview":"max-image-preview:large","max-video-preview":"max-video-preview:-1"},"canonical":"https:\/\/www.donornetworkwest.org\/es\/sobre-nosotros\/liderazgo\/luis-mayen\/","og_locale":"es_ES","og_type":"article","og_title":"Luis Mayen","og_description":"Leadership Vicepresidente de Alianzas Estrat\u00e9gicas y Desarrollo de Negocios Luis Mayen Luis ha trabajado en Donor Network West por m\u00e1s de 22 a\u00f1os. Se empe\u00f1a en desarrollar conexiones para contribuir con nuestra pasi\u00f3n: salvar vidas mediante la donaci\u00f3n de \u00f3rganos, ojos, y tejidos, y actualmente es parte de la Junta de la Fundaci\u00f3n Nacional del [&hellip;]","og_url":"https:\/\/www.donornetworkwest.org\/es\/sobre-nosotros\/liderazgo\/luis-mayen\/","og_site_name":"Donor Network West","og_image":[{"url":"https:\/\/www.donornetworkwest.org\/es\/wp-content\/uploads\/sites\/3\/2022\/03\/luis-mayen_donor-network-west_web-1.jpg","type":"","width":"","height":""}],"twitter_card":"summary_large_image","twitter_misc":{"Tiempo de lectura":"1 minuto"},"schema":{"@context":"https:\/\/schema.org","@graph":[{"@type":"WebPage","@id":"https:\/\/www.donornetworkwest.org\/es\/sobre-nosotros\/liderazgo\/luis-mayen\/","url":"https:\/\/www.donornetworkwest.org\/es\/sobre-nosotros\/liderazgo\/luis-mayen\/","name":"Luis Mayen - Donor Network West","isPartOf":{"@id":"https:\/\/www.donornetworkwest.org\/es\/#website"},"primaryImageOfPage":{"@id":"https:\/\/www.donornetworkwest.org\/es\/sobre-nosotros\/liderazgo\/luis-mayen\/#primaryimage"},"image":{"@id":"https:\/\/www.donornetworkwest.org\/es\/sobre-nosotros\/liderazgo\/luis-mayen\/#primaryimage"},"thumbnailUrl":"https:\/\/www.donornetworkwest.org\/es\/wp-content\/uploads\/sites\/3\/2022\/03\/luis-mayen_donor-network-west_web-1.jpg","datePublished":"2024-12-17T17:26:46+00:00","breadcrumb":{"@id":"https:\/\/www.donornetworkwest.org\/es\/sobre-nosotros\/liderazgo\/luis-mayen\/#breadcrumb"},"inLanguage":"es","potentialAction":[{"@type":"ReadAction","target":["https:\/\/www.donornetworkwest.org\/es\/sobre-nosotros\/liderazgo\/luis-mayen\/"]}]},{"@type":"ImageObject","inLanguage":"es","@id":"https:\/\/www.donornetworkwest.org\/es\/sobre-nosotros\/liderazgo\/luis-mayen\/#primaryimage","url":"https:\/\/www.donornetworkwest.org\/es\/wp-content\/uploads\/sites\/3\/2022\/03\/luis-mayen_donor-network-west_web-1.jpg","contentUrl":"https:\/\/www.donornetworkwest.org\/es\/wp-content\/uploads\/sites\/3\/2022\/03\/luis-mayen_donor-network-west_web-1.jpg","width":300,"height":300,"caption":"luis mayen VP of Strategic Partnerships and Business Development donor network west"},{"@type":"BreadcrumbList","@id":"https:\/\/www.donornetworkwest.org\/es\/sobre-nosotros\/liderazgo\/luis-mayen\/#breadcrumb","itemListElement":[{"@type":"ListItem","position":1,"name":"Home","item":"https:\/\/www.donornetworkwest.org\/es\/"},{"@type":"ListItem","position":2,"name":"Sobre Nosotros (About Us)","item":"https:\/\/www.donornetworkwest.org\/es\/sobre-nosotros\/"},{"@type":"ListItem","position":3,"name":"Liderazgo","item":"https:\/\/www.donornetworkwest.org\/es\/sobre-nosotros\/liderazgo\/"},{"@type":"ListItem","position":4,"name":"Luis Mayen"}]},{"@type":"WebSite","@id":"https:\/\/www.donornetworkwest.org\/es\/#website","url":"https:\/\/www.donornetworkwest.org\/es\/","name":"Donor Network West","description":"","potentialAction":[{"@type":"SearchAction","target":{"@type":"EntryPoint","urlTemplate":"https:\/\/www.donornetworkwest.org\/es\/?s={search_term_string}"},"query-input":{"@type":"PropertyValueSpecification","valueRequired":true,"valueName":"search_term_string"}}],"inLanguage":"es"}]}},"_links":{"self":[{"href":"https:\/\/www.donornetworkwest.org\/es\/wp-json\/wp\/v2\/pages\/3397","targetHints":{"allow":["GET"]}}],"collection":[{"href":"https:\/\/www.donornetworkwest.org\/es\/wp-json\/wp\/v2\/pages"}],"about":[{"href":"https:\/\/www.donornetworkwest.org\/es\/wp-json\/wp\/v2\/types\/page"}],"author":[{"embeddable":true,"href":"https:\/\/www.donornetworkwest.org\/es\/wp-json\/wp\/v2\/users\/1"}],"replies":[{"embeddable":true,"href":"https:\/\/www.donornetworkwest.org\/es\/wp-json\/wp\/v2\/comments?post=3397"}],"version-history":[{"count":0,"href":"https:\/\/www.donornetworkwest.org\/es\/wp-json\/wp\/v2\/pages\/3397\/revisions"}],"up":[{"embeddable":true,"href":"https:\/\/www.donornetworkwest.org\/es\/wp-json\/wp\/v2\/pages\/55"}],"wp:attachment":[{"href":"https:\/\/www.donornetworkwest.org\/es\/wp-json\/wp\/v2\/media?parent=3397"}],"curies":[{"name":"wp","href":"https:\/\/api.w.org\/{rel}","templated":true}]}}