{"id":3401,"date":"2024-12-17T17:26:35","date_gmt":"2024-12-17T17:26:35","guid":{"rendered":"https:\/\/www.donornetworkwest.org\/es\/?page_id=3401"},"modified":"2024-12-24T22:57:46","modified_gmt":"2024-12-24T22:57:46","slug":"manual-de-voluntarios","status":"publish","type":"page","link":"https:\/\/www.donornetworkwest.org\/es\/involucrese\/voluntarios\/manual-de-voluntarios\/","title":{"rendered":"Manual de Voluntarios"},"content":{"rendered":"\t\t<div data-elementor-type=\"wp-page\" data-elementor-id=\"3401\" class=\"elementor elementor-3401\" data-elementor-post-type=\"page\">\n\t\t\t\t\t\t<section class=\"elementor-section elementor-top-section elementor-element elementor-element-24a1fdc elementor-section-boxed elementor-section-height-default elementor-section-height-default\" data-id=\"24a1fdc\" data-element_type=\"section\" data-e-type=\"section\">\n\t\t\t\t\t\t<div class=\"elementor-container elementor-column-gap-default\">\n\t\t\t\t\t<div class=\"elementor-column elementor-col-100 elementor-top-column elementor-element elementor-element-f259658\" data-id=\"f259658\" data-element_type=\"column\" data-e-type=\"column\">\n\t\t\t<div class=\"elementor-widget-wrap elementor-element-populated\">\n\t\t\t\t\t\t<div class=\"elementor-element elementor-element-5ec9a07 elementor-widget elementor-widget-header\" data-id=\"5ec9a07\" data-element_type=\"widget\" data-e-type=\"widget\" data-widget_type=\"header.default\">\n\t\t\t\t<div class=\"elementor-widget-container\">\n\t\t\t\t\t\n    <header class=\"page-header\">\n      <div class=\"container\">\n        <div class=\"page-header__content\">\n\n                      <h1 class=\"page-header__title fade-in\">\n              Manual de Voluntarios            <\/h1>\n          \n          \n        <\/div>\n      <\/div>\n    <\/header>\n    \n    <div class=\"spacer spacer--70\"><\/div>\n\n        \t\t\t\t<\/div>\n\t\t\t\t<\/div>\n\t\t\t\t<div class=\"elementor-element elementor-element-a6355c6 elementor-widget elementor-widget-text-content\" data-id=\"a6355c6\" data-element_type=\"widget\" data-e-type=\"widget\" data-widget_type=\"text-content.default\">\n\t\t\t\t<div class=\"elementor-widget-container\">\n\t\t\t\t\t\n    <div class=\"text-content type\">\n      <div class=\"container container--small\">\n        <h2 style=\"text-align: center;\">Nuestro Manual de Embajador de Done Vida (Donate Life) en l\u00ednea<\/h2><p style=\"text-align: center;\"><span style=\"font-weight: 400;\">Contiene excelente informaci\u00f3n sobre planificaci\u00f3n de eventos y oratoria, adem\u00e1s de enlaces a formularios y m\u00e1s informaci\u00f3n. Por favor, cont\u00e1ctese a <\/span><a href=\"mailto:communications@dnwest.org\"><span style=\"font-weight: 400;\">communications@dnwest.org<\/span><\/a><span style=\"font-weight: 400;\"> si tiene alguna consulta.<\/span><\/p><p style=\"text-align: center;\"><a href=\"https:\/\/www.donornetworkwest.org\/wp-content\/uploads\/2024\/01\/DNW-Donate-Life-Ambassador-Volunteer-Handbook.pdf\"><span style=\"font-weight: 400;\">Manual de Embajador de Donate Life<\/span><\/a><\/p>      <\/div>\n    <\/div>\n    \n    <div class=\"spacer spacer--70\"><\/div>\n\n        \t\t\t\t<\/div>\n\t\t\t\t<\/div>\n\t\t\t\t<div class=\"elementor-element elementor-element-bc8231f elementor-widget elementor-widget-accordion\" data-id=\"bc8231f\" data-element_type=\"widget\" data-e-type=\"widget\" data-widget_type=\"accordion.default\">\n\t\t\t\t<div class=\"elementor-widget-container\">\n\t\t\t\t\t\n    <div class=\"accordion-section\">\n      <div class=\"accordion-section__container container\">\n        <div class=\"accordion-section__layout\">\n          <div class=\"accordion-section__content\">\n                                      <h2 class=\"accordion-section__title fade-in\">\n                Manual de Voluntarios              <\/h2>\n                      <\/div>\n          <div class=\"accordion-section__accordion accordion\">\n            <ul class=\"accordion\">\n                              <li class=\"accordion__item fade-in\">\n                  <details \n                    class=\"accordion__container\"\n                    open                  >\n                                          <summary class=\"accordion__title\">\n                        <h2>Qui\u00e9nes Somos<\/h2>\n                      <\/summary>\n                                                              <div class=\"accordion__text type\">\n                        <p><span style=\"font-weight: 400;\">Donor Network West es una organizaci\u00f3n sin fines de lucro 501(c)3 y de obtenci\u00f3n de \u00f3rganos (OPO) designada por el gobierno federal con sede en el norte de California y el norte de Nevada. Establecida en 1987, atendemos a m\u00e1s de 13 millones de personas y le brindamos el regalo de un donante a aquellos que lo necesitan en 45 condados en California del Norte y Nevada del Norte. Donaciones de \u00f3rganos, ojos y tejidos ofrecen la esperanza de sanar. Las generosas decisiones de los donantes y sus familias nos permiten recuperar y reubicar \u00f3rganos y tejidos para trasplantes e investigaci\u00f3n.<\/span><\/p><h4><strong>Nuestra Misi\u00f3n<\/strong><\/h4><p><span style=\"font-weight: 400;\">Donor Network West sana y salva vidas por medio de la donaci\u00f3n de \u00f3rganos, ojos y tejidos para trasplantes e investigaci\u00f3n.<\/span><\/p><h4><strong>Nuestra Visi\u00f3n<\/strong><\/h4><p><span style=\"font-weight: 400;\">Ser l\u00edderes en la industria de procuramiento de \u00f3rganos, ojos y tejidos con un servicio y apoyo compasivos.<\/span><\/p><h4><strong>Nuestros Principales Valores<\/strong><\/h4><p><span style=\"font-weight: 400;\"><strong>PASI\u00d3N<\/strong> - Donor Network West est\u00e1 formado por profesionales comprometidos y alineados con nuestra misi\u00f3n, dedicados a salvar vidas e inspirar a nuestras comunidades a donar vida.<\/span><\/p><p><span style=\"font-weight: 400;\"><strong>EXCELENCIA<\/strong> - Donor Network West est\u00e1 orientado a ofrecer soluciones, apoyado por un equipo de agentes de cambio audaces que aprovechan al m\u00e1ximo su experiencia y conocimiento para honrar el regalo de la vida.<\/span><\/p><p><span style=\"font-weight: 400;\"><strong>DIVERSIDAD, EQUIDAD E INCLUSI\u00d3N<\/strong> - El equipo de Donor Network West respeta a las personas de todas las procedencias, valora y celebra las diferencias, y fomenta un ambiente de equidad e inclusi\u00f3n que brinda oportunidades para que todos alcancen su m\u00e1ximo potencial.<\/span><\/p><p><span style=\"font-weight: 400;\"><strong>RELACIONES<\/strong> - Los miembros del equipo de Donor Network West son administradores respetuosos que honran a los donantes, muestran compasi\u00f3n y apoyo a las familias de los donantes, abogan por los receptores y fomentan la colaboraci\u00f3n con socios internos y externos.<\/span><\/p><h4><strong>Nuestro Por Qu\u00e9<\/strong><\/h4><p><span style=\"font-weight: 400;\">Hoy, m\u00e1s personas que nunca reciben trasplantes de \u00f3rganos, pero la necesidad sigue superando la disponibilidad. La dura realidad es que alrededor de 17 personas fallecen cada d\u00eda esperando un \u00f3rgano que no llegar\u00e1 a tiempo para salvar sus vidas. Por eso, en Donor Network West estamos comprometidos con aumentar el n\u00famero de donantes registrados; nuestra misi\u00f3n es ofrecer esperanza para el ma\u00f1ana a quienes est\u00e1n en lista de espera.<\/span><\/p>                      <\/div>\n                                      <\/details>\n                <\/li>\n                              <li class=\"accordion__item fade-in\">\n                  <details \n                    class=\"accordion__container\"\n                                      >\n                                          <summary class=\"accordion__title\">\n                        <h2>Acerca de la Donaci\u00f3n<\/h2>\n                      <\/summary>\n                                                              <div class=\"accordion__text type\">\n                        <h4><strong>\u00bfQu\u00e9 son las Organizaciones de Procuraci\u00f3n de \u00d3rganos (OPOs)?<\/strong><\/h4><p><span style=\"font-weight: 400;\">Las OPOs son organizaciones sin fines de lucro responsables de recuperar \u00f3rganos de donantes fallecidos para trasplantes en los Estados Unidos. Hay 56 OPOs, cada una encargada seg\u00fan las leyes federales de llevar a cabo esta misi\u00f3n salvavidas en su \u00e1rea de servicios de donaci\u00f3n asignada.<\/span><\/p><p><span style=\"font-weight: 400;\">El rol de las OPOs es evaluar el potencial de donantes, recolectar y transmitir informaci\u00f3n cl\u00ednica precisa, y seguir las pol\u00edticas nacionales de disposici\u00f3n de \u00f3rganos. (La evaluaci\u00f3n de \u00f3rganos y su aptitud para los pacientes es el rol de cada hospital de trasplantes.)<\/span><\/p><p><span style=\"font-weight: 400;\">Las OPOs son la primera l\u00ednea de la procuraci\u00f3n de \u00f3rganos, y trabajan directamente con las familias de los difuntos durante la emocional deliberaci\u00f3n sobre la potencial donaci\u00f3n, para brindar el regalo de la vida. Por cada coincidencia, la OPO facilita la autorizaci\u00f3n, evaluaci\u00f3n, la recuperaci\u00f3n de \u00f3rganos de donaci\u00f3n y la entrega al hospital de trasplantes.<\/span><\/p><h4>Un Vistazo a las Estad\u00edsticas<\/h4><ul><li><span style=\"font-weight: 400;\">M\u00e1s de 20,000 californianos est\u00e1n esperando un trasplante vital.<\/span><\/li><li>\u00a0<\/li><li><span style=\"font-weight: 400;\">M\u00e1s de 600 nevadenses est\u00e1n esperando un trasplante vital.<\/span><\/li><li><span style=\"font-weight: 400;\">Cada 10 minutos se agrega una persona a la lista de espera de trasplantes nacional.<\/span><\/li><li><span style=\"font-weight: 400;\">En promedio 17 personas mueren cada d\u00eda esperando por un trasplante.<\/span><\/li><li><span style=\"font-weight: 400;\">Una persona puede salvar hasta 8 vidas con la donaci\u00f3n de \u00f3rganos; curar hasta 75 personas mediante la donaci\u00f3n de tejidos, y restaurar la vista de 2 personas a trav\u00e9s de la donaci\u00f3n de c\u00f3rneas.<\/span><\/li><\/ul><p><span style=\"font-weight: 400;\">Aproximadamente <strong>98 trasplantes de \u00f3rganos<\/strong> se llevan a cabo cada d\u00eda en los Estados Unidos, \u00a1son m\u00e1s de <strong>36,000 personas<\/strong> con una nueva vida cada a\u00f1o! M\u00e1s de <strong>1 mill\u00f3n<\/strong> de trasplantes de tejidos se realizan cada a\u00f1o, y la necesidad quir\u00fargica crece a un ritmo estable. Los trasplantes de c\u00f3rnea, mientras tanto, restauran la vista de <strong>50,000 personas cada a\u00f1o.<\/strong><\/span><\/p><h4>\u00bfC\u00f3mo Doy Permiso para Donar?<\/h4><p><span style=\"font-weight: 400;\">Luego de que los cirujanos hayan tomado toda medida posible para salvar su vida, el hospital se contactar\u00e1 con la Organizaci\u00f3n de Procuraci\u00f3n de \u00d3rganos (OPO) local. La OPO consultar\u00e1 el registro estatal para ver si se ha registrado como donante. Si es as\u00ed, esto sirve como un consentimiento legal para la donaci\u00f3n.<\/span><\/p><p><span style=\"font-weight: 400;\">La OPO le avisar\u00e1 a sus familiares si firmaste y pedir\u00e1 permiso para proceder. Es importante compartir su decisi\u00f3n de registrarse con su familia, as\u00ed pueden cumplir sus deseos.<\/span><\/p>                      <\/div>\n                                      <\/details>\n                <\/li>\n                              <li class=\"accordion__item fade-in\">\n                  <details \n                    class=\"accordion__container\"\n                                      >\n                                          <summary class=\"accordion__title\">\n                        <h2>Los Embajadores son Conectores de Comunidad<\/h2>\n                      <\/summary>\n                                                              <div class=\"accordion__text type\">\n                        <p><span style=\"font-weight: 400;\">Los Embajadores de Donate Life son el alma de nuestro programa de extensi\u00f3n comunitaria en Donor Network West. Nuestros embajadores alcanzan a la comunidad compartiendo sus perspectivas personales y expresiones aut\u00e9nticas, a menudo reflejando otras conexiones culturales. Con relatos intencionales, los Embajadores inspiran y reparten la esperanza de sanar mediante la donaci\u00f3n de \u00f3rganos y tejidos. Amplificando el mensaje de c\u00f3mo juntos podemos salvar m\u00e1s vidas e incrementar el n\u00famero de registros, alentamos a las personas a decirle \u201cs\u00ed\u201d a la donaci\u00f3n.<\/span><\/p><h4>El Rol de un Embajador de Donate Life de Donor Network West<\/h4><p><strong>Qu\u00e9 Puede Esperar de Nosotros<\/strong><\/p><ul><li style=\"font-weight: 400;\" aria-level=\"1\"><span style=\"font-weight: 400;\">Los voluntarios de Donor Network West tienen el derecho de:<\/span><\/li><li style=\"font-weight: 400;\" aria-level=\"1\"><span style=\"font-weight: 400;\">Ser asignados tareas de acuerdo a sus habilidades, intereses, disponibilidad y capacitaci\u00f3n.<\/span><\/li><li style=\"font-weight: 400;\" aria-level=\"1\"><span style=\"font-weight: 400;\">Pueden ser confiados con informaci\u00f3n confidencial que ayude a realizar sus tareas.<\/span><\/li><\/ul><p><strong>Lo Que Esperamos de Usted<\/strong><\/p><ul><li style=\"font-weight: 400;\" aria-level=\"1\"><span style=\"font-weight: 400;\">Entender y representar nuestra visi\u00f3n y valores principales.<\/span><\/li><li style=\"font-weight: 400;\" aria-level=\"1\"><span style=\"font-weight: 400;\">Comprometerse cuando se registra como voluntario para eventos.<\/span><\/li><li style=\"font-weight: 400;\" aria-level=\"1\"><span style=\"font-weight: 400;\">Representar a Donor Network West de manera positiva y profesional.<\/span><\/li><li style=\"font-weight: 400;\" aria-level=\"1\"><span style=\"font-weight: 400;\">Registrar y presentar sus horas de voluntario.<\/span><\/li><li style=\"font-weight: 400;\" aria-level=\"1\"><span style=\"font-weight: 400;\">Le brindaremos informaci\u00f3n sobre la donaci\u00f3n\u2026 \u00a1pero es su historia la que inspirar\u00e1 a otros a entrar en acci\u00f3n!<\/span><\/li><li style=\"font-weight: 400;\" aria-level=\"1\"><span style=\"font-weight: 400;\">Alentar a las personas a registrarse.<\/span><\/li><li style=\"font-weight: 400;\" aria-level=\"1\"><span style=\"font-weight: 400;\">Asistir a clases de entrenamiento de embajadores voluntarios de Donor Network West cada al menos dos a\u00f1os.<\/span><\/li><\/ul><p><strong>Educaci\u00f3n Comunitaria<\/strong><\/p><p><span style=\"font-weight: 400;\">Planifique, coordine o participe en eventos para promover conciencia sobre la donaci\u00f3n de \u00f3rganos y tejidos en alguno de estos tipos de eventos:<\/span><\/p><ul><li style=\"font-weight: 400;\" aria-level=\"1\"><span style=\"font-weight: 400;\">Ferias de salud<\/span><\/li><li style=\"font-weight: 400;\" aria-level=\"1\"><span style=\"font-weight: 400;\">Eventos comunitarios<\/span><\/li><li style=\"font-weight: 400;\" aria-level=\"1\"><span style=\"font-weight: 400;\">Oficinas del DMV<\/span><\/li><li style=\"font-weight: 400;\" aria-level=\"1\"><span style=\"font-weight: 400;\">Cl\u00ednicas de salud<\/span><\/li><li style=\"font-weight: 400;\" aria-level=\"1\"><span style=\"font-weight: 400;\">Clubes de servicio o grupos c\u00edvicos<\/span><\/li><li style=\"font-weight: 400;\" aria-level=\"1\"><span style=\"font-weight: 400;\">Escuelas<\/span><\/li><li style=\"font-weight: 400;\" aria-level=\"1\"><span style=\"font-weight: 400;\">Iglesias u otros lugares de culto<\/span><\/li><li style=\"font-weight: 400;\" aria-level=\"1\"><span style=\"font-weight: 400;\">Hospitales<\/span><\/li><\/ul><p><strong>Comunicaci\u00f3nn<\/strong><\/p><p><span style=\"font-weight: 400;\">Comun\u00edquese con su Especialista de Participaci\u00f3n Comunitaria (CES, por sus siglas en ingl\u00e9s) regularmente, particularmente durante estos momentos:<\/span><\/p><ul><li style=\"font-weight: 400;\" aria-level=\"1\"><span style=\"font-weight: 400;\">Al reservar conferencias u otras actividades.<\/span><\/li><li style=\"font-weight: 400;\" aria-level=\"1\"><span style=\"font-weight: 400;\">Si se precisa de personal de Donor Network West para un evento.<\/span><\/li><\/ul><p><strong>\u00bfQu\u00e9 Sigue?<\/strong><\/p><p><strong>Reg\u00edstrese y cree una cuenta en el Centro de Voluntarios. <\/strong><\/p><ul><li style=\"font-weight: 400;\" aria-level=\"1\"><span style=\"font-weight: 400;\">Asista a capacitaciones brindadas por el equipo de Participaci\u00f3n Comunitaria. Las capacitaciones pueden encontrarse en la secci\u00f3n del Calendario de Eventos en el Centro de Voluntarios.<\/span><\/li><li style=\"font-weight: 400;\" aria-level=\"1\"><span style=\"font-weight: 400;\">Complete una verificaci\u00f3n de antecedentes requerida para trabajar con escuelas, instituciones gubernamentales y hospitales.<\/span><\/li><li style=\"font-weight: 400;\" aria-level=\"1\"><span style=\"font-weight: 400;\">Recibir\u00e1 remeras y\/o chaquetas y\/u otros objetos con la marca de Donor Network West que deber\u00e1 usar para todos los eventos y conferencias exceptuando comunicaci\u00f3n previa con su CES. Tambi\u00e9n recibir\u00e1 un kit de bienvenida con materiales.<\/span><\/li><li style=\"font-weight: 400;\" aria-level=\"1\"><span style=\"font-weight: 400;\">Por favor, aseg\u00farese de actualizar tu informaci\u00f3n de contacto en el Centro de\u00a0 Voluntarios.<\/span><\/li><li style=\"font-weight: 400;\" aria-level=\"1\"><span style=\"font-weight: 400;\">Renueve su capacitaci\u00f3n de DLA cada dos a\u00f1os para saber sobre los acontecimientos recientes en la comunidad y en Donor Network West.<\/span><\/li><li style=\"font-weight: 400;\" aria-level=\"1\"><span style=\"font-weight: 400;\">Recuerde registrarse a un m\u00ednimo de cuatro (4) eventos virtuales o presenciales cada a\u00f1o.<\/span><\/li><li style=\"font-weight: 400;\" aria-level=\"1\"><span style=\"font-weight: 400;\">Mant\u00e9ngase actualizado acerca de todo lo que sucede en DNWest suscribi\u00e9ndose a nuestro bolet\u00edn de noticias, que puede encontrar bajo cualquiera de las p\u00e1ginas de nuestro sitio.<\/span><\/li><\/ul>                      <\/div>\n                                      <\/details>\n                <\/li>\n                          <\/ul>\n          <\/div>\n        <\/div>\n      <\/div>\n    <\/div>\n    \n    <div class=\"spacer spacer--70\"><\/div>\n\n        \t\t\t\t<\/div>\n\t\t\t\t<\/div>\n\t\t\t\t<div class=\"elementor-element elementor-element-ffa80a5 elementor-widget elementor-widget-text-content\" data-id=\"ffa80a5\" data-element_type=\"widget\" data-e-type=\"widget\" data-widget_type=\"text-content.default\">\n\t\t\t\t<div class=\"elementor-widget-container\">\n\t\t\t\t\t\n    <div class=\"text-content type\">\n      <div class=\"container container--small\">\n              <\/div>\n    <\/div>\n    \n    <div class=\"spacer spacer--70\"><\/div>\n\n        \t\t\t\t<\/div>\n\t\t\t\t<\/div>\n\t\t\t\t\t<\/div>\n\t\t<\/div>\n\t\t\t\t\t<\/div>\n\t\t<\/section>\n\t\t\t\t<\/div>\n\t\t","protected":false},"excerpt":{"rendered":"<p>Manual de Voluntarios Nuestro Manual de Embajador de Done Vida (Donate Life) en l\u00ednea Contiene excelente informaci\u00f3n sobre planificaci\u00f3n de eventos y oratoria, adem\u00e1s de enlaces a formularios y m\u00e1s informaci\u00f3n. Por favor, cont\u00e1ctese a communications@dnwest.org si tiene alguna consulta. Manual de Embajador de Donate Life Manual de Voluntarios Qui\u00e9nes Somos Donor Network West es [&hellip;]<\/p>\n","protected":false},"author":1,"featured_media":0,"parent":18,"menu_order":190,"comment_status":"closed","ping_status":"closed","template":"","meta":{"_acf_changed":false,"_trash_the_other_posts":false,"editor_notices":[],"footnotes":""},"class_list":["post-3401","page","type-page","status-publish","hentry"],"acf":[],"yoast_head":"<!-- This site is optimized with the Yoast SEO Premium plugin v27.4 (Yoast SEO v27.4) - https:\/\/yoast.com\/product\/yoast-seo-premium-wordpress\/ -->\n<title>Manual de Voluntarios - Donor Network West<\/title>\n<meta name=\"robots\" content=\"index, follow, max-snippet:-1, max-image-preview:large, max-video-preview:-1\" \/>\n<link rel=\"canonical\" href=\"https:\/\/www.donornetworkwest.org\/es\/involucrese\/voluntarios\/manual-de-voluntarios\/\" \/>\n<meta property=\"og:locale\" content=\"es_ES\" \/>\n<meta property=\"og:type\" content=\"article\" \/>\n<meta property=\"og:title\" content=\"Manual de Voluntarios\" \/>\n<meta property=\"og:description\" content=\"Manual de Voluntarios Nuestro Manual de Embajador de Done Vida (Donate Life) en l\u00ednea Contiene excelente informaci\u00f3n sobre planificaci\u00f3n de eventos y oratoria, adem\u00e1s de enlaces a formularios y m\u00e1s informaci\u00f3n. Por favor, cont\u00e1ctese a communications@dnwest.org si tiene alguna consulta. Manual de Embajador de Donate Life Manual de Voluntarios Qui\u00e9nes Somos Donor Network West es [&hellip;]\" \/>\n<meta property=\"og:url\" content=\"https:\/\/www.donornetworkwest.org\/es\/involucrese\/voluntarios\/manual-de-voluntarios\/\" \/>\n<meta property=\"og:site_name\" content=\"Donor Network West\" \/>\n<meta property=\"article:modified_time\" content=\"2024-12-24T22:57:46+00:00\" \/>\n<meta name=\"twitter:card\" content=\"summary_large_image\" \/>\n<meta name=\"twitter:label1\" content=\"Tiempo de lectura\" \/>\n\t<meta name=\"twitter:data1\" content=\"6 minutos\" \/>\n<script type=\"application\/ld+json\" class=\"yoast-schema-graph\">{\"@context\":\"https:\\\/\\\/schema.org\",\"@graph\":[{\"@type\":\"WebPage\",\"@id\":\"https:\\\/\\\/www.donornetworkwest.org\\\/es\\\/involucrese\\\/voluntarios\\\/manual-de-voluntarios\\\/\",\"url\":\"https:\\\/\\\/www.donornetworkwest.org\\\/es\\\/involucrese\\\/voluntarios\\\/manual-de-voluntarios\\\/\",\"name\":\"Manual de Voluntarios - Donor Network West\",\"isPartOf\":{\"@id\":\"https:\\\/\\\/www.donornetworkwest.org\\\/es\\\/#website\"},\"datePublished\":\"2024-12-17T17:26:35+00:00\",\"dateModified\":\"2024-12-24T22:57:46+00:00\",\"breadcrumb\":{\"@id\":\"https:\\\/\\\/www.donornetworkwest.org\\\/es\\\/involucrese\\\/voluntarios\\\/manual-de-voluntarios\\\/#breadcrumb\"},\"inLanguage\":\"es\",\"potentialAction\":[{\"@type\":\"ReadAction\",\"target\":[\"https:\\\/\\\/www.donornetworkwest.org\\\/es\\\/involucrese\\\/voluntarios\\\/manual-de-voluntarios\\\/\"]}]},{\"@type\":\"BreadcrumbList\",\"@id\":\"https:\\\/\\\/www.donornetworkwest.org\\\/es\\\/involucrese\\\/voluntarios\\\/manual-de-voluntarios\\\/#breadcrumb\",\"itemListElement\":[{\"@type\":\"ListItem\",\"position\":1,\"name\":\"Home\",\"item\":\"https:\\\/\\\/www.donornetworkwest.org\\\/es\\\/\"},{\"@type\":\"ListItem\",\"position\":2,\"name\":\"Invol\u00facrese (Get Involved)\",\"item\":\"https:\\\/\\\/www.donornetworkwest.org\\\/es\\\/involucrese\\\/\"},{\"@type\":\"ListItem\",\"position\":3,\"name\":\"Voluntarios (Volunteers)\",\"item\":\"https:\\\/\\\/www.donornetworkwest.org\\\/es\\\/involucrese\\\/voluntarios\\\/\"},{\"@type\":\"ListItem\",\"position\":4,\"name\":\"Manual de Voluntarios\"}]},{\"@type\":\"WebSite\",\"@id\":\"https:\\\/\\\/www.donornetworkwest.org\\\/es\\\/#website\",\"url\":\"https:\\\/\\\/www.donornetworkwest.org\\\/es\\\/\",\"name\":\"Donor Network West\",\"description\":\"\",\"potentialAction\":[{\"@type\":\"SearchAction\",\"target\":{\"@type\":\"EntryPoint\",\"urlTemplate\":\"https:\\\/\\\/www.donornetworkwest.org\\\/es\\\/?s={search_term_string}\"},\"query-input\":{\"@type\":\"PropertyValueSpecification\",\"valueRequired\":true,\"valueName\":\"search_term_string\"}}],\"inLanguage\":\"es\"}]}<\/script>\n<!-- \/ Yoast SEO Premium plugin. -->","yoast_head_json":{"title":"Manual de Voluntarios - Donor Network West","robots":{"index":"index","follow":"follow","max-snippet":"max-snippet:-1","max-image-preview":"max-image-preview:large","max-video-preview":"max-video-preview:-1"},"canonical":"https:\/\/www.donornetworkwest.org\/es\/involucrese\/voluntarios\/manual-de-voluntarios\/","og_locale":"es_ES","og_type":"article","og_title":"Manual de Voluntarios","og_description":"Manual de Voluntarios Nuestro Manual de Embajador de Done Vida (Donate Life) en l\u00ednea Contiene excelente informaci\u00f3n sobre planificaci\u00f3n de eventos y oratoria, adem\u00e1s de enlaces a formularios y m\u00e1s informaci\u00f3n. Por favor, cont\u00e1ctese a communications@dnwest.org si tiene alguna consulta. Manual de Embajador de Donate Life Manual de Voluntarios Qui\u00e9nes Somos Donor Network West es [&hellip;]","og_url":"https:\/\/www.donornetworkwest.org\/es\/involucrese\/voluntarios\/manual-de-voluntarios\/","og_site_name":"Donor Network West","article_modified_time":"2024-12-24T22:57:46+00:00","twitter_card":"summary_large_image","twitter_misc":{"Tiempo de lectura":"6 minutos"},"schema":{"@context":"https:\/\/schema.org","@graph":[{"@type":"WebPage","@id":"https:\/\/www.donornetworkwest.org\/es\/involucrese\/voluntarios\/manual-de-voluntarios\/","url":"https:\/\/www.donornetworkwest.org\/es\/involucrese\/voluntarios\/manual-de-voluntarios\/","name":"Manual de Voluntarios - Donor Network West","isPartOf":{"@id":"https:\/\/www.donornetworkwest.org\/es\/#website"},"datePublished":"2024-12-17T17:26:35+00:00","dateModified":"2024-12-24T22:57:46+00:00","breadcrumb":{"@id":"https:\/\/www.donornetworkwest.org\/es\/involucrese\/voluntarios\/manual-de-voluntarios\/#breadcrumb"},"inLanguage":"es","potentialAction":[{"@type":"ReadAction","target":["https:\/\/www.donornetworkwest.org\/es\/involucrese\/voluntarios\/manual-de-voluntarios\/"]}]},{"@type":"BreadcrumbList","@id":"https:\/\/www.donornetworkwest.org\/es\/involucrese\/voluntarios\/manual-de-voluntarios\/#breadcrumb","itemListElement":[{"@type":"ListItem","position":1,"name":"Home","item":"https:\/\/www.donornetworkwest.org\/es\/"},{"@type":"ListItem","position":2,"name":"Invol\u00facrese (Get Involved)","item":"https:\/\/www.donornetworkwest.org\/es\/involucrese\/"},{"@type":"ListItem","position":3,"name":"Voluntarios (Volunteers)","item":"https:\/\/www.donornetworkwest.org\/es\/involucrese\/voluntarios\/"},{"@type":"ListItem","position":4,"name":"Manual de Voluntarios"}]},{"@type":"WebSite","@id":"https:\/\/www.donornetworkwest.org\/es\/#website","url":"https:\/\/www.donornetworkwest.org\/es\/","name":"Donor Network West","description":"","potentialAction":[{"@type":"SearchAction","target":{"@type":"EntryPoint","urlTemplate":"https:\/\/www.donornetworkwest.org\/es\/?s={search_term_string}"},"query-input":{"@type":"PropertyValueSpecification","valueRequired":true,"valueName":"search_term_string"}}],"inLanguage":"es"}]}},"_links":{"self":[{"href":"https:\/\/www.donornetworkwest.org\/es\/wp-json\/wp\/v2\/pages\/3401","targetHints":{"allow":["GET"]}}],"collection":[{"href":"https:\/\/www.donornetworkwest.org\/es\/wp-json\/wp\/v2\/pages"}],"about":[{"href":"https:\/\/www.donornetworkwest.org\/es\/wp-json\/wp\/v2\/types\/page"}],"author":[{"embeddable":true,"href":"https:\/\/www.donornetworkwest.org\/es\/wp-json\/wp\/v2\/users\/1"}],"replies":[{"embeddable":true,"href":"https:\/\/www.donornetworkwest.org\/es\/wp-json\/wp\/v2\/comments?post=3401"}],"version-history":[{"count":0,"href":"https:\/\/www.donornetworkwest.org\/es\/wp-json\/wp\/v2\/pages\/3401\/revisions"}],"up":[{"embeddable":true,"href":"https:\/\/www.donornetworkwest.org\/es\/wp-json\/wp\/v2\/pages\/18"}],"wp:attachment":[{"href":"https:\/\/www.donornetworkwest.org\/es\/wp-json\/wp\/v2\/media?parent=3401"}],"curies":[{"name":"wp","href":"https:\/\/api.w.org\/{rel}","templated":true}]}}