{"id":3406,"date":"2024-12-17T17:26:10","date_gmt":"2024-12-17T17:26:10","guid":{"rendered":"https:\/\/www.donornetworkwest.org\/es\/?page_id=3406"},"modified":"2025-01-08T00:40:04","modified_gmt":"2025-01-08T00:40:04","slug":"elija-vivir","status":"publish","type":"page","link":"https:\/\/www.donornetworkwest.org\/es\/historias\/elija-vivir\/","title":{"rendered":"Elija vivir"},"content":{"rendered":"<p><span style=\"font-weight: 400;\">La residente de San Francisco, Barbara Jean Crane Rooks, ha estado esperando un trasplante de ri\u00f1\u00f3n durante casi cuatro a\u00f1os, pero tiene la esperanza de recibir pronto su Regalo de Vida.<\/span><\/p>\n<p><span style=\"font-weight: 400;\">Es por su deseo de vivir e inspirar a otros a registrarse como donantes de \u00f3rganos y tejidos que comparte su historia en el\u00a0 San Francisco Citywide Revival, que se lleva a cabo en City by the Bay del 26 al 30 de marzo del 2018.<\/span><\/p>\n<p><span style=\"font-weight: 400;\">\u201cHe sido t\u00edmida a la hora de contar mi historia en p\u00fablico en el pasado, pero si mi testimonio puede cambiar la opini\u00f3n de una persona acerca de registrarse como donante, estar\u00e9 feliz\u201d, dice B\u00e1rbara, que trabaja en el campo de la salud y disfruta de la m\u00fasica, la danzay libros.<\/span><\/p>\n<p><span style=\"font-weight: 400;\">Ahora en su decimocuarto a\u00f1o, el Revival se compone de servicios nocturnos de compa\u00f1erismo que llegan a m\u00e1s de 3500 asistentes en la Iglesia Bautista Misionera Cornerstone en el vecindario Bayview-Hunters Point de San Francisco. Adem\u00e1s de la donaci\u00f3n de \u00f3rganos y tejidos, la congregaci\u00f3n escucha mensajes que se enfocan en el bienestar del esp\u00edritu, el alma y el cuerpo.<\/span><\/p>\n<p><img fetchpriority=\"high\" decoding=\"async\" class=\"alignnone size-medium wp-image-582\" src=\"https:\/\/www.donornetworkwest.org\/wp-content\/uploads\/2022\/03\/Donor-Stories-barb_rooks_web-300x300.jpg\" alt=\"woman in baseball cap and jersey with gold necklace and hoop earings\" width=\"300\" height=\"300\" \/><\/p>\n<p><span style=\"font-weight: 400;\">El tema del 2018 \u201cElige vivir\u201d habla de la determinaci\u00f3n de las personas, como B\u00e1rbara, de no darse por vencidos mientras esperan una segunda oportunidad en la vida. El evento es posible gracias a las generosas contribuciones monetarias de organizaciones e individuos locales; este a\u00f1o, el patrocinador de nivel Platino es el Distrito de Gesti\u00f3n de la <a href=\"https:\/\/www.baaqmd.gov\/es-mx\/\" target=\"_blank\" rel=\"noopener\">Calidad del Aire del \u00c1rea de la Bah\u00eda.<\/a><\/span><\/p>\n<p><span style=\"font-weight: 400;\">Hay 10,600 personas esperando un trasplante de \u00f3rganos en el norte de California y Nevada, de las cuales casi 700 residen en el condado de San Francisco. Un donante de \u00f3rganos puede salvar la vida de hasta ocho personas y un donante de tejido puede curar a otras 75. \u00a1Cualquiera puede convertirse en donante de \u00f3rganos! Solo toma un minuto.<\/span><\/p>\n<p><a href=\"https:\/\/www.donornetworkwest.org\/es\/acerca-de-la-donacion\/conviertase-en-donante\/\"><span style=\"font-weight: 400;\">Convi\u00e9rtase en donante registrado hoy<\/span><\/a><\/p>\n","protected":false},"excerpt":{"rendered":"<p>La residente de San Francisco, Barbara Jean Crane Rooks, ha estado esperando un trasplante de ri\u00f1\u00f3n durante casi cuatro a\u00f1os, pero tiene la esperanza de recibir pronto su Regalo de Vida. Es por su deseo de vivir e inspirar a otros a registrarse como donantes de \u00f3rganos y tejidos que comparte su historia en el\u00a0 [&hellip;]<\/p>\n","protected":false},"author":1,"featured_media":0,"parent":34,"menu_order":0,"comment_status":"closed","ping_status":"closed","template":"","meta":{"_acf_changed":false,"_trash_the_other_posts":false,"editor_notices":[],"footnotes":""},"class_list":["post-3406","page","type-page","status-publish","hentry"],"acf":[],"yoast_head":"<!-- This site is optimized with the Yoast SEO Premium plugin v27.2 (Yoast SEO v27.2) - https:\/\/yoast.com\/product\/yoast-seo-premium-wordpress\/ -->\n<title>Elija vivir - Donor Network West<\/title>\n<meta name=\"robots\" content=\"index, follow, max-snippet:-1, max-image-preview:large, max-video-preview:-1\" \/>\n<link rel=\"canonical\" href=\"https:\/\/www.donornetworkwest.org\/es\/historias\/elija-vivir\/\" \/>\n<meta property=\"og:locale\" content=\"es_ES\" \/>\n<meta property=\"og:type\" content=\"article\" \/>\n<meta property=\"og:title\" content=\"Elija vivir\" \/>\n<meta property=\"og:description\" content=\"La residente de San Francisco, Barbara Jean Crane Rooks, ha estado esperando un trasplante de ri\u00f1\u00f3n durante casi cuatro a\u00f1os, pero tiene la esperanza de recibir pronto su Regalo de Vida. Es por su deseo de vivir e inspirar a otros a registrarse como donantes de \u00f3rganos y tejidos que comparte su historia en el\u00a0 [&hellip;]\" \/>\n<meta property=\"og:url\" content=\"https:\/\/www.donornetworkwest.org\/es\/historias\/elija-vivir\/\" \/>\n<meta property=\"og:site_name\" content=\"Donor Network West\" \/>\n<meta property=\"article:modified_time\" content=\"2025-01-08T00:40:04+00:00\" \/>\n<meta property=\"og:image\" content=\"https:\/\/www.donornetworkwest.org\/es\/wp-content\/uploads\/sites\/3\/2022\/03\/Donor-Stories-barb_rooks_web-1.jpg\" \/>\n\t<meta property=\"og:image:width\" content=\"600\" \/>\n\t<meta property=\"og:image:height\" content=\"600\" \/>\n\t<meta property=\"og:image:type\" content=\"image\/jpeg\" \/>\n<meta name=\"twitter:card\" content=\"summary_large_image\" \/>\n<meta name=\"twitter:label1\" content=\"Tiempo de lectura\" \/>\n\t<meta name=\"twitter:data1\" content=\"2 minutos\" \/>\n<script type=\"application\/ld+json\" class=\"yoast-schema-graph\">{\"@context\":\"https:\/\/schema.org\",\"@graph\":[{\"@type\":\"WebPage\",\"@id\":\"https:\/\/www.donornetworkwest.org\/es\/historias\/elija-vivir\/\",\"url\":\"https:\/\/www.donornetworkwest.org\/es\/historias\/elija-vivir\/\",\"name\":\"Elija vivir - Donor Network West\",\"isPartOf\":{\"@id\":\"https:\/\/www.donornetworkwest.org\/es\/#website\"},\"primaryImageOfPage\":{\"@id\":\"https:\/\/www.donornetworkwest.org\/es\/historias\/elija-vivir\/#primaryimage\"},\"image\":{\"@id\":\"https:\/\/www.donornetworkwest.org\/es\/historias\/elija-vivir\/#primaryimage\"},\"thumbnailUrl\":\"https:\/\/www.donornetworkwest.org\/wp-content\/uploads\/2022\/03\/Donor-Stories-barb_rooks_web-300x300.jpg\",\"datePublished\":\"2024-12-17T17:26:10+00:00\",\"dateModified\":\"2025-01-08T00:40:04+00:00\",\"breadcrumb\":{\"@id\":\"https:\/\/www.donornetworkwest.org\/es\/historias\/elija-vivir\/#breadcrumb\"},\"inLanguage\":\"es\",\"potentialAction\":[{\"@type\":\"ReadAction\",\"target\":[\"https:\/\/www.donornetworkwest.org\/es\/historias\/elija-vivir\/\"]}]},{\"@type\":\"ImageObject\",\"inLanguage\":\"es\",\"@id\":\"https:\/\/www.donornetworkwest.org\/es\/historias\/elija-vivir\/#primaryimage\",\"url\":\"https:\/\/www.donornetworkwest.org\/wp-content\/uploads\/2022\/03\/Donor-Stories-barb_rooks_web-300x300.jpg\",\"contentUrl\":\"https:\/\/www.donornetworkwest.org\/wp-content\/uploads\/2022\/03\/Donor-Stories-barb_rooks_web-300x300.jpg\"},{\"@type\":\"BreadcrumbList\",\"@id\":\"https:\/\/www.donornetworkwest.org\/es\/historias\/elija-vivir\/#breadcrumb\",\"itemListElement\":[{\"@type\":\"ListItem\",\"position\":1,\"name\":\"Home\",\"item\":\"https:\/\/www.donornetworkwest.org\/es\/\"},{\"@type\":\"ListItem\",\"position\":2,\"name\":\"Historias\",\"item\":\"https:\/\/www.donornetworkwest.org\/es\/historias\/\"},{\"@type\":\"ListItem\",\"position\":3,\"name\":\"Elija vivir\"}]},{\"@type\":\"WebSite\",\"@id\":\"https:\/\/www.donornetworkwest.org\/es\/#website\",\"url\":\"https:\/\/www.donornetworkwest.org\/es\/\",\"name\":\"Donor Network West\",\"description\":\"\",\"potentialAction\":[{\"@type\":\"SearchAction\",\"target\":{\"@type\":\"EntryPoint\",\"urlTemplate\":\"https:\/\/www.donornetworkwest.org\/es\/?s={search_term_string}\"},\"query-input\":{\"@type\":\"PropertyValueSpecification\",\"valueRequired\":true,\"valueName\":\"search_term_string\"}}],\"inLanguage\":\"es\"}]}<\/script>\n<!-- \/ Yoast SEO Premium plugin. -->","yoast_head_json":{"title":"Elija vivir - Donor Network West","robots":{"index":"index","follow":"follow","max-snippet":"max-snippet:-1","max-image-preview":"max-image-preview:large","max-video-preview":"max-video-preview:-1"},"canonical":"https:\/\/www.donornetworkwest.org\/es\/historias\/elija-vivir\/","og_locale":"es_ES","og_type":"article","og_title":"Elija vivir","og_description":"La residente de San Francisco, Barbara Jean Crane Rooks, ha estado esperando un trasplante de ri\u00f1\u00f3n durante casi cuatro a\u00f1os, pero tiene la esperanza de recibir pronto su Regalo de Vida. Es por su deseo de vivir e inspirar a otros a registrarse como donantes de \u00f3rganos y tejidos que comparte su historia en el\u00a0 [&hellip;]","og_url":"https:\/\/www.donornetworkwest.org\/es\/historias\/elija-vivir\/","og_site_name":"Donor Network West","article_modified_time":"2025-01-08T00:40:04+00:00","og_image":[{"width":600,"height":600,"url":"https:\/\/www.donornetworkwest.org\/es\/wp-content\/uploads\/sites\/3\/2022\/03\/Donor-Stories-barb_rooks_web-1.jpg","type":"image\/jpeg"}],"twitter_card":"summary_large_image","twitter_misc":{"Tiempo de lectura":"2 minutos"},"schema":{"@context":"https:\/\/schema.org","@graph":[{"@type":"WebPage","@id":"https:\/\/www.donornetworkwest.org\/es\/historias\/elija-vivir\/","url":"https:\/\/www.donornetworkwest.org\/es\/historias\/elija-vivir\/","name":"Elija vivir - Donor Network West","isPartOf":{"@id":"https:\/\/www.donornetworkwest.org\/es\/#website"},"primaryImageOfPage":{"@id":"https:\/\/www.donornetworkwest.org\/es\/historias\/elija-vivir\/#primaryimage"},"image":{"@id":"https:\/\/www.donornetworkwest.org\/es\/historias\/elija-vivir\/#primaryimage"},"thumbnailUrl":"https:\/\/www.donornetworkwest.org\/wp-content\/uploads\/2022\/03\/Donor-Stories-barb_rooks_web-300x300.jpg","datePublished":"2024-12-17T17:26:10+00:00","dateModified":"2025-01-08T00:40:04+00:00","breadcrumb":{"@id":"https:\/\/www.donornetworkwest.org\/es\/historias\/elija-vivir\/#breadcrumb"},"inLanguage":"es","potentialAction":[{"@type":"ReadAction","target":["https:\/\/www.donornetworkwest.org\/es\/historias\/elija-vivir\/"]}]},{"@type":"ImageObject","inLanguage":"es","@id":"https:\/\/www.donornetworkwest.org\/es\/historias\/elija-vivir\/#primaryimage","url":"https:\/\/www.donornetworkwest.org\/wp-content\/uploads\/2022\/03\/Donor-Stories-barb_rooks_web-300x300.jpg","contentUrl":"https:\/\/www.donornetworkwest.org\/wp-content\/uploads\/2022\/03\/Donor-Stories-barb_rooks_web-300x300.jpg"},{"@type":"BreadcrumbList","@id":"https:\/\/www.donornetworkwest.org\/es\/historias\/elija-vivir\/#breadcrumb","itemListElement":[{"@type":"ListItem","position":1,"name":"Home","item":"https:\/\/www.donornetworkwest.org\/es\/"},{"@type":"ListItem","position":2,"name":"Historias","item":"https:\/\/www.donornetworkwest.org\/es\/historias\/"},{"@type":"ListItem","position":3,"name":"Elija vivir"}]},{"@type":"WebSite","@id":"https:\/\/www.donornetworkwest.org\/es\/#website","url":"https:\/\/www.donornetworkwest.org\/es\/","name":"Donor Network West","description":"","potentialAction":[{"@type":"SearchAction","target":{"@type":"EntryPoint","urlTemplate":"https:\/\/www.donornetworkwest.org\/es\/?s={search_term_string}"},"query-input":{"@type":"PropertyValueSpecification","valueRequired":true,"valueName":"search_term_string"}}],"inLanguage":"es"}]}},"_links":{"self":[{"href":"https:\/\/www.donornetworkwest.org\/es\/wp-json\/wp\/v2\/pages\/3406","targetHints":{"allow":["GET"]}}],"collection":[{"href":"https:\/\/www.donornetworkwest.org\/es\/wp-json\/wp\/v2\/pages"}],"about":[{"href":"https:\/\/www.donornetworkwest.org\/es\/wp-json\/wp\/v2\/types\/page"}],"author":[{"embeddable":true,"href":"https:\/\/www.donornetworkwest.org\/es\/wp-json\/wp\/v2\/users\/1"}],"replies":[{"embeddable":true,"href":"https:\/\/www.donornetworkwest.org\/es\/wp-json\/wp\/v2\/comments?post=3406"}],"version-history":[{"count":0,"href":"https:\/\/www.donornetworkwest.org\/es\/wp-json\/wp\/v2\/pages\/3406\/revisions"}],"up":[{"embeddable":true,"href":"https:\/\/www.donornetworkwest.org\/es\/wp-json\/wp\/v2\/pages\/34"}],"wp:attachment":[{"href":"https:\/\/www.donornetworkwest.org\/es\/wp-json\/wp\/v2\/media?parent=3406"}],"curies":[{"name":"wp","href":"https:\/\/api.w.org\/{rel}","templated":true}]}}