{"id":3416,"date":"2024-12-17T17:26:25","date_gmt":"2024-12-17T17:26:25","guid":{"rendered":"https:\/\/www.donornetworkwest.org\/es\/?page_id=3416"},"modified":"2024-12-17T17:26:25","modified_gmt":"2024-12-17T17:26:25","slug":"waldo-concepcion-m-d-facs","status":"publish","type":"page","link":"https:\/\/www.donornetworkwest.org\/es\/waldo-concepcion-m-d-facs\/","title":{"rendered":"Waldo Concepcion, M.D., FACS"},"content":{"rendered":"\t\t<div data-elementor-type=\"wp-page\" data-elementor-id=\"3416\" class=\"elementor elementor-3416\" data-elementor-post-type=\"page\">\n\t\t\t\t\t\t<section class=\"elementor-section elementor-top-section elementor-element elementor-element-4281461 elementor-section-boxed elementor-section-height-default elementor-section-height-default\" data-id=\"4281461\" data-element_type=\"section\" data-e-type=\"section\">\n\t\t\t\t\t\t<div class=\"elementor-container elementor-column-gap-default\">\n\t\t\t\t\t<div class=\"elementor-column elementor-col-100 elementor-top-column elementor-element elementor-element-132b658\" data-id=\"132b658\" data-element_type=\"column\" data-e-type=\"column\">\n\t\t\t<div class=\"elementor-widget-wrap elementor-element-populated\">\n\t\t\t\t\t\t<div class=\"elementor-element elementor-element-b9e68bd elementor-widget elementor-widget-header\" data-id=\"b9e68bd\" data-element_type=\"widget\" data-e-type=\"widget\" data-widget_type=\"header.default\">\n\t\t\t\t<div class=\"elementor-widget-container\">\n\t\t\t\t\t\n    <header class=\"page-header\">\n      <div class=\"container\">\n        <div class=\"page-header__content\">\n\n                      <h1 class=\"page-header__title fade-in\">\n              Leadership            <\/h1>\n          \n          \n        <\/div>\n      <\/div>\n    <\/header>\n    \n    <div class=\"spacer spacer--0\"><\/div>\n\n        \t\t\t\t<\/div>\n\t\t\t\t<\/div>\n\t\t\t\t<div class=\"elementor-element elementor-element-4218561 elementor-widget elementor-widget-text-media\" data-id=\"4218561\" data-element_type=\"widget\" data-e-type=\"widget\" data-widget_type=\"text-media.default\">\n\t\t\t\t<div class=\"elementor-widget-container\">\n\t\t\t\t\t\n    <div class=\"text-media text-media--white  text-media--left\">\n      <div class=\"container\">\n        <div class=\"text-media__layout\">\n          <div class=\"text-media__media fade-in\">\n                          <div\n                class=\"circle circle--main circle--image circle--responsive circle--fill circle--blue\"\n                style=\"--circle-size: 500px;\"\n              >\n                <img fetchpriority=\"high\" decoding=\"async\" width=\"300\" height=\"300\" src=\"https:\/\/www.donornetworkwest.org\/es\/wp-content\/uploads\/sites\/3\/2022\/03\/waldo-concepion_donor-network-west_web-1.jpg\" class=\"attachment-365x365crop size-365x365crop\" alt=\"Waldo Concepcion, M.D., FACS donor network west\" srcset=\"https:\/\/www.donornetworkwest.org\/es\/wp-content\/uploads\/sites\/3\/2022\/03\/waldo-concepion_donor-network-west_web-1.jpg 300w, https:\/\/www.donornetworkwest.org\/es\/wp-content\/uploads\/sites\/3\/2022\/03\/waldo-concepion_donor-network-west_web-1-150x150.jpg 150w, https:\/\/www.donornetworkwest.org\/es\/wp-content\/uploads\/sites\/3\/2022\/03\/waldo-concepion_donor-network-west_web-1-40x40.jpg 40w, https:\/\/www.donornetworkwest.org\/es\/wp-content\/uploads\/sites\/3\/2022\/03\/waldo-concepion_donor-network-west_web-1-65x65.jpg 65w, https:\/\/www.donornetworkwest.org\/es\/wp-content\/uploads\/sites\/3\/2022\/03\/waldo-concepion_donor-network-west_web-1-200x200.jpg 200w, https:\/\/www.donornetworkwest.org\/es\/wp-content\/uploads\/sites\/3\/2022\/03\/waldo-concepion_donor-network-west_web-1-260x260.jpg 260w, https:\/\/www.donornetworkwest.org\/es\/wp-content\/uploads\/sites\/3\/2022\/03\/waldo-concepion_donor-network-west_web-1-45x45.jpg 45w\" sizes=\"(max-width: 300px) 100vw, 300px\" \/>                <div class=\"circle__angle circle__angle--120 circle__angle--behind\">\n                  <div\n                    class=\"circle circle--fill circle--papaya\"\n                    style=\"--circle-size: 175px\"\n                  ><\/div>\n                <\/div>\n              <\/div>\n                      <\/div>\n          <div class=\"text-media__content\">\n                          <div class=\"text-media__subhead fade-in\">\n                Director M\u00e9dico              <\/div>\n                                      <h2 class=\"text-media__heading fade-in\">\n                Waldo Concepcion, M.D., FACS              <\/h2>\n                                      <p class=\"text-media__text fade-in\">\n                Waldo Concepcion, M.D. comenz\u00f3 su funci\u00f3n como director m\u00e9dico (CMO) de Donor Network West en Mayo del 2020. Concepcion se desempe\u00f1\u00f3 como Jefe de trasplante cl\u00ednico y trasplante de ri\u00f1\u00f3n pedi\u00e1trico en la Facultad de medicina de la Universidad de Stanford y Profesor de cirug\u00eda y pediatr\u00eda (nefrolog\u00eda). Tambi\u00e9n ocup\u00f3 el cargo de Director del Instituto de Trasplantes de la Universidad de Loma Linda.<br \/>\n<br \/>\nLos pasatiempos de Waldo incluyen viajar, pasar tiempo con la familia y los amigos, la m\u00fasica cl\u00e1sica, la \u00f3pera y la buena cocina. Sin embargo, pasar tiempo con su hija, Zoe Grace, es lo que m\u00e1s disfruta.              <\/p>\n            \n            <div class=\"text-media__buttons fade-in button-group\">\n                          <\/div>\n          <\/div>\n        <\/div>\n      <\/div>\n    <\/div>\n    \n    <div class=\"spacer spacer--0\"><\/div>\n\n        \t\t\t\t<\/div>\n\t\t\t\t<\/div>\n\t\t\t\t\t<\/div>\n\t\t<\/div>\n\t\t\t\t\t<\/div>\n\t\t<\/section>\n\t\t\t\t<\/div>\n\t\t","protected":false},"excerpt":{"rendered":"<p>Leadership Director M\u00e9dico Waldo Concepcion, M.D., FACS Waldo Concepcion, M.D. comenz\u00f3 su funci\u00f3n como director m\u00e9dico (CMO) de Donor Network West en Mayo del 2020. Concepcion se desempe\u00f1\u00f3 como Jefe de trasplante cl\u00ednico y trasplante de ri\u00f1\u00f3n pedi\u00e1trico en la Facultad de medicina de la Universidad de Stanford y Profesor de cirug\u00eda y pediatr\u00eda (nefrolog\u00eda). [&hellip;]<\/p>\n","protected":false},"author":1,"featured_media":0,"parent":0,"menu_order":0,"comment_status":"closed","ping_status":"closed","template":"","meta":{"_acf_changed":false,"_trash_the_other_posts":false,"editor_notices":[],"footnotes":""},"class_list":["post-3416","page","type-page","status-publish","hentry"],"acf":[],"yoast_head":"<!-- This site is optimized with the Yoast SEO Premium plugin v27.4 (Yoast SEO v27.4) - https:\/\/yoast.com\/product\/yoast-seo-premium-wordpress\/ -->\n<title>Waldo Concepcion, M.D., FACS - Donor Network West<\/title>\n<meta name=\"robots\" content=\"index, follow, max-snippet:-1, max-image-preview:large, max-video-preview:-1\" \/>\n<link rel=\"canonical\" href=\"https:\/\/www.donornetworkwest.org\/es\/waldo-concepcion-m-d-facs\/\" \/>\n<meta property=\"og:locale\" content=\"es_ES\" \/>\n<meta property=\"og:type\" content=\"article\" \/>\n<meta property=\"og:title\" content=\"Waldo Concepcion, M.D., FACS\" \/>\n<meta property=\"og:description\" content=\"Leadership Director M\u00e9dico Waldo Concepcion, M.D., FACS Waldo Concepcion, M.D. comenz\u00f3 su funci\u00f3n como director m\u00e9dico (CMO) de Donor Network West en Mayo del 2020. Concepcion se desempe\u00f1\u00f3 como Jefe de trasplante cl\u00ednico y trasplante de ri\u00f1\u00f3n pedi\u00e1trico en la Facultad de medicina de la Universidad de Stanford y Profesor de cirug\u00eda y pediatr\u00eda (nefrolog\u00eda). [&hellip;]\" \/>\n<meta property=\"og:url\" content=\"https:\/\/www.donornetworkwest.org\/es\/waldo-concepcion-m-d-facs\/\" \/>\n<meta property=\"og:site_name\" content=\"Donor Network West\" \/>\n<meta property=\"og:image\" content=\"https:\/\/www.donornetworkwest.org\/es\/wp-content\/uploads\/sites\/3\/2022\/03\/waldo-concepion_donor-network-west_web-1.jpg\" \/>\n<meta name=\"twitter:card\" content=\"summary_large_image\" \/>\n<meta name=\"twitter:label1\" content=\"Tiempo de lectura\" \/>\n\t<meta name=\"twitter:data1\" content=\"1 minuto\" \/>\n<script type=\"application\/ld+json\" class=\"yoast-schema-graph\">{\"@context\":\"https:\\\/\\\/schema.org\",\"@graph\":[{\"@type\":\"WebPage\",\"@id\":\"https:\\\/\\\/www.donornetworkwest.org\\\/es\\\/waldo-concepcion-m-d-facs\\\/\",\"url\":\"https:\\\/\\\/www.donornetworkwest.org\\\/es\\\/waldo-concepcion-m-d-facs\\\/\",\"name\":\"Waldo Concepcion, M.D., FACS - Donor Network West\",\"isPartOf\":{\"@id\":\"https:\\\/\\\/www.donornetworkwest.org\\\/es\\\/#website\"},\"primaryImageOfPage\":{\"@id\":\"https:\\\/\\\/www.donornetworkwest.org\\\/es\\\/waldo-concepcion-m-d-facs\\\/#primaryimage\"},\"image\":{\"@id\":\"https:\\\/\\\/www.donornetworkwest.org\\\/es\\\/waldo-concepcion-m-d-facs\\\/#primaryimage\"},\"thumbnailUrl\":\"https:\\\/\\\/www.donornetworkwest.org\\\/es\\\/wp-content\\\/uploads\\\/sites\\\/3\\\/2022\\\/03\\\/waldo-concepion_donor-network-west_web-1.jpg\",\"datePublished\":\"2024-12-17T17:26:25+00:00\",\"breadcrumb\":{\"@id\":\"https:\\\/\\\/www.donornetworkwest.org\\\/es\\\/waldo-concepcion-m-d-facs\\\/#breadcrumb\"},\"inLanguage\":\"es\",\"potentialAction\":[{\"@type\":\"ReadAction\",\"target\":[\"https:\\\/\\\/www.donornetworkwest.org\\\/es\\\/waldo-concepcion-m-d-facs\\\/\"]}]},{\"@type\":\"ImageObject\",\"inLanguage\":\"es\",\"@id\":\"https:\\\/\\\/www.donornetworkwest.org\\\/es\\\/waldo-concepcion-m-d-facs\\\/#primaryimage\",\"url\":\"https:\\\/\\\/www.donornetworkwest.org\\\/es\\\/wp-content\\\/uploads\\\/sites\\\/3\\\/2022\\\/03\\\/waldo-concepion_donor-network-west_web-1.jpg\",\"contentUrl\":\"https:\\\/\\\/www.donornetworkwest.org\\\/es\\\/wp-content\\\/uploads\\\/sites\\\/3\\\/2022\\\/03\\\/waldo-concepion_donor-network-west_web-1.jpg\",\"width\":300,\"height\":300,\"caption\":\"Waldo Concepcion, M.D., FACS donor network west\"},{\"@type\":\"BreadcrumbList\",\"@id\":\"https:\\\/\\\/www.donornetworkwest.org\\\/es\\\/waldo-concepcion-m-d-facs\\\/#breadcrumb\",\"itemListElement\":[{\"@type\":\"ListItem\",\"position\":1,\"name\":\"Home\",\"item\":\"https:\\\/\\\/www.donornetworkwest.org\\\/es\\\/\"},{\"@type\":\"ListItem\",\"position\":2,\"name\":\"Waldo Concepcion, M.D., FACS\"}]},{\"@type\":\"WebSite\",\"@id\":\"https:\\\/\\\/www.donornetworkwest.org\\\/es\\\/#website\",\"url\":\"https:\\\/\\\/www.donornetworkwest.org\\\/es\\\/\",\"name\":\"Donor Network West\",\"description\":\"\",\"potentialAction\":[{\"@type\":\"SearchAction\",\"target\":{\"@type\":\"EntryPoint\",\"urlTemplate\":\"https:\\\/\\\/www.donornetworkwest.org\\\/es\\\/?s={search_term_string}\"},\"query-input\":{\"@type\":\"PropertyValueSpecification\",\"valueRequired\":true,\"valueName\":\"search_term_string\"}}],\"inLanguage\":\"es\"}]}<\/script>\n<!-- \/ Yoast SEO Premium plugin. -->","yoast_head_json":{"title":"Waldo Concepcion, M.D., FACS - Donor Network West","robots":{"index":"index","follow":"follow","max-snippet":"max-snippet:-1","max-image-preview":"max-image-preview:large","max-video-preview":"max-video-preview:-1"},"canonical":"https:\/\/www.donornetworkwest.org\/es\/waldo-concepcion-m-d-facs\/","og_locale":"es_ES","og_type":"article","og_title":"Waldo Concepcion, M.D., FACS","og_description":"Leadership Director M\u00e9dico Waldo Concepcion, M.D., FACS Waldo Concepcion, M.D. comenz\u00f3 su funci\u00f3n como director m\u00e9dico (CMO) de Donor Network West en Mayo del 2020. Concepcion se desempe\u00f1\u00f3 como Jefe de trasplante cl\u00ednico y trasplante de ri\u00f1\u00f3n pedi\u00e1trico en la Facultad de medicina de la Universidad de Stanford y Profesor de cirug\u00eda y pediatr\u00eda (nefrolog\u00eda). [&hellip;]","og_url":"https:\/\/www.donornetworkwest.org\/es\/waldo-concepcion-m-d-facs\/","og_site_name":"Donor Network West","og_image":[{"url":"https:\/\/www.donornetworkwest.org\/es\/wp-content\/uploads\/sites\/3\/2022\/03\/waldo-concepion_donor-network-west_web-1.jpg","type":"","width":"","height":""}],"twitter_card":"summary_large_image","twitter_misc":{"Tiempo de lectura":"1 minuto"},"schema":{"@context":"https:\/\/schema.org","@graph":[{"@type":"WebPage","@id":"https:\/\/www.donornetworkwest.org\/es\/waldo-concepcion-m-d-facs\/","url":"https:\/\/www.donornetworkwest.org\/es\/waldo-concepcion-m-d-facs\/","name":"Waldo Concepcion, M.D., FACS - Donor Network West","isPartOf":{"@id":"https:\/\/www.donornetworkwest.org\/es\/#website"},"primaryImageOfPage":{"@id":"https:\/\/www.donornetworkwest.org\/es\/waldo-concepcion-m-d-facs\/#primaryimage"},"image":{"@id":"https:\/\/www.donornetworkwest.org\/es\/waldo-concepcion-m-d-facs\/#primaryimage"},"thumbnailUrl":"https:\/\/www.donornetworkwest.org\/es\/wp-content\/uploads\/sites\/3\/2022\/03\/waldo-concepion_donor-network-west_web-1.jpg","datePublished":"2024-12-17T17:26:25+00:00","breadcrumb":{"@id":"https:\/\/www.donornetworkwest.org\/es\/waldo-concepcion-m-d-facs\/#breadcrumb"},"inLanguage":"es","potentialAction":[{"@type":"ReadAction","target":["https:\/\/www.donornetworkwest.org\/es\/waldo-concepcion-m-d-facs\/"]}]},{"@type":"ImageObject","inLanguage":"es","@id":"https:\/\/www.donornetworkwest.org\/es\/waldo-concepcion-m-d-facs\/#primaryimage","url":"https:\/\/www.donornetworkwest.org\/es\/wp-content\/uploads\/sites\/3\/2022\/03\/waldo-concepion_donor-network-west_web-1.jpg","contentUrl":"https:\/\/www.donornetworkwest.org\/es\/wp-content\/uploads\/sites\/3\/2022\/03\/waldo-concepion_donor-network-west_web-1.jpg","width":300,"height":300,"caption":"Waldo Concepcion, M.D., FACS donor network west"},{"@type":"BreadcrumbList","@id":"https:\/\/www.donornetworkwest.org\/es\/waldo-concepcion-m-d-facs\/#breadcrumb","itemListElement":[{"@type":"ListItem","position":1,"name":"Home","item":"https:\/\/www.donornetworkwest.org\/es\/"},{"@type":"ListItem","position":2,"name":"Waldo Concepcion, M.D., FACS"}]},{"@type":"WebSite","@id":"https:\/\/www.donornetworkwest.org\/es\/#website","url":"https:\/\/www.donornetworkwest.org\/es\/","name":"Donor Network West","description":"","potentialAction":[{"@type":"SearchAction","target":{"@type":"EntryPoint","urlTemplate":"https:\/\/www.donornetworkwest.org\/es\/?s={search_term_string}"},"query-input":{"@type":"PropertyValueSpecification","valueRequired":true,"valueName":"search_term_string"}}],"inLanguage":"es"}]}},"_links":{"self":[{"href":"https:\/\/www.donornetworkwest.org\/es\/wp-json\/wp\/v2\/pages\/3416","targetHints":{"allow":["GET"]}}],"collection":[{"href":"https:\/\/www.donornetworkwest.org\/es\/wp-json\/wp\/v2\/pages"}],"about":[{"href":"https:\/\/www.donornetworkwest.org\/es\/wp-json\/wp\/v2\/types\/page"}],"author":[{"embeddable":true,"href":"https:\/\/www.donornetworkwest.org\/es\/wp-json\/wp\/v2\/users\/1"}],"replies":[{"embeddable":true,"href":"https:\/\/www.donornetworkwest.org\/es\/wp-json\/wp\/v2\/comments?post=3416"}],"version-history":[{"count":0,"href":"https:\/\/www.donornetworkwest.org\/es\/wp-json\/wp\/v2\/pages\/3416\/revisions"}],"wp:attachment":[{"href":"https:\/\/www.donornetworkwest.org\/es\/wp-json\/wp\/v2\/media?parent=3416"}],"curies":[{"name":"wp","href":"https:\/\/api.w.org\/{rel}","templated":true}]}}