{"id":3512,"date":"2024-12-23T22:27:58","date_gmt":"2024-12-23T22:27:58","guid":{"rendered":"https:\/\/www.donornetworkwest.org\/es\/?page_id=3512"},"modified":"2025-01-08T00:41:57","modified_gmt":"2025-01-08T00:41:57","slug":"legado-de-la-donante-de-organos-karly-barker-continuado-por-su-amorosa-familia","status":"publish","type":"page","link":"https:\/\/www.donornetworkwest.org\/es\/historias\/legado-de-la-donante-de-organos-karly-barker-continuado-por-su-amorosa-familia\/","title":{"rendered":"Legado de la donante de \u00f3rganos Karly Barker continuado por su amorosa familia"},"content":{"rendered":"<p><b>Hilmar, Calif. (11 de Nov., 2024) \u2014<\/b><span style=\"font-weight: 400;\"> Karly Barker creci\u00f3 en Hilmar, California, y sonri\u00f3 durante toda su vida. Karly, bailarina desde siempre, animaba para Hilmar High y planeaba convertirse en pediatra. Antes de su segundo a\u00f1o en la Universidad de California, Merced, Karly decidi\u00f3 cambiar el rumbo de su carrera hacia la ense\u00f1anza, siguiendo los pasos de su madre, Daneen Barker, quien dedic\u00f3 m\u00e1s de 30 a\u00f1os a ser maestra de kinder. Su esp\u00edritu generoso y entusiasta contagiaba a quienes la rodeaban.<\/span><\/p>\n<div id=\"attachment_3383\" style=\"width: 252px\" class=\"wp-caption alignleft\"><img fetchpriority=\"high\" decoding=\"async\" aria-describedby=\"caption-attachment-3383\" class=\"wp-image-3383\" src=\"https:\/\/www.donornetworkwest.org\/wp-content\/uploads\/2024\/11\/KarlyBarker-2-300x300.jpg\" alt=\"\" width=\"242\" height=\"242\" \/><p id=\"caption-attachment-3383\" class=\"wp-caption-text\">Karly Barker<\/p><\/div>\n<p><span style=\"font-weight: 400;\">\u201cKarly era \u00fanica,\u201d dijo Daneen. \u201cCuando entraba a la habitaci\u00f3n, todos lo notaban.\u201d<\/span><\/p>\n<p><span style=\"font-weight: 400;\">Cuando Karly pas\u00f3 su examen de conducir a los 15 a\u00f1os y le anunci\u00f3 orgullosamente a su madre que estaba registrada como donante de \u00f3rganos, como sus padres. En agosto del 2013, a los 19 a\u00f1os, Karly sufri\u00f3 un aneurisma cerebral repentino. En el hospital, los m\u00e9dicos le dijeron a la familia Barker que Karly no se recuperar\u00eda, pero sab\u00edan que podr\u00eda salvar a otros. <\/span><a href=\"https:\/\/www.donornetworkwest.org\/es\/\"><span style=\"font-weight: 400;\">Donor Network West<\/span><\/a><span style=\"font-weight: 400;\"> ayud\u00f3 a facilitar la donaci\u00f3n de sus \u00f3rganos mayores, incluyendo su coraz\u00f3n, ri\u00f1ones, p\u00e1ncreas e h\u00edgado, que se destinaron a cuatro receptores en la lista de espera nacional de trasplantes.<\/span><\/p>\n<p><span style=\"font-weight: 400;\">La energ\u00eda vivaz de Karly persiste en la vida de las personas que salv\u00f3 y aquellos que la recuerdan. La familia Barker se ha conectado con cuatro de los receptores de Karly, a quienes les di\u00f3 una segunda oportunidad de vivir sus vidas gracias a su regalo.<\/span><\/p>\n<p><span style=\"font-weight: 400;\">Durante la \u00faltima d\u00e9cada, los Barker han participado de la Marat\u00f3n\/Caminata anual de Donor Network West. El evento celebra la resiliencia de la comunidad de donaci\u00f3n de \u00f3rganos y el significativo impacto que cada participante puede generar para dar esperanza a quienes necesitan un trasplante que les salve la vida.<\/span><\/p>\n<p><span style=\"font-weight: 400;\">Jeff Jackson recibi\u00f3 el p\u00e1ncreas e h\u00edgado de Karly, y se uni\u00f3 a los Barker durante la Marat\u00f3n del 2014. Desde entonces, cada a\u00f1o el equipo #KarlyNetwork se compone de los Barker, familiares y amigos que amaban a Karly y contin\u00faan honrando su memoria. Daneen dice que la Marat\u00f3n ha ayudado a su familia a transitar su duelo conociendo a otros afectados por la donaci\u00f3n de \u00f3rganos, ojos y tejidos.<\/span><\/p>\n<div id=\"attachment_3382\" style=\"width: 310px\" class=\"wp-caption alignright\"><img decoding=\"async\" aria-describedby=\"caption-attachment-3382\" class=\"wp-image-3382 size-medium\" src=\"https:\/\/www.donornetworkwest.org\/es\/wp-content\/uploads\/sites\/3\/2024\/11\/TeamKarleyNetwork-RunWalk-1-scaled-2-300x200.jpg\" alt=\"\" width=\"300\" height=\"200\" srcset=\"https:\/\/www.donornetworkwest.org\/es\/wp-content\/uploads\/sites\/3\/2024\/11\/TeamKarleyNetwork-RunWalk-1-scaled-2-300x200.jpg 300w, https:\/\/www.donornetworkwest.org\/es\/wp-content\/uploads\/sites\/3\/2024\/11\/TeamKarleyNetwork-RunWalk-1-scaled-2-1024x683.jpg 1024w, https:\/\/www.donornetworkwest.org\/es\/wp-content\/uploads\/sites\/3\/2024\/11\/TeamKarleyNetwork-RunWalk-1-scaled-2-768x512.jpg 768w, https:\/\/www.donornetworkwest.org\/es\/wp-content\/uploads\/sites\/3\/2024\/11\/TeamKarleyNetwork-RunWalk-1-scaled-2-1536x1024.jpg 1536w, https:\/\/www.donornetworkwest.org\/es\/wp-content\/uploads\/sites\/3\/2024\/11\/TeamKarleyNetwork-RunWalk-1-scaled-2-2048x1366.jpg 2048w\" sizes=\"(max-width: 300px) 100vw, 300px\" \/><p id=\"caption-attachment-3382\" class=\"wp-caption-text\">Daneen Barker y Jeff Jackson<\/p><\/div>\n<p><span style=\"font-weight: 400;\">\u201cDisfrutamos de la Marat\u00f3n cada a\u00f1o\u201d, dijo Barker. \u201cEs un d\u00eda en el que podemos celebrar y honrar a Karly, y tambi\u00e9n reconocer a todos los receptores de estos regalos salvavidas\u201d.<\/span><\/p>\n<p><span style=\"font-weight: 400;\">La Marat\u00f3n\/Caminata es un recordatorio del impacto de Karly en sus seres queridos, y su legado de generosidad. Desde su fallecimiento, muchos de los amigos de Karly se han registrado como donantes de \u00f3rganos y siguen alentando a otros a hacerlo tambi\u00e9n. La familia Barker ha honrado a Karly educando a otros sobre la donaci\u00f3n de \u00f3rganos, y crearon una beca en Hilmar High en su memoria.\u00a0<\/span><\/p>\n<p><span style=\"font-weight: 400;\">Karly es una de tantos her\u00f3icos donantes de \u00f3rganos que han otorgado el regalo de la vida. M\u00e1s de 10,000 personas a lo largo del \u00e1rea de servicio de Donor Network West esperan un trasplante de \u00f3rganos que les salve la vida.\u00a0<\/span><\/p>\n<p><span style=\"font-weight: 400;\">M\u00e1s informaci\u00f3n sobre la donaci\u00f3n de \u00f3rganos, ojos y tejidos <a href=\"https:\/\/www.donornetworkwest.org\/es\/acerca-de-la-donacion\/\">aqu\u00ed<\/a>.<\/span><\/p>\n","protected":false},"excerpt":{"rendered":"<p>Hilmar, Calif. (11 de Nov., 2024) \u2014 Karly Barker creci\u00f3 en Hilmar, California, y sonri\u00f3 durante toda su vida. Karly, bailarina desde siempre, animaba para Hilmar High y planeaba convertirse en pediatra. Antes de su segundo a\u00f1o en la Universidad de California, Merced, Karly decidi\u00f3 cambiar el rumbo de su carrera hacia la ense\u00f1anza, siguiendo [&hellip;]<\/p>\n","protected":false},"author":1,"featured_media":0,"parent":34,"menu_order":0,"comment_status":"closed","ping_status":"closed","template":"","meta":{"_acf_changed":false,"_trash_the_other_posts":false,"editor_notices":[],"footnotes":""},"class_list":["post-3512","page","type-page","status-publish","hentry"],"acf":[],"yoast_head":"<!-- This site is optimized with the Yoast SEO Premium plugin v27.2 (Yoast SEO v27.2) - https:\/\/yoast.com\/product\/yoast-seo-premium-wordpress\/ -->\n<title>Legado de la donante de \u00f3rganos Karly Barker continuado por su amorosa familia - Donor Network West<\/title>\n<meta name=\"robots\" content=\"index, follow, max-snippet:-1, max-image-preview:large, max-video-preview:-1\" \/>\n<link rel=\"canonical\" href=\"https:\/\/www.donornetworkwest.org\/es\/historias\/legado-de-la-donante-de-organos-karly-barker-continuado-por-su-amorosa-familia\/\" \/>\n<meta property=\"og:locale\" content=\"es_ES\" \/>\n<meta property=\"og:type\" content=\"article\" \/>\n<meta property=\"og:title\" content=\"Legado de la donante de \u00f3rganos Karly Barker continuado por su amorosa familia\" \/>\n<meta property=\"og:description\" content=\"Hilmar, Calif. (11 de Nov., 2024) \u2014 Karly Barker creci\u00f3 en Hilmar, California, y sonri\u00f3 durante toda su vida. Karly, bailarina desde siempre, animaba para Hilmar High y planeaba convertirse en pediatra. Antes de su segundo a\u00f1o en la Universidad de California, Merced, Karly decidi\u00f3 cambiar el rumbo de su carrera hacia la ense\u00f1anza, siguiendo [&hellip;]\" \/>\n<meta property=\"og:url\" content=\"https:\/\/www.donornetworkwest.org\/es\/historias\/legado-de-la-donante-de-organos-karly-barker-continuado-por-su-amorosa-familia\/\" \/>\n<meta property=\"og:site_name\" content=\"Donor Network West\" \/>\n<meta property=\"article:modified_time\" content=\"2025-01-08T00:41:57+00:00\" \/>\n<meta property=\"og:image\" content=\"https:\/\/www.donornetworkwest.org\/es\/wp-content\/uploads\/sites\/3\/2024\/11\/KarlyBarker-2-2.jpg\" \/>\n\t<meta property=\"og:image:width\" content=\"414\" \/>\n\t<meta property=\"og:image:height\" content=\"414\" \/>\n\t<meta property=\"og:image:type\" content=\"image\/jpeg\" \/>\n<meta name=\"twitter:card\" content=\"summary_large_image\" \/>\n<meta name=\"twitter:label1\" content=\"Tiempo de lectura\" \/>\n\t<meta name=\"twitter:data1\" content=\"3 minutos\" \/>\n<script type=\"application\/ld+json\" class=\"yoast-schema-graph\">{\"@context\":\"https:\/\/schema.org\",\"@graph\":[{\"@type\":\"WebPage\",\"@id\":\"https:\/\/www.donornetworkwest.org\/es\/historias\/legado-de-la-donante-de-organos-karly-barker-continuado-por-su-amorosa-familia\/\",\"url\":\"https:\/\/www.donornetworkwest.org\/es\/historias\/legado-de-la-donante-de-organos-karly-barker-continuado-por-su-amorosa-familia\/\",\"name\":\"Legado de la donante de \u00f3rganos Karly Barker continuado por su amorosa familia - Donor Network West\",\"isPartOf\":{\"@id\":\"https:\/\/www.donornetworkwest.org\/es\/#website\"},\"primaryImageOfPage\":{\"@id\":\"https:\/\/www.donornetworkwest.org\/es\/historias\/legado-de-la-donante-de-organos-karly-barker-continuado-por-su-amorosa-familia\/#primaryimage\"},\"image\":{\"@id\":\"https:\/\/www.donornetworkwest.org\/es\/historias\/legado-de-la-donante-de-organos-karly-barker-continuado-por-su-amorosa-familia\/#primaryimage\"},\"thumbnailUrl\":\"https:\/\/www.donornetworkwest.org\/wp-content\/uploads\/2024\/11\/KarlyBarker-2-300x300.jpg\",\"datePublished\":\"2024-12-23T22:27:58+00:00\",\"dateModified\":\"2025-01-08T00:41:57+00:00\",\"breadcrumb\":{\"@id\":\"https:\/\/www.donornetworkwest.org\/es\/historias\/legado-de-la-donante-de-organos-karly-barker-continuado-por-su-amorosa-familia\/#breadcrumb\"},\"inLanguage\":\"es\",\"potentialAction\":[{\"@type\":\"ReadAction\",\"target\":[\"https:\/\/www.donornetworkwest.org\/es\/historias\/legado-de-la-donante-de-organos-karly-barker-continuado-por-su-amorosa-familia\/\"]}]},{\"@type\":\"ImageObject\",\"inLanguage\":\"es\",\"@id\":\"https:\/\/www.donornetworkwest.org\/es\/historias\/legado-de-la-donante-de-organos-karly-barker-continuado-por-su-amorosa-familia\/#primaryimage\",\"url\":\"https:\/\/www.donornetworkwest.org\/wp-content\/uploads\/2024\/11\/KarlyBarker-2-300x300.jpg\",\"contentUrl\":\"https:\/\/www.donornetworkwest.org\/wp-content\/uploads\/2024\/11\/KarlyBarker-2-300x300.jpg\"},{\"@type\":\"BreadcrumbList\",\"@id\":\"https:\/\/www.donornetworkwest.org\/es\/historias\/legado-de-la-donante-de-organos-karly-barker-continuado-por-su-amorosa-familia\/#breadcrumb\",\"itemListElement\":[{\"@type\":\"ListItem\",\"position\":1,\"name\":\"Home\",\"item\":\"https:\/\/www.donornetworkwest.org\/es\/\"},{\"@type\":\"ListItem\",\"position\":2,\"name\":\"Historias\",\"item\":\"https:\/\/www.donornetworkwest.org\/es\/historias\/\"},{\"@type\":\"ListItem\",\"position\":3,\"name\":\"Legado de la donante de \u00f3rganos Karly Barker continuado por su amorosa familia\"}]},{\"@type\":\"WebSite\",\"@id\":\"https:\/\/www.donornetworkwest.org\/es\/#website\",\"url\":\"https:\/\/www.donornetworkwest.org\/es\/\",\"name\":\"Donor Network West\",\"description\":\"\",\"potentialAction\":[{\"@type\":\"SearchAction\",\"target\":{\"@type\":\"EntryPoint\",\"urlTemplate\":\"https:\/\/www.donornetworkwest.org\/es\/?s={search_term_string}\"},\"query-input\":{\"@type\":\"PropertyValueSpecification\",\"valueRequired\":true,\"valueName\":\"search_term_string\"}}],\"inLanguage\":\"es\"}]}<\/script>\n<!-- \/ Yoast SEO Premium plugin. -->","yoast_head_json":{"title":"Legado de la donante de \u00f3rganos Karly Barker continuado por su amorosa familia - Donor Network West","robots":{"index":"index","follow":"follow","max-snippet":"max-snippet:-1","max-image-preview":"max-image-preview:large","max-video-preview":"max-video-preview:-1"},"canonical":"https:\/\/www.donornetworkwest.org\/es\/historias\/legado-de-la-donante-de-organos-karly-barker-continuado-por-su-amorosa-familia\/","og_locale":"es_ES","og_type":"article","og_title":"Legado de la donante de \u00f3rganos Karly Barker continuado por su amorosa familia","og_description":"Hilmar, Calif. (11 de Nov., 2024) \u2014 Karly Barker creci\u00f3 en Hilmar, California, y sonri\u00f3 durante toda su vida. Karly, bailarina desde siempre, animaba para Hilmar High y planeaba convertirse en pediatra. Antes de su segundo a\u00f1o en la Universidad de California, Merced, Karly decidi\u00f3 cambiar el rumbo de su carrera hacia la ense\u00f1anza, siguiendo [&hellip;]","og_url":"https:\/\/www.donornetworkwest.org\/es\/historias\/legado-de-la-donante-de-organos-karly-barker-continuado-por-su-amorosa-familia\/","og_site_name":"Donor Network West","article_modified_time":"2025-01-08T00:41:57+00:00","og_image":[{"width":414,"height":414,"url":"https:\/\/www.donornetworkwest.org\/es\/wp-content\/uploads\/sites\/3\/2024\/11\/KarlyBarker-2-2.jpg","type":"image\/jpeg"}],"twitter_card":"summary_large_image","twitter_misc":{"Tiempo de lectura":"3 minutos"},"schema":{"@context":"https:\/\/schema.org","@graph":[{"@type":"WebPage","@id":"https:\/\/www.donornetworkwest.org\/es\/historias\/legado-de-la-donante-de-organos-karly-barker-continuado-por-su-amorosa-familia\/","url":"https:\/\/www.donornetworkwest.org\/es\/historias\/legado-de-la-donante-de-organos-karly-barker-continuado-por-su-amorosa-familia\/","name":"Legado de la donante de \u00f3rganos Karly Barker continuado por su amorosa familia - Donor Network West","isPartOf":{"@id":"https:\/\/www.donornetworkwest.org\/es\/#website"},"primaryImageOfPage":{"@id":"https:\/\/www.donornetworkwest.org\/es\/historias\/legado-de-la-donante-de-organos-karly-barker-continuado-por-su-amorosa-familia\/#primaryimage"},"image":{"@id":"https:\/\/www.donornetworkwest.org\/es\/historias\/legado-de-la-donante-de-organos-karly-barker-continuado-por-su-amorosa-familia\/#primaryimage"},"thumbnailUrl":"https:\/\/www.donornetworkwest.org\/wp-content\/uploads\/2024\/11\/KarlyBarker-2-300x300.jpg","datePublished":"2024-12-23T22:27:58+00:00","dateModified":"2025-01-08T00:41:57+00:00","breadcrumb":{"@id":"https:\/\/www.donornetworkwest.org\/es\/historias\/legado-de-la-donante-de-organos-karly-barker-continuado-por-su-amorosa-familia\/#breadcrumb"},"inLanguage":"es","potentialAction":[{"@type":"ReadAction","target":["https:\/\/www.donornetworkwest.org\/es\/historias\/legado-de-la-donante-de-organos-karly-barker-continuado-por-su-amorosa-familia\/"]}]},{"@type":"ImageObject","inLanguage":"es","@id":"https:\/\/www.donornetworkwest.org\/es\/historias\/legado-de-la-donante-de-organos-karly-barker-continuado-por-su-amorosa-familia\/#primaryimage","url":"https:\/\/www.donornetworkwest.org\/wp-content\/uploads\/2024\/11\/KarlyBarker-2-300x300.jpg","contentUrl":"https:\/\/www.donornetworkwest.org\/wp-content\/uploads\/2024\/11\/KarlyBarker-2-300x300.jpg"},{"@type":"BreadcrumbList","@id":"https:\/\/www.donornetworkwest.org\/es\/historias\/legado-de-la-donante-de-organos-karly-barker-continuado-por-su-amorosa-familia\/#breadcrumb","itemListElement":[{"@type":"ListItem","position":1,"name":"Home","item":"https:\/\/www.donornetworkwest.org\/es\/"},{"@type":"ListItem","position":2,"name":"Historias","item":"https:\/\/www.donornetworkwest.org\/es\/historias\/"},{"@type":"ListItem","position":3,"name":"Legado de la donante de \u00f3rganos Karly Barker continuado por su amorosa familia"}]},{"@type":"WebSite","@id":"https:\/\/www.donornetworkwest.org\/es\/#website","url":"https:\/\/www.donornetworkwest.org\/es\/","name":"Donor Network West","description":"","potentialAction":[{"@type":"SearchAction","target":{"@type":"EntryPoint","urlTemplate":"https:\/\/www.donornetworkwest.org\/es\/?s={search_term_string}"},"query-input":{"@type":"PropertyValueSpecification","valueRequired":true,"valueName":"search_term_string"}}],"inLanguage":"es"}]}},"_links":{"self":[{"href":"https:\/\/www.donornetworkwest.org\/es\/wp-json\/wp\/v2\/pages\/3512","targetHints":{"allow":["GET"]}}],"collection":[{"href":"https:\/\/www.donornetworkwest.org\/es\/wp-json\/wp\/v2\/pages"}],"about":[{"href":"https:\/\/www.donornetworkwest.org\/es\/wp-json\/wp\/v2\/types\/page"}],"author":[{"embeddable":true,"href":"https:\/\/www.donornetworkwest.org\/es\/wp-json\/wp\/v2\/users\/1"}],"replies":[{"embeddable":true,"href":"https:\/\/www.donornetworkwest.org\/es\/wp-json\/wp\/v2\/comments?post=3512"}],"version-history":[{"count":0,"href":"https:\/\/www.donornetworkwest.org\/es\/wp-json\/wp\/v2\/pages\/3512\/revisions"}],"up":[{"embeddable":true,"href":"https:\/\/www.donornetworkwest.org\/es\/wp-json\/wp\/v2\/pages\/34"}],"wp:attachment":[{"href":"https:\/\/www.donornetworkwest.org\/es\/wp-json\/wp\/v2\/media?parent=3512"}],"curies":[{"name":"wp","href":"https:\/\/api.w.org\/{rel}","templated":true}]}}