{"id":3514,"date":"2024-12-23T22:45:28","date_gmt":"2024-12-23T22:45:28","guid":{"rendered":"https:\/\/www.donornetworkwest.org\/es\/?page_id=3514"},"modified":"2025-01-08T01:00:28","modified_gmt":"2025-01-08T01:00:28","slug":"madre-donante-en-vida-e-hijo-receptor-de-dos-trasplantes-celebran-una-salud-renovada-y-un-futuro-brillante","status":"publish","type":"page","link":"https:\/\/www.donornetworkwest.org\/es\/historias\/madre-donante-en-vida-e-hijo-receptor-de-dos-trasplantes-celebran-una-salud-renovada-y-un-futuro-brillante\/","title":{"rendered":"Madre donante en vida e hijo receptor de dos trasplantes celebran una salud renovada y un futuro brillante"},"content":{"rendered":"<p>Fresno, Calif. (5 de Nov., 2024) \u2014 Poco despu\u00e9s del nacimiento de Trevor Samson en Berkeley, California, en 1992, sus padres, Pennie y Kelly Samson, notaron que mostraba letargo y que no com\u00eda. Se le realiz\u00f3 una cirug\u00eda de exploraci\u00f3n a sus seis meses de edad para confirmar que ten\u00eda atresia biliar, un problema en infantes que hiere y cierra los conductos biliares y puede causar insuficiencia hep\u00e1tica.<\/p>\n<div id=\"attachment_3366\" style=\"width: 310px\" class=\"wp-caption alignleft\"><img fetchpriority=\"high\" decoding=\"async\" aria-describedby=\"caption-attachment-3366\" class=\"wp-image-3366 size-medium\" src=\"https:\/\/www.donornetworkwest.org\/es\/wp-content\/uploads\/sites\/3\/2024\/11\/Newborn-Trevor_Horizontal-2-300x208.jpg\" alt=\"\" width=\"300\" height=\"208\" srcset=\"https:\/\/www.donornetworkwest.org\/es\/wp-content\/uploads\/sites\/3\/2024\/11\/Newborn-Trevor_Horizontal-2-300x208.jpg 300w, https:\/\/www.donornetworkwest.org\/es\/wp-content\/uploads\/sites\/3\/2024\/11\/Newborn-Trevor_Horizontal-2-1024x709.jpg 1024w, https:\/\/www.donornetworkwest.org\/es\/wp-content\/uploads\/sites\/3\/2024\/11\/Newborn-Trevor_Horizontal-2-768x532.jpg 768w, https:\/\/www.donornetworkwest.org\/es\/wp-content\/uploads\/sites\/3\/2024\/11\/Newborn-Trevor_Horizontal-2.jpg 1070w\" sizes=\"(max-width: 300px) 100vw, 300px\" \/><p id=\"caption-attachment-3366\" class=\"wp-caption-text\">Pennie y Trevor<\/p><\/div>\n<p>Trevor necesitaba un trasplante de h\u00edgado, y a sus 10 meses, su madre don\u00f3 el 20% de su h\u00edgado a su hijo mediante donaci\u00f3n en vida. El trasplante le permiti\u00f3 a Trevor vivir y desarrollarse, y creci\u00f3 jugando varios deportes.<\/p>\n<p>Trevor se convirti\u00f3 en el placekicker del equipo de f\u00fatbol americano de su high school y luego cumpli\u00f3 su sue\u00f1o de jugar para el equipo de f\u00fatbol de Primera Divisi\u00f3n en la Universidad Brigham Young.<\/p>\n<p>Sin embargo, en el 2023 &#8211; tres d\u00e9cadas despu\u00e9s de su trasplante de h\u00edgado &#8211; Trevor se enferm\u00f3 de nuevo. Entr\u00f3 en la lista de espera en Junio del 2023, y recibi\u00f3 su regalo de la vida dentro de la semana.<\/p>\n<p>\u201cLa donaci\u00f3n de \u00f3rganos realmente salva vidas, y salvar\u00e1 much\u00edsimas m\u00e1s\u201d, dijo Trevor. \u201cSer receptor de un trasplante me hizo quien soy hoy, y estoy orgullosamente registrado para ser donante tambi\u00e9n\u201d.<\/p>\n<p>Desde su segundo trasplante, Trevor est\u00e1 prosperando. Es atl\u00e9tico, ama jugar al pickleball, y disfruta pasar tiempo con su sobrino de un a\u00f1o. Trevor est\u00e1 comprometido con su pareja, Sydney, y los dos esperan casarse en Diciembre del 2024.<\/p>\n<div id=\"attachment_3367\" style=\"width: 223px\" class=\"wp-caption alignright\"><img decoding=\"async\" aria-describedby=\"caption-attachment-3367\" class=\"wp-image-3367 size-medium\" src=\"https:\/\/www.donornetworkwest.org\/es\/wp-content\/uploads\/sites\/3\/2024\/11\/Trevor-and-Pennie-1-2-213x300.jpg\" alt=\"\" width=\"213\" height=\"300\" srcset=\"https:\/\/www.donornetworkwest.org\/es\/wp-content\/uploads\/sites\/3\/2024\/11\/Trevor-and-Pennie-1-2-213x300.jpg 213w, https:\/\/www.donornetworkwest.org\/es\/wp-content\/uploads\/sites\/3\/2024\/11\/Trevor-and-Pennie-1-2-726x1024.jpg 726w, https:\/\/www.donornetworkwest.org\/es\/wp-content\/uploads\/sites\/3\/2024\/11\/Trevor-and-Pennie-1-2-768x1083.jpg 768w, https:\/\/www.donornetworkwest.org\/es\/wp-content\/uploads\/sites\/3\/2024\/11\/Trevor-and-Pennie-1-2.jpg 1053w\" sizes=\"(max-width: 213px) 100vw, 213px\" \/><p id=\"caption-attachment-3367\" class=\"wp-caption-text\">Pennie y Trevor<\/p><\/div>\n<p>\u201cLos donantes de \u00f3rganos y sus familias muestran tanta generosidad\u201d, dijo Pennie. \u201cAdmiramos su capacidad de dar. Saber que el h\u00edgado de alguien m\u00e1s le est\u00e1 permitiendo vivir a mi hijo reafirma el poder de la donaci\u00f3n de \u00f3rganos\u201d.<\/p>\n<p>M\u00e1s de 100,000 personas esperan por un trasplante de \u00f3rgano que salven sus vidas a lo largo y ancho de los Estados Unidos, y un solo donante tiene el poder de salvar hasta ocho vidas mediante la donaci\u00f3n de \u00f3rganos.<\/p>\n<p>M\u00e1s informaci\u00f3n sobre la donaci\u00f3n de \u00f3rganos, ojos y tejidos <a href=\"https:\/\/www.donornetworkwest.org\/es\/acerca-de-la-donacion\/\">aqu\u00ed<\/a>.<\/p>\n","protected":false},"excerpt":{"rendered":"<p>Fresno, Calif. (5 de Nov., 2024) \u2014 Poco despu\u00e9s del nacimiento de Trevor Samson en Berkeley, California, en 1992, sus padres, Pennie y Kelly Samson, notaron que mostraba letargo y que no com\u00eda. Se le realiz\u00f3 una cirug\u00eda de exploraci\u00f3n a sus seis meses de edad para confirmar que ten\u00eda atresia biliar, un problema en [&hellip;]<\/p>\n","protected":false},"author":1,"featured_media":0,"parent":34,"menu_order":0,"comment_status":"closed","ping_status":"closed","template":"","meta":{"_acf_changed":false,"_trash_the_other_posts":false,"editor_notices":[],"footnotes":""},"class_list":["post-3514","page","type-page","status-publish","hentry"],"acf":[],"yoast_head":"<!-- This site is optimized with the Yoast SEO Premium plugin v27.4 (Yoast SEO v27.4) - https:\/\/yoast.com\/product\/yoast-seo-premium-wordpress\/ -->\n<title>Madre donante en vida e hijo receptor de dos trasplantes celebran una salud renovada y un futuro brillante - Donor Network West<\/title>\n<meta name=\"robots\" content=\"index, follow, max-snippet:-1, max-image-preview:large, max-video-preview:-1\" \/>\n<link rel=\"canonical\" href=\"https:\/\/www.donornetworkwest.org\/es\/historias\/madre-donante-en-vida-e-hijo-receptor-de-dos-trasplantes-celebran-una-salud-renovada-y-un-futuro-brillante\/\" \/>\n<meta property=\"og:locale\" content=\"es_ES\" \/>\n<meta property=\"og:type\" content=\"article\" \/>\n<meta property=\"og:title\" content=\"Madre donante en vida e hijo receptor de dos trasplantes celebran una salud renovada y un futuro brillante\" \/>\n<meta property=\"og:description\" content=\"Fresno, Calif. (5 de Nov., 2024) \u2014 Poco despu\u00e9s del nacimiento de Trevor Samson en Berkeley, California, en 1992, sus padres, Pennie y Kelly Samson, notaron que mostraba letargo y que no com\u00eda. Se le realiz\u00f3 una cirug\u00eda de exploraci\u00f3n a sus seis meses de edad para confirmar que ten\u00eda atresia biliar, un problema en [&hellip;]\" \/>\n<meta property=\"og:url\" content=\"https:\/\/www.donornetworkwest.org\/es\/historias\/madre-donante-en-vida-e-hijo-receptor-de-dos-trasplantes-celebran-una-salud-renovada-y-un-futuro-brillante\/\" \/>\n<meta property=\"og:site_name\" content=\"Donor Network West\" \/>\n<meta property=\"article:modified_time\" content=\"2025-01-08T01:00:28+00:00\" \/>\n<meta property=\"og:image\" content=\"https:\/\/www.donornetworkwest.org\/es\/wp-content\/uploads\/sites\/3\/2024\/11\/Newborn-Trevor_Horizontal-2.jpg\" \/>\n\t<meta property=\"og:image:width\" content=\"1070\" \/>\n\t<meta property=\"og:image:height\" content=\"741\" \/>\n\t<meta property=\"og:image:type\" content=\"image\/jpeg\" \/>\n<meta name=\"twitter:card\" content=\"summary_large_image\" \/>\n<meta name=\"twitter:label1\" content=\"Tiempo de lectura\" \/>\n\t<meta name=\"twitter:data1\" content=\"3 minutos\" \/>\n<script type=\"application\/ld+json\" class=\"yoast-schema-graph\">{\"@context\":\"https:\\\/\\\/schema.org\",\"@graph\":[{\"@type\":\"WebPage\",\"@id\":\"https:\\\/\\\/www.donornetworkwest.org\\\/es\\\/historias\\\/madre-donante-en-vida-e-hijo-receptor-de-dos-trasplantes-celebran-una-salud-renovada-y-un-futuro-brillante\\\/\",\"url\":\"https:\\\/\\\/www.donornetworkwest.org\\\/es\\\/historias\\\/madre-donante-en-vida-e-hijo-receptor-de-dos-trasplantes-celebran-una-salud-renovada-y-un-futuro-brillante\\\/\",\"name\":\"Madre donante en vida e hijo receptor de dos trasplantes celebran una salud renovada y un futuro brillante - Donor Network West\",\"isPartOf\":{\"@id\":\"https:\\\/\\\/www.donornetworkwest.org\\\/es\\\/#website\"},\"primaryImageOfPage\":{\"@id\":\"https:\\\/\\\/www.donornetworkwest.org\\\/es\\\/historias\\\/madre-donante-en-vida-e-hijo-receptor-de-dos-trasplantes-celebran-una-salud-renovada-y-un-futuro-brillante\\\/#primaryimage\"},\"image\":{\"@id\":\"https:\\\/\\\/www.donornetworkwest.org\\\/es\\\/historias\\\/madre-donante-en-vida-e-hijo-receptor-de-dos-trasplantes-celebran-una-salud-renovada-y-un-futuro-brillante\\\/#primaryimage\"},\"thumbnailUrl\":\"https:\\\/\\\/www.donornetworkwest.org\\\/es\\\/wp-content\\\/uploads\\\/sites\\\/3\\\/2024\\\/11\\\/Newborn-Trevor_Horizontal-2-300x208.jpg\",\"datePublished\":\"2024-12-23T22:45:28+00:00\",\"dateModified\":\"2025-01-08T01:00:28+00:00\",\"breadcrumb\":{\"@id\":\"https:\\\/\\\/www.donornetworkwest.org\\\/es\\\/historias\\\/madre-donante-en-vida-e-hijo-receptor-de-dos-trasplantes-celebran-una-salud-renovada-y-un-futuro-brillante\\\/#breadcrumb\"},\"inLanguage\":\"es\",\"potentialAction\":[{\"@type\":\"ReadAction\",\"target\":[\"https:\\\/\\\/www.donornetworkwest.org\\\/es\\\/historias\\\/madre-donante-en-vida-e-hijo-receptor-de-dos-trasplantes-celebran-una-salud-renovada-y-un-futuro-brillante\\\/\"]}]},{\"@type\":\"ImageObject\",\"inLanguage\":\"es\",\"@id\":\"https:\\\/\\\/www.donornetworkwest.org\\\/es\\\/historias\\\/madre-donante-en-vida-e-hijo-receptor-de-dos-trasplantes-celebran-una-salud-renovada-y-un-futuro-brillante\\\/#primaryimage\",\"url\":\"https:\\\/\\\/www.donornetworkwest.org\\\/es\\\/wp-content\\\/uploads\\\/sites\\\/3\\\/2024\\\/11\\\/Newborn-Trevor_Horizontal-2.jpg\",\"contentUrl\":\"https:\\\/\\\/www.donornetworkwest.org\\\/es\\\/wp-content\\\/uploads\\\/sites\\\/3\\\/2024\\\/11\\\/Newborn-Trevor_Horizontal-2.jpg\",\"width\":1070,\"height\":741},{\"@type\":\"BreadcrumbList\",\"@id\":\"https:\\\/\\\/www.donornetworkwest.org\\\/es\\\/historias\\\/madre-donante-en-vida-e-hijo-receptor-de-dos-trasplantes-celebran-una-salud-renovada-y-un-futuro-brillante\\\/#breadcrumb\",\"itemListElement\":[{\"@type\":\"ListItem\",\"position\":1,\"name\":\"Home\",\"item\":\"https:\\\/\\\/www.donornetworkwest.org\\\/es\\\/\"},{\"@type\":\"ListItem\",\"position\":2,\"name\":\"Historias\",\"item\":\"https:\\\/\\\/www.donornetworkwest.org\\\/es\\\/historias\\\/\"},{\"@type\":\"ListItem\",\"position\":3,\"name\":\"Madre donante en vida e hijo receptor de dos trasplantes celebran una salud renovada y un futuro brillante\"}]},{\"@type\":\"WebSite\",\"@id\":\"https:\\\/\\\/www.donornetworkwest.org\\\/es\\\/#website\",\"url\":\"https:\\\/\\\/www.donornetworkwest.org\\\/es\\\/\",\"name\":\"Donor Network West\",\"description\":\"\",\"potentialAction\":[{\"@type\":\"SearchAction\",\"target\":{\"@type\":\"EntryPoint\",\"urlTemplate\":\"https:\\\/\\\/www.donornetworkwest.org\\\/es\\\/?s={search_term_string}\"},\"query-input\":{\"@type\":\"PropertyValueSpecification\",\"valueRequired\":true,\"valueName\":\"search_term_string\"}}],\"inLanguage\":\"es\"}]}<\/script>\n<!-- \/ Yoast SEO Premium plugin. -->","yoast_head_json":{"title":"Madre donante en vida e hijo receptor de dos trasplantes celebran una salud renovada y un futuro brillante - Donor Network West","robots":{"index":"index","follow":"follow","max-snippet":"max-snippet:-1","max-image-preview":"max-image-preview:large","max-video-preview":"max-video-preview:-1"},"canonical":"https:\/\/www.donornetworkwest.org\/es\/historias\/madre-donante-en-vida-e-hijo-receptor-de-dos-trasplantes-celebran-una-salud-renovada-y-un-futuro-brillante\/","og_locale":"es_ES","og_type":"article","og_title":"Madre donante en vida e hijo receptor de dos trasplantes celebran una salud renovada y un futuro brillante","og_description":"Fresno, Calif. (5 de Nov., 2024) \u2014 Poco despu\u00e9s del nacimiento de Trevor Samson en Berkeley, California, en 1992, sus padres, Pennie y Kelly Samson, notaron que mostraba letargo y que no com\u00eda. Se le realiz\u00f3 una cirug\u00eda de exploraci\u00f3n a sus seis meses de edad para confirmar que ten\u00eda atresia biliar, un problema en [&hellip;]","og_url":"https:\/\/www.donornetworkwest.org\/es\/historias\/madre-donante-en-vida-e-hijo-receptor-de-dos-trasplantes-celebran-una-salud-renovada-y-un-futuro-brillante\/","og_site_name":"Donor Network West","article_modified_time":"2025-01-08T01:00:28+00:00","og_image":[{"width":1070,"height":741,"url":"https:\/\/www.donornetworkwest.org\/es\/wp-content\/uploads\/sites\/3\/2024\/11\/Newborn-Trevor_Horizontal-2.jpg","type":"image\/jpeg"}],"twitter_card":"summary_large_image","twitter_misc":{"Tiempo de lectura":"3 minutos"},"schema":{"@context":"https:\/\/schema.org","@graph":[{"@type":"WebPage","@id":"https:\/\/www.donornetworkwest.org\/es\/historias\/madre-donante-en-vida-e-hijo-receptor-de-dos-trasplantes-celebran-una-salud-renovada-y-un-futuro-brillante\/","url":"https:\/\/www.donornetworkwest.org\/es\/historias\/madre-donante-en-vida-e-hijo-receptor-de-dos-trasplantes-celebran-una-salud-renovada-y-un-futuro-brillante\/","name":"Madre donante en vida e hijo receptor de dos trasplantes celebran una salud renovada y un futuro brillante - Donor Network West","isPartOf":{"@id":"https:\/\/www.donornetworkwest.org\/es\/#website"},"primaryImageOfPage":{"@id":"https:\/\/www.donornetworkwest.org\/es\/historias\/madre-donante-en-vida-e-hijo-receptor-de-dos-trasplantes-celebran-una-salud-renovada-y-un-futuro-brillante\/#primaryimage"},"image":{"@id":"https:\/\/www.donornetworkwest.org\/es\/historias\/madre-donante-en-vida-e-hijo-receptor-de-dos-trasplantes-celebran-una-salud-renovada-y-un-futuro-brillante\/#primaryimage"},"thumbnailUrl":"https:\/\/www.donornetworkwest.org\/es\/wp-content\/uploads\/sites\/3\/2024\/11\/Newborn-Trevor_Horizontal-2-300x208.jpg","datePublished":"2024-12-23T22:45:28+00:00","dateModified":"2025-01-08T01:00:28+00:00","breadcrumb":{"@id":"https:\/\/www.donornetworkwest.org\/es\/historias\/madre-donante-en-vida-e-hijo-receptor-de-dos-trasplantes-celebran-una-salud-renovada-y-un-futuro-brillante\/#breadcrumb"},"inLanguage":"es","potentialAction":[{"@type":"ReadAction","target":["https:\/\/www.donornetworkwest.org\/es\/historias\/madre-donante-en-vida-e-hijo-receptor-de-dos-trasplantes-celebran-una-salud-renovada-y-un-futuro-brillante\/"]}]},{"@type":"ImageObject","inLanguage":"es","@id":"https:\/\/www.donornetworkwest.org\/es\/historias\/madre-donante-en-vida-e-hijo-receptor-de-dos-trasplantes-celebran-una-salud-renovada-y-un-futuro-brillante\/#primaryimage","url":"https:\/\/www.donornetworkwest.org\/es\/wp-content\/uploads\/sites\/3\/2024\/11\/Newborn-Trevor_Horizontal-2.jpg","contentUrl":"https:\/\/www.donornetworkwest.org\/es\/wp-content\/uploads\/sites\/3\/2024\/11\/Newborn-Trevor_Horizontal-2.jpg","width":1070,"height":741},{"@type":"BreadcrumbList","@id":"https:\/\/www.donornetworkwest.org\/es\/historias\/madre-donante-en-vida-e-hijo-receptor-de-dos-trasplantes-celebran-una-salud-renovada-y-un-futuro-brillante\/#breadcrumb","itemListElement":[{"@type":"ListItem","position":1,"name":"Home","item":"https:\/\/www.donornetworkwest.org\/es\/"},{"@type":"ListItem","position":2,"name":"Historias","item":"https:\/\/www.donornetworkwest.org\/es\/historias\/"},{"@type":"ListItem","position":3,"name":"Madre donante en vida e hijo receptor de dos trasplantes celebran una salud renovada y un futuro brillante"}]},{"@type":"WebSite","@id":"https:\/\/www.donornetworkwest.org\/es\/#website","url":"https:\/\/www.donornetworkwest.org\/es\/","name":"Donor Network West","description":"","potentialAction":[{"@type":"SearchAction","target":{"@type":"EntryPoint","urlTemplate":"https:\/\/www.donornetworkwest.org\/es\/?s={search_term_string}"},"query-input":{"@type":"PropertyValueSpecification","valueRequired":true,"valueName":"search_term_string"}}],"inLanguage":"es"}]}},"_links":{"self":[{"href":"https:\/\/www.donornetworkwest.org\/es\/wp-json\/wp\/v2\/pages\/3514","targetHints":{"allow":["GET"]}}],"collection":[{"href":"https:\/\/www.donornetworkwest.org\/es\/wp-json\/wp\/v2\/pages"}],"about":[{"href":"https:\/\/www.donornetworkwest.org\/es\/wp-json\/wp\/v2\/types\/page"}],"author":[{"embeddable":true,"href":"https:\/\/www.donornetworkwest.org\/es\/wp-json\/wp\/v2\/users\/1"}],"replies":[{"embeddable":true,"href":"https:\/\/www.donornetworkwest.org\/es\/wp-json\/wp\/v2\/comments?post=3514"}],"version-history":[{"count":0,"href":"https:\/\/www.donornetworkwest.org\/es\/wp-json\/wp\/v2\/pages\/3514\/revisions"}],"up":[{"embeddable":true,"href":"https:\/\/www.donornetworkwest.org\/es\/wp-json\/wp\/v2\/pages\/34"}],"wp:attachment":[{"href":"https:\/\/www.donornetworkwest.org\/es\/wp-json\/wp\/v2\/media?parent=3514"}],"curies":[{"name":"wp","href":"https:\/\/api.w.org\/{rel}","templated":true}]}}