{"id":3516,"date":"2024-12-23T23:24:47","date_gmt":"2024-12-23T23:24:47","guid":{"rendered":"https:\/\/www.donornetworkwest.org\/es\/?page_id=3516"},"modified":"2025-01-08T01:08:20","modified_gmt":"2025-01-08T01:08:20","slug":"receptora-de-trasplante-de-higado-y-abuela-de-seis-celebra-su-segunda-oportunidad-para-vivir","status":"publish","type":"page","link":"https:\/\/www.donornetworkwest.org\/es\/historias\/receptora-de-trasplante-de-higado-y-abuela-de-seis-celebra-su-segunda-oportunidad-para-vivir\/","title":{"rendered":"Receptora de trasplante de h\u00edgado y abuela de seis celebra su segunda oportunidad para vivir"},"content":{"rendered":"<p><b>Clovis, Calif. (29 de Oct., 2024) \u2014<\/b><span style=\"font-weight: 400;\"> Karen Pierce, residente de Clovis, California, fue al m\u00e9dico en julio del 2023 luego de tener problemas de hinchaz\u00f3n. En solo cuatro meses, fue diagnosticada con cirrosis y enfermedad por h\u00edgado graso, y fue trasladada a la Universidad de San Francisco para tratamiento adicional.<\/span><\/p>\n<div id=\"attachment_3351\" style=\"width: 235px\" class=\"wp-caption alignleft\"><img fetchpriority=\"high\" decoding=\"async\" aria-describedby=\"caption-attachment-3351\" class=\"wp-image-3351 size-medium\" src=\"https:\/\/www.donornetworkwest.org\/es\/wp-content\/uploads\/sites\/3\/2024\/10\/Karen-and-her-husband_portrait-1-1-225x300.jpg\" alt=\"Karen Pierce, liver transplant recipient, and her husband, Ty\" width=\"225\" height=\"300\" srcset=\"https:\/\/www.donornetworkwest.org\/es\/wp-content\/uploads\/sites\/3\/2024\/10\/Karen-and-her-husband_portrait-1-1-225x300.jpg 225w, https:\/\/www.donornetworkwest.org\/es\/wp-content\/uploads\/sites\/3\/2024\/10\/Karen-and-her-husband_portrait-1-1-768x1024.jpg 768w, https:\/\/www.donornetworkwest.org\/es\/wp-content\/uploads\/sites\/3\/2024\/10\/Karen-and-her-husband_portrait-1-1-1152x1536.jpg 1152w, https:\/\/www.donornetworkwest.org\/es\/wp-content\/uploads\/sites\/3\/2024\/10\/Karen-and-her-husband_portrait-1-1.jpg 1536w\" sizes=\"(max-width: 225px) 100vw, 225px\" \/><p id=\"caption-attachment-3351\" class=\"wp-caption-text\">Karen Pierce y esposo, Ty.<\/p><\/div>\n<p><span style=\"font-weight: 400;\">Karen entr\u00f3 en la lista de espera de trasplantes el d\u00eda anterior al D\u00eda de Acci\u00f3n de Gracias, el 22 de Noviembre del 2023. Al d\u00eda siguiente, mientras celebraba con su familia en el hospital, le informaron que hab\u00eda un h\u00edgado disponible para un trasplante que le salvar\u00eda la vida.<\/span><\/p>\n<p><span style=\"font-weight: 400;\">Desde el trasplante, Karen disfruta acompa\u00f1ando a sus seis nietos de entre 3 y 14 a\u00f1os a sus eventos deportivos. Tambi\u00e9n est\u00e1 muy involucrada en su iglesia, y anhela volver a jugar al golf. Le entusiasma seguir viajando junto a su esposo Ty.<\/span><\/p>\n<p><span style=\"font-weight: 400;\">\u201cLa donaci\u00f3n de \u00f3rganos me dio una nueva vida en la que puedo estar junto a mi familia y nietos\u201d, dijo Karen. \u201cCompartir el regalo de la vida con alguien es una oportunidad incre\u00edble\u201d.<\/span><\/p>\n<p><span style=\"font-weight: 400;\">Poco despu\u00e9s del trasplante de Karen, ella y su familia escribieron cartas de agradecimiento a la familia del donante. Los Pierce quedaron encantados al recibir una respuesta, y Karen espera poder ponerse en contacto con la familia de su donante en el futuro.<\/span><\/p>\n<p><span style=\"font-weight: 400;\">\u201cSiempre fui donante, pero pasar por todo esto me ha hecho una mayor defensora\u201d, dijo Karen. \u201cAlentar\u00eda a todos y todas a ser donantes\u201d.<\/span><\/p>\n<p><span style=\"font-weight: 400;\">En el 2023 se realizaron m\u00e1s de 46,000 trasplantes en los Estados Unidos gracias a la generosidad de los donantes de \u00f3rganos. Un solo donante puede salvar hasta ocho vidas mediante la donaci\u00f3n de \u00f3rganos. M\u00e1s informaci\u00f3n sobre la donaci\u00f3n de \u00f3rganos, ojos y tejidos <\/span><a href=\"https:\/\/www.donornetworkwest.org\/es\/acerca-de-la-donacion\/\"><span style=\"font-weight: 400;\">aqu\u00ed<\/span><\/a><span style=\"font-weight: 400;\">.<\/span><\/p>\n","protected":false},"excerpt":{"rendered":"<p>Clovis, Calif. (29 de Oct., 2024) \u2014 Karen Pierce, residente de Clovis, California, fue al m\u00e9dico en julio del 2023 luego de tener problemas de hinchaz\u00f3n. En solo cuatro meses, fue diagnosticada con cirrosis y enfermedad por h\u00edgado graso, y fue trasladada a la Universidad de San Francisco para tratamiento adicional. Karen entr\u00f3 en la [&hellip;]<\/p>\n","protected":false},"author":1,"featured_media":0,"parent":34,"menu_order":0,"comment_status":"closed","ping_status":"closed","template":"","meta":{"_acf_changed":false,"_trash_the_other_posts":false,"editor_notices":[],"footnotes":""},"class_list":["post-3516","page","type-page","status-publish","hentry"],"acf":[],"yoast_head":"<!-- This site is optimized with the Yoast SEO Premium plugin v27.4 (Yoast SEO v27.4) - https:\/\/yoast.com\/product\/yoast-seo-premium-wordpress\/ -->\n<title>Receptora de trasplante de h\u00edgado y abuela de seis celebra su segunda oportunidad para vivir - Donor Network West<\/title>\n<meta name=\"robots\" content=\"index, follow, max-snippet:-1, max-image-preview:large, max-video-preview:-1\" \/>\n<link rel=\"canonical\" href=\"https:\/\/www.donornetworkwest.org\/es\/historias\/receptora-de-trasplante-de-higado-y-abuela-de-seis-celebra-su-segunda-oportunidad-para-vivir\/\" \/>\n<meta property=\"og:locale\" content=\"es_ES\" \/>\n<meta property=\"og:type\" content=\"article\" \/>\n<meta property=\"og:title\" content=\"Receptora de trasplante de h\u00edgado y abuela de seis celebra su segunda oportunidad para vivir\" \/>\n<meta property=\"og:description\" content=\"Clovis, Calif. (29 de Oct., 2024) \u2014 Karen Pierce, residente de Clovis, California, fue al m\u00e9dico en julio del 2023 luego de tener problemas de hinchaz\u00f3n. En solo cuatro meses, fue diagnosticada con cirrosis y enfermedad por h\u00edgado graso, y fue trasladada a la Universidad de San Francisco para tratamiento adicional. Karen entr\u00f3 en la [&hellip;]\" \/>\n<meta property=\"og:url\" content=\"https:\/\/www.donornetworkwest.org\/es\/historias\/receptora-de-trasplante-de-higado-y-abuela-de-seis-celebra-su-segunda-oportunidad-para-vivir\/\" \/>\n<meta property=\"og:site_name\" content=\"Donor Network West\" \/>\n<meta property=\"article:modified_time\" content=\"2025-01-08T01:08:20+00:00\" \/>\n<meta property=\"og:image\" content=\"https:\/\/www.donornetworkwest.org\/es\/wp-content\/uploads\/sites\/3\/2024\/10\/Karen-and-her-husband_portrait-1-1.jpg\" \/>\n\t<meta property=\"og:image:width\" content=\"1536\" \/>\n\t<meta property=\"og:image:height\" content=\"2048\" \/>\n\t<meta property=\"og:image:type\" content=\"image\/jpeg\" \/>\n<meta name=\"twitter:card\" content=\"summary_large_image\" \/>\n<meta name=\"twitter:label1\" content=\"Tiempo de lectura\" \/>\n\t<meta name=\"twitter:data1\" content=\"2 minutos\" \/>\n<script type=\"application\/ld+json\" class=\"yoast-schema-graph\">{\"@context\":\"https:\\\/\\\/schema.org\",\"@graph\":[{\"@type\":\"WebPage\",\"@id\":\"https:\\\/\\\/www.donornetworkwest.org\\\/es\\\/historias\\\/receptora-de-trasplante-de-higado-y-abuela-de-seis-celebra-su-segunda-oportunidad-para-vivir\\\/\",\"url\":\"https:\\\/\\\/www.donornetworkwest.org\\\/es\\\/historias\\\/receptora-de-trasplante-de-higado-y-abuela-de-seis-celebra-su-segunda-oportunidad-para-vivir\\\/\",\"name\":\"Receptora de trasplante de h\u00edgado y abuela de seis celebra su segunda oportunidad para vivir - Donor Network West\",\"isPartOf\":{\"@id\":\"https:\\\/\\\/www.donornetworkwest.org\\\/es\\\/#website\"},\"primaryImageOfPage\":{\"@id\":\"https:\\\/\\\/www.donornetworkwest.org\\\/es\\\/historias\\\/receptora-de-trasplante-de-higado-y-abuela-de-seis-celebra-su-segunda-oportunidad-para-vivir\\\/#primaryimage\"},\"image\":{\"@id\":\"https:\\\/\\\/www.donornetworkwest.org\\\/es\\\/historias\\\/receptora-de-trasplante-de-higado-y-abuela-de-seis-celebra-su-segunda-oportunidad-para-vivir\\\/#primaryimage\"},\"thumbnailUrl\":\"https:\\\/\\\/www.donornetworkwest.org\\\/es\\\/wp-content\\\/uploads\\\/sites\\\/3\\\/2024\\\/10\\\/Karen-and-her-husband_portrait-1-1-225x300.jpg\",\"datePublished\":\"2024-12-23T23:24:47+00:00\",\"dateModified\":\"2025-01-08T01:08:20+00:00\",\"breadcrumb\":{\"@id\":\"https:\\\/\\\/www.donornetworkwest.org\\\/es\\\/historias\\\/receptora-de-trasplante-de-higado-y-abuela-de-seis-celebra-su-segunda-oportunidad-para-vivir\\\/#breadcrumb\"},\"inLanguage\":\"es\",\"potentialAction\":[{\"@type\":\"ReadAction\",\"target\":[\"https:\\\/\\\/www.donornetworkwest.org\\\/es\\\/historias\\\/receptora-de-trasplante-de-higado-y-abuela-de-seis-celebra-su-segunda-oportunidad-para-vivir\\\/\"]}]},{\"@type\":\"ImageObject\",\"inLanguage\":\"es\",\"@id\":\"https:\\\/\\\/www.donornetworkwest.org\\\/es\\\/historias\\\/receptora-de-trasplante-de-higado-y-abuela-de-seis-celebra-su-segunda-oportunidad-para-vivir\\\/#primaryimage\",\"url\":\"https:\\\/\\\/www.donornetworkwest.org\\\/es\\\/wp-content\\\/uploads\\\/sites\\\/3\\\/2024\\\/10\\\/Karen-and-her-husband_portrait-1-1.jpg\",\"contentUrl\":\"https:\\\/\\\/www.donornetworkwest.org\\\/es\\\/wp-content\\\/uploads\\\/sites\\\/3\\\/2024\\\/10\\\/Karen-and-her-husband_portrait-1-1.jpg\",\"width\":1536,\"height\":2048,\"caption\":\"Karen Pierce, liver transplant recipient, and her husband, Ty\"},{\"@type\":\"BreadcrumbList\",\"@id\":\"https:\\\/\\\/www.donornetworkwest.org\\\/es\\\/historias\\\/receptora-de-trasplante-de-higado-y-abuela-de-seis-celebra-su-segunda-oportunidad-para-vivir\\\/#breadcrumb\",\"itemListElement\":[{\"@type\":\"ListItem\",\"position\":1,\"name\":\"Home\",\"item\":\"https:\\\/\\\/www.donornetworkwest.org\\\/es\\\/\"},{\"@type\":\"ListItem\",\"position\":2,\"name\":\"Historias\",\"item\":\"https:\\\/\\\/www.donornetworkwest.org\\\/es\\\/historias\\\/\"},{\"@type\":\"ListItem\",\"position\":3,\"name\":\"Receptora de trasplante de h\u00edgado y abuela de seis celebra su segunda oportunidad para vivir\"}]},{\"@type\":\"WebSite\",\"@id\":\"https:\\\/\\\/www.donornetworkwest.org\\\/es\\\/#website\",\"url\":\"https:\\\/\\\/www.donornetworkwest.org\\\/es\\\/\",\"name\":\"Donor Network West\",\"description\":\"\",\"potentialAction\":[{\"@type\":\"SearchAction\",\"target\":{\"@type\":\"EntryPoint\",\"urlTemplate\":\"https:\\\/\\\/www.donornetworkwest.org\\\/es\\\/?s={search_term_string}\"},\"query-input\":{\"@type\":\"PropertyValueSpecification\",\"valueRequired\":true,\"valueName\":\"search_term_string\"}}],\"inLanguage\":\"es\"}]}<\/script>\n<!-- \/ Yoast SEO Premium plugin. -->","yoast_head_json":{"title":"Receptora de trasplante de h\u00edgado y abuela de seis celebra su segunda oportunidad para vivir - Donor Network West","robots":{"index":"index","follow":"follow","max-snippet":"max-snippet:-1","max-image-preview":"max-image-preview:large","max-video-preview":"max-video-preview:-1"},"canonical":"https:\/\/www.donornetworkwest.org\/es\/historias\/receptora-de-trasplante-de-higado-y-abuela-de-seis-celebra-su-segunda-oportunidad-para-vivir\/","og_locale":"es_ES","og_type":"article","og_title":"Receptora de trasplante de h\u00edgado y abuela de seis celebra su segunda oportunidad para vivir","og_description":"Clovis, Calif. (29 de Oct., 2024) \u2014 Karen Pierce, residente de Clovis, California, fue al m\u00e9dico en julio del 2023 luego de tener problemas de hinchaz\u00f3n. En solo cuatro meses, fue diagnosticada con cirrosis y enfermedad por h\u00edgado graso, y fue trasladada a la Universidad de San Francisco para tratamiento adicional. Karen entr\u00f3 en la [&hellip;]","og_url":"https:\/\/www.donornetworkwest.org\/es\/historias\/receptora-de-trasplante-de-higado-y-abuela-de-seis-celebra-su-segunda-oportunidad-para-vivir\/","og_site_name":"Donor Network West","article_modified_time":"2025-01-08T01:08:20+00:00","og_image":[{"width":1536,"height":2048,"url":"https:\/\/www.donornetworkwest.org\/es\/wp-content\/uploads\/sites\/3\/2024\/10\/Karen-and-her-husband_portrait-1-1.jpg","type":"image\/jpeg"}],"twitter_card":"summary_large_image","twitter_misc":{"Tiempo de lectura":"2 minutos"},"schema":{"@context":"https:\/\/schema.org","@graph":[{"@type":"WebPage","@id":"https:\/\/www.donornetworkwest.org\/es\/historias\/receptora-de-trasplante-de-higado-y-abuela-de-seis-celebra-su-segunda-oportunidad-para-vivir\/","url":"https:\/\/www.donornetworkwest.org\/es\/historias\/receptora-de-trasplante-de-higado-y-abuela-de-seis-celebra-su-segunda-oportunidad-para-vivir\/","name":"Receptora de trasplante de h\u00edgado y abuela de seis celebra su segunda oportunidad para vivir - Donor Network West","isPartOf":{"@id":"https:\/\/www.donornetworkwest.org\/es\/#website"},"primaryImageOfPage":{"@id":"https:\/\/www.donornetworkwest.org\/es\/historias\/receptora-de-trasplante-de-higado-y-abuela-de-seis-celebra-su-segunda-oportunidad-para-vivir\/#primaryimage"},"image":{"@id":"https:\/\/www.donornetworkwest.org\/es\/historias\/receptora-de-trasplante-de-higado-y-abuela-de-seis-celebra-su-segunda-oportunidad-para-vivir\/#primaryimage"},"thumbnailUrl":"https:\/\/www.donornetworkwest.org\/es\/wp-content\/uploads\/sites\/3\/2024\/10\/Karen-and-her-husband_portrait-1-1-225x300.jpg","datePublished":"2024-12-23T23:24:47+00:00","dateModified":"2025-01-08T01:08:20+00:00","breadcrumb":{"@id":"https:\/\/www.donornetworkwest.org\/es\/historias\/receptora-de-trasplante-de-higado-y-abuela-de-seis-celebra-su-segunda-oportunidad-para-vivir\/#breadcrumb"},"inLanguage":"es","potentialAction":[{"@type":"ReadAction","target":["https:\/\/www.donornetworkwest.org\/es\/historias\/receptora-de-trasplante-de-higado-y-abuela-de-seis-celebra-su-segunda-oportunidad-para-vivir\/"]}]},{"@type":"ImageObject","inLanguage":"es","@id":"https:\/\/www.donornetworkwest.org\/es\/historias\/receptora-de-trasplante-de-higado-y-abuela-de-seis-celebra-su-segunda-oportunidad-para-vivir\/#primaryimage","url":"https:\/\/www.donornetworkwest.org\/es\/wp-content\/uploads\/sites\/3\/2024\/10\/Karen-and-her-husband_portrait-1-1.jpg","contentUrl":"https:\/\/www.donornetworkwest.org\/es\/wp-content\/uploads\/sites\/3\/2024\/10\/Karen-and-her-husband_portrait-1-1.jpg","width":1536,"height":2048,"caption":"Karen Pierce, liver transplant recipient, and her husband, Ty"},{"@type":"BreadcrumbList","@id":"https:\/\/www.donornetworkwest.org\/es\/historias\/receptora-de-trasplante-de-higado-y-abuela-de-seis-celebra-su-segunda-oportunidad-para-vivir\/#breadcrumb","itemListElement":[{"@type":"ListItem","position":1,"name":"Home","item":"https:\/\/www.donornetworkwest.org\/es\/"},{"@type":"ListItem","position":2,"name":"Historias","item":"https:\/\/www.donornetworkwest.org\/es\/historias\/"},{"@type":"ListItem","position":3,"name":"Receptora de trasplante de h\u00edgado y abuela de seis celebra su segunda oportunidad para vivir"}]},{"@type":"WebSite","@id":"https:\/\/www.donornetworkwest.org\/es\/#website","url":"https:\/\/www.donornetworkwest.org\/es\/","name":"Donor Network West","description":"","potentialAction":[{"@type":"SearchAction","target":{"@type":"EntryPoint","urlTemplate":"https:\/\/www.donornetworkwest.org\/es\/?s={search_term_string}"},"query-input":{"@type":"PropertyValueSpecification","valueRequired":true,"valueName":"search_term_string"}}],"inLanguage":"es"}]}},"_links":{"self":[{"href":"https:\/\/www.donornetworkwest.org\/es\/wp-json\/wp\/v2\/pages\/3516","targetHints":{"allow":["GET"]}}],"collection":[{"href":"https:\/\/www.donornetworkwest.org\/es\/wp-json\/wp\/v2\/pages"}],"about":[{"href":"https:\/\/www.donornetworkwest.org\/es\/wp-json\/wp\/v2\/types\/page"}],"author":[{"embeddable":true,"href":"https:\/\/www.donornetworkwest.org\/es\/wp-json\/wp\/v2\/users\/1"}],"replies":[{"embeddable":true,"href":"https:\/\/www.donornetworkwest.org\/es\/wp-json\/wp\/v2\/comments?post=3516"}],"version-history":[{"count":0,"href":"https:\/\/www.donornetworkwest.org\/es\/wp-json\/wp\/v2\/pages\/3516\/revisions"}],"up":[{"embeddable":true,"href":"https:\/\/www.donornetworkwest.org\/es\/wp-json\/wp\/v2\/pages\/34"}],"wp:attachment":[{"href":"https:\/\/www.donornetworkwest.org\/es\/wp-json\/wp\/v2\/media?parent=3516"}],"curies":[{"name":"wp","href":"https:\/\/api.w.org\/{rel}","templated":true}]}}