{"id":3517,"date":"2024-12-23T23:38:05","date_gmt":"2024-12-23T23:38:05","guid":{"rendered":"https:\/\/www.donornetworkwest.org\/es\/?page_id=3517"},"modified":"2025-01-08T01:11:02","modified_gmt":"2025-01-08T01:11:02","slug":"joven-padre-de-oakland-dio-el-regalo-de-la-vida","status":"publish","type":"page","link":"https:\/\/www.donornetworkwest.org\/es\/historias\/joven-padre-de-oakland-dio-el-regalo-de-la-vida\/","title":{"rendered":"J\u00f3ven padre de Oakland di\u00f3 el regalo de la vida &#8211; ahora su madre honra su pasi\u00f3n por la literatura con iniciativa educativa"},"content":{"rendered":"<p><img fetchpriority=\"high\" decoding=\"async\" class=\"alignleft size-medium wp-image-3394\" src=\"https:\/\/www.donornetworkwest.org\/wp-content\/uploads\/2024\/11\/TheresaThompson-MarcusAngeloBryant-225x300.jpg\" alt=\"Theresa Thompson and her son, Marcus Angelo Bryant\" width=\"225\" height=\"300\" \/><\/p>\n<p><b>Oakland, Calif. (14 de Nov., 2024) \u2014<\/b><span style=\"font-weight: 400;\"> Una vez que Marcus Angelo Bryant aprendi\u00f3 a leer, ley\u00f3 de todo; la literatura de importantes autores afroamericanos como Marcus Garvey y Malcolm X le inculcaron una sed de conocimiento y una pasi\u00f3n por brindarse a otros. En el 2023, el padre de tres decidi\u00f3 avanzar su educaci\u00f3n y se inscribi\u00f3 al Laney College, listo para empezar otro cap\u00edtulo de su vida luego de tantas adversidades.<\/span><\/p>\n<p><span style=\"font-weight: 400;\">En octubre del 2023, antes que pudiera comenzar sus estudios, Marcus fue hospitalizado. Falleci\u00f3 poco despu\u00e9s, rodeado de sus hermanos, amigos y familia. Donor Network West facilit\u00f3 la donaci\u00f3n de su coraz\u00f3n, ri\u00f1ones, pulmones e h\u00edgado, que salvaron la vida de cinco personas en la lista de espera de trasplantes de \u00f3rganos nacional.<\/span><\/p>\n<p><span style=\"font-weight: 400;\">\u201cMarcus era una persona incre\u00edble, impact\u00f3 en la vida de tanta gente\u201d, dijo Theresa Thompson, la madre de Marcus. \u201cEra gentil, amable, y amaba conversar con cualquier persona. Era el alma de nuestra familia\u201d.<\/span><\/p>\n<p><span style=\"font-weight: 400;\">En honor al legado de generosidad y el amor de su hijo por la lectura, Theresa conform\u00f3 <\/span><a href=\"https:\/\/www.wetheresaskids.org\/about-1\"><span style=\"font-weight: 400;\">Los Ni\u00f1os de Theresa<\/span><\/a><span style=\"font-weight: 400;\">, una organizaci\u00f3n que apunta a fomentar la excelencia literaria en la juventud citadina ense\u00f1ando a leer, escribir, y entender poes\u00eda. Theresa se gradu\u00f3 con honores de una licenciatura en Ingl\u00e9s (English degree), y se encuentra actualmente cursando en la Universidad de San Francisco para conseguir sus credenciales para dar clases, encarnando la pasi\u00f3n de su hijo por la educaci\u00f3n.<\/span><\/p>\n<p><img decoding=\"async\" class=\"size-medium wp-image-3395 alignright\" src=\"https:\/\/www.donornetworkwest.org\/wp-content\/uploads\/2024\/11\/Marcus-Angelo-Bryant-children-1-132x300.jpg\" alt=\"Marcus Angelo Bryant and his three children\" width=\"132\" height=\"300\" \/><\/p>\n<p><span style=\"font-weight: 400;\">\u201cMarcus salv\u00f3 cinco vidas mediante la donaci\u00f3n de \u00f3rganos\u201d, dijo Theresa. \u201cY, a trav\u00e9s de Los Ni\u00f1os de Theresa, est\u00e1 salvando muchas vidas m\u00e1s ayudando a j\u00f3venes del centro urbano a ir a la universidad\u201d.<\/span><\/p>\n<p><span style=\"font-weight: 400;\">Marcus es uno de tantos her\u00f3icos donadores de \u00f3rganos que deciden dar a otros el regalo de la vida. Un solo donante puede salvar hasta ocho vidas mediante la donaci\u00f3n de \u00f3rganos, y m\u00e1s de 10,000 a lo largo y ancho del \u00e1rea de servicio de Donor Network West esperan trasplantes de \u00f3rganos que salven sus vidas.\u00a0<\/span><\/p>\n<p><strong><span style=\"font-weight: 400;\">M\u00e1s informaci\u00f3n sobre la donaci\u00f3n de \u00f3rganos, ojos y tejidos <\/span><a href=\"https:\/\/www.donornetworkwest.org\/es\/acerca-de-la-donacion\/\"><span style=\"font-weight: 400;\">aqu\u00ed<\/span><\/a><span style=\"font-weight: 400;\">.<\/span><\/strong><\/p>\n","protected":false},"excerpt":{"rendered":"<p>Oakland, Calif. (14 de Nov., 2024) \u2014 Una vez que Marcus Angelo Bryant aprendi\u00f3 a leer, ley\u00f3 de todo; la literatura de importantes autores afroamericanos como Marcus Garvey y Malcolm X le inculcaron una sed de conocimiento y una pasi\u00f3n por brindarse a otros. En el 2023, el padre de tres decidi\u00f3 avanzar su educaci\u00f3n [&hellip;]<\/p>\n","protected":false},"author":1,"featured_media":0,"parent":34,"menu_order":0,"comment_status":"closed","ping_status":"closed","template":"","meta":{"_acf_changed":false,"_trash_the_other_posts":false,"editor_notices":[],"footnotes":""},"class_list":["post-3517","page","type-page","status-publish","hentry"],"acf":[],"yoast_head":"<!-- This site is optimized with the Yoast SEO Premium plugin v27.4 (Yoast SEO v27.4) - https:\/\/yoast.com\/product\/yoast-seo-premium-wordpress\/ -->\n<title>J\u00f3ven padre de Oakland di\u00f3 el regalo de la vida - Donor Network West<\/title>\n<meta name=\"robots\" content=\"index, follow, max-snippet:-1, max-image-preview:large, max-video-preview:-1\" \/>\n<link rel=\"canonical\" href=\"https:\/\/www.donornetworkwest.org\/es\/historias\/joven-padre-de-oakland-dio-el-regalo-de-la-vida\/\" \/>\n<meta property=\"og:locale\" content=\"es_ES\" \/>\n<meta property=\"og:type\" content=\"article\" \/>\n<meta property=\"og:title\" content=\"J\u00f3ven padre de Oakland di\u00f3 el regalo de la vida - ahora su madre honra su pasi\u00f3n por la literatura con iniciativa educativa\" \/>\n<meta property=\"og:description\" content=\"Oakland, Calif. (14 de Nov., 2024) \u2014 Una vez que Marcus Angelo Bryant aprendi\u00f3 a leer, ley\u00f3 de todo; la literatura de importantes autores afroamericanos como Marcus Garvey y Malcolm X le inculcaron una sed de conocimiento y una pasi\u00f3n por brindarse a otros. En el 2023, el padre de tres decidi\u00f3 avanzar su educaci\u00f3n [&hellip;]\" \/>\n<meta property=\"og:url\" content=\"https:\/\/www.donornetworkwest.org\/es\/historias\/joven-padre-de-oakland-dio-el-regalo-de-la-vida\/\" \/>\n<meta property=\"og:site_name\" content=\"Donor Network West\" \/>\n<meta property=\"article:modified_time\" content=\"2025-01-08T01:11:02+00:00\" \/>\n<meta name=\"twitter:card\" content=\"summary_large_image\" \/>\n<meta name=\"twitter:label1\" content=\"Tiempo de lectura\" \/>\n\t<meta name=\"twitter:data1\" content=\"2 minutos\" \/>\n<script type=\"application\/ld+json\" class=\"yoast-schema-graph\">{\"@context\":\"https:\\\/\\\/schema.org\",\"@graph\":[{\"@type\":\"WebPage\",\"@id\":\"https:\\\/\\\/www.donornetworkwest.org\\\/es\\\/historias\\\/joven-padre-de-oakland-dio-el-regalo-de-la-vida\\\/\",\"url\":\"https:\\\/\\\/www.donornetworkwest.org\\\/es\\\/historias\\\/joven-padre-de-oakland-dio-el-regalo-de-la-vida\\\/\",\"name\":\"J\u00f3ven padre de Oakland di\u00f3 el regalo de la vida - Donor Network West\",\"isPartOf\":{\"@id\":\"https:\\\/\\\/www.donornetworkwest.org\\\/es\\\/#website\"},\"primaryImageOfPage\":{\"@id\":\"https:\\\/\\\/www.donornetworkwest.org\\\/es\\\/historias\\\/joven-padre-de-oakland-dio-el-regalo-de-la-vida\\\/#primaryimage\"},\"image\":{\"@id\":\"https:\\\/\\\/www.donornetworkwest.org\\\/es\\\/historias\\\/joven-padre-de-oakland-dio-el-regalo-de-la-vida\\\/#primaryimage\"},\"thumbnailUrl\":\"https:\\\/\\\/www.donornetworkwest.org\\\/wp-content\\\/uploads\\\/2024\\\/11\\\/TheresaThompson-MarcusAngeloBryant-225x300.jpg\",\"datePublished\":\"2024-12-23T23:38:05+00:00\",\"dateModified\":\"2025-01-08T01:11:02+00:00\",\"breadcrumb\":{\"@id\":\"https:\\\/\\\/www.donornetworkwest.org\\\/es\\\/historias\\\/joven-padre-de-oakland-dio-el-regalo-de-la-vida\\\/#breadcrumb\"},\"inLanguage\":\"es\",\"potentialAction\":[{\"@type\":\"ReadAction\",\"target\":[\"https:\\\/\\\/www.donornetworkwest.org\\\/es\\\/historias\\\/joven-padre-de-oakland-dio-el-regalo-de-la-vida\\\/\"]}]},{\"@type\":\"ImageObject\",\"inLanguage\":\"es\",\"@id\":\"https:\\\/\\\/www.donornetworkwest.org\\\/es\\\/historias\\\/joven-padre-de-oakland-dio-el-regalo-de-la-vida\\\/#primaryimage\",\"url\":\"https:\\\/\\\/www.donornetworkwest.org\\\/wp-content\\\/uploads\\\/2024\\\/11\\\/TheresaThompson-MarcusAngeloBryant-225x300.jpg\",\"contentUrl\":\"https:\\\/\\\/www.donornetworkwest.org\\\/wp-content\\\/uploads\\\/2024\\\/11\\\/TheresaThompson-MarcusAngeloBryant-225x300.jpg\"},{\"@type\":\"BreadcrumbList\",\"@id\":\"https:\\\/\\\/www.donornetworkwest.org\\\/es\\\/historias\\\/joven-padre-de-oakland-dio-el-regalo-de-la-vida\\\/#breadcrumb\",\"itemListElement\":[{\"@type\":\"ListItem\",\"position\":1,\"name\":\"Home\",\"item\":\"https:\\\/\\\/www.donornetworkwest.org\\\/es\\\/\"},{\"@type\":\"ListItem\",\"position\":2,\"name\":\"Historias\",\"item\":\"https:\\\/\\\/www.donornetworkwest.org\\\/es\\\/historias\\\/\"},{\"@type\":\"ListItem\",\"position\":3,\"name\":\"J\u00f3ven padre de Oakland di\u00f3 el regalo de la vida &#8211; ahora su madre honra su pasi\u00f3n por la literatura con iniciativa educativa\"}]},{\"@type\":\"WebSite\",\"@id\":\"https:\\\/\\\/www.donornetworkwest.org\\\/es\\\/#website\",\"url\":\"https:\\\/\\\/www.donornetworkwest.org\\\/es\\\/\",\"name\":\"Donor Network West\",\"description\":\"\",\"potentialAction\":[{\"@type\":\"SearchAction\",\"target\":{\"@type\":\"EntryPoint\",\"urlTemplate\":\"https:\\\/\\\/www.donornetworkwest.org\\\/es\\\/?s={search_term_string}\"},\"query-input\":{\"@type\":\"PropertyValueSpecification\",\"valueRequired\":true,\"valueName\":\"search_term_string\"}}],\"inLanguage\":\"es\"}]}<\/script>\n<!-- \/ Yoast SEO Premium plugin. -->","yoast_head_json":{"title":"J\u00f3ven padre de Oakland di\u00f3 el regalo de la vida - Donor Network West","robots":{"index":"index","follow":"follow","max-snippet":"max-snippet:-1","max-image-preview":"max-image-preview:large","max-video-preview":"max-video-preview:-1"},"canonical":"https:\/\/www.donornetworkwest.org\/es\/historias\/joven-padre-de-oakland-dio-el-regalo-de-la-vida\/","og_locale":"es_ES","og_type":"article","og_title":"J\u00f3ven padre de Oakland di\u00f3 el regalo de la vida - ahora su madre honra su pasi\u00f3n por la literatura con iniciativa educativa","og_description":"Oakland, Calif. (14 de Nov., 2024) \u2014 Una vez que Marcus Angelo Bryant aprendi\u00f3 a leer, ley\u00f3 de todo; la literatura de importantes autores afroamericanos como Marcus Garvey y Malcolm X le inculcaron una sed de conocimiento y una pasi\u00f3n por brindarse a otros. En el 2023, el padre de tres decidi\u00f3 avanzar su educaci\u00f3n [&hellip;]","og_url":"https:\/\/www.donornetworkwest.org\/es\/historias\/joven-padre-de-oakland-dio-el-regalo-de-la-vida\/","og_site_name":"Donor Network West","article_modified_time":"2025-01-08T01:11:02+00:00","twitter_card":"summary_large_image","twitter_misc":{"Tiempo de lectura":"2 minutos"},"schema":{"@context":"https:\/\/schema.org","@graph":[{"@type":"WebPage","@id":"https:\/\/www.donornetworkwest.org\/es\/historias\/joven-padre-de-oakland-dio-el-regalo-de-la-vida\/","url":"https:\/\/www.donornetworkwest.org\/es\/historias\/joven-padre-de-oakland-dio-el-regalo-de-la-vida\/","name":"J\u00f3ven padre de Oakland di\u00f3 el regalo de la vida - Donor Network West","isPartOf":{"@id":"https:\/\/www.donornetworkwest.org\/es\/#website"},"primaryImageOfPage":{"@id":"https:\/\/www.donornetworkwest.org\/es\/historias\/joven-padre-de-oakland-dio-el-regalo-de-la-vida\/#primaryimage"},"image":{"@id":"https:\/\/www.donornetworkwest.org\/es\/historias\/joven-padre-de-oakland-dio-el-regalo-de-la-vida\/#primaryimage"},"thumbnailUrl":"https:\/\/www.donornetworkwest.org\/wp-content\/uploads\/2024\/11\/TheresaThompson-MarcusAngeloBryant-225x300.jpg","datePublished":"2024-12-23T23:38:05+00:00","dateModified":"2025-01-08T01:11:02+00:00","breadcrumb":{"@id":"https:\/\/www.donornetworkwest.org\/es\/historias\/joven-padre-de-oakland-dio-el-regalo-de-la-vida\/#breadcrumb"},"inLanguage":"es","potentialAction":[{"@type":"ReadAction","target":["https:\/\/www.donornetworkwest.org\/es\/historias\/joven-padre-de-oakland-dio-el-regalo-de-la-vida\/"]}]},{"@type":"ImageObject","inLanguage":"es","@id":"https:\/\/www.donornetworkwest.org\/es\/historias\/joven-padre-de-oakland-dio-el-regalo-de-la-vida\/#primaryimage","url":"https:\/\/www.donornetworkwest.org\/wp-content\/uploads\/2024\/11\/TheresaThompson-MarcusAngeloBryant-225x300.jpg","contentUrl":"https:\/\/www.donornetworkwest.org\/wp-content\/uploads\/2024\/11\/TheresaThompson-MarcusAngeloBryant-225x300.jpg"},{"@type":"BreadcrumbList","@id":"https:\/\/www.donornetworkwest.org\/es\/historias\/joven-padre-de-oakland-dio-el-regalo-de-la-vida\/#breadcrumb","itemListElement":[{"@type":"ListItem","position":1,"name":"Home","item":"https:\/\/www.donornetworkwest.org\/es\/"},{"@type":"ListItem","position":2,"name":"Historias","item":"https:\/\/www.donornetworkwest.org\/es\/historias\/"},{"@type":"ListItem","position":3,"name":"J\u00f3ven padre de Oakland di\u00f3 el regalo de la vida &#8211; ahora su madre honra su pasi\u00f3n por la literatura con iniciativa educativa"}]},{"@type":"WebSite","@id":"https:\/\/www.donornetworkwest.org\/es\/#website","url":"https:\/\/www.donornetworkwest.org\/es\/","name":"Donor Network West","description":"","potentialAction":[{"@type":"SearchAction","target":{"@type":"EntryPoint","urlTemplate":"https:\/\/www.donornetworkwest.org\/es\/?s={search_term_string}"},"query-input":{"@type":"PropertyValueSpecification","valueRequired":true,"valueName":"search_term_string"}}],"inLanguage":"es"}]}},"_links":{"self":[{"href":"https:\/\/www.donornetworkwest.org\/es\/wp-json\/wp\/v2\/pages\/3517","targetHints":{"allow":["GET"]}}],"collection":[{"href":"https:\/\/www.donornetworkwest.org\/es\/wp-json\/wp\/v2\/pages"}],"about":[{"href":"https:\/\/www.donornetworkwest.org\/es\/wp-json\/wp\/v2\/types\/page"}],"author":[{"embeddable":true,"href":"https:\/\/www.donornetworkwest.org\/es\/wp-json\/wp\/v2\/users\/1"}],"replies":[{"embeddable":true,"href":"https:\/\/www.donornetworkwest.org\/es\/wp-json\/wp\/v2\/comments?post=3517"}],"version-history":[{"count":0,"href":"https:\/\/www.donornetworkwest.org\/es\/wp-json\/wp\/v2\/pages\/3517\/revisions"}],"up":[{"embeddable":true,"href":"https:\/\/www.donornetworkwest.org\/es\/wp-json\/wp\/v2\/pages\/34"}],"wp:attachment":[{"href":"https:\/\/www.donornetworkwest.org\/es\/wp-json\/wp\/v2\/media?parent=3517"}],"curies":[{"name":"wp","href":"https:\/\/api.w.org\/{rel}","templated":true}]}}