{"id":3518,"date":"2024-12-23T23:57:54","date_gmt":"2024-12-23T23:57:54","guid":{"rendered":"https:\/\/www.donornetworkwest.org\/es\/?page_id=3518"},"modified":"2025-01-08T01:13:04","modified_gmt":"2025-01-08T01:13:04","slug":"enfermera-pediatrica-extiende-su-legado-de-compasion-y-cuidado-por-los-otros-a-traves-de-la-donacion-de-organos","status":"publish","type":"page","link":"https:\/\/www.donornetworkwest.org\/es\/historias\/enfermera-pediatrica-extiende-su-legado-de-compasion-y-cuidado-por-los-otros-a-traves-de-la-donacion-de-organos\/","title":{"rendered":"Enfermera pedi\u00e1trica extiende su legado de compasi\u00f3n y cuidado por los otros a trav\u00e9s de la donaci\u00f3n de \u00f3rganos"},"content":{"rendered":"<p><strong>Madera, Calif. (14 de Nov., 2024) \u2014<\/strong> Enfermera pedi\u00e1trica, hermana, voluntaria generosa, senderista entusiasta y fan de los San Francisco Giants, Patrice Sanders vivi\u00f3 su vida poni\u00e9ndole su coraz\u00f3n entero a todo lo que hac\u00eda. Era una gemela id\u00e9ntica y hermana mayor. Patrice creci\u00f3 queriendo convertirse en enfermera, y practicaba sus habilidades midi\u00e9ndole la temperatura a sus hermanas cuando eran ni\u00f1as.<\/p>\n<p>Patrice logr\u00f3 su objetivo y se convirti\u00f3 en enfermera pedi\u00e1trica en el Valley Children\u2019s Hospital, donde atendi\u00f3 a pacientes y sus familias por m\u00e1s de 36 a\u00f1os. Disfrutaba cuidar a otros y siempre respet\u00f3 a los pacientes que daban el regalo de la vida a trav\u00e9s de la donaci\u00f3n de \u00f3rganos.<\/p>\n<p><img fetchpriority=\"high\" decoding=\"async\" class=\"alignleft wp-image-3402 size-medium\" src=\"https:\/\/www.donornetworkwest.org\/wp-content\/uploads\/2024\/11\/Patrice-Sanders-hiking-crop-220x300.png\" alt=\"Patrice Sanders, pediatric nurse who saved others through organ donation\" width=\"220\" height=\"300\" \/><\/p>\n<p>\u201cPatrice era una de las personas m\u00e1s generosas que podr\u00edas conocer\u201d, dijo Paige Sanders, la hermana de Patrice. \u201cDonaba dinero, sangre, era voluntaria en su iglesia y tej\u00eda mantas para los ni\u00f1os del hospital\u201d.<\/p>\n<p>Luego de sufrir un infarto en junio del 2024, la salud de Patrice se debilit\u00f3. Expres\u00f3 claramente a su familia su \u00faltimo deseo- quer\u00eda ayudar a otros a trav\u00e9s de la donaci\u00f3n de \u00f3rganos.<\/p>\n<p>\u201cPatrice vivi\u00f3 una vida bien vivida\u201d, dijo Paige. \u201cSi amaba algo, daba todo por ello. Dej\u00f3 esto bien claro manifestando su deseo por ser donante de \u00f3rganos, lo cual mantuvo firme durante muchos, muchos a\u00f1os. Estar\u00eda contenta sabiendo que sus \u00faltimos deseos fueron cumplidos\u201d.<\/p>\n<p>Se realiz\u00f3 una caminata de donantes en honor a Patrice en el Community Regional Medical Center en Fresno, California, antes que se sometiera a cirug\u00eda para donar sus \u00f3rganos. Donor Network West facilit\u00f3 la donaci\u00f3n de los ri\u00f1ones de Patrice, que se destinaron a pacientes en la lista de espera de trasplantes nacional.<\/p>\n<p>Durante el 2023, Donor Network West facilit\u00f3 trasplantes de 1,358 \u00f3rganos, proveyendo una segunda oportunidad para vivir a muchos residentes del norte de California y el norte de Nevada. Un solo donante puede salvar hasta ocho vidas mediante la donaci\u00f3n de \u00f3rganos.<\/p>\n<p>M\u00e1s informaci\u00f3n sobre la donaci\u00f3n de \u00f3rganos, ojos y tejidos <a href=\"https:\/\/www.donornetworkwest.org\/es\/acerca-de-la-donacion\/\">aqu\u00ed<\/a>.<\/p>\n","protected":false},"excerpt":{"rendered":"<p>Madera, Calif. (14 de Nov., 2024) \u2014 Enfermera pedi\u00e1trica, hermana, voluntaria generosa, senderista entusiasta y fan de los San Francisco Giants, Patrice Sanders vivi\u00f3 su vida poni\u00e9ndole su coraz\u00f3n entero a todo lo que hac\u00eda. Era una gemela id\u00e9ntica y hermana mayor. Patrice creci\u00f3 queriendo convertirse en enfermera, y practicaba sus habilidades midi\u00e9ndole la temperatura [&hellip;]<\/p>\n","protected":false},"author":1,"featured_media":0,"parent":34,"menu_order":0,"comment_status":"closed","ping_status":"closed","template":"","meta":{"_acf_changed":false,"_trash_the_other_posts":false,"editor_notices":[],"footnotes":""},"class_list":["post-3518","page","type-page","status-publish","hentry"],"acf":[],"yoast_head":"<!-- This site is optimized with the Yoast SEO Premium plugin v27.4 (Yoast SEO v27.4) - https:\/\/yoast.com\/product\/yoast-seo-premium-wordpress\/ -->\n<title>Enfermera pedi\u00e1trica extiende su legado de compasi\u00f3n y cuidado por los otros a trav\u00e9s de la donaci\u00f3n de \u00f3rganos - Donor Network West<\/title>\n<meta name=\"robots\" content=\"index, follow, max-snippet:-1, max-image-preview:large, max-video-preview:-1\" \/>\n<link rel=\"canonical\" href=\"https:\/\/www.donornetworkwest.org\/es\/historias\/enfermera-pediatrica-extiende-su-legado-de-compasion-y-cuidado-por-los-otros-a-traves-de-la-donacion-de-organos\/\" \/>\n<meta property=\"og:locale\" content=\"es_ES\" \/>\n<meta property=\"og:type\" content=\"article\" \/>\n<meta property=\"og:title\" content=\"Enfermera pedi\u00e1trica extiende su legado de compasi\u00f3n y cuidado por los otros a trav\u00e9s de la donaci\u00f3n de \u00f3rganos\" \/>\n<meta property=\"og:description\" content=\"Madera, Calif. (14 de Nov., 2024) \u2014 Enfermera pedi\u00e1trica, hermana, voluntaria generosa, senderista entusiasta y fan de los San Francisco Giants, Patrice Sanders vivi\u00f3 su vida poni\u00e9ndole su coraz\u00f3n entero a todo lo que hac\u00eda. Era una gemela id\u00e9ntica y hermana mayor. Patrice creci\u00f3 queriendo convertirse en enfermera, y practicaba sus habilidades midi\u00e9ndole la temperatura [&hellip;]\" \/>\n<meta property=\"og:url\" content=\"https:\/\/www.donornetworkwest.org\/es\/historias\/enfermera-pediatrica-extiende-su-legado-de-compasion-y-cuidado-por-los-otros-a-traves-de-la-donacion-de-organos\/\" \/>\n<meta property=\"og:site_name\" content=\"Donor Network West\" \/>\n<meta property=\"article:modified_time\" content=\"2025-01-08T01:13:04+00:00\" \/>\n<meta name=\"twitter:card\" content=\"summary_large_image\" \/>\n<meta name=\"twitter:label1\" content=\"Tiempo de lectura\" \/>\n\t<meta name=\"twitter:data1\" content=\"2 minutos\" \/>\n<script type=\"application\/ld+json\" class=\"yoast-schema-graph\">{\"@context\":\"https:\\\/\\\/schema.org\",\"@graph\":[{\"@type\":\"WebPage\",\"@id\":\"https:\\\/\\\/www.donornetworkwest.org\\\/es\\\/historias\\\/enfermera-pediatrica-extiende-su-legado-de-compasion-y-cuidado-por-los-otros-a-traves-de-la-donacion-de-organos\\\/\",\"url\":\"https:\\\/\\\/www.donornetworkwest.org\\\/es\\\/historias\\\/enfermera-pediatrica-extiende-su-legado-de-compasion-y-cuidado-por-los-otros-a-traves-de-la-donacion-de-organos\\\/\",\"name\":\"Enfermera pedi\u00e1trica extiende su legado de compasi\u00f3n y cuidado por los otros a trav\u00e9s de la donaci\u00f3n de \u00f3rganos - Donor Network West\",\"isPartOf\":{\"@id\":\"https:\\\/\\\/www.donornetworkwest.org\\\/es\\\/#website\"},\"primaryImageOfPage\":{\"@id\":\"https:\\\/\\\/www.donornetworkwest.org\\\/es\\\/historias\\\/enfermera-pediatrica-extiende-su-legado-de-compasion-y-cuidado-por-los-otros-a-traves-de-la-donacion-de-organos\\\/#primaryimage\"},\"image\":{\"@id\":\"https:\\\/\\\/www.donornetworkwest.org\\\/es\\\/historias\\\/enfermera-pediatrica-extiende-su-legado-de-compasion-y-cuidado-por-los-otros-a-traves-de-la-donacion-de-organos\\\/#primaryimage\"},\"thumbnailUrl\":\"https:\\\/\\\/www.donornetworkwest.org\\\/wp-content\\\/uploads\\\/2024\\\/11\\\/Patrice-Sanders-hiking-crop-220x300.png\",\"datePublished\":\"2024-12-23T23:57:54+00:00\",\"dateModified\":\"2025-01-08T01:13:04+00:00\",\"breadcrumb\":{\"@id\":\"https:\\\/\\\/www.donornetworkwest.org\\\/es\\\/historias\\\/enfermera-pediatrica-extiende-su-legado-de-compasion-y-cuidado-por-los-otros-a-traves-de-la-donacion-de-organos\\\/#breadcrumb\"},\"inLanguage\":\"es\",\"potentialAction\":[{\"@type\":\"ReadAction\",\"target\":[\"https:\\\/\\\/www.donornetworkwest.org\\\/es\\\/historias\\\/enfermera-pediatrica-extiende-su-legado-de-compasion-y-cuidado-por-los-otros-a-traves-de-la-donacion-de-organos\\\/\"]}]},{\"@type\":\"ImageObject\",\"inLanguage\":\"es\",\"@id\":\"https:\\\/\\\/www.donornetworkwest.org\\\/es\\\/historias\\\/enfermera-pediatrica-extiende-su-legado-de-compasion-y-cuidado-por-los-otros-a-traves-de-la-donacion-de-organos\\\/#primaryimage\",\"url\":\"https:\\\/\\\/www.donornetworkwest.org\\\/wp-content\\\/uploads\\\/2024\\\/11\\\/Patrice-Sanders-hiking-crop-220x300.png\",\"contentUrl\":\"https:\\\/\\\/www.donornetworkwest.org\\\/wp-content\\\/uploads\\\/2024\\\/11\\\/Patrice-Sanders-hiking-crop-220x300.png\"},{\"@type\":\"BreadcrumbList\",\"@id\":\"https:\\\/\\\/www.donornetworkwest.org\\\/es\\\/historias\\\/enfermera-pediatrica-extiende-su-legado-de-compasion-y-cuidado-por-los-otros-a-traves-de-la-donacion-de-organos\\\/#breadcrumb\",\"itemListElement\":[{\"@type\":\"ListItem\",\"position\":1,\"name\":\"Home\",\"item\":\"https:\\\/\\\/www.donornetworkwest.org\\\/es\\\/\"},{\"@type\":\"ListItem\",\"position\":2,\"name\":\"Historias\",\"item\":\"https:\\\/\\\/www.donornetworkwest.org\\\/es\\\/historias\\\/\"},{\"@type\":\"ListItem\",\"position\":3,\"name\":\"Enfermera pedi\u00e1trica extiende su legado de compasi\u00f3n y cuidado por los otros a trav\u00e9s de la donaci\u00f3n de \u00f3rganos\"}]},{\"@type\":\"WebSite\",\"@id\":\"https:\\\/\\\/www.donornetworkwest.org\\\/es\\\/#website\",\"url\":\"https:\\\/\\\/www.donornetworkwest.org\\\/es\\\/\",\"name\":\"Donor Network West\",\"description\":\"\",\"potentialAction\":[{\"@type\":\"SearchAction\",\"target\":{\"@type\":\"EntryPoint\",\"urlTemplate\":\"https:\\\/\\\/www.donornetworkwest.org\\\/es\\\/?s={search_term_string}\"},\"query-input\":{\"@type\":\"PropertyValueSpecification\",\"valueRequired\":true,\"valueName\":\"search_term_string\"}}],\"inLanguage\":\"es\"}]}<\/script>\n<!-- \/ Yoast SEO Premium plugin. -->","yoast_head_json":{"title":"Enfermera pedi\u00e1trica extiende su legado de compasi\u00f3n y cuidado por los otros a trav\u00e9s de la donaci\u00f3n de \u00f3rganos - Donor Network West","robots":{"index":"index","follow":"follow","max-snippet":"max-snippet:-1","max-image-preview":"max-image-preview:large","max-video-preview":"max-video-preview:-1"},"canonical":"https:\/\/www.donornetworkwest.org\/es\/historias\/enfermera-pediatrica-extiende-su-legado-de-compasion-y-cuidado-por-los-otros-a-traves-de-la-donacion-de-organos\/","og_locale":"es_ES","og_type":"article","og_title":"Enfermera pedi\u00e1trica extiende su legado de compasi\u00f3n y cuidado por los otros a trav\u00e9s de la donaci\u00f3n de \u00f3rganos","og_description":"Madera, Calif. (14 de Nov., 2024) \u2014 Enfermera pedi\u00e1trica, hermana, voluntaria generosa, senderista entusiasta y fan de los San Francisco Giants, Patrice Sanders vivi\u00f3 su vida poni\u00e9ndole su coraz\u00f3n entero a todo lo que hac\u00eda. Era una gemela id\u00e9ntica y hermana mayor. Patrice creci\u00f3 queriendo convertirse en enfermera, y practicaba sus habilidades midi\u00e9ndole la temperatura [&hellip;]","og_url":"https:\/\/www.donornetworkwest.org\/es\/historias\/enfermera-pediatrica-extiende-su-legado-de-compasion-y-cuidado-por-los-otros-a-traves-de-la-donacion-de-organos\/","og_site_name":"Donor Network West","article_modified_time":"2025-01-08T01:13:04+00:00","twitter_card":"summary_large_image","twitter_misc":{"Tiempo de lectura":"2 minutos"},"schema":{"@context":"https:\/\/schema.org","@graph":[{"@type":"WebPage","@id":"https:\/\/www.donornetworkwest.org\/es\/historias\/enfermera-pediatrica-extiende-su-legado-de-compasion-y-cuidado-por-los-otros-a-traves-de-la-donacion-de-organos\/","url":"https:\/\/www.donornetworkwest.org\/es\/historias\/enfermera-pediatrica-extiende-su-legado-de-compasion-y-cuidado-por-los-otros-a-traves-de-la-donacion-de-organos\/","name":"Enfermera pedi\u00e1trica extiende su legado de compasi\u00f3n y cuidado por los otros a trav\u00e9s de la donaci\u00f3n de \u00f3rganos - Donor Network West","isPartOf":{"@id":"https:\/\/www.donornetworkwest.org\/es\/#website"},"primaryImageOfPage":{"@id":"https:\/\/www.donornetworkwest.org\/es\/historias\/enfermera-pediatrica-extiende-su-legado-de-compasion-y-cuidado-por-los-otros-a-traves-de-la-donacion-de-organos\/#primaryimage"},"image":{"@id":"https:\/\/www.donornetworkwest.org\/es\/historias\/enfermera-pediatrica-extiende-su-legado-de-compasion-y-cuidado-por-los-otros-a-traves-de-la-donacion-de-organos\/#primaryimage"},"thumbnailUrl":"https:\/\/www.donornetworkwest.org\/wp-content\/uploads\/2024\/11\/Patrice-Sanders-hiking-crop-220x300.png","datePublished":"2024-12-23T23:57:54+00:00","dateModified":"2025-01-08T01:13:04+00:00","breadcrumb":{"@id":"https:\/\/www.donornetworkwest.org\/es\/historias\/enfermera-pediatrica-extiende-su-legado-de-compasion-y-cuidado-por-los-otros-a-traves-de-la-donacion-de-organos\/#breadcrumb"},"inLanguage":"es","potentialAction":[{"@type":"ReadAction","target":["https:\/\/www.donornetworkwest.org\/es\/historias\/enfermera-pediatrica-extiende-su-legado-de-compasion-y-cuidado-por-los-otros-a-traves-de-la-donacion-de-organos\/"]}]},{"@type":"ImageObject","inLanguage":"es","@id":"https:\/\/www.donornetworkwest.org\/es\/historias\/enfermera-pediatrica-extiende-su-legado-de-compasion-y-cuidado-por-los-otros-a-traves-de-la-donacion-de-organos\/#primaryimage","url":"https:\/\/www.donornetworkwest.org\/wp-content\/uploads\/2024\/11\/Patrice-Sanders-hiking-crop-220x300.png","contentUrl":"https:\/\/www.donornetworkwest.org\/wp-content\/uploads\/2024\/11\/Patrice-Sanders-hiking-crop-220x300.png"},{"@type":"BreadcrumbList","@id":"https:\/\/www.donornetworkwest.org\/es\/historias\/enfermera-pediatrica-extiende-su-legado-de-compasion-y-cuidado-por-los-otros-a-traves-de-la-donacion-de-organos\/#breadcrumb","itemListElement":[{"@type":"ListItem","position":1,"name":"Home","item":"https:\/\/www.donornetworkwest.org\/es\/"},{"@type":"ListItem","position":2,"name":"Historias","item":"https:\/\/www.donornetworkwest.org\/es\/historias\/"},{"@type":"ListItem","position":3,"name":"Enfermera pedi\u00e1trica extiende su legado de compasi\u00f3n y cuidado por los otros a trav\u00e9s de la donaci\u00f3n de \u00f3rganos"}]},{"@type":"WebSite","@id":"https:\/\/www.donornetworkwest.org\/es\/#website","url":"https:\/\/www.donornetworkwest.org\/es\/","name":"Donor Network West","description":"","potentialAction":[{"@type":"SearchAction","target":{"@type":"EntryPoint","urlTemplate":"https:\/\/www.donornetworkwest.org\/es\/?s={search_term_string}"},"query-input":{"@type":"PropertyValueSpecification","valueRequired":true,"valueName":"search_term_string"}}],"inLanguage":"es"}]}},"_links":{"self":[{"href":"https:\/\/www.donornetworkwest.org\/es\/wp-json\/wp\/v2\/pages\/3518","targetHints":{"allow":["GET"]}}],"collection":[{"href":"https:\/\/www.donornetworkwest.org\/es\/wp-json\/wp\/v2\/pages"}],"about":[{"href":"https:\/\/www.donornetworkwest.org\/es\/wp-json\/wp\/v2\/types\/page"}],"author":[{"embeddable":true,"href":"https:\/\/www.donornetworkwest.org\/es\/wp-json\/wp\/v2\/users\/1"}],"replies":[{"embeddable":true,"href":"https:\/\/www.donornetworkwest.org\/es\/wp-json\/wp\/v2\/comments?post=3518"}],"version-history":[{"count":0,"href":"https:\/\/www.donornetworkwest.org\/es\/wp-json\/wp\/v2\/pages\/3518\/revisions"}],"up":[{"embeddable":true,"href":"https:\/\/www.donornetworkwest.org\/es\/wp-json\/wp\/v2\/pages\/34"}],"wp:attachment":[{"href":"https:\/\/www.donornetworkwest.org\/es\/wp-json\/wp\/v2\/media?parent=3518"}],"curies":[{"name":"wp","href":"https:\/\/api.w.org\/{rel}","templated":true}]}}