{"id":3561,"date":"2025-01-10T01:20:43","date_gmt":"2025-01-10T01:20:43","guid":{"rendered":"https:\/\/www.donornetworkwest.org\/es\/?page_id=3561"},"modified":"2025-01-10T01:20:43","modified_gmt":"2025-01-10T01:20:43","slug":"es-una-coincidencia-mujer-dona-rinon-para-ayudar-a-su-vieja-amiga","status":"publish","type":"page","link":"https:\/\/www.donornetworkwest.org\/es\/historias\/es-una-coincidencia-mujer-dona-rinon-para-ayudar-a-su-vieja-amiga\/","title":{"rendered":"Es una Coincidencia: Mujer Dona Ri\u00f1\u00f3n para Ayudar a su Vieja Amiga"},"content":{"rendered":"<p>Donna Kapala nunca se imagin\u00f3 que ser\u00eda una coincidencia completa cuando ofreci\u00f3 uno de sus ri\u00f1ones a su vieja amiga, Sheila Hoban.<\/p>\n<p>La dos se hab\u00ecan conociedo y hecho amigas 41 a\u00f1os antes en una asignaci\u00f3n docente en Australia. Durante la reuni\u00f3n en Colorado, Donna acot\u00f3 que Sheila no hab\u00eda podido asistir porque estaba con di\u00e1lisis.<\/p>\n<p>\u201cDada su edad y otros factores, nos cont\u00f3 telef\u00f3nicamente que estaba bastante abajo en la lista\u201d, dijo Donna. \u201cSheila esperaba que su hermana fuera una coincidencia, pero antes de terminar la llamada le dije, \u2018Ll\u00e1mame si ella no puede donar, tengo dos y solo necesito uno\u2019. No esperaba recibir la llamada pero me alegra haberlo hecho\u201d.<\/p>\n<div id=\"attachment_2522\" style=\"width: 211px\" class=\"wp-caption alignleft\"><img fetchpriority=\"high\" decoding=\"async\" aria-describedby=\"caption-attachment-2522\" class=\"wp-image-2522 size-medium\" src=\"https:\/\/www.donornetworkwest.org\/es\/wp-content\/uploads\/sites\/3\/2023\/03\/IMG_7317-1-201x300.jpg\" alt=\"\" width=\"201\" height=\"300\" srcset=\"https:\/\/www.donornetworkwest.org\/es\/wp-content\/uploads\/sites\/3\/2023\/03\/IMG_7317-1-201x300.jpg 201w, https:\/\/www.donornetworkwest.org\/es\/wp-content\/uploads\/sites\/3\/2023\/03\/IMG_7317-1.jpg 429w\" sizes=\"(max-width: 201px) 100vw, 201px\" \/><p id=\"caption-attachment-2522\" class=\"wp-caption-text\">Sheila Hoban (Izquierda), Donna Kapala (Derecha)<\/p><\/div>\n<p>M\u00e1s de 100,000 personas est\u00e1n en lista de espera por un trasplante de \u00f3rganos en los Estados Unidos. De ellas, un 85% necesitan un ri\u00f1\u00f3n.<\/p>\n<p>Donna es reconocida como donante en vida, alguien que est\u00e1 viviendo sanamente al momento de donar un \u00f3rgano. Es com\u00fan para los donantes en vida brindar el regalo de la vida a trav\u00e9s de uno de sus ri\u00f1ones, como hizo Donna, o una parte de sus h\u00edgados.<\/p>\n<p>Gracias a la falta de s\u00edntomas obvios durante las primeras etapas, las enfermedades hep\u00e1ticas suelen ser consideradas \u201cenfermedades silenciosas\u201d. Por suerte, Donna se contact\u00f3 con Sheila en el momento justo. El trasplante de ri\u00f1\u00f3n, que se llev\u00f3 a cabo el 18 de Agosto, fue un \u00e9xito.<\/p>\n<p>\u201cDonna es una de esas personas incre\u00edblemente altruistas\u201d, dijo Sheila. \u201cNo nos ve\u00edamos desde hace tanto, y ella reapareci\u00f3 tan de repente-luego de no vernos en a\u00f1os-y se ofreci\u00f3 a ser mi donante. Fue la \u00fanica que se evalu\u00f3 para mi trasplante, y fue una coincidencia perfecta. Me largu\u00e9 a llorar. Estaba abrumada. Es una persona increible\u201d.<\/p>\n<p>Gracias a Donna, Sheila est\u00e1 sana y salva al d\u00eda de hoy.<\/p>\n<p>\u201cMe siento genial, y estoy tan agradecida de que mi buena salud me haya permitido esta oportunidad para ayudar a Sheila\u201d, dijo Donna. \u201cDoy gracias de haber podido dar el regalo de la vida en mi intento de devolver el favor y tener la esperanza de que mis nietos me vean como una persona generosa que se interesa por los dem\u00e1s\u201d.<\/p>\n<p>Tener un ri\u00f1on no ha detenido a Donna. Sigue poniendo de su parte con su perro, Hunny-un mini Pastor Australiano y perro terap\u00e9utico-en Renown Health en Reno, Nevada. <a href=\"https:\/\/www.donornetworkwest.org\/es\/involucrese\/voluntarios\/\">Ambas son Embajadoras de Donor Network West<\/a>, difundiendo el mensaje de la donaci\u00f3n de \u00f3rganos, y contando su historia para alentar a otros a registrarse como donantes de \u00f3rganos.<\/p>\n","protected":false},"excerpt":{"rendered":"<p>Donna Kapala nunca se imagin\u00f3 que ser\u00eda una coincidencia completa cuando ofreci\u00f3 uno de sus ri\u00f1ones a su vieja amiga, Sheila Hoban. La dos se hab\u00ecan conociedo y hecho amigas 41 a\u00f1os antes en una asignaci\u00f3n docente en Australia. Durante la reuni\u00f3n en Colorado, Donna acot\u00f3 que Sheila no hab\u00eda podido asistir porque estaba con [&hellip;]<\/p>\n","protected":false},"author":1,"featured_media":3562,"parent":34,"menu_order":0,"comment_status":"closed","ping_status":"closed","template":"","meta":{"_acf_changed":false,"_trash_the_other_posts":false,"editor_notices":[],"footnotes":""},"class_list":["post-3561","page","type-page","status-publish","has-post-thumbnail","hentry"],"acf":[],"yoast_head":"<!-- This site is optimized with the Yoast SEO Premium plugin v27.2 (Yoast SEO v27.2) - https:\/\/yoast.com\/product\/yoast-seo-premium-wordpress\/ -->\n<title>Mujer Dona Ri\u00f1\u00f3n para Ayudar a su Vieja Amiga - Donor Network West<\/title>\n<meta name=\"robots\" content=\"index, follow, max-snippet:-1, max-image-preview:large, max-video-preview:-1\" \/>\n<link rel=\"canonical\" href=\"https:\/\/www.donornetworkwest.org\/es\/historias\/es-una-coincidencia-mujer-dona-rinon-para-ayudar-a-su-vieja-amiga\/\" \/>\n<meta property=\"og:locale\" content=\"es_ES\" \/>\n<meta property=\"og:type\" content=\"article\" \/>\n<meta property=\"og:title\" content=\"Es una Coincidencia: Mujer Dona Ri\u00f1\u00f3n para Ayudar a su Vieja Amiga\" \/>\n<meta property=\"og:description\" content=\"Donna Kapala nunca se imagin\u00f3 que ser\u00eda una coincidencia completa cuando ofreci\u00f3 uno de sus ri\u00f1ones a su vieja amiga, Sheila Hoban. La dos se hab\u00ecan conociedo y hecho amigas 41 a\u00f1os antes en una asignaci\u00f3n docente en Australia. Durante la reuni\u00f3n en Colorado, Donna acot\u00f3 que Sheila no hab\u00eda podido asistir porque estaba con [&hellip;]\" \/>\n<meta property=\"og:url\" content=\"https:\/\/www.donornetworkwest.org\/es\/historias\/es-una-coincidencia-mujer-dona-rinon-para-ayudar-a-su-vieja-amiga\/\" \/>\n<meta property=\"og:site_name\" content=\"Donor Network West\" \/>\n<meta property=\"og:image\" content=\"https:\/\/www.donornetworkwest.org\/es\/wp-content\/uploads\/sites\/3\/2025\/01\/Donna-Pic.jpeg\" \/>\n\t<meta property=\"og:image:width\" content=\"460\" \/>\n\t<meta property=\"og:image:height\" content=\"512\" \/>\n\t<meta property=\"og:image:type\" content=\"image\/jpeg\" \/>\n<meta name=\"twitter:card\" content=\"summary_large_image\" \/>\n<meta name=\"twitter:label1\" content=\"Tiempo de lectura\" \/>\n\t<meta name=\"twitter:data1\" content=\"3 minutos\" \/>\n<script type=\"application\/ld+json\" class=\"yoast-schema-graph\">{\"@context\":\"https:\/\/schema.org\",\"@graph\":[{\"@type\":\"WebPage\",\"@id\":\"https:\/\/www.donornetworkwest.org\/es\/historias\/es-una-coincidencia-mujer-dona-rinon-para-ayudar-a-su-vieja-amiga\/\",\"url\":\"https:\/\/www.donornetworkwest.org\/es\/historias\/es-una-coincidencia-mujer-dona-rinon-para-ayudar-a-su-vieja-amiga\/\",\"name\":\"Mujer Dona Ri\u00f1\u00f3n para Ayudar a su Vieja Amiga - Donor Network West\",\"isPartOf\":{\"@id\":\"https:\/\/www.donornetworkwest.org\/es\/#website\"},\"primaryImageOfPage\":{\"@id\":\"https:\/\/www.donornetworkwest.org\/es\/historias\/es-una-coincidencia-mujer-dona-rinon-para-ayudar-a-su-vieja-amiga\/#primaryimage\"},\"image\":{\"@id\":\"https:\/\/www.donornetworkwest.org\/es\/historias\/es-una-coincidencia-mujer-dona-rinon-para-ayudar-a-su-vieja-amiga\/#primaryimage\"},\"thumbnailUrl\":\"https:\/\/www.donornetworkwest.org\/es\/wp-content\/uploads\/sites\/3\/2025\/01\/Donna-Pic.jpeg\",\"datePublished\":\"2025-01-10T01:20:43+00:00\",\"breadcrumb\":{\"@id\":\"https:\/\/www.donornetworkwest.org\/es\/historias\/es-una-coincidencia-mujer-dona-rinon-para-ayudar-a-su-vieja-amiga\/#breadcrumb\"},\"inLanguage\":\"es\",\"potentialAction\":[{\"@type\":\"ReadAction\",\"target\":[\"https:\/\/www.donornetworkwest.org\/es\/historias\/es-una-coincidencia-mujer-dona-rinon-para-ayudar-a-su-vieja-amiga\/\"]}]},{\"@type\":\"ImageObject\",\"inLanguage\":\"es\",\"@id\":\"https:\/\/www.donornetworkwest.org\/es\/historias\/es-una-coincidencia-mujer-dona-rinon-para-ayudar-a-su-vieja-amiga\/#primaryimage\",\"url\":\"https:\/\/www.donornetworkwest.org\/es\/wp-content\/uploads\/sites\/3\/2025\/01\/Donna-Pic.jpeg\",\"contentUrl\":\"https:\/\/www.donornetworkwest.org\/es\/wp-content\/uploads\/sites\/3\/2025\/01\/Donna-Pic.jpeg\",\"width\":460,\"height\":512},{\"@type\":\"BreadcrumbList\",\"@id\":\"https:\/\/www.donornetworkwest.org\/es\/historias\/es-una-coincidencia-mujer-dona-rinon-para-ayudar-a-su-vieja-amiga\/#breadcrumb\",\"itemListElement\":[{\"@type\":\"ListItem\",\"position\":1,\"name\":\"Home\",\"item\":\"https:\/\/www.donornetworkwest.org\/es\/\"},{\"@type\":\"ListItem\",\"position\":2,\"name\":\"Historias\",\"item\":\"https:\/\/www.donornetworkwest.org\/es\/historias\/\"},{\"@type\":\"ListItem\",\"position\":3,\"name\":\"Es una Coincidencia: Mujer Dona Ri\u00f1\u00f3n para Ayudar a su Vieja Amiga\"}]},{\"@type\":\"WebSite\",\"@id\":\"https:\/\/www.donornetworkwest.org\/es\/#website\",\"url\":\"https:\/\/www.donornetworkwest.org\/es\/\",\"name\":\"Donor Network West\",\"description\":\"\",\"potentialAction\":[{\"@type\":\"SearchAction\",\"target\":{\"@type\":\"EntryPoint\",\"urlTemplate\":\"https:\/\/www.donornetworkwest.org\/es\/?s={search_term_string}\"},\"query-input\":{\"@type\":\"PropertyValueSpecification\",\"valueRequired\":true,\"valueName\":\"search_term_string\"}}],\"inLanguage\":\"es\"}]}<\/script>\n<!-- \/ Yoast SEO Premium plugin. -->","yoast_head_json":{"title":"Mujer Dona Ri\u00f1\u00f3n para Ayudar a su Vieja Amiga - Donor Network West","robots":{"index":"index","follow":"follow","max-snippet":"max-snippet:-1","max-image-preview":"max-image-preview:large","max-video-preview":"max-video-preview:-1"},"canonical":"https:\/\/www.donornetworkwest.org\/es\/historias\/es-una-coincidencia-mujer-dona-rinon-para-ayudar-a-su-vieja-amiga\/","og_locale":"es_ES","og_type":"article","og_title":"Es una Coincidencia: Mujer Dona Ri\u00f1\u00f3n para Ayudar a su Vieja Amiga","og_description":"Donna Kapala nunca se imagin\u00f3 que ser\u00eda una coincidencia completa cuando ofreci\u00f3 uno de sus ri\u00f1ones a su vieja amiga, Sheila Hoban. La dos se hab\u00ecan conociedo y hecho amigas 41 a\u00f1os antes en una asignaci\u00f3n docente en Australia. Durante la reuni\u00f3n en Colorado, Donna acot\u00f3 que Sheila no hab\u00eda podido asistir porque estaba con [&hellip;]","og_url":"https:\/\/www.donornetworkwest.org\/es\/historias\/es-una-coincidencia-mujer-dona-rinon-para-ayudar-a-su-vieja-amiga\/","og_site_name":"Donor Network West","og_image":[{"width":460,"height":512,"url":"https:\/\/www.donornetworkwest.org\/es\/wp-content\/uploads\/sites\/3\/2025\/01\/Donna-Pic.jpeg","type":"image\/jpeg"}],"twitter_card":"summary_large_image","twitter_misc":{"Tiempo de lectura":"3 minutos"},"schema":{"@context":"https:\/\/schema.org","@graph":[{"@type":"WebPage","@id":"https:\/\/www.donornetworkwest.org\/es\/historias\/es-una-coincidencia-mujer-dona-rinon-para-ayudar-a-su-vieja-amiga\/","url":"https:\/\/www.donornetworkwest.org\/es\/historias\/es-una-coincidencia-mujer-dona-rinon-para-ayudar-a-su-vieja-amiga\/","name":"Mujer Dona Ri\u00f1\u00f3n para Ayudar a su Vieja Amiga - Donor Network West","isPartOf":{"@id":"https:\/\/www.donornetworkwest.org\/es\/#website"},"primaryImageOfPage":{"@id":"https:\/\/www.donornetworkwest.org\/es\/historias\/es-una-coincidencia-mujer-dona-rinon-para-ayudar-a-su-vieja-amiga\/#primaryimage"},"image":{"@id":"https:\/\/www.donornetworkwest.org\/es\/historias\/es-una-coincidencia-mujer-dona-rinon-para-ayudar-a-su-vieja-amiga\/#primaryimage"},"thumbnailUrl":"https:\/\/www.donornetworkwest.org\/es\/wp-content\/uploads\/sites\/3\/2025\/01\/Donna-Pic.jpeg","datePublished":"2025-01-10T01:20:43+00:00","breadcrumb":{"@id":"https:\/\/www.donornetworkwest.org\/es\/historias\/es-una-coincidencia-mujer-dona-rinon-para-ayudar-a-su-vieja-amiga\/#breadcrumb"},"inLanguage":"es","potentialAction":[{"@type":"ReadAction","target":["https:\/\/www.donornetworkwest.org\/es\/historias\/es-una-coincidencia-mujer-dona-rinon-para-ayudar-a-su-vieja-amiga\/"]}]},{"@type":"ImageObject","inLanguage":"es","@id":"https:\/\/www.donornetworkwest.org\/es\/historias\/es-una-coincidencia-mujer-dona-rinon-para-ayudar-a-su-vieja-amiga\/#primaryimage","url":"https:\/\/www.donornetworkwest.org\/es\/wp-content\/uploads\/sites\/3\/2025\/01\/Donna-Pic.jpeg","contentUrl":"https:\/\/www.donornetworkwest.org\/es\/wp-content\/uploads\/sites\/3\/2025\/01\/Donna-Pic.jpeg","width":460,"height":512},{"@type":"BreadcrumbList","@id":"https:\/\/www.donornetworkwest.org\/es\/historias\/es-una-coincidencia-mujer-dona-rinon-para-ayudar-a-su-vieja-amiga\/#breadcrumb","itemListElement":[{"@type":"ListItem","position":1,"name":"Home","item":"https:\/\/www.donornetworkwest.org\/es\/"},{"@type":"ListItem","position":2,"name":"Historias","item":"https:\/\/www.donornetworkwest.org\/es\/historias\/"},{"@type":"ListItem","position":3,"name":"Es una Coincidencia: Mujer Dona Ri\u00f1\u00f3n para Ayudar a su Vieja Amiga"}]},{"@type":"WebSite","@id":"https:\/\/www.donornetworkwest.org\/es\/#website","url":"https:\/\/www.donornetworkwest.org\/es\/","name":"Donor Network West","description":"","potentialAction":[{"@type":"SearchAction","target":{"@type":"EntryPoint","urlTemplate":"https:\/\/www.donornetworkwest.org\/es\/?s={search_term_string}"},"query-input":{"@type":"PropertyValueSpecification","valueRequired":true,"valueName":"search_term_string"}}],"inLanguage":"es"}]}},"_links":{"self":[{"href":"https:\/\/www.donornetworkwest.org\/es\/wp-json\/wp\/v2\/pages\/3561","targetHints":{"allow":["GET"]}}],"collection":[{"href":"https:\/\/www.donornetworkwest.org\/es\/wp-json\/wp\/v2\/pages"}],"about":[{"href":"https:\/\/www.donornetworkwest.org\/es\/wp-json\/wp\/v2\/types\/page"}],"author":[{"embeddable":true,"href":"https:\/\/www.donornetworkwest.org\/es\/wp-json\/wp\/v2\/users\/1"}],"replies":[{"embeddable":true,"href":"https:\/\/www.donornetworkwest.org\/es\/wp-json\/wp\/v2\/comments?post=3561"}],"version-history":[{"count":0,"href":"https:\/\/www.donornetworkwest.org\/es\/wp-json\/wp\/v2\/pages\/3561\/revisions"}],"up":[{"embeddable":true,"href":"https:\/\/www.donornetworkwest.org\/es\/wp-json\/wp\/v2\/pages\/34"}],"wp:featuredmedia":[{"embeddable":true,"href":"https:\/\/www.donornetworkwest.org\/es\/wp-json\/wp\/v2\/media\/3562"}],"wp:attachment":[{"href":"https:\/\/www.donornetworkwest.org\/es\/wp-json\/wp\/v2\/media?parent=3561"}],"curies":[{"name":"wp","href":"https:\/\/api.w.org\/{rel}","templated":true}]}}