{"id":3563,"date":"2025-01-10T01:25:50","date_gmt":"2025-01-10T01:25:50","guid":{"rendered":"https:\/\/www.donornetworkwest.org\/es\/?page_id=3563"},"modified":"2025-01-10T01:25:50","modified_gmt":"2025-01-10T01:25:50","slug":"un-trasplante-de-higado-ayuda-a-hacer-los-suenos-de-una-joven-mujer-realidad","status":"publish","type":"page","link":"https:\/\/www.donornetworkwest.org\/es\/historias\/un-trasplante-de-higado-ayuda-a-hacer-los-suenos-de-una-joven-mujer-realidad\/","title":{"rendered":"Un Trasplante de H\u00edgado Ayuda a Hacer los Sue\u00f1os de una J\u00f3ven Mujer Realidad"},"content":{"rendered":"<p><span style=\"font-weight: 400;\"><img fetchpriority=\"high\" decoding=\"async\" class=\"size-medium wp-image-2707 alignleft\" style=\"margin-right: 20px;\" src=\"https:\/\/www.donornetworkwest.org\/wp-content\/uploads\/2023\/09\/Smaller-121422_DNW-Lavender_00324-200x300.jpeg\" alt=\"\" width=\"200\" height=\"300\" \/><\/span><\/p>\n<p>Lavender McKillip de Sparks, Nevada siempre ha amado a los libros y dedica mucho de su tiempo libre a leer. Es su sue\u00f1o ser bibliotecaria-un sue\u00f1o que puede cumplir por la donaci\u00f3n de \u00f3rganos que recibi\u00f3 en el 2021.<\/p>\n<p>Con tan solo 7 a\u00f1os, Lavender hab\u00eda dejado de crecer. Se mantuvo a una altura constante de 4\u20199\u201d y 75 lbs, independientemente de cualquier cosa que intentaran sus padres. Poco sab\u00edan ellos que esta era la primera se\u00f1al de su lucha contra enfermedades hep\u00e1ticas.<\/p>\n<p>Dentro de los siguientes siete a\u00f1os, Lavender se someti\u00f3 a varios examenes m\u00e9dicos hasta ser finalmente diagnosticada con hepatitis autoinmune, que afecta al h\u00edgado. Fue colocada en la lista de espera de trasplantes nacional a principios del 2020.<\/p>\n<p>Un a\u00f1o y medio despu\u00e9s, Lavender recibi\u00f3 la llamada telef\u00f3nica que cambiar\u00eda su vida. La exitosa cirug\u00eda de trasplante de h\u00edgado de 8 horas en la Universidad de California, San Francisco, fue el m\u00e1s grande regalo que pudiera recibir para su cumplea\u00f1os n\u00famero 16.<\/p>\n<p>\u201cNo conozco a la familia de mi donante, y no puedo imaginar el dolor que sintieron al perder a su hijo, pero espero que dondequiera que est\u00e9n, se sientan un poquito mejor sabiendo que su p\u00e9rdida no fue en vano\u201d, dijo Lavender. \u201cGracias a ellos, he conseguido otra oportunidad para vivir\u201d.<\/p>\n<p>El 2023 fue otro gran a\u00f1o para Lavender.<\/p>\n<p>Donor Network West y UCSF Health la invitaron para concientizar y celebrar la donaci\u00f3n de \u00f3rganos en el Rose Parade el 2 de Enero de 2023, donde mont\u00f3 en la carroza de Donate Life. \u00a1La carroza de 2023, titulada \u201cElev\u00e1ndonos Entre Todos\u201d, termin\u00f3 ganando los m\u00e1s importantes galardones!<\/p>\n<p>El 14 de Abril del 2023, Lavender recorri\u00f3 las bases durante el primero de 6 juegos de baseball Reno Aces\u2019 Home Run for Life en la Greater Nevada Field.<\/p>\n<p>En junio del mismo a\u00f1o, se gradu\u00f3 de Innovations High School. Aqu\u00ed, ayud\u00f3 a crear y expandir la biblioteca de la escuela.<\/p>\n<p>Adem\u00e1s de querer llegar a ser bibliotecaria, Lavender sigue comprometida a concientizar sobre la importancia de la donaci\u00f3n de \u00f3rganos. Espera inspirar a otros a registrarse y as\u00ed poder salvar m\u00e1s vidas.<\/p>\n<p>\u201cHar\u00e9 todo lo que pieda para mostrar a todos el valor de la donaci\u00f3n,\u201d dijo. \u201cEs lo m\u00ednimo que puedo hacer. La donaci\u00f3n de \u00f3rganos salv\u00f3 mi vida-solo es justo que pueda mostrarle a las personas c\u00f3mo salvar a otros\u201d.<\/p>\n<p><img decoding=\"async\" class=\"aligncenter wp-image-2711 size-large\" src=\"https:\/\/www.donornetworkwest.org\/wp-content\/uploads\/2023\/09\/Smaller-121422_DNW-Lavender_00276-1024x683.jpeg\" alt=\"\" width=\"1024\" height=\"683\" \/><\/p>\n<p>La donaci\u00f3n de \u00f3rganos cambi\u00f3 la vida de Lavender para siempre, y ella recibi\u00f3 el regalo m\u00e1s grande de todos &#8211; el Regalo de la Vida. Un s\u00f3lo donante de \u00f3rganos puede salvar las vidas de hasta ocho personas, y un donante de tejidos puede sanar las de 75 m\u00e1s. Tan solo lleva un minuto convertirse en un donante registrado<\/p>\n<p><a href=\"https:\/\/www.donornetworkwest.org\/es\/acerca-de-la-donacion\/conviertase-en-donante\/\">Reg\u00edstrese como Donante de \u00d3rganos<\/a><\/p>\n","protected":false},"excerpt":{"rendered":"<p>Lavender McKillip de Sparks, Nevada siempre ha amado a los libros y dedica mucho de su tiempo libre a leer. Es su sue\u00f1o ser bibliotecaria-un sue\u00f1o que puede cumplir por la donaci\u00f3n de \u00f3rganos que recibi\u00f3 en el 2021. Con tan solo 7 a\u00f1os, Lavender hab\u00eda dejado de crecer. Se mantuvo a una altura constante [&hellip;]<\/p>\n","protected":false},"author":1,"featured_media":0,"parent":34,"menu_order":0,"comment_status":"closed","ping_status":"closed","template":"","meta":{"_acf_changed":false,"_trash_the_other_posts":false,"editor_notices":[],"footnotes":""},"class_list":["post-3563","page","type-page","status-publish","hentry"],"acf":[],"yoast_head":"<!-- This site is optimized with the Yoast SEO Premium plugin v27.4 (Yoast SEO v27.4) - https:\/\/yoast.com\/product\/yoast-seo-premium-wordpress\/ -->\n<title>Un Trasplante de H\u00edgado Ayuda a Hacer los Sue\u00f1os de una J\u00f3ven Mujer Realidad - Donor Network West<\/title>\n<meta name=\"robots\" content=\"index, follow, max-snippet:-1, max-image-preview:large, max-video-preview:-1\" \/>\n<link rel=\"canonical\" href=\"https:\/\/www.donornetworkwest.org\/es\/historias\/un-trasplante-de-higado-ayuda-a-hacer-los-suenos-de-una-joven-mujer-realidad\/\" \/>\n<meta property=\"og:locale\" content=\"es_ES\" \/>\n<meta property=\"og:type\" content=\"article\" \/>\n<meta property=\"og:title\" content=\"Un Trasplante de H\u00edgado Ayuda a Hacer los Sue\u00f1os de una J\u00f3ven Mujer Realidad\" \/>\n<meta property=\"og:description\" content=\"Lavender McKillip de Sparks, Nevada siempre ha amado a los libros y dedica mucho de su tiempo libre a leer. Es su sue\u00f1o ser bibliotecaria-un sue\u00f1o que puede cumplir por la donaci\u00f3n de \u00f3rganos que recibi\u00f3 en el 2021. Con tan solo 7 a\u00f1os, Lavender hab\u00eda dejado de crecer. Se mantuvo a una altura constante [&hellip;]\" \/>\n<meta property=\"og:url\" content=\"https:\/\/www.donornetworkwest.org\/es\/historias\/un-trasplante-de-higado-ayuda-a-hacer-los-suenos-de-una-joven-mujer-realidad\/\" \/>\n<meta property=\"og:site_name\" content=\"Donor Network West\" \/>\n<meta property=\"og:image\" content=\"https:\/\/www.donornetworkwest.org\/es\/wp-content\/uploads\/sites\/3\/2023\/09\/Smaller-121422_DNW-Lavender_00324-1.jpeg\" \/>\n\t<meta property=\"og:image:width\" content=\"960\" \/>\n\t<meta property=\"og:image:height\" content=\"1440\" \/>\n\t<meta property=\"og:image:type\" content=\"image\/jpeg\" \/>\n<meta name=\"twitter:card\" content=\"summary_large_image\" \/>\n<meta name=\"twitter:label1\" content=\"Tiempo de lectura\" \/>\n\t<meta name=\"twitter:data1\" content=\"3 minutos\" \/>\n<script type=\"application\/ld+json\" class=\"yoast-schema-graph\">{\"@context\":\"https:\\\/\\\/schema.org\",\"@graph\":[{\"@type\":\"WebPage\",\"@id\":\"https:\\\/\\\/www.donornetworkwest.org\\\/es\\\/historias\\\/un-trasplante-de-higado-ayuda-a-hacer-los-suenos-de-una-joven-mujer-realidad\\\/\",\"url\":\"https:\\\/\\\/www.donornetworkwest.org\\\/es\\\/historias\\\/un-trasplante-de-higado-ayuda-a-hacer-los-suenos-de-una-joven-mujer-realidad\\\/\",\"name\":\"Un Trasplante de H\u00edgado Ayuda a Hacer los Sue\u00f1os de una J\u00f3ven Mujer Realidad - Donor Network West\",\"isPartOf\":{\"@id\":\"https:\\\/\\\/www.donornetworkwest.org\\\/es\\\/#website\"},\"primaryImageOfPage\":{\"@id\":\"https:\\\/\\\/www.donornetworkwest.org\\\/es\\\/historias\\\/un-trasplante-de-higado-ayuda-a-hacer-los-suenos-de-una-joven-mujer-realidad\\\/#primaryimage\"},\"image\":{\"@id\":\"https:\\\/\\\/www.donornetworkwest.org\\\/es\\\/historias\\\/un-trasplante-de-higado-ayuda-a-hacer-los-suenos-de-una-joven-mujer-realidad\\\/#primaryimage\"},\"thumbnailUrl\":\"https:\\\/\\\/www.donornetworkwest.org\\\/wp-content\\\/uploads\\\/2023\\\/09\\\/Smaller-121422_DNW-Lavender_00324-200x300.jpeg\",\"datePublished\":\"2025-01-10T01:25:50+00:00\",\"breadcrumb\":{\"@id\":\"https:\\\/\\\/www.donornetworkwest.org\\\/es\\\/historias\\\/un-trasplante-de-higado-ayuda-a-hacer-los-suenos-de-una-joven-mujer-realidad\\\/#breadcrumb\"},\"inLanguage\":\"es\",\"potentialAction\":[{\"@type\":\"ReadAction\",\"target\":[\"https:\\\/\\\/www.donornetworkwest.org\\\/es\\\/historias\\\/un-trasplante-de-higado-ayuda-a-hacer-los-suenos-de-una-joven-mujer-realidad\\\/\"]}]},{\"@type\":\"ImageObject\",\"inLanguage\":\"es\",\"@id\":\"https:\\\/\\\/www.donornetworkwest.org\\\/es\\\/historias\\\/un-trasplante-de-higado-ayuda-a-hacer-los-suenos-de-una-joven-mujer-realidad\\\/#primaryimage\",\"url\":\"https:\\\/\\\/www.donornetworkwest.org\\\/wp-content\\\/uploads\\\/2023\\\/09\\\/Smaller-121422_DNW-Lavender_00324-200x300.jpeg\",\"contentUrl\":\"https:\\\/\\\/www.donornetworkwest.org\\\/wp-content\\\/uploads\\\/2023\\\/09\\\/Smaller-121422_DNW-Lavender_00324-200x300.jpeg\"},{\"@type\":\"BreadcrumbList\",\"@id\":\"https:\\\/\\\/www.donornetworkwest.org\\\/es\\\/historias\\\/un-trasplante-de-higado-ayuda-a-hacer-los-suenos-de-una-joven-mujer-realidad\\\/#breadcrumb\",\"itemListElement\":[{\"@type\":\"ListItem\",\"position\":1,\"name\":\"Home\",\"item\":\"https:\\\/\\\/www.donornetworkwest.org\\\/es\\\/\"},{\"@type\":\"ListItem\",\"position\":2,\"name\":\"Historias\",\"item\":\"https:\\\/\\\/www.donornetworkwest.org\\\/es\\\/historias\\\/\"},{\"@type\":\"ListItem\",\"position\":3,\"name\":\"Un Trasplante de H\u00edgado Ayuda a Hacer los Sue\u00f1os de una J\u00f3ven Mujer Realidad\"}]},{\"@type\":\"WebSite\",\"@id\":\"https:\\\/\\\/www.donornetworkwest.org\\\/es\\\/#website\",\"url\":\"https:\\\/\\\/www.donornetworkwest.org\\\/es\\\/\",\"name\":\"Donor Network West\",\"description\":\"\",\"potentialAction\":[{\"@type\":\"SearchAction\",\"target\":{\"@type\":\"EntryPoint\",\"urlTemplate\":\"https:\\\/\\\/www.donornetworkwest.org\\\/es\\\/?s={search_term_string}\"},\"query-input\":{\"@type\":\"PropertyValueSpecification\",\"valueRequired\":true,\"valueName\":\"search_term_string\"}}],\"inLanguage\":\"es\"}]}<\/script>\n<!-- \/ Yoast SEO Premium plugin. -->","yoast_head_json":{"title":"Un Trasplante de H\u00edgado Ayuda a Hacer los Sue\u00f1os de una J\u00f3ven Mujer Realidad - Donor Network West","robots":{"index":"index","follow":"follow","max-snippet":"max-snippet:-1","max-image-preview":"max-image-preview:large","max-video-preview":"max-video-preview:-1"},"canonical":"https:\/\/www.donornetworkwest.org\/es\/historias\/un-trasplante-de-higado-ayuda-a-hacer-los-suenos-de-una-joven-mujer-realidad\/","og_locale":"es_ES","og_type":"article","og_title":"Un Trasplante de H\u00edgado Ayuda a Hacer los Sue\u00f1os de una J\u00f3ven Mujer Realidad","og_description":"Lavender McKillip de Sparks, Nevada siempre ha amado a los libros y dedica mucho de su tiempo libre a leer. Es su sue\u00f1o ser bibliotecaria-un sue\u00f1o que puede cumplir por la donaci\u00f3n de \u00f3rganos que recibi\u00f3 en el 2021. Con tan solo 7 a\u00f1os, Lavender hab\u00eda dejado de crecer. Se mantuvo a una altura constante [&hellip;]","og_url":"https:\/\/www.donornetworkwest.org\/es\/historias\/un-trasplante-de-higado-ayuda-a-hacer-los-suenos-de-una-joven-mujer-realidad\/","og_site_name":"Donor Network West","og_image":[{"width":960,"height":1440,"url":"https:\/\/www.donornetworkwest.org\/es\/wp-content\/uploads\/sites\/3\/2023\/09\/Smaller-121422_DNW-Lavender_00324-1.jpeg","type":"image\/jpeg"}],"twitter_card":"summary_large_image","twitter_misc":{"Tiempo de lectura":"3 minutos"},"schema":{"@context":"https:\/\/schema.org","@graph":[{"@type":"WebPage","@id":"https:\/\/www.donornetworkwest.org\/es\/historias\/un-trasplante-de-higado-ayuda-a-hacer-los-suenos-de-una-joven-mujer-realidad\/","url":"https:\/\/www.donornetworkwest.org\/es\/historias\/un-trasplante-de-higado-ayuda-a-hacer-los-suenos-de-una-joven-mujer-realidad\/","name":"Un Trasplante de H\u00edgado Ayuda a Hacer los Sue\u00f1os de una J\u00f3ven Mujer Realidad - Donor Network West","isPartOf":{"@id":"https:\/\/www.donornetworkwest.org\/es\/#website"},"primaryImageOfPage":{"@id":"https:\/\/www.donornetworkwest.org\/es\/historias\/un-trasplante-de-higado-ayuda-a-hacer-los-suenos-de-una-joven-mujer-realidad\/#primaryimage"},"image":{"@id":"https:\/\/www.donornetworkwest.org\/es\/historias\/un-trasplante-de-higado-ayuda-a-hacer-los-suenos-de-una-joven-mujer-realidad\/#primaryimage"},"thumbnailUrl":"https:\/\/www.donornetworkwest.org\/wp-content\/uploads\/2023\/09\/Smaller-121422_DNW-Lavender_00324-200x300.jpeg","datePublished":"2025-01-10T01:25:50+00:00","breadcrumb":{"@id":"https:\/\/www.donornetworkwest.org\/es\/historias\/un-trasplante-de-higado-ayuda-a-hacer-los-suenos-de-una-joven-mujer-realidad\/#breadcrumb"},"inLanguage":"es","potentialAction":[{"@type":"ReadAction","target":["https:\/\/www.donornetworkwest.org\/es\/historias\/un-trasplante-de-higado-ayuda-a-hacer-los-suenos-de-una-joven-mujer-realidad\/"]}]},{"@type":"ImageObject","inLanguage":"es","@id":"https:\/\/www.donornetworkwest.org\/es\/historias\/un-trasplante-de-higado-ayuda-a-hacer-los-suenos-de-una-joven-mujer-realidad\/#primaryimage","url":"https:\/\/www.donornetworkwest.org\/wp-content\/uploads\/2023\/09\/Smaller-121422_DNW-Lavender_00324-200x300.jpeg","contentUrl":"https:\/\/www.donornetworkwest.org\/wp-content\/uploads\/2023\/09\/Smaller-121422_DNW-Lavender_00324-200x300.jpeg"},{"@type":"BreadcrumbList","@id":"https:\/\/www.donornetworkwest.org\/es\/historias\/un-trasplante-de-higado-ayuda-a-hacer-los-suenos-de-una-joven-mujer-realidad\/#breadcrumb","itemListElement":[{"@type":"ListItem","position":1,"name":"Home","item":"https:\/\/www.donornetworkwest.org\/es\/"},{"@type":"ListItem","position":2,"name":"Historias","item":"https:\/\/www.donornetworkwest.org\/es\/historias\/"},{"@type":"ListItem","position":3,"name":"Un Trasplante de H\u00edgado Ayuda a Hacer los Sue\u00f1os de una J\u00f3ven Mujer Realidad"}]},{"@type":"WebSite","@id":"https:\/\/www.donornetworkwest.org\/es\/#website","url":"https:\/\/www.donornetworkwest.org\/es\/","name":"Donor Network West","description":"","potentialAction":[{"@type":"SearchAction","target":{"@type":"EntryPoint","urlTemplate":"https:\/\/www.donornetworkwest.org\/es\/?s={search_term_string}"},"query-input":{"@type":"PropertyValueSpecification","valueRequired":true,"valueName":"search_term_string"}}],"inLanguage":"es"}]}},"_links":{"self":[{"href":"https:\/\/www.donornetworkwest.org\/es\/wp-json\/wp\/v2\/pages\/3563","targetHints":{"allow":["GET"]}}],"collection":[{"href":"https:\/\/www.donornetworkwest.org\/es\/wp-json\/wp\/v2\/pages"}],"about":[{"href":"https:\/\/www.donornetworkwest.org\/es\/wp-json\/wp\/v2\/types\/page"}],"author":[{"embeddable":true,"href":"https:\/\/www.donornetworkwest.org\/es\/wp-json\/wp\/v2\/users\/1"}],"replies":[{"embeddable":true,"href":"https:\/\/www.donornetworkwest.org\/es\/wp-json\/wp\/v2\/comments?post=3563"}],"version-history":[{"count":0,"href":"https:\/\/www.donornetworkwest.org\/es\/wp-json\/wp\/v2\/pages\/3563\/revisions"}],"up":[{"embeddable":true,"href":"https:\/\/www.donornetworkwest.org\/es\/wp-json\/wp\/v2\/pages\/34"}],"wp:attachment":[{"href":"https:\/\/www.donornetworkwest.org\/es\/wp-json\/wp\/v2\/media?parent=3563"}],"curies":[{"name":"wp","href":"https:\/\/api.w.org\/{rel}","templated":true}]}}