{"id":36,"date":"2024-12-17T17:26:11","date_gmt":"2024-12-17T17:26:11","guid":{"rendered":"https:\/\/www.donornetworkwest.org\/es\/?page_id=36"},"modified":"2024-12-27T23:42:35","modified_gmt":"2024-12-27T23:42:35","slug":"familia-de-donantes-de-sparks-nv-conocio-a-la-receptora-de-cornea-de-su-hija-por-primera-vez","status":"publish","type":"page","link":"https:\/\/www.donornetworkwest.org\/es\/historias\/familia-de-donantes-de-sparks-nv-conocio-a-la-receptora-de-cornea-de-su-hija-por-primera-vez\/","title":{"rendered":"Familia de donantes de Sparks, NV conoci\u00f3 a la receptora de c\u00f3rnea de su hija por primera vez"},"content":{"rendered":"<p>(Pasadena, Calif.) \u2013 El 27 de diciembre de 2018 fue un d\u00eda lleno de emociones para la familia Ponte de Sparks, NV, cuya hija, Haylee, fue honrada con un retrato floral en la carroza Donate Life Rose Parade el d\u00eda de A\u00f1o Nuevo de 2019.<\/p>\n<p>Llegaron temprano a Pasadena por una raz\u00f3n muy especial; para conocer a Janis Drexler de Riverside, California, la mujer que ahora puede ver claramente gracias al don de la vista de Haylee.<\/p>\n<p>Haylee muri\u00f3 en 2015 a los 19 a\u00f1os de un ataque de asma fatal y salv\u00f3 y cur\u00f3 vidas a trav\u00e9s de la donaci\u00f3n de \u00f3rganos y tejidos; Janis recibi\u00f3 su c\u00f3rnea derecha. Un retrato floral de Haylee adorn\u00f3 la carroza Donate Life de 2019, Rhythm of the Heart, junto con otros 43 gr\u00e1ficos florales en memoria de los donantes de \u00f3rganos, ojos y tejidos de todo EE. UU.<\/p>\n<p>El flor\u00f3grafo de Haylee fue patrocinado por Donor Network West, la organizaci\u00f3n de recuperaci\u00f3n de \u00f3rganos y tejidos reconocida a nivel federal para el norte de California y Nevada.<\/p>\n<p>Es inusual que los receptores de \u00f3rganos conozcan a las familias de sus donantes. Solo el cuatro por ciento lo hace. Las familias Ponte y Drexler abrieron esta ocasi\u00f3n \u00fanica y rara a los medios de comunicaci\u00f3n para fomentar historias sobre los beneficios de salvar vidas a trav\u00e9s de la donaci\u00f3n de \u00f3rganos, ojos y tejidos.<\/p>\n<p><iframe style=\"border: none; overflow: hidden;\" src=\"https:\/\/www.facebook.com\/plugins\/video.php?href=https%3A%2F%2Fwww.facebook.com%2Fmydnwest%2Fvideos%2F2551018608246603%2F&amp;show_text=0&amp;width=560\" width=\"560\" height=\"315\" frameborder=\"0\" scrolling=\"no\" allowfullscreen=\"allowfullscreen\"><\/iframe><\/p>\n<p>Hay m\u00e1s de 116.000 personas esperando recibir un trasplante de \u00f3rganos que les salve la vida; 600 residen en Nevada. \u00a1Cualquiera puede registrarse como donante y s\u00f3lo toma un minuto!<\/p>\n<p><a href=\"https:\/\/www.donornetworkwest.org\/about-donation\/become-a-donor\/\">Become a Donor Today<\/a><\/p>\n","protected":false},"excerpt":{"rendered":"<p>(Pasadena, Calif.) \u2013 El 27 de diciembre de 2018 fue un d\u00eda lleno de emociones para la familia Ponte de Sparks, NV, cuya hija, Haylee, fue honrada con un retrato floral en la carroza Donate Life Rose Parade el d\u00eda de A\u00f1o Nuevo de 2019. Llegaron temprano a Pasadena por una raz\u00f3n muy especial; para [&hellip;]<\/p>\n","protected":false},"author":1,"featured_media":0,"parent":34,"menu_order":0,"comment_status":"closed","ping_status":"closed","template":"","meta":{"_acf_changed":false,"_trash_the_other_posts":false,"editor_notices":[],"footnotes":""},"class_list":["post-36","page","type-page","status-publish","hentry"],"acf":[],"yoast_head":"<!-- This site is optimized with the Yoast SEO Premium plugin v27.4 (Yoast SEO v27.4) - https:\/\/yoast.com\/product\/yoast-seo-premium-wordpress\/ -->\n<title>Familia de donantes de Sparks, NV conoci\u00f3 a la receptora de c\u00f3rnea de su hija por primera vez - Donor Network West<\/title>\n<meta name=\"robots\" content=\"index, follow, max-snippet:-1, max-image-preview:large, max-video-preview:-1\" \/>\n<link rel=\"canonical\" href=\"https:\/\/www.donornetworkwest.org\/es\/historias\/familia-de-donantes-de-sparks-nv-conocio-a-la-receptora-de-cornea-de-su-hija-por-primera-vez\/\" \/>\n<meta property=\"og:locale\" content=\"es_ES\" \/>\n<meta property=\"og:type\" content=\"article\" \/>\n<meta property=\"og:title\" content=\"Familia de donantes de Sparks, NV conoci\u00f3 a la receptora de c\u00f3rnea de su hija por primera vez\" \/>\n<meta property=\"og:description\" content=\"(Pasadena, Calif.) \u2013 El 27 de diciembre de 2018 fue un d\u00eda lleno de emociones para la familia Ponte de Sparks, NV, cuya hija, Haylee, fue honrada con un retrato floral en la carroza Donate Life Rose Parade el d\u00eda de A\u00f1o Nuevo de 2019. Llegaron temprano a Pasadena por una raz\u00f3n muy especial; para [&hellip;]\" \/>\n<meta property=\"og:url\" content=\"https:\/\/www.donornetworkwest.org\/es\/historias\/familia-de-donantes-de-sparks-nv-conocio-a-la-receptora-de-cornea-de-su-hija-por-primera-vez\/\" \/>\n<meta property=\"og:site_name\" content=\"Donor Network West\" \/>\n<meta property=\"article:modified_time\" content=\"2024-12-27T23:42:35+00:00\" \/>\n<meta name=\"twitter:card\" content=\"summary_large_image\" \/>\n<meta name=\"twitter:label1\" content=\"Tiempo de lectura\" \/>\n\t<meta name=\"twitter:data1\" content=\"2 minutos\" \/>\n<script type=\"application\/ld+json\" class=\"yoast-schema-graph\">{\"@context\":\"https:\\\/\\\/schema.org\",\"@graph\":[{\"@type\":\"WebPage\",\"@id\":\"https:\\\/\\\/www.donornetworkwest.org\\\/es\\\/historias\\\/familia-de-donantes-de-sparks-nv-conocio-a-la-receptora-de-cornea-de-su-hija-por-primera-vez\\\/\",\"url\":\"https:\\\/\\\/www.donornetworkwest.org\\\/es\\\/historias\\\/familia-de-donantes-de-sparks-nv-conocio-a-la-receptora-de-cornea-de-su-hija-por-primera-vez\\\/\",\"name\":\"Familia de donantes de Sparks, NV conoci\u00f3 a la receptora de c\u00f3rnea de su hija por primera vez - Donor Network West\",\"isPartOf\":{\"@id\":\"https:\\\/\\\/www.donornetworkwest.org\\\/es\\\/#website\"},\"datePublished\":\"2024-12-17T17:26:11+00:00\",\"dateModified\":\"2024-12-27T23:42:35+00:00\",\"breadcrumb\":{\"@id\":\"https:\\\/\\\/www.donornetworkwest.org\\\/es\\\/historias\\\/familia-de-donantes-de-sparks-nv-conocio-a-la-receptora-de-cornea-de-su-hija-por-primera-vez\\\/#breadcrumb\"},\"inLanguage\":\"es\",\"potentialAction\":[{\"@type\":\"ReadAction\",\"target\":[\"https:\\\/\\\/www.donornetworkwest.org\\\/es\\\/historias\\\/familia-de-donantes-de-sparks-nv-conocio-a-la-receptora-de-cornea-de-su-hija-por-primera-vez\\\/\"]}]},{\"@type\":\"BreadcrumbList\",\"@id\":\"https:\\\/\\\/www.donornetworkwest.org\\\/es\\\/historias\\\/familia-de-donantes-de-sparks-nv-conocio-a-la-receptora-de-cornea-de-su-hija-por-primera-vez\\\/#breadcrumb\",\"itemListElement\":[{\"@type\":\"ListItem\",\"position\":1,\"name\":\"Home\",\"item\":\"https:\\\/\\\/www.donornetworkwest.org\\\/es\\\/\"},{\"@type\":\"ListItem\",\"position\":2,\"name\":\"Historias\",\"item\":\"https:\\\/\\\/www.donornetworkwest.org\\\/es\\\/historias\\\/\"},{\"@type\":\"ListItem\",\"position\":3,\"name\":\"Familia de donantes de Sparks, NV conoci\u00f3 a la receptora de c\u00f3rnea de su hija por primera vez\"}]},{\"@type\":\"WebSite\",\"@id\":\"https:\\\/\\\/www.donornetworkwest.org\\\/es\\\/#website\",\"url\":\"https:\\\/\\\/www.donornetworkwest.org\\\/es\\\/\",\"name\":\"Donor Network West\",\"description\":\"\",\"potentialAction\":[{\"@type\":\"SearchAction\",\"target\":{\"@type\":\"EntryPoint\",\"urlTemplate\":\"https:\\\/\\\/www.donornetworkwest.org\\\/es\\\/?s={search_term_string}\"},\"query-input\":{\"@type\":\"PropertyValueSpecification\",\"valueRequired\":true,\"valueName\":\"search_term_string\"}}],\"inLanguage\":\"es\"}]}<\/script>\n<!-- \/ Yoast SEO Premium plugin. -->","yoast_head_json":{"title":"Familia de donantes de Sparks, NV conoci\u00f3 a la receptora de c\u00f3rnea de su hija por primera vez - Donor Network West","robots":{"index":"index","follow":"follow","max-snippet":"max-snippet:-1","max-image-preview":"max-image-preview:large","max-video-preview":"max-video-preview:-1"},"canonical":"https:\/\/www.donornetworkwest.org\/es\/historias\/familia-de-donantes-de-sparks-nv-conocio-a-la-receptora-de-cornea-de-su-hija-por-primera-vez\/","og_locale":"es_ES","og_type":"article","og_title":"Familia de donantes de Sparks, NV conoci\u00f3 a la receptora de c\u00f3rnea de su hija por primera vez","og_description":"(Pasadena, Calif.) \u2013 El 27 de diciembre de 2018 fue un d\u00eda lleno de emociones para la familia Ponte de Sparks, NV, cuya hija, Haylee, fue honrada con un retrato floral en la carroza Donate Life Rose Parade el d\u00eda de A\u00f1o Nuevo de 2019. Llegaron temprano a Pasadena por una raz\u00f3n muy especial; para [&hellip;]","og_url":"https:\/\/www.donornetworkwest.org\/es\/historias\/familia-de-donantes-de-sparks-nv-conocio-a-la-receptora-de-cornea-de-su-hija-por-primera-vez\/","og_site_name":"Donor Network West","article_modified_time":"2024-12-27T23:42:35+00:00","twitter_card":"summary_large_image","twitter_misc":{"Tiempo de lectura":"2 minutos"},"schema":{"@context":"https:\/\/schema.org","@graph":[{"@type":"WebPage","@id":"https:\/\/www.donornetworkwest.org\/es\/historias\/familia-de-donantes-de-sparks-nv-conocio-a-la-receptora-de-cornea-de-su-hija-por-primera-vez\/","url":"https:\/\/www.donornetworkwest.org\/es\/historias\/familia-de-donantes-de-sparks-nv-conocio-a-la-receptora-de-cornea-de-su-hija-por-primera-vez\/","name":"Familia de donantes de Sparks, NV conoci\u00f3 a la receptora de c\u00f3rnea de su hija por primera vez - Donor Network West","isPartOf":{"@id":"https:\/\/www.donornetworkwest.org\/es\/#website"},"datePublished":"2024-12-17T17:26:11+00:00","dateModified":"2024-12-27T23:42:35+00:00","breadcrumb":{"@id":"https:\/\/www.donornetworkwest.org\/es\/historias\/familia-de-donantes-de-sparks-nv-conocio-a-la-receptora-de-cornea-de-su-hija-por-primera-vez\/#breadcrumb"},"inLanguage":"es","potentialAction":[{"@type":"ReadAction","target":["https:\/\/www.donornetworkwest.org\/es\/historias\/familia-de-donantes-de-sparks-nv-conocio-a-la-receptora-de-cornea-de-su-hija-por-primera-vez\/"]}]},{"@type":"BreadcrumbList","@id":"https:\/\/www.donornetworkwest.org\/es\/historias\/familia-de-donantes-de-sparks-nv-conocio-a-la-receptora-de-cornea-de-su-hija-por-primera-vez\/#breadcrumb","itemListElement":[{"@type":"ListItem","position":1,"name":"Home","item":"https:\/\/www.donornetworkwest.org\/es\/"},{"@type":"ListItem","position":2,"name":"Historias","item":"https:\/\/www.donornetworkwest.org\/es\/historias\/"},{"@type":"ListItem","position":3,"name":"Familia de donantes de Sparks, NV conoci\u00f3 a la receptora de c\u00f3rnea de su hija por primera vez"}]},{"@type":"WebSite","@id":"https:\/\/www.donornetworkwest.org\/es\/#website","url":"https:\/\/www.donornetworkwest.org\/es\/","name":"Donor Network West","description":"","potentialAction":[{"@type":"SearchAction","target":{"@type":"EntryPoint","urlTemplate":"https:\/\/www.donornetworkwest.org\/es\/?s={search_term_string}"},"query-input":{"@type":"PropertyValueSpecification","valueRequired":true,"valueName":"search_term_string"}}],"inLanguage":"es"}]}},"_links":{"self":[{"href":"https:\/\/www.donornetworkwest.org\/es\/wp-json\/wp\/v2\/pages\/36","targetHints":{"allow":["GET"]}}],"collection":[{"href":"https:\/\/www.donornetworkwest.org\/es\/wp-json\/wp\/v2\/pages"}],"about":[{"href":"https:\/\/www.donornetworkwest.org\/es\/wp-json\/wp\/v2\/types\/page"}],"author":[{"embeddable":true,"href":"https:\/\/www.donornetworkwest.org\/es\/wp-json\/wp\/v2\/users\/1"}],"replies":[{"embeddable":true,"href":"https:\/\/www.donornetworkwest.org\/es\/wp-json\/wp\/v2\/comments?post=36"}],"version-history":[{"count":0,"href":"https:\/\/www.donornetworkwest.org\/es\/wp-json\/wp\/v2\/pages\/36\/revisions"}],"up":[{"embeddable":true,"href":"https:\/\/www.donornetworkwest.org\/es\/wp-json\/wp\/v2\/pages\/34"}],"wp:attachment":[{"href":"https:\/\/www.donornetworkwest.org\/es\/wp-json\/wp\/v2\/media?parent=36"}],"curies":[{"name":"wp","href":"https:\/\/api.w.org\/{rel}","templated":true}]}}