{"id":37,"date":"2024-12-17T17:26:09","date_gmt":"2024-12-17T17:26:09","guid":{"rendered":"https:\/\/www.donornetworkwest.org\/es\/?page_id=37"},"modified":"2024-12-27T23:42:03","modified_gmt":"2024-12-27T23:42:03","slug":"el-regalo-de-vida-de-un-padre","status":"publish","type":"page","link":"https:\/\/www.donornetworkwest.org\/es\/historias\/el-regalo-de-vida-de-un-padre\/","title":{"rendered":"El regalo de vida de un padre"},"content":{"rendered":"<p>Cuando su hija Lucy ten\u00eda solo 10 d\u00edas, a Ray y Yesenia Kimura de Martinez, California se les dijo que la vida de su beb\u00e9 estaba en peligro.<\/p>\n<p>El diagn\u00f3stico fue atresia biliar, una enfermedad hep\u00e1tica cr\u00f3nica que se manifiesta poco despu\u00e9s del nacimiento. Afortunadamente, Ray era un donante compatible y cuando Lucy era una ni\u00f1a peque\u00f1a, le salv\u00f3 la vida al darle una parte de su h\u00edgado.<\/p>\n<p>Lucy tiene actualmente nueve a\u00f1os, goza de excelente salud y brilla como jugadora de torneos de s\u00f3ftbol. Ella juega en la divisi\u00f3n de diez a\u00f1os de Universal Fastpitch, una organizaci\u00f3n de s\u00f3ftbol de viajes de primer nivel. Esta temporada ha lanzado en 27 juegos y enfrent\u00f3 a 316 bateadoras, ponchando a 163.<\/p>\n<p>\u201cLucy es una lanzadora estrella conocida por su recta de 52 millas por hora. Le est\u00e1 yendo muy bien y es una fuerza de la naturaleza\u201d, dice orgulloso Ray.<\/p>\n<p>Su conexi\u00f3n con la donaci\u00f3n y el trasplante ha inspirado a la familia Kimura a participar en eventos que promueven la donaci\u00f3n de \u00f3rganos, ojos y tejidos como una forma de salvar y sanar vidas. Desde hace tres a\u00f1os, Ray, Yesenia, Lucy y Carmen, de 12 a\u00f1os, han participado en Donate Life Run\/Walk 5K, 10K y Kids Dash de Donor Network West. Desde 2015, su equipo, I Love Lucy, ha recaudado casi $7400 para educaci\u00f3n e investigaci\u00f3n sobre la donaci\u00f3n de \u00f3rganos y tejidos.<\/p>\n<p>Ahora en su octavo a\u00f1o, Donate Life Run\/Walk se llevar\u00e1 a cabo una vez m\u00e1s en Heather Farm Park en Walnut Creek. M\u00e1s de 1,000 participantes se unir\u00e1n a los Kimuras el 8 de septiembre para celebrar el Regalo de Vida, hecho posible gracias a los generosos donantes y sus familias. #Run4Life<\/p>\n<p>Un donante de \u00f3rganos puede salvar la vida de hasta ocho personas y un donante de tejido puede curar a m\u00e1s de 75 personas. Cualquiera puede registrarse como donante en el DMV o en DonorNetworkWest.org.<\/p>\n<p>Este D\u00eda del Padre y durante todo el a\u00f1o, recuerda que el mejor regalo es el Regalo de Vida.<\/p>\n","protected":false},"excerpt":{"rendered":"<p>Cuando su hija Lucy ten\u00eda solo 10 d\u00edas, a Ray y Yesenia Kimura de Martinez, California se les dijo que la vida de su beb\u00e9 estaba en peligro. El diagn\u00f3stico fue atresia biliar, una enfermedad hep\u00e1tica cr\u00f3nica que se manifiesta poco despu\u00e9s del nacimiento. Afortunadamente, Ray era un donante compatible y cuando Lucy era una [&hellip;]<\/p>\n","protected":false},"author":1,"featured_media":0,"parent":34,"menu_order":0,"comment_status":"closed","ping_status":"closed","template":"","meta":{"_acf_changed":false,"_trash_the_other_posts":false,"editor_notices":[],"footnotes":""},"class_list":["post-37","page","type-page","status-publish","hentry"],"acf":[],"yoast_head":"<!-- This site is optimized with the Yoast SEO Premium plugin v27.2 (Yoast SEO v27.2) - https:\/\/yoast.com\/product\/yoast-seo-premium-wordpress\/ -->\n<title>El regalo de vida de un padre - Donor Network West<\/title>\n<meta name=\"robots\" content=\"index, follow, max-snippet:-1, max-image-preview:large, max-video-preview:-1\" \/>\n<link rel=\"canonical\" href=\"https:\/\/www.donornetworkwest.org\/es\/historias\/el-regalo-de-vida-de-un-padre\/\" \/>\n<meta property=\"og:locale\" content=\"es_ES\" \/>\n<meta property=\"og:type\" content=\"article\" \/>\n<meta property=\"og:title\" content=\"El regalo de vida de un padre\" \/>\n<meta property=\"og:description\" content=\"Cuando su hija Lucy ten\u00eda solo 10 d\u00edas, a Ray y Yesenia Kimura de Martinez, California se les dijo que la vida de su beb\u00e9 estaba en peligro. El diagn\u00f3stico fue atresia biliar, una enfermedad hep\u00e1tica cr\u00f3nica que se manifiesta poco despu\u00e9s del nacimiento. Afortunadamente, Ray era un donante compatible y cuando Lucy era una [&hellip;]\" \/>\n<meta property=\"og:url\" content=\"https:\/\/www.donornetworkwest.org\/es\/historias\/el-regalo-de-vida-de-un-padre\/\" \/>\n<meta property=\"og:site_name\" content=\"Donor Network West\" \/>\n<meta property=\"article:modified_time\" content=\"2024-12-27T23:42:03+00:00\" \/>\n<meta name=\"twitter:card\" content=\"summary_large_image\" \/>\n<meta name=\"twitter:label1\" content=\"Tiempo de lectura\" \/>\n\t<meta name=\"twitter:data1\" content=\"2 minutos\" \/>\n<script type=\"application\/ld+json\" class=\"yoast-schema-graph\">{\"@context\":\"https:\/\/schema.org\",\"@graph\":[{\"@type\":\"WebPage\",\"@id\":\"https:\/\/www.donornetworkwest.org\/es\/historias\/el-regalo-de-vida-de-un-padre\/\",\"url\":\"https:\/\/www.donornetworkwest.org\/es\/historias\/el-regalo-de-vida-de-un-padre\/\",\"name\":\"El regalo de vida de un padre - Donor Network West\",\"isPartOf\":{\"@id\":\"https:\/\/www.donornetworkwest.org\/es\/#website\"},\"datePublished\":\"2024-12-17T17:26:09+00:00\",\"dateModified\":\"2024-12-27T23:42:03+00:00\",\"breadcrumb\":{\"@id\":\"https:\/\/www.donornetworkwest.org\/es\/historias\/el-regalo-de-vida-de-un-padre\/#breadcrumb\"},\"inLanguage\":\"es\",\"potentialAction\":[{\"@type\":\"ReadAction\",\"target\":[\"https:\/\/www.donornetworkwest.org\/es\/historias\/el-regalo-de-vida-de-un-padre\/\"]}]},{\"@type\":\"BreadcrumbList\",\"@id\":\"https:\/\/www.donornetworkwest.org\/es\/historias\/el-regalo-de-vida-de-un-padre\/#breadcrumb\",\"itemListElement\":[{\"@type\":\"ListItem\",\"position\":1,\"name\":\"Home\",\"item\":\"https:\/\/www.donornetworkwest.org\/es\/\"},{\"@type\":\"ListItem\",\"position\":2,\"name\":\"Historias\",\"item\":\"https:\/\/www.donornetworkwest.org\/es\/historias\/\"},{\"@type\":\"ListItem\",\"position\":3,\"name\":\"El regalo de vida de un padre\"}]},{\"@type\":\"WebSite\",\"@id\":\"https:\/\/www.donornetworkwest.org\/es\/#website\",\"url\":\"https:\/\/www.donornetworkwest.org\/es\/\",\"name\":\"Donor Network West\",\"description\":\"\",\"potentialAction\":[{\"@type\":\"SearchAction\",\"target\":{\"@type\":\"EntryPoint\",\"urlTemplate\":\"https:\/\/www.donornetworkwest.org\/es\/?s={search_term_string}\"},\"query-input\":{\"@type\":\"PropertyValueSpecification\",\"valueRequired\":true,\"valueName\":\"search_term_string\"}}],\"inLanguage\":\"es\"}]}<\/script>\n<!-- \/ Yoast SEO Premium plugin. -->","yoast_head_json":{"title":"El regalo de vida de un padre - Donor Network West","robots":{"index":"index","follow":"follow","max-snippet":"max-snippet:-1","max-image-preview":"max-image-preview:large","max-video-preview":"max-video-preview:-1"},"canonical":"https:\/\/www.donornetworkwest.org\/es\/historias\/el-regalo-de-vida-de-un-padre\/","og_locale":"es_ES","og_type":"article","og_title":"El regalo de vida de un padre","og_description":"Cuando su hija Lucy ten\u00eda solo 10 d\u00edas, a Ray y Yesenia Kimura de Martinez, California se les dijo que la vida de su beb\u00e9 estaba en peligro. El diagn\u00f3stico fue atresia biliar, una enfermedad hep\u00e1tica cr\u00f3nica que se manifiesta poco despu\u00e9s del nacimiento. Afortunadamente, Ray era un donante compatible y cuando Lucy era una [&hellip;]","og_url":"https:\/\/www.donornetworkwest.org\/es\/historias\/el-regalo-de-vida-de-un-padre\/","og_site_name":"Donor Network West","article_modified_time":"2024-12-27T23:42:03+00:00","twitter_card":"summary_large_image","twitter_misc":{"Tiempo de lectura":"2 minutos"},"schema":{"@context":"https:\/\/schema.org","@graph":[{"@type":"WebPage","@id":"https:\/\/www.donornetworkwest.org\/es\/historias\/el-regalo-de-vida-de-un-padre\/","url":"https:\/\/www.donornetworkwest.org\/es\/historias\/el-regalo-de-vida-de-un-padre\/","name":"El regalo de vida de un padre - Donor Network West","isPartOf":{"@id":"https:\/\/www.donornetworkwest.org\/es\/#website"},"datePublished":"2024-12-17T17:26:09+00:00","dateModified":"2024-12-27T23:42:03+00:00","breadcrumb":{"@id":"https:\/\/www.donornetworkwest.org\/es\/historias\/el-regalo-de-vida-de-un-padre\/#breadcrumb"},"inLanguage":"es","potentialAction":[{"@type":"ReadAction","target":["https:\/\/www.donornetworkwest.org\/es\/historias\/el-regalo-de-vida-de-un-padre\/"]}]},{"@type":"BreadcrumbList","@id":"https:\/\/www.donornetworkwest.org\/es\/historias\/el-regalo-de-vida-de-un-padre\/#breadcrumb","itemListElement":[{"@type":"ListItem","position":1,"name":"Home","item":"https:\/\/www.donornetworkwest.org\/es\/"},{"@type":"ListItem","position":2,"name":"Historias","item":"https:\/\/www.donornetworkwest.org\/es\/historias\/"},{"@type":"ListItem","position":3,"name":"El regalo de vida de un padre"}]},{"@type":"WebSite","@id":"https:\/\/www.donornetworkwest.org\/es\/#website","url":"https:\/\/www.donornetworkwest.org\/es\/","name":"Donor Network West","description":"","potentialAction":[{"@type":"SearchAction","target":{"@type":"EntryPoint","urlTemplate":"https:\/\/www.donornetworkwest.org\/es\/?s={search_term_string}"},"query-input":{"@type":"PropertyValueSpecification","valueRequired":true,"valueName":"search_term_string"}}],"inLanguage":"es"}]}},"_links":{"self":[{"href":"https:\/\/www.donornetworkwest.org\/es\/wp-json\/wp\/v2\/pages\/37","targetHints":{"allow":["GET"]}}],"collection":[{"href":"https:\/\/www.donornetworkwest.org\/es\/wp-json\/wp\/v2\/pages"}],"about":[{"href":"https:\/\/www.donornetworkwest.org\/es\/wp-json\/wp\/v2\/types\/page"}],"author":[{"embeddable":true,"href":"https:\/\/www.donornetworkwest.org\/es\/wp-json\/wp\/v2\/users\/1"}],"replies":[{"embeddable":true,"href":"https:\/\/www.donornetworkwest.org\/es\/wp-json\/wp\/v2\/comments?post=37"}],"version-history":[{"count":0,"href":"https:\/\/www.donornetworkwest.org\/es\/wp-json\/wp\/v2\/pages\/37\/revisions"}],"up":[{"embeddable":true,"href":"https:\/\/www.donornetworkwest.org\/es\/wp-json\/wp\/v2\/pages\/34"}],"wp:attachment":[{"href":"https:\/\/www.donornetworkwest.org\/es\/wp-json\/wp\/v2\/media?parent=37"}],"curies":[{"name":"wp","href":"https:\/\/api.w.org\/{rel}","templated":true}]}}