{"id":42,"date":"2024-12-17T17:26:23","date_gmt":"2024-12-17T17:26:23","guid":{"rendered":"https:\/\/www.donornetworkwest.org\/es\/?page_id=42"},"modified":"2024-12-17T17:26:23","modified_gmt":"2024-12-17T17:26:23","slug":"un-futuro-brillante","status":"publish","type":"page","link":"https:\/\/www.donornetworkwest.org\/es\/un-futuro-brillante\/","title":{"rendered":"Un futuro brillante"},"content":{"rendered":"<p>Abril es el Mes Nacional de Donar Vida, un momento para reflexionar sobre las vidas sanadas a trav\u00e9s de la donaci\u00f3n de \u00f3rganos, ojos y tejidos. Gracias a la generosidad de los donantes y sus familias, miles de personas pueden tener una segunda oportunidad de vida.<\/p>\n<p>La enfermedad de Baby Scott significaba que no iba a sobrevivir a menos que recibiera un trasplante de h\u00edgado. Afortunadamente, el milagro de su vida lleg\u00f3 cuando solo ten\u00eda 8 meses. Ahora, su futuro parece brillante porque alguien dijo \u201cs\u00ed\u201d a la donaci\u00f3n.<\/p>\n<p>Casi 15 millones de californianos y m\u00e1s de 900,000 nevadenses ya se han registrado como donantes de \u00f3rganos y tejidos, pero la necesidad sigue siendo grande; 22,000 personas en California y 700 personas en Nevada esperan un trasplante de \u00f3rgano que les salve la vida.<\/p>\n<p>\u201cCuando puedas ayudar a alguien, como un ni\u00f1o peque\u00f1o, sentir\u00e1s una inmensa felicidad y alegr\u00eda. Quienquiera que haya sido nuestro donante, quiero decirle a la familia que estoy verdaderamente agradecida. Ni siquiera s\u00e9 c\u00f3mo ponerlo en palabras porque hay tantas emociones y apreciaciones que vienen con este regalo\u201d, dice Cuc Nguyen, la madre de Scott. \u201cTodo el mundo deber\u00eda registrarse como donante de \u00f3rganos\u201d.<\/p>\n<p><iframe title=\"YouTube video player\" src=\"https:\/\/www.youtube.com\/embed\/x8Ray8RTO3U\" width=\"560\" height=\"315\" frameborder=\"0\" allowfullscreen=\"allowfullscreen\"><\/iframe><\/p>\n<p><span style=\"font-weight: 400;\">La manera m\u00e1s f\u00e1cil de entrar en el esp\u00edritu del Mes de Donar Vida es registrarse como donante de \u00f3rganos, ojos y tejidos. Si ya se ha registrado, aseg\u00farese de compartir su decisi\u00f3n y anime a todos sus conocidos a registrarse tambi\u00e9n.<\/span><\/p>\n<p><span style=\"font-weight: 400;\">Tambi\u00e9n puede compartir las historias y publicaciones del Mes de Done Vida en <a href=\"https:\/\/www.facebook.com\/mydnwest\/\">@mydnwest<\/a> y mostrar sus colores de Done Vida en el <a href=\"http:\/\/donatelife.net\/blue-green-day\/\">D\u00eda Nacional Azul y Verde<\/a>, el 13 de abril.<\/span><\/p>\n<p><span style=\"font-weight: 400;\">Un donante de \u00f3rganos puede salvar la vida de hasta ocho personas y un donante de tejido puede ayudar a m\u00e1s de 75 personas. Obtenga m\u00e1s informaci\u00f3n sobre la donaci\u00f3n aqu\u00ed. \u00a1Cualquiera puede convertirse en donante de \u00f3rganos! Solo toma un minuto.<\/span><\/p>\n<p><a href=\"https:\/\/www.donornetworkwest.orgabout-donation\/become-a-donor\/\"><span style=\"font-weight: 400;\">Convi\u00e9rtase en Donante de \u00d3rganos Hoy<\/span><\/a><\/p>\n<p>&nbsp;<\/p>\n","protected":false},"excerpt":{"rendered":"<p>Abril es el Mes Nacional de Donar Vida, un momento para reflexionar sobre las vidas sanadas a trav\u00e9s de la donaci\u00f3n de \u00f3rganos, ojos y tejidos. Gracias a la generosidad de los donantes y sus familias, miles de personas pueden tener una segunda oportunidad de vida. La enfermedad de Baby Scott significaba que no iba [&hellip;]<\/p>\n","protected":false},"author":1,"featured_media":0,"parent":0,"menu_order":0,"comment_status":"closed","ping_status":"closed","template":"","meta":{"_acf_changed":false,"_trash_the_other_posts":false,"editor_notices":[],"footnotes":""},"class_list":["post-42","page","type-page","status-publish","hentry"],"acf":[],"yoast_head":"<!-- This site is optimized with the Yoast SEO Premium plugin v27.4 (Yoast SEO v27.4) - https:\/\/yoast.com\/product\/yoast-seo-premium-wordpress\/ -->\n<title>Un futuro brillante - Donor Network West<\/title>\n<meta name=\"robots\" content=\"index, follow, max-snippet:-1, max-image-preview:large, max-video-preview:-1\" \/>\n<link rel=\"canonical\" href=\"https:\/\/www.donornetworkwest.org\/es\/un-futuro-brillante\/\" \/>\n<meta property=\"og:locale\" content=\"es_ES\" \/>\n<meta property=\"og:type\" content=\"article\" \/>\n<meta property=\"og:title\" content=\"Un futuro brillante\" \/>\n<meta property=\"og:description\" content=\"Abril es el Mes Nacional de Donar Vida, un momento para reflexionar sobre las vidas sanadas a trav\u00e9s de la donaci\u00f3n de \u00f3rganos, ojos y tejidos. Gracias a la generosidad de los donantes y sus familias, miles de personas pueden tener una segunda oportunidad de vida. La enfermedad de Baby Scott significaba que no iba [&hellip;]\" \/>\n<meta property=\"og:url\" content=\"https:\/\/www.donornetworkwest.org\/es\/un-futuro-brillante\/\" \/>\n<meta property=\"og:site_name\" content=\"Donor Network West\" \/>\n<meta name=\"twitter:card\" content=\"summary_large_image\" \/>\n<meta name=\"twitter:label1\" content=\"Tiempo de lectura\" \/>\n\t<meta name=\"twitter:data1\" content=\"2 minutos\" \/>\n<script type=\"application\/ld+json\" class=\"yoast-schema-graph\">{\"@context\":\"https:\\\/\\\/schema.org\",\"@graph\":[{\"@type\":\"WebPage\",\"@id\":\"https:\\\/\\\/www.donornetworkwest.org\\\/es\\\/un-futuro-brillante\\\/\",\"url\":\"https:\\\/\\\/www.donornetworkwest.org\\\/es\\\/un-futuro-brillante\\\/\",\"name\":\"Un futuro brillante - Donor Network West\",\"isPartOf\":{\"@id\":\"https:\\\/\\\/www.donornetworkwest.org\\\/es\\\/#website\"},\"datePublished\":\"2024-12-17T17:26:23+00:00\",\"breadcrumb\":{\"@id\":\"https:\\\/\\\/www.donornetworkwest.org\\\/es\\\/un-futuro-brillante\\\/#breadcrumb\"},\"inLanguage\":\"es\",\"potentialAction\":[{\"@type\":\"ReadAction\",\"target\":[\"https:\\\/\\\/www.donornetworkwest.org\\\/es\\\/un-futuro-brillante\\\/\"]}]},{\"@type\":\"BreadcrumbList\",\"@id\":\"https:\\\/\\\/www.donornetworkwest.org\\\/es\\\/un-futuro-brillante\\\/#breadcrumb\",\"itemListElement\":[{\"@type\":\"ListItem\",\"position\":1,\"name\":\"Home\",\"item\":\"https:\\\/\\\/www.donornetworkwest.org\\\/es\\\/\"},{\"@type\":\"ListItem\",\"position\":2,\"name\":\"Un futuro brillante\"}]},{\"@type\":\"WebSite\",\"@id\":\"https:\\\/\\\/www.donornetworkwest.org\\\/es\\\/#website\",\"url\":\"https:\\\/\\\/www.donornetworkwest.org\\\/es\\\/\",\"name\":\"Donor Network West\",\"description\":\"\",\"potentialAction\":[{\"@type\":\"SearchAction\",\"target\":{\"@type\":\"EntryPoint\",\"urlTemplate\":\"https:\\\/\\\/www.donornetworkwest.org\\\/es\\\/?s={search_term_string}\"},\"query-input\":{\"@type\":\"PropertyValueSpecification\",\"valueRequired\":true,\"valueName\":\"search_term_string\"}}],\"inLanguage\":\"es\"}]}<\/script>\n<!-- \/ Yoast SEO Premium plugin. -->","yoast_head_json":{"title":"Un futuro brillante - Donor Network West","robots":{"index":"index","follow":"follow","max-snippet":"max-snippet:-1","max-image-preview":"max-image-preview:large","max-video-preview":"max-video-preview:-1"},"canonical":"https:\/\/www.donornetworkwest.org\/es\/un-futuro-brillante\/","og_locale":"es_ES","og_type":"article","og_title":"Un futuro brillante","og_description":"Abril es el Mes Nacional de Donar Vida, un momento para reflexionar sobre las vidas sanadas a trav\u00e9s de la donaci\u00f3n de \u00f3rganos, ojos y tejidos. Gracias a la generosidad de los donantes y sus familias, miles de personas pueden tener una segunda oportunidad de vida. La enfermedad de Baby Scott significaba que no iba [&hellip;]","og_url":"https:\/\/www.donornetworkwest.org\/es\/un-futuro-brillante\/","og_site_name":"Donor Network West","twitter_card":"summary_large_image","twitter_misc":{"Tiempo de lectura":"2 minutos"},"schema":{"@context":"https:\/\/schema.org","@graph":[{"@type":"WebPage","@id":"https:\/\/www.donornetworkwest.org\/es\/un-futuro-brillante\/","url":"https:\/\/www.donornetworkwest.org\/es\/un-futuro-brillante\/","name":"Un futuro brillante - Donor Network West","isPartOf":{"@id":"https:\/\/www.donornetworkwest.org\/es\/#website"},"datePublished":"2024-12-17T17:26:23+00:00","breadcrumb":{"@id":"https:\/\/www.donornetworkwest.org\/es\/un-futuro-brillante\/#breadcrumb"},"inLanguage":"es","potentialAction":[{"@type":"ReadAction","target":["https:\/\/www.donornetworkwest.org\/es\/un-futuro-brillante\/"]}]},{"@type":"BreadcrumbList","@id":"https:\/\/www.donornetworkwest.org\/es\/un-futuro-brillante\/#breadcrumb","itemListElement":[{"@type":"ListItem","position":1,"name":"Home","item":"https:\/\/www.donornetworkwest.org\/es\/"},{"@type":"ListItem","position":2,"name":"Un futuro brillante"}]},{"@type":"WebSite","@id":"https:\/\/www.donornetworkwest.org\/es\/#website","url":"https:\/\/www.donornetworkwest.org\/es\/","name":"Donor Network West","description":"","potentialAction":[{"@type":"SearchAction","target":{"@type":"EntryPoint","urlTemplate":"https:\/\/www.donornetworkwest.org\/es\/?s={search_term_string}"},"query-input":{"@type":"PropertyValueSpecification","valueRequired":true,"valueName":"search_term_string"}}],"inLanguage":"es"}]}},"_links":{"self":[{"href":"https:\/\/www.donornetworkwest.org\/es\/wp-json\/wp\/v2\/pages\/42","targetHints":{"allow":["GET"]}}],"collection":[{"href":"https:\/\/www.donornetworkwest.org\/es\/wp-json\/wp\/v2\/pages"}],"about":[{"href":"https:\/\/www.donornetworkwest.org\/es\/wp-json\/wp\/v2\/types\/page"}],"author":[{"embeddable":true,"href":"https:\/\/www.donornetworkwest.org\/es\/wp-json\/wp\/v2\/users\/1"}],"replies":[{"embeddable":true,"href":"https:\/\/www.donornetworkwest.org\/es\/wp-json\/wp\/v2\/comments?post=42"}],"version-history":[{"count":0,"href":"https:\/\/www.donornetworkwest.org\/es\/wp-json\/wp\/v2\/pages\/42\/revisions"}],"wp:attachment":[{"href":"https:\/\/www.donornetworkwest.org\/es\/wp-json\/wp\/v2\/media?parent=42"}],"curies":[{"name":"wp","href":"https:\/\/api.w.org\/{rel}","templated":true}]}}