{"id":44,"date":"2024-12-17T17:26:40","date_gmt":"2024-12-17T17:26:40","guid":{"rendered":"https:\/\/www.donornetworkwest.org\/es\/?page_id=44"},"modified":"2024-12-24T22:30:59","modified_gmt":"2024-12-24T22:30:59","slug":"comparta-su-historia","status":"publish","type":"page","link":"https:\/\/www.donornetworkwest.org\/es\/apoyo-para-familias-donantes\/comparta-su-historia\/","title":{"rendered":"Comparta su Historia (Share Your Story)"},"content":{"rendered":"\t\t<div data-elementor-type=\"wp-page\" data-elementor-id=\"44\" class=\"elementor elementor-44\" data-elementor-post-type=\"page\">\n\t\t\t\t\t\t<section class=\"elementor-section elementor-top-section elementor-element elementor-element-1b88e1b elementor-section-boxed elementor-section-height-default elementor-section-height-default\" data-id=\"1b88e1b\" data-element_type=\"section\" data-e-type=\"section\">\n\t\t\t\t\t\t<div class=\"elementor-container elementor-column-gap-default\">\n\t\t\t\t\t<div class=\"elementor-column elementor-col-100 elementor-top-column elementor-element elementor-element-ba8bcba\" data-id=\"ba8bcba\" data-element_type=\"column\" data-e-type=\"column\">\n\t\t\t<div class=\"elementor-widget-wrap\">\n\t\t\t\t\t\t\t<\/div>\n\t\t<\/div>\n\t\t\t\t\t<\/div>\n\t\t<\/section>\n\t\t\t\t<section class=\"elementor-section elementor-top-section elementor-element elementor-element-50a3b1c elementor-section-boxed elementor-section-height-default elementor-section-height-default\" data-id=\"50a3b1c\" data-element_type=\"section\" data-e-type=\"section\">\n\t\t\t\t\t\t<div class=\"elementor-container elementor-column-gap-default\">\n\t\t\t\t\t<div class=\"elementor-column elementor-col-100 elementor-top-column elementor-element elementor-element-5268ac1\" data-id=\"5268ac1\" data-element_type=\"column\" data-e-type=\"column\">\n\t\t\t<div class=\"elementor-widget-wrap elementor-element-populated\">\n\t\t\t\t\t\t<div class=\"elementor-element elementor-element-bc498f7 elementor-widget elementor-widget-header\" data-id=\"bc498f7\" data-element_type=\"widget\" data-e-type=\"widget\" data-widget_type=\"header.default\">\n\t\t\t\t<div class=\"elementor-widget-container\">\n\t\t\t\t\t\n    <header class=\"page-header\">\n      <div class=\"container\">\n        <div class=\"page-header__content\">\n\n                      <h1 class=\"page-header__title fade-in\">\n              Comparta su Historia            <\/h1>\n          \n                      <div class=\"page-header__media fade-in\">\n              <div\n                class=\"page-header__media__circle circle circle--main circle--image circle--responsive\"\n                style=\"--circle-size: 365px;\"\n              >\n                <img fetchpriority=\"high\" decoding=\"async\" width=\"365\" height=\"365\" src=\"https:\/\/www.donornetworkwest.org\/es\/wp-content\/uploads\/sites\/3\/2022\/03\/Donor-Stories-austin-salinas-register-organ-donor-1920-1-365x365.jpg\" class=\"attachment-365x365crop size-365x365crop\" alt=\"Image of young family with child\" srcset=\"https:\/\/www.donornetworkwest.org\/es\/wp-content\/uploads\/sites\/3\/2022\/03\/Donor-Stories-austin-salinas-register-organ-donor-1920-1-365x365.jpg 365w, https:\/\/www.donornetworkwest.org\/es\/wp-content\/uploads\/sites\/3\/2022\/03\/Donor-Stories-austin-salinas-register-organ-donor-1920-1-150x150.jpg 150w, https:\/\/www.donornetworkwest.org\/es\/wp-content\/uploads\/sites\/3\/2022\/03\/Donor-Stories-austin-salinas-register-organ-donor-1920-1-40x40.jpg 40w, https:\/\/www.donornetworkwest.org\/es\/wp-content\/uploads\/sites\/3\/2022\/03\/Donor-Stories-austin-salinas-register-organ-donor-1920-1-65x65.jpg 65w, https:\/\/www.donornetworkwest.org\/es\/wp-content\/uploads\/sites\/3\/2022\/03\/Donor-Stories-austin-salinas-register-organ-donor-1920-1-200x200.jpg 200w, https:\/\/www.donornetworkwest.org\/es\/wp-content\/uploads\/sites\/3\/2022\/03\/Donor-Stories-austin-salinas-register-organ-donor-1920-1-260x260.jpg 260w, https:\/\/www.donornetworkwest.org\/es\/wp-content\/uploads\/sites\/3\/2022\/03\/Donor-Stories-austin-salinas-register-organ-donor-1920-1-485x485.jpg 485w, https:\/\/www.donornetworkwest.org\/es\/wp-content\/uploads\/sites\/3\/2022\/03\/Donor-Stories-austin-salinas-register-organ-donor-1920-1-435x435.jpg 435w, https:\/\/www.donornetworkwest.org\/es\/wp-content\/uploads\/sites\/3\/2022\/03\/Donor-Stories-austin-salinas-register-organ-donor-1920-1-500x500.jpg 500w, https:\/\/www.donornetworkwest.org\/es\/wp-content\/uploads\/sites\/3\/2022\/03\/Donor-Stories-austin-salinas-register-organ-donor-1920-1-1000x1000.jpg 1000w, https:\/\/www.donornetworkwest.org\/es\/wp-content\/uploads\/sites\/3\/2022\/03\/Donor-Stories-austin-salinas-register-organ-donor-1920-1-45x45.jpg 45w\" sizes=\"(max-width: 365px) 100vw, 365px\" \/>                <div class=\"circle__angle circle__angle--50 circle__angle--behind\">\n                  <div\n                    class=\"circle circle--image circle--papaya circle--fill\"\n                    style=\"--circle-size: 55px;\"\n                  ><\/div>\n                <\/div>\n\n                <div class=\"circle__angle circle__angle--230\">\n                  <div\n                    class=\"circle circle--image circle--blue circle--border\"\n                    style=\"--circle-size: 100px;\"\n                  ><\/div>\n                <\/div>\n              <\/div>\n            <\/div>\n          \n        <\/div>\n      <\/div>\n    <\/header>\n    \n    <div class=\"spacer spacer--70\"><\/div>\n\n        \t\t\t\t<\/div>\n\t\t\t\t<\/div>\n\t\t\t\t\t<\/div>\n\t\t<\/div>\n\t\t\t\t\t<\/div>\n\t\t<\/section>\n\t\t\t\t<section class=\"elementor-section elementor-top-section elementor-element elementor-element-2f618a4 elementor-section-boxed elementor-section-height-default elementor-section-height-default\" data-id=\"2f618a4\" data-element_type=\"section\" data-e-type=\"section\">\n\t\t\t\t\t\t<div class=\"elementor-container elementor-column-gap-default\">\n\t\t\t\t\t<div class=\"elementor-column elementor-col-100 elementor-top-column elementor-element elementor-element-c90cda8\" data-id=\"c90cda8\" data-element_type=\"column\" data-e-type=\"column\">\n\t\t\t<div class=\"elementor-widget-wrap elementor-element-populated\">\n\t\t\t\t\t\t<div class=\"elementor-element elementor-element-b75499d elementor-widget elementor-widget-intro-text\" data-id=\"b75499d\" data-element_type=\"widget\" data-e-type=\"widget\" data-widget_type=\"intro-text.default\">\n\t\t\t\t<div class=\"elementor-widget-container\">\n\t\t\t\t\t\n    <section class=\"intro-text intro-text--white\">\n      <div class=\"container\">\n        <div class=\"intro-text__content\">\n                                <p class=\"intro-text__text fade-in\">\n              Ser\u00eda un honor para nosotros reconocer el legado de su ser querido. Compartir su historia \u00fanica puede ayudar a educar e inspirar a otros a registrarse para convertirse en donantes de \u00f3rganos. Juntos, podemos continuar abogando por los regalos que cambian la vida a trav\u00e9s de la donaci\u00f3n de \u00f3rganos y tejidos.            <\/p>\n                    \n          <div class=\"intro-text__buttons fade-in button-group\">\n            <a href=\"https:\/\/www.tfaforms.com\/4894812\" class=\"button \">\n  Comparta su Historia<\/a>\n          <\/div>\n        <\/div>\n      <\/div>\n    <\/section>\n    \n    <div class=\"spacer spacer--70\"><\/div>\n\n        \t\t\t\t<\/div>\n\t\t\t\t<\/div>\n\t\t\t\t<div class=\"elementor-element elementor-element-1ec3f69 elementor-widget elementor-widget-text-media\" data-id=\"1ec3f69\" data-element_type=\"widget\" data-e-type=\"widget\" data-widget_type=\"text-media.default\">\n\t\t\t\t<div class=\"elementor-widget-container\">\n\t\t\t\t\t\n    <div class=\"text-media text-media--  text-media--left\">\n      <div class=\"container\">\n        <div class=\"text-media__layout\">\n          <div class=\"text-media__media fade-in\">\n                          <div\n                class=\"circle circle--main circle--image circle--responsive circle--fill circle--blue\"\n                style=\"--circle-size: 500px;\"\n              >\n                <img decoding=\"async\" width=\"365\" height=\"365\" src=\"https:\/\/www.donornetworkwest.org\/es\/wp-content\/uploads\/sites\/3\/2022\/03\/Screen-Shot-2022-03-17-at-8.46.58-PM-2-365x365.png\" class=\"attachment-365x365crop size-365x365crop\" alt=\"Image of father and daughter\" srcset=\"https:\/\/www.donornetworkwest.org\/es\/wp-content\/uploads\/sites\/3\/2022\/03\/Screen-Shot-2022-03-17-at-8.46.58-PM-2-365x365.png 365w, https:\/\/www.donornetworkwest.org\/es\/wp-content\/uploads\/sites\/3\/2022\/03\/Screen-Shot-2022-03-17-at-8.46.58-PM-2-150x150.png 150w, https:\/\/www.donornetworkwest.org\/es\/wp-content\/uploads\/sites\/3\/2022\/03\/Screen-Shot-2022-03-17-at-8.46.58-PM-2-40x40.png 40w, https:\/\/www.donornetworkwest.org\/es\/wp-content\/uploads\/sites\/3\/2022\/03\/Screen-Shot-2022-03-17-at-8.46.58-PM-2-65x65.png 65w, https:\/\/www.donornetworkwest.org\/es\/wp-content\/uploads\/sites\/3\/2022\/03\/Screen-Shot-2022-03-17-at-8.46.58-PM-2-200x200.png 200w, https:\/\/www.donornetworkwest.org\/es\/wp-content\/uploads\/sites\/3\/2022\/03\/Screen-Shot-2022-03-17-at-8.46.58-PM-2-260x260.png 260w, https:\/\/www.donornetworkwest.org\/es\/wp-content\/uploads\/sites\/3\/2022\/03\/Screen-Shot-2022-03-17-at-8.46.58-PM-2-485x485.png 485w, https:\/\/www.donornetworkwest.org\/es\/wp-content\/uploads\/sites\/3\/2022\/03\/Screen-Shot-2022-03-17-at-8.46.58-PM-2-435x435.png 435w, https:\/\/www.donornetworkwest.org\/es\/wp-content\/uploads\/sites\/3\/2022\/03\/Screen-Shot-2022-03-17-at-8.46.58-PM-2-500x500.png 500w, https:\/\/www.donornetworkwest.org\/es\/wp-content\/uploads\/sites\/3\/2022\/03\/Screen-Shot-2022-03-17-at-8.46.58-PM-2-1000x1000.png 1000w, https:\/\/www.donornetworkwest.org\/es\/wp-content\/uploads\/sites\/3\/2022\/03\/Screen-Shot-2022-03-17-at-8.46.58-PM-2-45x45.png 45w\" sizes=\"(max-width: 365px) 100vw, 365px\" \/>                <div class=\"circle__angle circle__angle--40\">\n                  <div\n                    class=\"circle circle--border circle--dandelion\"\n                    style=\"--circle-size: 85px\"\n                  ><\/div>\n                <\/div>\n              <\/div>\n                      <\/div>\n          <div class=\"text-media__content\">\n                                      <h2 class=\"text-media__heading fade-in\">\n                El Regalo de la Vida de un padre              <\/h2>\n                                      <p class=\"text-media__text fade-in\">\n                Cuando su hija Lucy ten\u00eda solo 10 d\u00edas, a Ray y Yesenia Kimura de Martinez, les dijeron que la vida de su beb\u00e9 estaba en peligro. El diagn\u00f3stico fue atresia biliar, una enfermedad hep\u00e1tica cr\u00f3nica que se manifiesta poco despu\u00e9s del nacimiento. Afortunadamente, Ray era un donante compatible y cuando Lucy era una ni\u00f1a peque\u00f1a, le salv\u00f3 la vida al darle una parte de su h\u00edgado.              <\/p>\n            \n            <div class=\"text-media__buttons fade-in button-group\">\n              <a href=\"https:\/\/www.donornetworkwest.org\/es\/a-fathers-gift-of-life\/\" class=\"button \">\n  Lea la Historia de Lucy<\/a>\n            <\/div>\n          <\/div>\n        <\/div>\n      <\/div>\n    <\/div>\n    \n    <div class=\"spacer spacer--70\"><\/div>\n\n        \t\t\t\t<\/div>\n\t\t\t\t<\/div>\n\t\t\t\t\t<\/div>\n\t\t<\/div>\n\t\t\t\t\t<\/div>\n\t\t<\/section>\n\t\t\t\t<\/div>\n\t\t","protected":false},"excerpt":{"rendered":"<p>Comparta su Historia Ser\u00eda un honor para nosotros reconocer el legado de su ser querido. Compartir su historia \u00fanica puede ayudar a educar e inspirar a otros a registrarse para convertirse en donantes de \u00f3rganos. Juntos, podemos continuar abogando por los regalos que cambian la vida a trav\u00e9s de la donaci\u00f3n de \u00f3rganos y tejidos. [&hellip;]<\/p>\n","protected":false},"author":1,"featured_media":0,"parent":29,"menu_order":320,"comment_status":"closed","ping_status":"closed","template":"","meta":{"_acf_changed":false,"_trash_the_other_posts":false,"editor_notices":[],"footnotes":""},"class_list":["post-44","page","type-page","status-publish","hentry"],"acf":[],"yoast_head":"<!-- This site is optimized with the Yoast SEO Premium plugin v27.4 (Yoast SEO v27.4) - https:\/\/yoast.com\/product\/yoast-seo-premium-wordpress\/ -->\n<title>Comparta su Historia - Donor Network West<\/title>\n<meta name=\"robots\" content=\"index, follow, max-snippet:-1, max-image-preview:large, max-video-preview:-1\" \/>\n<link rel=\"canonical\" href=\"https:\/\/www.donornetworkwest.org\/es\/apoyo-para-familias-donantes\/comparta-su-historia\/\" \/>\n<meta property=\"og:locale\" content=\"es_ES\" \/>\n<meta property=\"og:type\" content=\"article\" \/>\n<meta property=\"og:title\" content=\"Comparta su Historia (Share Your Story)\" \/>\n<meta property=\"og:description\" content=\"Comparta su Historia Ser\u00eda un honor para nosotros reconocer el legado de su ser querido. Compartir su historia \u00fanica puede ayudar a educar e inspirar a otros a registrarse para convertirse en donantes de \u00f3rganos. Juntos, podemos continuar abogando por los regalos que cambian la vida a trav\u00e9s de la donaci\u00f3n de \u00f3rganos y tejidos. [&hellip;]\" \/>\n<meta property=\"og:url\" content=\"https:\/\/www.donornetworkwest.org\/es\/apoyo-para-familias-donantes\/comparta-su-historia\/\" \/>\n<meta property=\"og:site_name\" content=\"Donor Network West\" \/>\n<meta property=\"article:modified_time\" content=\"2024-12-24T22:30:59+00:00\" \/>\n<meta name=\"twitter:card\" content=\"summary_large_image\" \/>\n<meta name=\"twitter:label1\" content=\"Tiempo de lectura\" \/>\n\t<meta name=\"twitter:data1\" content=\"1 minuto\" \/>\n<script type=\"application\/ld+json\" class=\"yoast-schema-graph\">{\"@context\":\"https:\\\/\\\/schema.org\",\"@graph\":[{\"@type\":\"WebPage\",\"@id\":\"https:\\\/\\\/www.donornetworkwest.org\\\/es\\\/apoyo-para-familias-donantes\\\/comparta-su-historia\\\/\",\"url\":\"https:\\\/\\\/www.donornetworkwest.org\\\/es\\\/apoyo-para-familias-donantes\\\/comparta-su-historia\\\/\",\"name\":\"Comparta su Historia - Donor Network West\",\"isPartOf\":{\"@id\":\"https:\\\/\\\/www.donornetworkwest.org\\\/es\\\/#website\"},\"datePublished\":\"2024-12-17T17:26:40+00:00\",\"dateModified\":\"2024-12-24T22:30:59+00:00\",\"breadcrumb\":{\"@id\":\"https:\\\/\\\/www.donornetworkwest.org\\\/es\\\/apoyo-para-familias-donantes\\\/comparta-su-historia\\\/#breadcrumb\"},\"inLanguage\":\"es\",\"potentialAction\":[{\"@type\":\"ReadAction\",\"target\":[\"https:\\\/\\\/www.donornetworkwest.org\\\/es\\\/apoyo-para-familias-donantes\\\/comparta-su-historia\\\/\"]}]},{\"@type\":\"BreadcrumbList\",\"@id\":\"https:\\\/\\\/www.donornetworkwest.org\\\/es\\\/apoyo-para-familias-donantes\\\/comparta-su-historia\\\/#breadcrumb\",\"itemListElement\":[{\"@type\":\"ListItem\",\"position\":1,\"name\":\"Home\",\"item\":\"https:\\\/\\\/www.donornetworkwest.org\\\/es\\\/\"},{\"@type\":\"ListItem\",\"position\":2,\"name\":\"Apoyo para familias donantes (Support for Donor Families)\",\"item\":\"https:\\\/\\\/www.donornetworkwest.org\\\/es\\\/apoyo-para-familias-donantes\\\/\"},{\"@type\":\"ListItem\",\"position\":3,\"name\":\"Comparta su Historia (Share Your Story)\"}]},{\"@type\":\"WebSite\",\"@id\":\"https:\\\/\\\/www.donornetworkwest.org\\\/es\\\/#website\",\"url\":\"https:\\\/\\\/www.donornetworkwest.org\\\/es\\\/\",\"name\":\"Donor Network West\",\"description\":\"\",\"potentialAction\":[{\"@type\":\"SearchAction\",\"target\":{\"@type\":\"EntryPoint\",\"urlTemplate\":\"https:\\\/\\\/www.donornetworkwest.org\\\/es\\\/?s={search_term_string}\"},\"query-input\":{\"@type\":\"PropertyValueSpecification\",\"valueRequired\":true,\"valueName\":\"search_term_string\"}}],\"inLanguage\":\"es\"}]}<\/script>\n<!-- \/ Yoast SEO Premium plugin. -->","yoast_head_json":{"title":"Comparta su Historia - Donor Network West","robots":{"index":"index","follow":"follow","max-snippet":"max-snippet:-1","max-image-preview":"max-image-preview:large","max-video-preview":"max-video-preview:-1"},"canonical":"https:\/\/www.donornetworkwest.org\/es\/apoyo-para-familias-donantes\/comparta-su-historia\/","og_locale":"es_ES","og_type":"article","og_title":"Comparta su Historia (Share Your Story)","og_description":"Comparta su Historia Ser\u00eda un honor para nosotros reconocer el legado de su ser querido. Compartir su historia \u00fanica puede ayudar a educar e inspirar a otros a registrarse para convertirse en donantes de \u00f3rganos. Juntos, podemos continuar abogando por los regalos que cambian la vida a trav\u00e9s de la donaci\u00f3n de \u00f3rganos y tejidos. [&hellip;]","og_url":"https:\/\/www.donornetworkwest.org\/es\/apoyo-para-familias-donantes\/comparta-su-historia\/","og_site_name":"Donor Network West","article_modified_time":"2024-12-24T22:30:59+00:00","twitter_card":"summary_large_image","twitter_misc":{"Tiempo de lectura":"1 minuto"},"schema":{"@context":"https:\/\/schema.org","@graph":[{"@type":"WebPage","@id":"https:\/\/www.donornetworkwest.org\/es\/apoyo-para-familias-donantes\/comparta-su-historia\/","url":"https:\/\/www.donornetworkwest.org\/es\/apoyo-para-familias-donantes\/comparta-su-historia\/","name":"Comparta su Historia - Donor Network West","isPartOf":{"@id":"https:\/\/www.donornetworkwest.org\/es\/#website"},"datePublished":"2024-12-17T17:26:40+00:00","dateModified":"2024-12-24T22:30:59+00:00","breadcrumb":{"@id":"https:\/\/www.donornetworkwest.org\/es\/apoyo-para-familias-donantes\/comparta-su-historia\/#breadcrumb"},"inLanguage":"es","potentialAction":[{"@type":"ReadAction","target":["https:\/\/www.donornetworkwest.org\/es\/apoyo-para-familias-donantes\/comparta-su-historia\/"]}]},{"@type":"BreadcrumbList","@id":"https:\/\/www.donornetworkwest.org\/es\/apoyo-para-familias-donantes\/comparta-su-historia\/#breadcrumb","itemListElement":[{"@type":"ListItem","position":1,"name":"Home","item":"https:\/\/www.donornetworkwest.org\/es\/"},{"@type":"ListItem","position":2,"name":"Apoyo para familias donantes (Support for Donor Families)","item":"https:\/\/www.donornetworkwest.org\/es\/apoyo-para-familias-donantes\/"},{"@type":"ListItem","position":3,"name":"Comparta su Historia (Share Your Story)"}]},{"@type":"WebSite","@id":"https:\/\/www.donornetworkwest.org\/es\/#website","url":"https:\/\/www.donornetworkwest.org\/es\/","name":"Donor Network West","description":"","potentialAction":[{"@type":"SearchAction","target":{"@type":"EntryPoint","urlTemplate":"https:\/\/www.donornetworkwest.org\/es\/?s={search_term_string}"},"query-input":{"@type":"PropertyValueSpecification","valueRequired":true,"valueName":"search_term_string"}}],"inLanguage":"es"}]}},"_links":{"self":[{"href":"https:\/\/www.donornetworkwest.org\/es\/wp-json\/wp\/v2\/pages\/44","targetHints":{"allow":["GET"]}}],"collection":[{"href":"https:\/\/www.donornetworkwest.org\/es\/wp-json\/wp\/v2\/pages"}],"about":[{"href":"https:\/\/www.donornetworkwest.org\/es\/wp-json\/wp\/v2\/types\/page"}],"author":[{"embeddable":true,"href":"https:\/\/www.donornetworkwest.org\/es\/wp-json\/wp\/v2\/users\/1"}],"replies":[{"embeddable":true,"href":"https:\/\/www.donornetworkwest.org\/es\/wp-json\/wp\/v2\/comments?post=44"}],"version-history":[{"count":0,"href":"https:\/\/www.donornetworkwest.org\/es\/wp-json\/wp\/v2\/pages\/44\/revisions"}],"up":[{"embeddable":true,"href":"https:\/\/www.donornetworkwest.org\/es\/wp-json\/wp\/v2\/pages\/29"}],"wp:attachment":[{"href":"https:\/\/www.donornetworkwest.org\/es\/wp-json\/wp\/v2\/media?parent=44"}],"curies":[{"name":"wp","href":"https:\/\/api.w.org\/{rel}","templated":true}]}}