{"id":45,"date":"2024-12-17T17:26:20","date_gmt":"2024-12-17T17:26:20","guid":{"rendered":"https:\/\/www.donornetworkwest.org\/es\/?page_id=45"},"modified":"2024-12-24T20:08:57","modified_gmt":"2024-12-24T20:08:57","slug":"sabado-nacional-de-donantes","status":"publish","type":"page","link":"https:\/\/www.donornetworkwest.org\/es\/involucrese\/eventos\/sabado-nacional-de-donantes\/","title":{"rendered":"S\u00e1bado Nacional de Donantes"},"content":{"rendered":"<p><span style=\"font-weight: 400\">La donaci\u00f3n de \u00f3rganos y tejidos sana vidas y es un acto generoso apoyado por la mayor\u00eda de las religiones.<\/span><\/p>\n<p><span style=\"font-weight: 400\">El programa \u00abCelebrando la fe, la esperanza y la vida\u00bb de Donor Network West se lleva a cabo durante todo el mes de Noviembre. Alentamos a los l\u00edderes religiosos a promover la donaci\u00f3n de \u00f3rganos y tejidos entre sus miembros al:<\/span><\/p>\n<ul>\n<li style=\"font-weight: 400\"><span style=\"font-weight: 400\">Exhibir nuestros carteles en las instalaciones de su instituci\u00f3n<\/span><\/li>\n<li style=\"font-weight: 400\"><span style=\"font-weight: 400\">Colocar mensajes sobre donaci\u00f3n en boletines<\/span><\/li>\n<li style=\"font-weight: 400\"><span style=\"font-weight: 400\">Invitar a nuestros oradores a compartir su testimonio de donaciones.<\/span><\/li>\n<li style=\"font-weight: 400\"><span style=\"font-weight: 400\">Organizar una mesa de registro de donaciones<\/span><\/li>\n<\/ul>\n<p><span style=\"font-weight: 400\">Nuestro trabajo con l\u00edderes religiosos a lo largo de los a\u00f1os ha abierto los corazones y las mentes de miles de personas que han dicho \u00abs\u00ed\u00bb a la donaci\u00f3n. Su decisi\u00f3n de registrarse como donante da esperanza a los miles que esperan una segunda oportunidad de vida en el norte de California y Nevada.<\/span><\/p>\n<div id=\"attachment_797\" style=\"width: 810px\" class=\"wp-caption aligncenter\"><img fetchpriority=\"high\" decoding=\"async\" aria-describedby=\"caption-attachment-797\" class=\"wp-image-797 size-full\" src=\"https:\/\/www.donornetworkwest.org\/es\/wp-content\/uploads\/sites\/3\/2022\/03\/Faith-Image_NDS-1.jpeg\" alt=\"Algunos de los materiales que publicamos incluyen carteles, contenido para boletines y tarjetas de oraci\u00f3n.\" width=\"800\" height=\"353\" srcset=\"https:\/\/www.donornetworkwest.org\/es\/wp-content\/uploads\/sites\/3\/2022\/03\/Faith-Image_NDS-1.jpeg 800w, https:\/\/www.donornetworkwest.org\/es\/wp-content\/uploads\/sites\/3\/2022\/03\/Faith-Image_NDS-1-300x132.jpeg 300w, https:\/\/www.donornetworkwest.org\/es\/wp-content\/uploads\/sites\/3\/2022\/03\/Faith-Image_NDS-1-768x339.jpeg 768w\" sizes=\"(max-width: 800px) 100vw, 800px\" \/><p id=\"caption-attachment-797\" class=\"wp-caption-text\"><span style=\"font-weight: 400\">Algunos de los materiales que publicamos incluyen carteles, contenido para boletines y tarjetas de oraci\u00f3n.<\/span><\/p><\/div>\n<p><strong>Donor Sabbath Resources<\/strong><\/p>\n<ul>\n<li><a href=\"https:\/\/www.donornetworkwest.org\/es\/wp-content\/uploads\/sites\/3\/2022\/03\/donor_sabbath_posters_comp-1.pdf\">Posters<\/a> (11\u2033 x 17\u2033 PDF)<\/li>\n<li><a href=\"https:\/\/www.donornetworkwest.org\/es\/wp-content\/uploads\/sites\/3\/2022\/03\/donor_sabbath_inserts-1.pdf\"><span style=\"font-weight: 400\">Contenido para Boletines<\/span><\/a> (5.5\u2033 x 8.5\u2033 PDF)<\/li>\n<li><a href=\"https:\/\/www.donornetworkwest.org\/es\/wp-content\/uploads\/sites\/3\/2022\/03\/dnwest_bulletinmessages_2018-1.pdf\">Boletines<\/a><\/li>\n<\/ul>\n<p><strong>More Information<\/strong><\/p>\n<ul>\n<li style=\"font-weight: 400\"><a href=\"https:\/\/www.donornetworkwest.org\/about-donation\/organ-donation-facts-statistics\/\"><span style=\"font-weight: 400\">Informaci\u00f3n sobre la donaci\u00f3n<\/span><\/a><\/li>\n<li style=\"font-weight: 400\"><a href=\"https:\/\/www.donornetworkwest.org\/about-donation\/faqs\/religious-views\/\"><span style=\"font-weight: 400\">Puntos de Vista Religiosos<\/span><\/a><\/li>\n<\/ul>\n<p><span style=\"font-weight: 400\">Para unirse a nuestro programa y solicitar materiales del programa, env\u00ede un correo electr\u00f3nico a<\/span> <a href=\"mailto:info@dnwest.org\">info@dnwest.org<\/a>.<\/p>\n","protected":false},"excerpt":{"rendered":"<p>La donaci\u00f3n de \u00f3rganos y tejidos sana vidas y es un acto generoso apoyado por la mayor\u00eda de las religiones. El programa \u00abCelebrando la fe, la esperanza y la vida\u00bb de Donor Network West se lleva a cabo durante todo el mes de Noviembre. Alentamos a los l\u00edderes religiosos a promover la donaci\u00f3n de \u00f3rganos [&hellip;]<\/p>\n","protected":false},"author":1,"featured_media":0,"parent":43,"menu_order":0,"comment_status":"closed","ping_status":"closed","template":"","meta":{"_acf_changed":false,"_trash_the_other_posts":false,"editor_notices":[],"footnotes":""},"class_list":["post-45","page","type-page","status-publish","hentry"],"acf":[],"yoast_head":"<!-- This site is optimized with the Yoast SEO Premium plugin v27.4 (Yoast SEO v27.4) - https:\/\/yoast.com\/product\/yoast-seo-premium-wordpress\/ -->\n<title>S\u00e1bado Nacional de Donantes - Donor Network West<\/title>\n<meta name=\"robots\" content=\"index, follow, max-snippet:-1, max-image-preview:large, max-video-preview:-1\" \/>\n<link rel=\"canonical\" href=\"https:\/\/www.donornetworkwest.org\/es\/involucrese\/eventos\/sabado-nacional-de-donantes\/\" \/>\n<meta property=\"og:locale\" content=\"es_ES\" \/>\n<meta property=\"og:type\" content=\"article\" \/>\n<meta property=\"og:title\" content=\"S\u00e1bado Nacional de Donantes\" \/>\n<meta property=\"og:description\" content=\"La donaci\u00f3n de \u00f3rganos y tejidos sana vidas y es un acto generoso apoyado por la mayor\u00eda de las religiones. El programa \u00abCelebrando la fe, la esperanza y la vida\u00bb de Donor Network West se lleva a cabo durante todo el mes de Noviembre. Alentamos a los l\u00edderes religiosos a promover la donaci\u00f3n de \u00f3rganos [&hellip;]\" \/>\n<meta property=\"og:url\" content=\"https:\/\/www.donornetworkwest.org\/es\/involucrese\/eventos\/sabado-nacional-de-donantes\/\" \/>\n<meta property=\"og:site_name\" content=\"Donor Network West\" \/>\n<meta property=\"article:modified_time\" content=\"2024-12-24T20:08:57+00:00\" \/>\n<meta property=\"og:image\" content=\"https:\/\/www.donornetworkwest.org\/es\/wp-content\/uploads\/sites\/3\/2022\/03\/Faith-Image_NDS-1.jpeg\" \/>\n\t<meta property=\"og:image:width\" content=\"800\" \/>\n\t<meta property=\"og:image:height\" content=\"353\" \/>\n\t<meta property=\"og:image:type\" content=\"image\/jpeg\" \/>\n<meta name=\"twitter:card\" content=\"summary_large_image\" \/>\n<meta name=\"twitter:label1\" content=\"Tiempo de lectura\" \/>\n\t<meta name=\"twitter:data1\" content=\"2 minutos\" \/>\n<script type=\"application\/ld+json\" class=\"yoast-schema-graph\">{\"@context\":\"https:\\\/\\\/schema.org\",\"@graph\":[{\"@type\":\"WebPage\",\"@id\":\"https:\\\/\\\/www.donornetworkwest.org\\\/es\\\/involucrese\\\/eventos\\\/sabado-nacional-de-donantes\\\/\",\"url\":\"https:\\\/\\\/www.donornetworkwest.org\\\/es\\\/involucrese\\\/eventos\\\/sabado-nacional-de-donantes\\\/\",\"name\":\"S\u00e1bado Nacional de Donantes - Donor Network West\",\"isPartOf\":{\"@id\":\"https:\\\/\\\/www.donornetworkwest.org\\\/es\\\/#website\"},\"primaryImageOfPage\":{\"@id\":\"https:\\\/\\\/www.donornetworkwest.org\\\/es\\\/involucrese\\\/eventos\\\/sabado-nacional-de-donantes\\\/#primaryimage\"},\"image\":{\"@id\":\"https:\\\/\\\/www.donornetworkwest.org\\\/es\\\/involucrese\\\/eventos\\\/sabado-nacional-de-donantes\\\/#primaryimage\"},\"thumbnailUrl\":\"https:\\\/\\\/www.donornetworkwest.org\\\/es\\\/wp-content\\\/uploads\\\/sites\\\/3\\\/2022\\\/03\\\/Faith-Image_NDS-1.jpeg\",\"datePublished\":\"2024-12-17T17:26:20+00:00\",\"dateModified\":\"2024-12-24T20:08:57+00:00\",\"breadcrumb\":{\"@id\":\"https:\\\/\\\/www.donornetworkwest.org\\\/es\\\/involucrese\\\/eventos\\\/sabado-nacional-de-donantes\\\/#breadcrumb\"},\"inLanguage\":\"es\",\"potentialAction\":[{\"@type\":\"ReadAction\",\"target\":[\"https:\\\/\\\/www.donornetworkwest.org\\\/es\\\/involucrese\\\/eventos\\\/sabado-nacional-de-donantes\\\/\"]}]},{\"@type\":\"ImageObject\",\"inLanguage\":\"es\",\"@id\":\"https:\\\/\\\/www.donornetworkwest.org\\\/es\\\/involucrese\\\/eventos\\\/sabado-nacional-de-donantes\\\/#primaryimage\",\"url\":\"https:\\\/\\\/www.donornetworkwest.org\\\/es\\\/wp-content\\\/uploads\\\/sites\\\/3\\\/2022\\\/03\\\/Faith-Image_NDS-1.jpeg\",\"contentUrl\":\"https:\\\/\\\/www.donornetworkwest.org\\\/es\\\/wp-content\\\/uploads\\\/sites\\\/3\\\/2022\\\/03\\\/Faith-Image_NDS-1.jpeg\",\"width\":800,\"height\":353,\"caption\":\"Image religious posters, bulletin inserts, and prayer card\"},{\"@type\":\"BreadcrumbList\",\"@id\":\"https:\\\/\\\/www.donornetworkwest.org\\\/es\\\/involucrese\\\/eventos\\\/sabado-nacional-de-donantes\\\/#breadcrumb\",\"itemListElement\":[{\"@type\":\"ListItem\",\"position\":1,\"name\":\"Home\",\"item\":\"https:\\\/\\\/www.donornetworkwest.org\\\/es\\\/\"},{\"@type\":\"ListItem\",\"position\":2,\"name\":\"Invol\u00facrese (Get Involved)\",\"item\":\"https:\\\/\\\/www.donornetworkwest.org\\\/es\\\/involucrese\\\/\"},{\"@type\":\"ListItem\",\"position\":3,\"name\":\"Eventos (Events)\",\"item\":\"https:\\\/\\\/www.donornetworkwest.org\\\/es\\\/involucrese\\\/eventos\\\/\"},{\"@type\":\"ListItem\",\"position\":4,\"name\":\"S\u00e1bado Nacional de Donantes\"}]},{\"@type\":\"WebSite\",\"@id\":\"https:\\\/\\\/www.donornetworkwest.org\\\/es\\\/#website\",\"url\":\"https:\\\/\\\/www.donornetworkwest.org\\\/es\\\/\",\"name\":\"Donor Network West\",\"description\":\"\",\"potentialAction\":[{\"@type\":\"SearchAction\",\"target\":{\"@type\":\"EntryPoint\",\"urlTemplate\":\"https:\\\/\\\/www.donornetworkwest.org\\\/es\\\/?s={search_term_string}\"},\"query-input\":{\"@type\":\"PropertyValueSpecification\",\"valueRequired\":true,\"valueName\":\"search_term_string\"}}],\"inLanguage\":\"es\"}]}<\/script>\n<!-- \/ Yoast SEO Premium plugin. -->","yoast_head_json":{"title":"S\u00e1bado Nacional de Donantes - Donor Network West","robots":{"index":"index","follow":"follow","max-snippet":"max-snippet:-1","max-image-preview":"max-image-preview:large","max-video-preview":"max-video-preview:-1"},"canonical":"https:\/\/www.donornetworkwest.org\/es\/involucrese\/eventos\/sabado-nacional-de-donantes\/","og_locale":"es_ES","og_type":"article","og_title":"S\u00e1bado Nacional de Donantes","og_description":"La donaci\u00f3n de \u00f3rganos y tejidos sana vidas y es un acto generoso apoyado por la mayor\u00eda de las religiones. El programa \u00abCelebrando la fe, la esperanza y la vida\u00bb de Donor Network West se lleva a cabo durante todo el mes de Noviembre. Alentamos a los l\u00edderes religiosos a promover la donaci\u00f3n de \u00f3rganos [&hellip;]","og_url":"https:\/\/www.donornetworkwest.org\/es\/involucrese\/eventos\/sabado-nacional-de-donantes\/","og_site_name":"Donor Network West","article_modified_time":"2024-12-24T20:08:57+00:00","og_image":[{"width":800,"height":353,"url":"https:\/\/www.donornetworkwest.org\/es\/wp-content\/uploads\/sites\/3\/2022\/03\/Faith-Image_NDS-1.jpeg","type":"image\/jpeg"}],"twitter_card":"summary_large_image","twitter_misc":{"Tiempo de lectura":"2 minutos"},"schema":{"@context":"https:\/\/schema.org","@graph":[{"@type":"WebPage","@id":"https:\/\/www.donornetworkwest.org\/es\/involucrese\/eventos\/sabado-nacional-de-donantes\/","url":"https:\/\/www.donornetworkwest.org\/es\/involucrese\/eventos\/sabado-nacional-de-donantes\/","name":"S\u00e1bado Nacional de Donantes - Donor Network West","isPartOf":{"@id":"https:\/\/www.donornetworkwest.org\/es\/#website"},"primaryImageOfPage":{"@id":"https:\/\/www.donornetworkwest.org\/es\/involucrese\/eventos\/sabado-nacional-de-donantes\/#primaryimage"},"image":{"@id":"https:\/\/www.donornetworkwest.org\/es\/involucrese\/eventos\/sabado-nacional-de-donantes\/#primaryimage"},"thumbnailUrl":"https:\/\/www.donornetworkwest.org\/es\/wp-content\/uploads\/sites\/3\/2022\/03\/Faith-Image_NDS-1.jpeg","datePublished":"2024-12-17T17:26:20+00:00","dateModified":"2024-12-24T20:08:57+00:00","breadcrumb":{"@id":"https:\/\/www.donornetworkwest.org\/es\/involucrese\/eventos\/sabado-nacional-de-donantes\/#breadcrumb"},"inLanguage":"es","potentialAction":[{"@type":"ReadAction","target":["https:\/\/www.donornetworkwest.org\/es\/involucrese\/eventos\/sabado-nacional-de-donantes\/"]}]},{"@type":"ImageObject","inLanguage":"es","@id":"https:\/\/www.donornetworkwest.org\/es\/involucrese\/eventos\/sabado-nacional-de-donantes\/#primaryimage","url":"https:\/\/www.donornetworkwest.org\/es\/wp-content\/uploads\/sites\/3\/2022\/03\/Faith-Image_NDS-1.jpeg","contentUrl":"https:\/\/www.donornetworkwest.org\/es\/wp-content\/uploads\/sites\/3\/2022\/03\/Faith-Image_NDS-1.jpeg","width":800,"height":353,"caption":"Image religious posters, bulletin inserts, and prayer card"},{"@type":"BreadcrumbList","@id":"https:\/\/www.donornetworkwest.org\/es\/involucrese\/eventos\/sabado-nacional-de-donantes\/#breadcrumb","itemListElement":[{"@type":"ListItem","position":1,"name":"Home","item":"https:\/\/www.donornetworkwest.org\/es\/"},{"@type":"ListItem","position":2,"name":"Invol\u00facrese (Get Involved)","item":"https:\/\/www.donornetworkwest.org\/es\/involucrese\/"},{"@type":"ListItem","position":3,"name":"Eventos (Events)","item":"https:\/\/www.donornetworkwest.org\/es\/involucrese\/eventos\/"},{"@type":"ListItem","position":4,"name":"S\u00e1bado Nacional de Donantes"}]},{"@type":"WebSite","@id":"https:\/\/www.donornetworkwest.org\/es\/#website","url":"https:\/\/www.donornetworkwest.org\/es\/","name":"Donor Network West","description":"","potentialAction":[{"@type":"SearchAction","target":{"@type":"EntryPoint","urlTemplate":"https:\/\/www.donornetworkwest.org\/es\/?s={search_term_string}"},"query-input":{"@type":"PropertyValueSpecification","valueRequired":true,"valueName":"search_term_string"}}],"inLanguage":"es"}]}},"_links":{"self":[{"href":"https:\/\/www.donornetworkwest.org\/es\/wp-json\/wp\/v2\/pages\/45","targetHints":{"allow":["GET"]}}],"collection":[{"href":"https:\/\/www.donornetworkwest.org\/es\/wp-json\/wp\/v2\/pages"}],"about":[{"href":"https:\/\/www.donornetworkwest.org\/es\/wp-json\/wp\/v2\/types\/page"}],"author":[{"embeddable":true,"href":"https:\/\/www.donornetworkwest.org\/es\/wp-json\/wp\/v2\/users\/1"}],"replies":[{"embeddable":true,"href":"https:\/\/www.donornetworkwest.org\/es\/wp-json\/wp\/v2\/comments?post=45"}],"version-history":[{"count":0,"href":"https:\/\/www.donornetworkwest.org\/es\/wp-json\/wp\/v2\/pages\/45\/revisions"}],"up":[{"embeddable":true,"href":"https:\/\/www.donornetworkwest.org\/es\/wp-json\/wp\/v2\/pages\/43"}],"wp:attachment":[{"href":"https:\/\/www.donornetworkwest.org\/es\/wp-json\/wp\/v2\/media?parent=45"}],"curies":[{"name":"wp","href":"https:\/\/api.w.org\/{rel}","templated":true}]}}