{"id":46,"date":"2024-12-17T17:26:39","date_gmt":"2024-12-17T17:26:39","guid":{"rendered":"https:\/\/www.donornetworkwest.org\/es\/?page_id=46"},"modified":"2025-01-07T22:54:13","modified_gmt":"2025-01-07T22:54:13","slug":"got-the-dot","status":"publish","type":"page","link":"https:\/\/www.donornetworkwest.org\/es\/got-the-dot\/","title":{"rendered":"Got The Dot"},"content":{"rendered":"<p><span style=\"font-weight: 400;\">22,000 californianos esperan un trasplante de \u00f3rgano que les salve la vida. Entre ellos hay ni\u00f1os, maestros y due\u00f1os de negocios locales. Al garantizar que m\u00e1s personas est\u00e9n registradas como donantes de \u00f3rganos, ojos y tejidos, se pueden salvar m\u00e1s vidas.<\/span><\/p>\n<p><span style=\"font-weight: 400;\">Got the Dot sirve como una oportunidad para que las empresas locales celebren a los patrocinadores que est\u00e1n registrados como donantes. El punto rosa en su licencia de conducir o tarjeta de identificaci\u00f3n ofrece un descuento o una oferta especial en las empresas participantes. Para aquellos que a\u00fan no se han registrado, esta campa\u00f1a ofrece un incentivo para registrarse y promueve conversaciones sobre c\u00f3mo la donaci\u00f3n salva y cura vidas.<\/span><\/p>\n<h4><strong>C\u00f3mo funciona<\/strong><\/h4>\n<ol>\n<li style=\"font-weight: 400;\" aria-level=\"1\"><span style=\"font-weight: 400;\">Encuentra los negocios participantes en la lista en la siguiente secci\u00f3n<\/span><\/li>\n<li style=\"font-weight: 400;\" aria-level=\"1\"><span style=\"font-weight: 400;\">Muestre prueba (punto rosa) de la designaci\u00f3n de donante en su licencia en el punto de compra para recibir una oferta especial<\/span><\/li>\n<li style=\"font-weight: 400;\" aria-level=\"1\"><span style=\"font-weight: 400;\">Si no se ha registrado como donante, puede registrarse en l\u00ednea o en el DMV<\/span><\/li>\n<li style=\"font-weight: 400;\" aria-level=\"1\"><span style=\"font-weight: 400;\">Haga de la donaci\u00f3n una conversaci\u00f3n entre familiares y amigos<\/span><\/li>\n<\/ol>\n<hr \/>\n<h4><strong>Negocios participantes 2019<\/strong><\/h4>\n<ul>\n<li style=\"font-weight: 400;\" aria-level=\"1\"><span style=\"font-weight: 400;\">The Counter<\/span><\/li>\n<li style=\"font-weight: 400;\" aria-level=\"1\"><span style=\"font-weight: 400;\">Pizza California<\/span><\/li>\n<li style=\"font-weight: 400;\" aria-level=\"1\"><span style=\"font-weight: 400;\">San Jose Museum Of Art<\/span><\/li>\n<li style=\"font-weight: 400;\" aria-level=\"1\"><span style=\"font-weight: 400;\">Scoop And Stick<\/span><\/li>\n<li style=\"font-weight: 400;\" aria-level=\"1\"><span style=\"font-weight: 400;\">Slice Of New York<\/span><\/li>\n<li style=\"font-weight: 400;\" aria-level=\"1\"><span style=\"font-weight: 400;\">Sports Clips<\/span><\/li>\n<li style=\"font-weight: 400;\" aria-level=\"1\"><span style=\"font-weight: 400;\">Tandoori Oven<\/span><\/li>\n<li style=\"font-weight: 400;\" aria-level=\"1\"><span style=\"font-weight: 400;\">Tin Pot Creamery<\/span><\/li>\n<\/ul>\n<hr \/>\n<p><span style=\"font-weight: 400;\">Reg\u00edstrese como donante de \u00f3rganos y obtenga m\u00e1s <a href=\"https:\/\/www.donornetworkwest.org\/es\/acerca-de-la-donacion\/datos-y-estadisticas-sobre-la-donacion-de-organos\/\">informaci\u00f3n sobre la donaci\u00f3n<\/a>. \u00danase al programa Got the Dot como empresa participante para mostrar su apoyo a la donaci\u00f3n de \u00f3rganos y tejidos.<\/span><\/p>\n<p><span style=\"font-weight: 400;\">Para obtener m\u00e1s informaci\u00f3n, comun\u00edquese con<\/span>\u00a0<a href=\"mailto:lalaineto@dnwest.org\">Lalaine To<\/a>.<\/p>\n","protected":false},"excerpt":{"rendered":"<p>22,000 californianos esperan un trasplante de \u00f3rgano que les salve la vida. Entre ellos hay ni\u00f1os, maestros y due\u00f1os de negocios locales. Al garantizar que m\u00e1s personas est\u00e9n registradas como donantes de \u00f3rganos, ojos y tejidos, se pueden salvar m\u00e1s vidas. Got the Dot sirve como una oportunidad para que las empresas locales celebren a [&hellip;]<\/p>\n","protected":false},"author":1,"featured_media":0,"parent":0,"menu_order":270,"comment_status":"closed","ping_status":"closed","template":"","meta":{"_acf_changed":false,"_trash_the_other_posts":false,"editor_notices":[],"footnotes":""},"class_list":["post-46","page","type-page","status-publish","hentry"],"acf":[],"yoast_head":"<!-- This site is optimized with the Yoast SEO Premium plugin v27.4 (Yoast SEO v27.4) - https:\/\/yoast.com\/product\/yoast-seo-premium-wordpress\/ -->\n<title>Got The Dot - Donor Network West<\/title>\n<meta name=\"robots\" content=\"index, follow, max-snippet:-1, max-image-preview:large, max-video-preview:-1\" \/>\n<link rel=\"canonical\" href=\"https:\/\/www.donornetworkwest.org\/es\/got-the-dot\/\" \/>\n<meta property=\"og:locale\" content=\"es_ES\" \/>\n<meta property=\"og:type\" content=\"article\" \/>\n<meta property=\"og:title\" content=\"Got The Dot\" \/>\n<meta property=\"og:description\" content=\"22,000 californianos esperan un trasplante de \u00f3rgano que les salve la vida. Entre ellos hay ni\u00f1os, maestros y due\u00f1os de negocios locales. Al garantizar que m\u00e1s personas est\u00e9n registradas como donantes de \u00f3rganos, ojos y tejidos, se pueden salvar m\u00e1s vidas. Got the Dot sirve como una oportunidad para que las empresas locales celebren a [&hellip;]\" \/>\n<meta property=\"og:url\" content=\"https:\/\/www.donornetworkwest.org\/es\/got-the-dot\/\" \/>\n<meta property=\"og:site_name\" content=\"Donor Network West\" \/>\n<meta property=\"article:modified_time\" content=\"2025-01-07T22:54:13+00:00\" \/>\n<meta name=\"twitter:card\" content=\"summary_large_image\" \/>\n<meta name=\"twitter:label1\" content=\"Tiempo de lectura\" \/>\n\t<meta name=\"twitter:data1\" content=\"2 minutos\" \/>\n<script type=\"application\/ld+json\" class=\"yoast-schema-graph\">{\"@context\":\"https:\\\/\\\/schema.org\",\"@graph\":[{\"@type\":\"WebPage\",\"@id\":\"https:\\\/\\\/www.donornetworkwest.org\\\/es\\\/got-the-dot\\\/\",\"url\":\"https:\\\/\\\/www.donornetworkwest.org\\\/es\\\/got-the-dot\\\/\",\"name\":\"Got The Dot - Donor Network West\",\"isPartOf\":{\"@id\":\"https:\\\/\\\/www.donornetworkwest.org\\\/es\\\/#website\"},\"datePublished\":\"2024-12-17T17:26:39+00:00\",\"dateModified\":\"2025-01-07T22:54:13+00:00\",\"breadcrumb\":{\"@id\":\"https:\\\/\\\/www.donornetworkwest.org\\\/es\\\/got-the-dot\\\/#breadcrumb\"},\"inLanguage\":\"es\",\"potentialAction\":[{\"@type\":\"ReadAction\",\"target\":[\"https:\\\/\\\/www.donornetworkwest.org\\\/es\\\/got-the-dot\\\/\"]}]},{\"@type\":\"BreadcrumbList\",\"@id\":\"https:\\\/\\\/www.donornetworkwest.org\\\/es\\\/got-the-dot\\\/#breadcrumb\",\"itemListElement\":[{\"@type\":\"ListItem\",\"position\":1,\"name\":\"Home\",\"item\":\"https:\\\/\\\/www.donornetworkwest.org\\\/es\\\/\"},{\"@type\":\"ListItem\",\"position\":2,\"name\":\"Got The Dot\"}]},{\"@type\":\"WebSite\",\"@id\":\"https:\\\/\\\/www.donornetworkwest.org\\\/es\\\/#website\",\"url\":\"https:\\\/\\\/www.donornetworkwest.org\\\/es\\\/\",\"name\":\"Donor Network West\",\"description\":\"\",\"potentialAction\":[{\"@type\":\"SearchAction\",\"target\":{\"@type\":\"EntryPoint\",\"urlTemplate\":\"https:\\\/\\\/www.donornetworkwest.org\\\/es\\\/?s={search_term_string}\"},\"query-input\":{\"@type\":\"PropertyValueSpecification\",\"valueRequired\":true,\"valueName\":\"search_term_string\"}}],\"inLanguage\":\"es\"}]}<\/script>\n<!-- \/ Yoast SEO Premium plugin. -->","yoast_head_json":{"title":"Got The Dot - Donor Network West","robots":{"index":"index","follow":"follow","max-snippet":"max-snippet:-1","max-image-preview":"max-image-preview:large","max-video-preview":"max-video-preview:-1"},"canonical":"https:\/\/www.donornetworkwest.org\/es\/got-the-dot\/","og_locale":"es_ES","og_type":"article","og_title":"Got The Dot","og_description":"22,000 californianos esperan un trasplante de \u00f3rgano que les salve la vida. Entre ellos hay ni\u00f1os, maestros y due\u00f1os de negocios locales. Al garantizar que m\u00e1s personas est\u00e9n registradas como donantes de \u00f3rganos, ojos y tejidos, se pueden salvar m\u00e1s vidas. Got the Dot sirve como una oportunidad para que las empresas locales celebren a [&hellip;]","og_url":"https:\/\/www.donornetworkwest.org\/es\/got-the-dot\/","og_site_name":"Donor Network West","article_modified_time":"2025-01-07T22:54:13+00:00","twitter_card":"summary_large_image","twitter_misc":{"Tiempo de lectura":"2 minutos"},"schema":{"@context":"https:\/\/schema.org","@graph":[{"@type":"WebPage","@id":"https:\/\/www.donornetworkwest.org\/es\/got-the-dot\/","url":"https:\/\/www.donornetworkwest.org\/es\/got-the-dot\/","name":"Got The Dot - Donor Network West","isPartOf":{"@id":"https:\/\/www.donornetworkwest.org\/es\/#website"},"datePublished":"2024-12-17T17:26:39+00:00","dateModified":"2025-01-07T22:54:13+00:00","breadcrumb":{"@id":"https:\/\/www.donornetworkwest.org\/es\/got-the-dot\/#breadcrumb"},"inLanguage":"es","potentialAction":[{"@type":"ReadAction","target":["https:\/\/www.donornetworkwest.org\/es\/got-the-dot\/"]}]},{"@type":"BreadcrumbList","@id":"https:\/\/www.donornetworkwest.org\/es\/got-the-dot\/#breadcrumb","itemListElement":[{"@type":"ListItem","position":1,"name":"Home","item":"https:\/\/www.donornetworkwest.org\/es\/"},{"@type":"ListItem","position":2,"name":"Got The Dot"}]},{"@type":"WebSite","@id":"https:\/\/www.donornetworkwest.org\/es\/#website","url":"https:\/\/www.donornetworkwest.org\/es\/","name":"Donor Network West","description":"","potentialAction":[{"@type":"SearchAction","target":{"@type":"EntryPoint","urlTemplate":"https:\/\/www.donornetworkwest.org\/es\/?s={search_term_string}"},"query-input":{"@type":"PropertyValueSpecification","valueRequired":true,"valueName":"search_term_string"}}],"inLanguage":"es"}]}},"_links":{"self":[{"href":"https:\/\/www.donornetworkwest.org\/es\/wp-json\/wp\/v2\/pages\/46","targetHints":{"allow":["GET"]}}],"collection":[{"href":"https:\/\/www.donornetworkwest.org\/es\/wp-json\/wp\/v2\/pages"}],"about":[{"href":"https:\/\/www.donornetworkwest.org\/es\/wp-json\/wp\/v2\/types\/page"}],"author":[{"embeddable":true,"href":"https:\/\/www.donornetworkwest.org\/es\/wp-json\/wp\/v2\/users\/1"}],"replies":[{"embeddable":true,"href":"https:\/\/www.donornetworkwest.org\/es\/wp-json\/wp\/v2\/comments?post=46"}],"version-history":[{"count":0,"href":"https:\/\/www.donornetworkwest.org\/es\/wp-json\/wp\/v2\/pages\/46\/revisions"}],"wp:attachment":[{"href":"https:\/\/www.donornetworkwest.org\/es\/wp-json\/wp\/v2\/media?parent=46"}],"curies":[{"name":"wp","href":"https:\/\/api.w.org\/{rel}","templated":true}]}}