{"id":48,"date":"2024-12-17T17:26:16","date_gmt":"2024-12-17T17:26:16","guid":{"rendered":"https:\/\/www.donornetworkwest.org\/es\/?page_id=48"},"modified":"2024-12-31T20:38:02","modified_gmt":"2024-12-31T20:38:02","slug":"madre-del-area-de-la-bahia-se-arrepiente-de-no-haber-donado-los-organos-de-su-hijo-adolescente-hace-cuatro-decadas","status":"publish","type":"page","link":"https:\/\/www.donornetworkwest.org\/es\/madre-del-area-de-la-bahia-se-arrepiente-de-no-haber-donado-los-organos-de-su-hijo-adolescente-hace-cuatro-decadas\/","title":{"rendered":"Madre del \u00c1rea de la Bah\u00eda se arrepiente de no haber donado los \u00f3rganos de su hijo adolescente hace cuatro d\u00e9cadas"},"content":{"rendered":"<p><span style=\"font-weight: 400;\">Arlinda Timmons-Love de Richmond, California, perdi\u00f3 tr\u00e1gicamente a su hijo de 15 a\u00f1os, Maurice, hace casi 40 a\u00f1os.<\/span><\/p>\n<p><span style=\"font-weight: 400;\">Maurice Lavelle Godfrey fue el primog\u00e9nito de Arlinda. El atleta estrella viajaba en un scooter cuando un pistolero desconocido le dispar\u00f3 en la cabeza. M\u00e1s tarde, Maurice fue declarado con muerte cerebral; sus \u00f3rganos sanos lo convirtieron en un candidato viable para la donaci\u00f3n de \u00f3rganos. Cuando se le present\u00f3 la opci\u00f3n de donar los \u00f3rganos de su hijo, Arlinda decidi\u00f3 no hacerlo. Desde entonces se ha arrepentido de esa decisi\u00f3n.<\/span><\/p>\n<p><span style=\"font-weight: 400;\">\u201cNo quer\u00eda aceptar que estaba muerto. Me explicaron la muerte cerebral, pero no lo entend\u00eda bien y no quer\u00eda dejarlo ir. Me sent\u00ed insultada cuando se mencion\u00f3 la donaci\u00f3n de \u00f3rganos; fue como una bofetada en la cara. Mirando hacia atr\u00e1s, desear\u00eda haber dicho que s\u00ed\u201d, explica Arlinda.<\/span><\/p>\n<p><span style=\"font-weight: 400;\">Aunque la donaci\u00f3n de \u00f3rganos no ocurri\u00f3 en el caso de su hijo, Arlinda ahora es una defensora de la donaci\u00f3n en la comunidad que la rodea. Ella comparte su historia como una forma de inspirar a otros a registrarse como donantes de \u00f3rganos y tejidos para que sus familias no tengan que tomar esa decisi\u00f3n por ellos.<\/span><\/p>\n<p><iframe title=\"YouTube video player\" src=\"https:\/\/www.youtube.com\/embed\/FlkM_p2lkXI\" width=\"560\" height=\"315\" frameborder=\"0\" allowfullscreen=\"allowfullscreen\"><\/iframe><\/p>\n<p><span style=\"font-weight: 400;\">\u201cQuiero cambiar las actitudes de las familias afroamericanas hacia la donaci\u00f3n de \u00f3rganos. Si hubiera decidido donar, alguien podr\u00eda estar vivo hoy gracias a Maurice y al menos una parte de \u00e9l todav\u00eda estar\u00eda aqu\u00ed con nosotros. Ahora le digo a mi comunidad que permita que sus hijos sigan viviendo\u201d.<\/span><\/p>\n<p><span style=\"font-weight: 400;\">\u201cEsta conversaci\u00f3n entre las familias afroamericanas, es una discusi\u00f3n necesaria. Necesitamos descubrir c\u00f3mo ayudar a las personas de antemano para que puedan entender lo bueno de esto\u201d. Arlinda contin\u00faa diciendo: \u201cMir\u00e1ndola (la donaci\u00f3n) por su verdadero significado: ayudar a los dem\u00e1s\u201d.<\/span><\/p>\n<p><span style=\"font-weight: 400;\">Arlinda, que trabaja con ex-prisioneros que buscan adaptarse a la sociedad, tambi\u00e9n perdi\u00f3 a dos sobrinos a causa de la violencia armada. Maurice es el mayor de dos hijos; una hermana menor tambi\u00e9n le sobrevive.<\/span><\/p>\n","protected":false},"excerpt":{"rendered":"<p>Arlinda Timmons-Love de Richmond, California, perdi\u00f3 tr\u00e1gicamente a su hijo de 15 a\u00f1os, Maurice, hace casi 40 a\u00f1os. Maurice Lavelle Godfrey fue el primog\u00e9nito de Arlinda. El atleta estrella viajaba en un scooter cuando un pistolero desconocido le dispar\u00f3 en la cabeza. M\u00e1s tarde, Maurice fue declarado con muerte cerebral; sus \u00f3rganos sanos lo convirtieron [&hellip;]<\/p>\n","protected":false},"author":1,"featured_media":0,"parent":0,"menu_order":0,"comment_status":"closed","ping_status":"closed","template":"","meta":{"_acf_changed":false,"_trash_the_other_posts":false,"editor_notices":[],"footnotes":""},"class_list":["post-48","page","type-page","status-publish","hentry"],"acf":[],"yoast_head":"<!-- This site is optimized with the Yoast SEO Premium plugin v27.4 (Yoast SEO v27.4) - https:\/\/yoast.com\/product\/yoast-seo-premium-wordpress\/ -->\n<title>Madre del \u00c1rea de la Bah\u00eda se arrepiente de no haber donado los \u00f3rganos de su hijo adolescente hace cuatro d\u00e9cadas - Donor Network West<\/title>\n<meta name=\"robots\" content=\"index, follow, max-snippet:-1, max-image-preview:large, max-video-preview:-1\" \/>\n<link rel=\"canonical\" href=\"https:\/\/www.donornetworkwest.org\/es\/madre-del-area-de-la-bahia-se-arrepiente-de-no-haber-donado-los-organos-de-su-hijo-adolescente-hace-cuatro-decadas\/\" \/>\n<meta property=\"og:locale\" content=\"es_ES\" \/>\n<meta property=\"og:type\" content=\"article\" \/>\n<meta property=\"og:title\" content=\"Madre del \u00c1rea de la Bah\u00eda se arrepiente de no haber donado los \u00f3rganos de su hijo adolescente hace cuatro d\u00e9cadas\" \/>\n<meta property=\"og:description\" content=\"Arlinda Timmons-Love de Richmond, California, perdi\u00f3 tr\u00e1gicamente a su hijo de 15 a\u00f1os, Maurice, hace casi 40 a\u00f1os. Maurice Lavelle Godfrey fue el primog\u00e9nito de Arlinda. El atleta estrella viajaba en un scooter cuando un pistolero desconocido le dispar\u00f3 en la cabeza. M\u00e1s tarde, Maurice fue declarado con muerte cerebral; sus \u00f3rganos sanos lo convirtieron [&hellip;]\" \/>\n<meta property=\"og:url\" content=\"https:\/\/www.donornetworkwest.org\/es\/madre-del-area-de-la-bahia-se-arrepiente-de-no-haber-donado-los-organos-de-su-hijo-adolescente-hace-cuatro-decadas\/\" \/>\n<meta property=\"og:site_name\" content=\"Donor Network West\" \/>\n<meta property=\"article:modified_time\" content=\"2024-12-31T20:38:02+00:00\" \/>\n<meta name=\"twitter:card\" content=\"summary_large_image\" \/>\n<meta name=\"twitter:label1\" content=\"Tiempo de lectura\" \/>\n\t<meta name=\"twitter:data1\" content=\"2 minutos\" \/>\n<script type=\"application\/ld+json\" class=\"yoast-schema-graph\">{\"@context\":\"https:\\\/\\\/schema.org\",\"@graph\":[{\"@type\":\"WebPage\",\"@id\":\"https:\\\/\\\/www.donornetworkwest.org\\\/es\\\/madre-del-area-de-la-bahia-se-arrepiente-de-no-haber-donado-los-organos-de-su-hijo-adolescente-hace-cuatro-decadas\\\/\",\"url\":\"https:\\\/\\\/www.donornetworkwest.org\\\/es\\\/madre-del-area-de-la-bahia-se-arrepiente-de-no-haber-donado-los-organos-de-su-hijo-adolescente-hace-cuatro-decadas\\\/\",\"name\":\"Madre del \u00c1rea de la Bah\u00eda se arrepiente de no haber donado los \u00f3rganos de su hijo adolescente hace cuatro d\u00e9cadas - Donor Network West\",\"isPartOf\":{\"@id\":\"https:\\\/\\\/www.donornetworkwest.org\\\/es\\\/#website\"},\"datePublished\":\"2024-12-17T17:26:16+00:00\",\"dateModified\":\"2024-12-31T20:38:02+00:00\",\"breadcrumb\":{\"@id\":\"https:\\\/\\\/www.donornetworkwest.org\\\/es\\\/madre-del-area-de-la-bahia-se-arrepiente-de-no-haber-donado-los-organos-de-su-hijo-adolescente-hace-cuatro-decadas\\\/#breadcrumb\"},\"inLanguage\":\"es\",\"potentialAction\":[{\"@type\":\"ReadAction\",\"target\":[\"https:\\\/\\\/www.donornetworkwest.org\\\/es\\\/madre-del-area-de-la-bahia-se-arrepiente-de-no-haber-donado-los-organos-de-su-hijo-adolescente-hace-cuatro-decadas\\\/\"]}]},{\"@type\":\"BreadcrumbList\",\"@id\":\"https:\\\/\\\/www.donornetworkwest.org\\\/es\\\/madre-del-area-de-la-bahia-se-arrepiente-de-no-haber-donado-los-organos-de-su-hijo-adolescente-hace-cuatro-decadas\\\/#breadcrumb\",\"itemListElement\":[{\"@type\":\"ListItem\",\"position\":1,\"name\":\"Home\",\"item\":\"https:\\\/\\\/www.donornetworkwest.org\\\/es\\\/\"},{\"@type\":\"ListItem\",\"position\":2,\"name\":\"Madre del \u00c1rea de la Bah\u00eda se arrepiente de no haber donado los \u00f3rganos de su hijo adolescente hace cuatro d\u00e9cadas\"}]},{\"@type\":\"WebSite\",\"@id\":\"https:\\\/\\\/www.donornetworkwest.org\\\/es\\\/#website\",\"url\":\"https:\\\/\\\/www.donornetworkwest.org\\\/es\\\/\",\"name\":\"Donor Network West\",\"description\":\"\",\"potentialAction\":[{\"@type\":\"SearchAction\",\"target\":{\"@type\":\"EntryPoint\",\"urlTemplate\":\"https:\\\/\\\/www.donornetworkwest.org\\\/es\\\/?s={search_term_string}\"},\"query-input\":{\"@type\":\"PropertyValueSpecification\",\"valueRequired\":true,\"valueName\":\"search_term_string\"}}],\"inLanguage\":\"es\"}]}<\/script>\n<!-- \/ Yoast SEO Premium plugin. -->","yoast_head_json":{"title":"Madre del \u00c1rea de la Bah\u00eda se arrepiente de no haber donado los \u00f3rganos de su hijo adolescente hace cuatro d\u00e9cadas - Donor Network West","robots":{"index":"index","follow":"follow","max-snippet":"max-snippet:-1","max-image-preview":"max-image-preview:large","max-video-preview":"max-video-preview:-1"},"canonical":"https:\/\/www.donornetworkwest.org\/es\/madre-del-area-de-la-bahia-se-arrepiente-de-no-haber-donado-los-organos-de-su-hijo-adolescente-hace-cuatro-decadas\/","og_locale":"es_ES","og_type":"article","og_title":"Madre del \u00c1rea de la Bah\u00eda se arrepiente de no haber donado los \u00f3rganos de su hijo adolescente hace cuatro d\u00e9cadas","og_description":"Arlinda Timmons-Love de Richmond, California, perdi\u00f3 tr\u00e1gicamente a su hijo de 15 a\u00f1os, Maurice, hace casi 40 a\u00f1os. Maurice Lavelle Godfrey fue el primog\u00e9nito de Arlinda. El atleta estrella viajaba en un scooter cuando un pistolero desconocido le dispar\u00f3 en la cabeza. M\u00e1s tarde, Maurice fue declarado con muerte cerebral; sus \u00f3rganos sanos lo convirtieron [&hellip;]","og_url":"https:\/\/www.donornetworkwest.org\/es\/madre-del-area-de-la-bahia-se-arrepiente-de-no-haber-donado-los-organos-de-su-hijo-adolescente-hace-cuatro-decadas\/","og_site_name":"Donor Network West","article_modified_time":"2024-12-31T20:38:02+00:00","twitter_card":"summary_large_image","twitter_misc":{"Tiempo de lectura":"2 minutos"},"schema":{"@context":"https:\/\/schema.org","@graph":[{"@type":"WebPage","@id":"https:\/\/www.donornetworkwest.org\/es\/madre-del-area-de-la-bahia-se-arrepiente-de-no-haber-donado-los-organos-de-su-hijo-adolescente-hace-cuatro-decadas\/","url":"https:\/\/www.donornetworkwest.org\/es\/madre-del-area-de-la-bahia-se-arrepiente-de-no-haber-donado-los-organos-de-su-hijo-adolescente-hace-cuatro-decadas\/","name":"Madre del \u00c1rea de la Bah\u00eda se arrepiente de no haber donado los \u00f3rganos de su hijo adolescente hace cuatro d\u00e9cadas - Donor Network West","isPartOf":{"@id":"https:\/\/www.donornetworkwest.org\/es\/#website"},"datePublished":"2024-12-17T17:26:16+00:00","dateModified":"2024-12-31T20:38:02+00:00","breadcrumb":{"@id":"https:\/\/www.donornetworkwest.org\/es\/madre-del-area-de-la-bahia-se-arrepiente-de-no-haber-donado-los-organos-de-su-hijo-adolescente-hace-cuatro-decadas\/#breadcrumb"},"inLanguage":"es","potentialAction":[{"@type":"ReadAction","target":["https:\/\/www.donornetworkwest.org\/es\/madre-del-area-de-la-bahia-se-arrepiente-de-no-haber-donado-los-organos-de-su-hijo-adolescente-hace-cuatro-decadas\/"]}]},{"@type":"BreadcrumbList","@id":"https:\/\/www.donornetworkwest.org\/es\/madre-del-area-de-la-bahia-se-arrepiente-de-no-haber-donado-los-organos-de-su-hijo-adolescente-hace-cuatro-decadas\/#breadcrumb","itemListElement":[{"@type":"ListItem","position":1,"name":"Home","item":"https:\/\/www.donornetworkwest.org\/es\/"},{"@type":"ListItem","position":2,"name":"Madre del \u00c1rea de la Bah\u00eda se arrepiente de no haber donado los \u00f3rganos de su hijo adolescente hace cuatro d\u00e9cadas"}]},{"@type":"WebSite","@id":"https:\/\/www.donornetworkwest.org\/es\/#website","url":"https:\/\/www.donornetworkwest.org\/es\/","name":"Donor Network West","description":"","potentialAction":[{"@type":"SearchAction","target":{"@type":"EntryPoint","urlTemplate":"https:\/\/www.donornetworkwest.org\/es\/?s={search_term_string}"},"query-input":{"@type":"PropertyValueSpecification","valueRequired":true,"valueName":"search_term_string"}}],"inLanguage":"es"}]}},"_links":{"self":[{"href":"https:\/\/www.donornetworkwest.org\/es\/wp-json\/wp\/v2\/pages\/48","targetHints":{"allow":["GET"]}}],"collection":[{"href":"https:\/\/www.donornetworkwest.org\/es\/wp-json\/wp\/v2\/pages"}],"about":[{"href":"https:\/\/www.donornetworkwest.org\/es\/wp-json\/wp\/v2\/types\/page"}],"author":[{"embeddable":true,"href":"https:\/\/www.donornetworkwest.org\/es\/wp-json\/wp\/v2\/users\/1"}],"replies":[{"embeddable":true,"href":"https:\/\/www.donornetworkwest.org\/es\/wp-json\/wp\/v2\/comments?post=48"}],"version-history":[{"count":0,"href":"https:\/\/www.donornetworkwest.org\/es\/wp-json\/wp\/v2\/pages\/48\/revisions"}],"wp:attachment":[{"href":"https:\/\/www.donornetworkwest.org\/es\/wp-json\/wp\/v2\/media?parent=48"}],"curies":[{"name":"wp","href":"https:\/\/api.w.org\/{rel}","templated":true}]}}