{"id":50,"date":"2024-12-17T17:26:38","date_gmt":"2024-12-17T17:26:38","guid":{"rendered":"https:\/\/www.donornetworkwest.org\/es\/?page_id=50"},"modified":"2025-01-07T23:23:07","modified_gmt":"2025-01-07T23:23:07","slug":"programa-comfort-kit","status":"publish","type":"page","link":"https:\/\/www.donornetworkwest.org\/es\/involucrese\/programas\/programa-comfort-kit\/","title":{"rendered":"Programa Comfort Kit"},"content":{"rendered":"<p>Donor Network West cre\u00f3 el programa Donor Family Comfort Kit para brindar atenci\u00f3n y apoyo a las familias que est\u00e1n junto a la cama de sus seres queridos. Las familias pueden estar en hospitales desde unos pocos d\u00edas hasta semanas con su ser querido.<\/p>\n<p>Damos la bienvenida a individuos y grupos para preparar kits para estas familias que experimentan un evento traum\u00e1tico. Los Comfort Kits se pueden completar con facilidad y tienen un gran impacto.<\/p>\n<h4><strong>C\u00f3mo armar un Comfort Kit<\/strong><\/h4>\n<p>Seleccione estos art\u00edculos sugeridos para agregar a una bolsa ziploc de un gal\u00f3n:<\/p>\n<ul>\n<li style=\"font-weight: 400;\" aria-level=\"1\">Botella de agua y\/o botella de agua reutilizable<\/li>\n<li style=\"font-weight: 400;\" aria-level=\"1\">Granola \/ barras de prote\u00edna<\/li>\n<li style=\"font-weight: 400;\" aria-level=\"1\">Pa\u00f1uelos<\/li>\n<li style=\"font-weight: 400;\" aria-level=\"1\">Cepillo y pasta de dientes<\/li>\n<li style=\"font-weight: 400;\" aria-level=\"1\">Alcohol en gel<\/li>\n<li style=\"font-weight: 400;\" aria-level=\"1\">Productos de gesti\u00f3n menstrual<\/li>\n<li style=\"font-weight: 400;\" aria-level=\"1\">Toallitas h\u00famedas<\/li>\n<li style=\"font-weight: 400;\" aria-level=\"1\">Loci\u00f3n para manos<\/li>\n<li style=\"font-weight: 400;\" aria-level=\"1\">Lima de u\u00f1as<\/li>\n<li style=\"font-weight: 400;\" aria-level=\"1\">Peines\/cepillos\/ligas para el cabello<\/li>\n<li style=\"font-weight: 400;\" aria-level=\"1\">Desodorante<\/li>\n<li style=\"font-weight: 400;\" aria-level=\"1\">Libreta y bol\u00edgrafo\/pluma<\/li>\n<li style=\"font-weight: 400;\" aria-level=\"1\">Libro de actividades &#8211; sopa de letras<\/li>\n<li style=\"font-weight: 400;\" aria-level=\"1\">Protector labial<\/li>\n<li style=\"font-weight: 400;\" aria-level=\"1\">Mentas<\/li>\n<li style=\"font-weight: 400;\" aria-level=\"1\">Juguetes para ni\u00f1os: Hot Wheels, libros para colorear con crayones, rompecabezas, etc.<\/li>\n<li style=\"font-weight: 400;\" aria-level=\"1\">Papeler\u00eda: tarjetas en blanco<\/li>\n<\/ul>\n<h4>Los kits se pueden dejar o enviar a:<\/h4>\n<p>Donor Network West<br \/>\n12667 Alcosta Blvd., Suite 500<br \/>\nSan Ramon, CA 94583<\/p>\n<p>\u00bfPreguntas? P\u00f3ngase en contacto con <a href=\"mailto:tgonzalez@dnwest.org\">Theresita Gonzalez<\/a>.<\/p>\n<h4><strong>Otras formas de ayudar<\/strong><\/h4>\n<p>Tambi\u00e9n es posible hacer una contribuci\u00f3n monetaria para apoyar nuestra misi\u00f3n y las familias donantes.<\/p>\n<p><a href=\"https:\/\/www.donornetworkwest.org\/es\/haga-una-contribucion-economica\/\">Hacer una contribuci\u00f3n<\/a><\/p>\n","protected":false},"excerpt":{"rendered":"<p>Donor Network West cre\u00f3 el programa Donor Family Comfort Kit para brindar atenci\u00f3n y apoyo a las familias que est\u00e1n junto a la cama de sus seres queridos. Las familias pueden estar en hospitales desde unos pocos d\u00edas hasta semanas con su ser querido. Damos la bienvenida a individuos y grupos para preparar kits para [&hellip;]<\/p>\n","protected":false},"author":1,"featured_media":0,"parent":53,"menu_order":230,"comment_status":"closed","ping_status":"closed","template":"","meta":{"_acf_changed":false,"_trash_the_other_posts":false,"editor_notices":[],"footnotes":""},"class_list":["post-50","page","type-page","status-publish","hentry"],"acf":[],"yoast_head":"<!-- This site is optimized with the Yoast SEO Premium plugin v27.4 (Yoast SEO v27.4) - https:\/\/yoast.com\/product\/yoast-seo-premium-wordpress\/ -->\n<title>Programa Comfort Kit - Donor Network West<\/title>\n<meta name=\"robots\" content=\"index, follow, max-snippet:-1, max-image-preview:large, max-video-preview:-1\" \/>\n<link rel=\"canonical\" href=\"https:\/\/www.donornetworkwest.org\/es\/involucrese\/programas\/programa-comfort-kit\/\" \/>\n<meta property=\"og:locale\" content=\"es_ES\" \/>\n<meta property=\"og:type\" content=\"article\" \/>\n<meta property=\"og:title\" content=\"Programa Comfort Kit\" \/>\n<meta property=\"og:description\" content=\"Donor Network West cre\u00f3 el programa Donor Family Comfort Kit para brindar atenci\u00f3n y apoyo a las familias que est\u00e1n junto a la cama de sus seres queridos. Las familias pueden estar en hospitales desde unos pocos d\u00edas hasta semanas con su ser querido. Damos la bienvenida a individuos y grupos para preparar kits para [&hellip;]\" \/>\n<meta property=\"og:url\" content=\"https:\/\/www.donornetworkwest.org\/es\/involucrese\/programas\/programa-comfort-kit\/\" \/>\n<meta property=\"og:site_name\" content=\"Donor Network West\" \/>\n<meta property=\"article:modified_time\" content=\"2025-01-07T23:23:07+00:00\" \/>\n<meta name=\"twitter:card\" content=\"summary_large_image\" \/>\n<meta name=\"twitter:label1\" content=\"Tiempo de lectura\" \/>\n\t<meta name=\"twitter:data1\" content=\"1 minuto\" \/>\n<script type=\"application\/ld+json\" class=\"yoast-schema-graph\">{\"@context\":\"https:\\\/\\\/schema.org\",\"@graph\":[{\"@type\":\"WebPage\",\"@id\":\"https:\\\/\\\/www.donornetworkwest.org\\\/es\\\/involucrese\\\/programas\\\/programa-comfort-kit\\\/\",\"url\":\"https:\\\/\\\/www.donornetworkwest.org\\\/es\\\/involucrese\\\/programas\\\/programa-comfort-kit\\\/\",\"name\":\"Programa Comfort Kit - Donor Network West\",\"isPartOf\":{\"@id\":\"https:\\\/\\\/www.donornetworkwest.org\\\/es\\\/#website\"},\"datePublished\":\"2024-12-17T17:26:38+00:00\",\"dateModified\":\"2025-01-07T23:23:07+00:00\",\"breadcrumb\":{\"@id\":\"https:\\\/\\\/www.donornetworkwest.org\\\/es\\\/involucrese\\\/programas\\\/programa-comfort-kit\\\/#breadcrumb\"},\"inLanguage\":\"es\",\"potentialAction\":[{\"@type\":\"ReadAction\",\"target\":[\"https:\\\/\\\/www.donornetworkwest.org\\\/es\\\/involucrese\\\/programas\\\/programa-comfort-kit\\\/\"]}]},{\"@type\":\"BreadcrumbList\",\"@id\":\"https:\\\/\\\/www.donornetworkwest.org\\\/es\\\/involucrese\\\/programas\\\/programa-comfort-kit\\\/#breadcrumb\",\"itemListElement\":[{\"@type\":\"ListItem\",\"position\":1,\"name\":\"Home\",\"item\":\"https:\\\/\\\/www.donornetworkwest.org\\\/es\\\/\"},{\"@type\":\"ListItem\",\"position\":2,\"name\":\"Invol\u00facrese (Get Involved)\",\"item\":\"https:\\\/\\\/www.donornetworkwest.org\\\/es\\\/involucrese\\\/\"},{\"@type\":\"ListItem\",\"position\":3,\"name\":\"Programas\",\"item\":\"https:\\\/\\\/www.donornetworkwest.org\\\/es\\\/involucrese\\\/programas\\\/\"},{\"@type\":\"ListItem\",\"position\":4,\"name\":\"Programa Comfort Kit\"}]},{\"@type\":\"WebSite\",\"@id\":\"https:\\\/\\\/www.donornetworkwest.org\\\/es\\\/#website\",\"url\":\"https:\\\/\\\/www.donornetworkwest.org\\\/es\\\/\",\"name\":\"Donor Network West\",\"description\":\"\",\"potentialAction\":[{\"@type\":\"SearchAction\",\"target\":{\"@type\":\"EntryPoint\",\"urlTemplate\":\"https:\\\/\\\/www.donornetworkwest.org\\\/es\\\/?s={search_term_string}\"},\"query-input\":{\"@type\":\"PropertyValueSpecification\",\"valueRequired\":true,\"valueName\":\"search_term_string\"}}],\"inLanguage\":\"es\"}]}<\/script>\n<!-- \/ Yoast SEO Premium plugin. -->","yoast_head_json":{"title":"Programa Comfort Kit - Donor Network West","robots":{"index":"index","follow":"follow","max-snippet":"max-snippet:-1","max-image-preview":"max-image-preview:large","max-video-preview":"max-video-preview:-1"},"canonical":"https:\/\/www.donornetworkwest.org\/es\/involucrese\/programas\/programa-comfort-kit\/","og_locale":"es_ES","og_type":"article","og_title":"Programa Comfort Kit","og_description":"Donor Network West cre\u00f3 el programa Donor Family Comfort Kit para brindar atenci\u00f3n y apoyo a las familias que est\u00e1n junto a la cama de sus seres queridos. Las familias pueden estar en hospitales desde unos pocos d\u00edas hasta semanas con su ser querido. Damos la bienvenida a individuos y grupos para preparar kits para [&hellip;]","og_url":"https:\/\/www.donornetworkwest.org\/es\/involucrese\/programas\/programa-comfort-kit\/","og_site_name":"Donor Network West","article_modified_time":"2025-01-07T23:23:07+00:00","twitter_card":"summary_large_image","twitter_misc":{"Tiempo de lectura":"1 minuto"},"schema":{"@context":"https:\/\/schema.org","@graph":[{"@type":"WebPage","@id":"https:\/\/www.donornetworkwest.org\/es\/involucrese\/programas\/programa-comfort-kit\/","url":"https:\/\/www.donornetworkwest.org\/es\/involucrese\/programas\/programa-comfort-kit\/","name":"Programa Comfort Kit - Donor Network West","isPartOf":{"@id":"https:\/\/www.donornetworkwest.org\/es\/#website"},"datePublished":"2024-12-17T17:26:38+00:00","dateModified":"2025-01-07T23:23:07+00:00","breadcrumb":{"@id":"https:\/\/www.donornetworkwest.org\/es\/involucrese\/programas\/programa-comfort-kit\/#breadcrumb"},"inLanguage":"es","potentialAction":[{"@type":"ReadAction","target":["https:\/\/www.donornetworkwest.org\/es\/involucrese\/programas\/programa-comfort-kit\/"]}]},{"@type":"BreadcrumbList","@id":"https:\/\/www.donornetworkwest.org\/es\/involucrese\/programas\/programa-comfort-kit\/#breadcrumb","itemListElement":[{"@type":"ListItem","position":1,"name":"Home","item":"https:\/\/www.donornetworkwest.org\/es\/"},{"@type":"ListItem","position":2,"name":"Invol\u00facrese (Get Involved)","item":"https:\/\/www.donornetworkwest.org\/es\/involucrese\/"},{"@type":"ListItem","position":3,"name":"Programas","item":"https:\/\/www.donornetworkwest.org\/es\/involucrese\/programas\/"},{"@type":"ListItem","position":4,"name":"Programa Comfort Kit"}]},{"@type":"WebSite","@id":"https:\/\/www.donornetworkwest.org\/es\/#website","url":"https:\/\/www.donornetworkwest.org\/es\/","name":"Donor Network West","description":"","potentialAction":[{"@type":"SearchAction","target":{"@type":"EntryPoint","urlTemplate":"https:\/\/www.donornetworkwest.org\/es\/?s={search_term_string}"},"query-input":{"@type":"PropertyValueSpecification","valueRequired":true,"valueName":"search_term_string"}}],"inLanguage":"es"}]}},"_links":{"self":[{"href":"https:\/\/www.donornetworkwest.org\/es\/wp-json\/wp\/v2\/pages\/50","targetHints":{"allow":["GET"]}}],"collection":[{"href":"https:\/\/www.donornetworkwest.org\/es\/wp-json\/wp\/v2\/pages"}],"about":[{"href":"https:\/\/www.donornetworkwest.org\/es\/wp-json\/wp\/v2\/types\/page"}],"author":[{"embeddable":true,"href":"https:\/\/www.donornetworkwest.org\/es\/wp-json\/wp\/v2\/users\/1"}],"replies":[{"embeddable":true,"href":"https:\/\/www.donornetworkwest.org\/es\/wp-json\/wp\/v2\/comments?post=50"}],"version-history":[{"count":0,"href":"https:\/\/www.donornetworkwest.org\/es\/wp-json\/wp\/v2\/pages\/50\/revisions"}],"up":[{"embeddable":true,"href":"https:\/\/www.donornetworkwest.org\/es\/wp-json\/wp\/v2\/pages\/53"}],"wp:attachment":[{"href":"https:\/\/www.donornetworkwest.org\/es\/wp-json\/wp\/v2\/media?parent=50"}],"curies":[{"name":"wp","href":"https:\/\/api.w.org\/{rel}","templated":true}]}}