{"id":54,"date":"2024-12-17T17:26:23","date_gmt":"2024-12-17T17:26:23","guid":{"rendered":"https:\/\/www.donornetworkwest.org\/es\/?page_id=54"},"modified":"2025-01-08T01:20:26","modified_gmt":"2025-01-08T01:20:26","slug":"trasplante-de-cornea-devuelve-la-vista-a-padre-dueno-de-la-barberia-de-fresno","status":"publish","type":"page","link":"https:\/\/www.donornetworkwest.org\/es\/historias\/trasplante-de-cornea-devuelve-la-vista-a-padre-dueno-de-la-barberia-de-fresno\/","title":{"rendered":"Trasplante de c\u00f3rnea devuelve la vista a padre due\u00f1o de la barber\u00eda de Fresno"},"content":{"rendered":"<p><span style=\"font-weight: 400;\">Vince Cortez de Fresno, California ten\u00eda una visi\u00f3n de 20\/20. Cuando ten\u00eda 18 a\u00f1os, su vista comenz\u00f3 a deteriorarse r\u00e1pidamente y a los 22, ten\u00eda problemas para leer las se\u00f1ales de tr\u00e1fico y no pod\u00eda ver la pelota mientras jugaba al golf o al s\u00f3ftbol.<\/span><\/p>\n<p><span style=\"font-weight: 400;\">Vince fue diagnosticado con queratocono, una condici\u00f3n que hace que las c\u00f3rneas se abulten hacia afuera. Luego comenz\u00f3 a usar lentes de contacto.<\/span><\/p>\n<p><span style=\"font-weight: 400;\">Con el paso del tiempo, los lentes dejaron de funcionar y su oftalm\u00f3logo le inform\u00f3 que un trasplante de c\u00f3rnea era la mejor soluci\u00f3n para recuperar la vista. Vince recibi\u00f3 un doble trasplante de c\u00f3rnea y, como resultado, su visi\u00f3n mejor\u00f3 a 20\/40 sin lentes de contacto y 20\/20 con ellos.<\/span><\/p>\n<p><iframe style=\"border: none; overflow: hidden;\" src=\"https:\/\/www.facebook.com\/plugins\/video.php?href=https%3A%2F%2Fwww.facebook.com%2Fmydnwest%2Fvideos%2F1965304413577277%2F&amp;show_text=0&amp;width=267\" width=\"267\" height=\"476\" frameborder=\"0\" scrolling=\"no\" allowfullscreen=\"allowfullscreen\"><\/iframe><\/p>\n<p><span style=\"font-weight: 400;\">\u201cSol\u00edan llamarme &#8216;ojos entrecerrados\u201d&#8217; en la universidad porque ten\u00eda que entrecerrar los ojos para ver algo. Fue incre\u00edble y me cambi\u00f3 la vida recuperar mi visi\u00f3n. Se sent\u00eda como si tuviera superpoderes\u201d, dice Vince.<\/span><\/p>\n<p><span style=\"font-weight: 400;\">Su don de la vista tambi\u00e9n le ha permitido seguir una carrera como peluquero, que es su pasi\u00f3n. En un a\u00f1o, abri\u00f3 dos barber\u00edas llamadas &#8216;DOPE&#8217; en Fresno. Actualmente est\u00e1 trabajando en la apertura de una tercera. Esta haza\u00f1a no hubiera sido posible sin sus trasplantes de c\u00f3rnea. Aunque Vince ha disfrutado de buena fortuna con su negocio, est\u00e1 m\u00e1s orgulloso de poder entrenar a los equipos de b\u00e9isbol de su hijo.<\/span><\/p>\n<p><span style=\"font-weight: 400;\">\u201cMe registr\u00e9 como donante de \u00f3rganos y tejidos para que tal vez alg\u00fan d\u00eda pueda darle a alguien la oportunidad que me cambi\u00f3 la vida\u201d, dice.<\/span><\/p>\n<p><span style=\"font-weight: 400;\">Usted tambi\u00e9n puede marcar una diferencia y llevar esperanza para los dem\u00e1s. \u00a1Solo toma un minuto!<\/span><\/p>\n<p><a href=\"https:\/\/www.donornetworkwest.org\/es\/acerca-de-la-donacion\/conviertase-en-donante\/\"><span style=\"font-weight: 400;\">Reg\u00edstrese como donante hoy<\/span><\/a><\/p>\n","protected":false},"excerpt":{"rendered":"<p>Vince Cortez de Fresno, California ten\u00eda una visi\u00f3n de 20\/20. Cuando ten\u00eda 18 a\u00f1os, su vista comenz\u00f3 a deteriorarse r\u00e1pidamente y a los 22, ten\u00eda problemas para leer las se\u00f1ales de tr\u00e1fico y no pod\u00eda ver la pelota mientras jugaba al golf o al s\u00f3ftbol. Vince fue diagnosticado con queratocono, una condici\u00f3n que hace que [&hellip;]<\/p>\n","protected":false},"author":1,"featured_media":0,"parent":34,"menu_order":0,"comment_status":"closed","ping_status":"closed","template":"","meta":{"_acf_changed":false,"_trash_the_other_posts":false,"editor_notices":[],"footnotes":""},"class_list":["post-54","page","type-page","status-publish","hentry"],"acf":[],"yoast_head":"<!-- This site is optimized with the Yoast SEO Premium plugin v27.2 (Yoast SEO v27.2) - https:\/\/yoast.com\/product\/yoast-seo-premium-wordpress\/ -->\n<title>Trasplante de c\u00f3rnea devuelve la vista a padre due\u00f1o de la barber\u00eda de Fresno - Donor Network West<\/title>\n<meta name=\"robots\" content=\"index, follow, max-snippet:-1, max-image-preview:large, max-video-preview:-1\" \/>\n<link rel=\"canonical\" href=\"https:\/\/www.donornetworkwest.org\/es\/historias\/trasplante-de-cornea-devuelve-la-vista-a-padre-dueno-de-la-barberia-de-fresno\/\" \/>\n<meta property=\"og:locale\" content=\"es_ES\" \/>\n<meta property=\"og:type\" content=\"article\" \/>\n<meta property=\"og:title\" content=\"Trasplante de c\u00f3rnea devuelve la vista a padre due\u00f1o de la barber\u00eda de Fresno\" \/>\n<meta property=\"og:description\" content=\"Vince Cortez de Fresno, California ten\u00eda una visi\u00f3n de 20\/20. Cuando ten\u00eda 18 a\u00f1os, su vista comenz\u00f3 a deteriorarse r\u00e1pidamente y a los 22, ten\u00eda problemas para leer las se\u00f1ales de tr\u00e1fico y no pod\u00eda ver la pelota mientras jugaba al golf o al s\u00f3ftbol. Vince fue diagnosticado con queratocono, una condici\u00f3n que hace que [&hellip;]\" \/>\n<meta property=\"og:url\" content=\"https:\/\/www.donornetworkwest.org\/es\/historias\/trasplante-de-cornea-devuelve-la-vista-a-padre-dueno-de-la-barberia-de-fresno\/\" \/>\n<meta property=\"og:site_name\" content=\"Donor Network West\" \/>\n<meta property=\"article:modified_time\" content=\"2025-01-08T01:20:26+00:00\" \/>\n<meta name=\"twitter:card\" content=\"summary_large_image\" \/>\n<meta name=\"twitter:label1\" content=\"Tiempo de lectura\" \/>\n\t<meta name=\"twitter:data1\" content=\"2 minutos\" \/>\n<script type=\"application\/ld+json\" class=\"yoast-schema-graph\">{\"@context\":\"https:\/\/schema.org\",\"@graph\":[{\"@type\":\"WebPage\",\"@id\":\"https:\/\/www.donornetworkwest.org\/es\/historias\/trasplante-de-cornea-devuelve-la-vista-a-padre-dueno-de-la-barberia-de-fresno\/\",\"url\":\"https:\/\/www.donornetworkwest.org\/es\/historias\/trasplante-de-cornea-devuelve-la-vista-a-padre-dueno-de-la-barberia-de-fresno\/\",\"name\":\"Trasplante de c\u00f3rnea devuelve la vista a padre due\u00f1o de la barber\u00eda de Fresno - Donor Network West\",\"isPartOf\":{\"@id\":\"https:\/\/www.donornetworkwest.org\/es\/#website\"},\"datePublished\":\"2024-12-17T17:26:23+00:00\",\"dateModified\":\"2025-01-08T01:20:26+00:00\",\"breadcrumb\":{\"@id\":\"https:\/\/www.donornetworkwest.org\/es\/historias\/trasplante-de-cornea-devuelve-la-vista-a-padre-dueno-de-la-barberia-de-fresno\/#breadcrumb\"},\"inLanguage\":\"es\",\"potentialAction\":[{\"@type\":\"ReadAction\",\"target\":[\"https:\/\/www.donornetworkwest.org\/es\/historias\/trasplante-de-cornea-devuelve-la-vista-a-padre-dueno-de-la-barberia-de-fresno\/\"]}]},{\"@type\":\"BreadcrumbList\",\"@id\":\"https:\/\/www.donornetworkwest.org\/es\/historias\/trasplante-de-cornea-devuelve-la-vista-a-padre-dueno-de-la-barberia-de-fresno\/#breadcrumb\",\"itemListElement\":[{\"@type\":\"ListItem\",\"position\":1,\"name\":\"Home\",\"item\":\"https:\/\/www.donornetworkwest.org\/es\/\"},{\"@type\":\"ListItem\",\"position\":2,\"name\":\"Historias\",\"item\":\"https:\/\/www.donornetworkwest.org\/es\/historias\/\"},{\"@type\":\"ListItem\",\"position\":3,\"name\":\"Trasplante de c\u00f3rnea devuelve la vista a padre due\u00f1o de la barber\u00eda de Fresno\"}]},{\"@type\":\"WebSite\",\"@id\":\"https:\/\/www.donornetworkwest.org\/es\/#website\",\"url\":\"https:\/\/www.donornetworkwest.org\/es\/\",\"name\":\"Donor Network West\",\"description\":\"\",\"potentialAction\":[{\"@type\":\"SearchAction\",\"target\":{\"@type\":\"EntryPoint\",\"urlTemplate\":\"https:\/\/www.donornetworkwest.org\/es\/?s={search_term_string}\"},\"query-input\":{\"@type\":\"PropertyValueSpecification\",\"valueRequired\":true,\"valueName\":\"search_term_string\"}}],\"inLanguage\":\"es\"}]}<\/script>\n<!-- \/ Yoast SEO Premium plugin. -->","yoast_head_json":{"title":"Trasplante de c\u00f3rnea devuelve la vista a padre due\u00f1o de la barber\u00eda de Fresno - Donor Network West","robots":{"index":"index","follow":"follow","max-snippet":"max-snippet:-1","max-image-preview":"max-image-preview:large","max-video-preview":"max-video-preview:-1"},"canonical":"https:\/\/www.donornetworkwest.org\/es\/historias\/trasplante-de-cornea-devuelve-la-vista-a-padre-dueno-de-la-barberia-de-fresno\/","og_locale":"es_ES","og_type":"article","og_title":"Trasplante de c\u00f3rnea devuelve la vista a padre due\u00f1o de la barber\u00eda de Fresno","og_description":"Vince Cortez de Fresno, California ten\u00eda una visi\u00f3n de 20\/20. Cuando ten\u00eda 18 a\u00f1os, su vista comenz\u00f3 a deteriorarse r\u00e1pidamente y a los 22, ten\u00eda problemas para leer las se\u00f1ales de tr\u00e1fico y no pod\u00eda ver la pelota mientras jugaba al golf o al s\u00f3ftbol. Vince fue diagnosticado con queratocono, una condici\u00f3n que hace que [&hellip;]","og_url":"https:\/\/www.donornetworkwest.org\/es\/historias\/trasplante-de-cornea-devuelve-la-vista-a-padre-dueno-de-la-barberia-de-fresno\/","og_site_name":"Donor Network West","article_modified_time":"2025-01-08T01:20:26+00:00","twitter_card":"summary_large_image","twitter_misc":{"Tiempo de lectura":"2 minutos"},"schema":{"@context":"https:\/\/schema.org","@graph":[{"@type":"WebPage","@id":"https:\/\/www.donornetworkwest.org\/es\/historias\/trasplante-de-cornea-devuelve-la-vista-a-padre-dueno-de-la-barberia-de-fresno\/","url":"https:\/\/www.donornetworkwest.org\/es\/historias\/trasplante-de-cornea-devuelve-la-vista-a-padre-dueno-de-la-barberia-de-fresno\/","name":"Trasplante de c\u00f3rnea devuelve la vista a padre due\u00f1o de la barber\u00eda de Fresno - Donor Network West","isPartOf":{"@id":"https:\/\/www.donornetworkwest.org\/es\/#website"},"datePublished":"2024-12-17T17:26:23+00:00","dateModified":"2025-01-08T01:20:26+00:00","breadcrumb":{"@id":"https:\/\/www.donornetworkwest.org\/es\/historias\/trasplante-de-cornea-devuelve-la-vista-a-padre-dueno-de-la-barberia-de-fresno\/#breadcrumb"},"inLanguage":"es","potentialAction":[{"@type":"ReadAction","target":["https:\/\/www.donornetworkwest.org\/es\/historias\/trasplante-de-cornea-devuelve-la-vista-a-padre-dueno-de-la-barberia-de-fresno\/"]}]},{"@type":"BreadcrumbList","@id":"https:\/\/www.donornetworkwest.org\/es\/historias\/trasplante-de-cornea-devuelve-la-vista-a-padre-dueno-de-la-barberia-de-fresno\/#breadcrumb","itemListElement":[{"@type":"ListItem","position":1,"name":"Home","item":"https:\/\/www.donornetworkwest.org\/es\/"},{"@type":"ListItem","position":2,"name":"Historias","item":"https:\/\/www.donornetworkwest.org\/es\/historias\/"},{"@type":"ListItem","position":3,"name":"Trasplante de c\u00f3rnea devuelve la vista a padre due\u00f1o de la barber\u00eda de Fresno"}]},{"@type":"WebSite","@id":"https:\/\/www.donornetworkwest.org\/es\/#website","url":"https:\/\/www.donornetworkwest.org\/es\/","name":"Donor Network West","description":"","potentialAction":[{"@type":"SearchAction","target":{"@type":"EntryPoint","urlTemplate":"https:\/\/www.donornetworkwest.org\/es\/?s={search_term_string}"},"query-input":{"@type":"PropertyValueSpecification","valueRequired":true,"valueName":"search_term_string"}}],"inLanguage":"es"}]}},"_links":{"self":[{"href":"https:\/\/www.donornetworkwest.org\/es\/wp-json\/wp\/v2\/pages\/54","targetHints":{"allow":["GET"]}}],"collection":[{"href":"https:\/\/www.donornetworkwest.org\/es\/wp-json\/wp\/v2\/pages"}],"about":[{"href":"https:\/\/www.donornetworkwest.org\/es\/wp-json\/wp\/v2\/types\/page"}],"author":[{"embeddable":true,"href":"https:\/\/www.donornetworkwest.org\/es\/wp-json\/wp\/v2\/users\/1"}],"replies":[{"embeddable":true,"href":"https:\/\/www.donornetworkwest.org\/es\/wp-json\/wp\/v2\/comments?post=54"}],"version-history":[{"count":0,"href":"https:\/\/www.donornetworkwest.org\/es\/wp-json\/wp\/v2\/pages\/54\/revisions"}],"up":[{"embeddable":true,"href":"https:\/\/www.donornetworkwest.org\/es\/wp-json\/wp\/v2\/pages\/34"}],"wp:attachment":[{"href":"https:\/\/www.donornetworkwest.org\/es\/wp-json\/wp\/v2\/media?parent=54"}],"curies":[{"name":"wp","href":"https:\/\/api.w.org\/{rel}","templated":true}]}}